{"id":42102,"date":"2021-11-02T16:46:42","date_gmt":"2021-11-02T15:46:42","guid":{"rendered":"https:\/\/nereumatias.phiseller.com\/?post_type=product&#038;p=42102"},"modified":"2023-03-08T15:25:12","modified_gmt":"2023-03-08T14:25:12","slug":"philashes-u-band-lash-ring","status":"publish","type":"product","link":"https:\/\/nereumatias.com\/en\/product\/philashes-u-band-lash-ring\/","title":{"rendered":"PHILASHES U BAND LASH RING"},"content":{"rendered":"<p style=\"text-align: justify;\">The eyelash ring is a holder for eyelashes and glue, which slides on the finger like a ring. It has space for the eyelashes and also has a small mould for the glue. It allows quick and easy access to individual lashes while maintaining optimal spacing between lashes of different sizes. The eyelash ring offers efficiency and easy handling of the lashes during the PhiLashes treatment.<\/p>","protected":false},"excerpt":{"rendered":"<p style=\"text-align: justify;\">The eyelash ring is a holder for eyelashes and glue, which slides on the finger like a ring. It has space for the eyelashes and also has a small mould for the glue. It allows quick and easy access to individual lashes while maintaining optimal spacing between lashes of different sizes. The eyelash ring offers efficiency and easy handling of the lashes during the PhiLashes treatment.<\/p>","protected":false},"featured_media":43694,"comment_status":"open","ping_status":"closed","template":"","meta":{"_acf_changed":false,"_joinchat":[]},"product_brand":[],"product_cat":[82,64],"product_tag":[],"class_list":{"0":"post-42102","1":"product","2":"type-product","3":"status-publish","4":"has-post-thumbnail","6":"product_cat-accessories-philashes","7":"product_cat-philashes","9":"first","10":"onbackorder","11":"featured","12":"taxable","13":"shipping-taxable","14":"purchasable","15":"product-type-simple"},"supplier_id":null,"supplier_sku":"","barcode":null,"atum_controlled":true,"out_stock_date":"2023-03-08 14:25:12","out_stock_threshold":null,"inheritable":false,"inbound_stock":null,"stock_on_hold":0,"sold_today":0,"sales_last_days":0,"reserved_stock":null,"customer_returns":null,"warehouse_damage":null,"lost_in_post":null,"other_logs":null,"out_stock_days":1134,"lost_sales":0,"has_location":null,"update_date":"2026-04-16T10:16:15","atum_locations":[],"atum_stock_status":"onbackorder","restock_status":false,"low_stock_amount":0,"sales_update_date":"2026-04-16T10:16:15","calc_backorders":0,"acf":[],"yoast_head":"<!-- This site is optimized with the Yoast SEO plugin v24.8 - https:\/\/yoast.com\/wordpress\/plugins\/seo\/ -->\n<title>PHILASHES U BAND LASH RING - Formaciones PhiAcademy - Phiseller Espa\u00f1a<\/title>\n<meta name=\"robots\" content=\"index, follow, max-snippet:-1, max-image-preview:large, max-video-preview:-1\" \/>\n<link rel=\"canonical\" href=\"https:\/\/nereumatias.com\/en\/product\/philashes-u-band-lash-ring\/\" \/>\n<meta property=\"og:locale\" content=\"en_GB\" \/>\n<meta property=\"og:type\" content=\"article\" \/>\n<meta property=\"og:title\" content=\"PHILASHES U BAND LASH RING - Formaciones PhiAcademy - Phiseller Espa\u00f1a\" \/>\n<meta property=\"og:description\" content=\"El anillo de pesta\u00f1as es un soporte para pesta\u00f1as y pegamento, que se desliza en el dedo como un anillo. Tiene espacio para las pesta\u00f1as y adem\u00e1s tiene un peque\u00f1o molde para el pegamento. Permite un acceso r\u00e1pido y f\u00e1cil a las pesta\u00f1as individuales, manteniendo al mismo tiempo un espacio \u00f3ptimo entre las pesta\u00f1as de diferentes tama\u00f1os. El anillo de pesta\u00f1as ofrece eficiencia y un manejo sencillo de las pesta\u00f1as durante el tratamiento PhiLashes.\" \/>\n<meta property=\"og:url\" content=\"https:\/\/nereumatias.com\/en\/product\/philashes-u-band-lash-ring\/\" \/>\n<meta property=\"og:site_name\" content=\"Formaciones PhiAcademy - Phiseller Espa\u00f1a\" \/>\n<meta property=\"article:publisher\" content=\"https:\/\/www.facebook.com\/nereumatias\" \/>\n<meta property=\"article:modified_time\" content=\"2023-03-08T14:25:12+00:00\" \/>\n<meta property=\"og:image\" content=\"https:\/\/nereumatias.com\/wp-content\/uploads\/2022\/12\/philashes-u-band-lash-ring-01.jpg\" \/>\n\t<meta property=\"og:image:width\" content=\"600\" \/>\n\t<meta property=\"og:image:height\" content=\"800\" \/>\n\t<meta property=\"og:image:type\" content=\"image\/jpeg\" \/>\n<meta name=\"twitter:card\" content=\"summary_large_image\" \/>\n<script type=\"application\/ld+json\" class=\"yoast-schema-graph\">{\"@context\":\"https:\/\/schema.org\",\"@graph\":[{\"@type\":\"WebPage\",\"@id\":\"https:\/\/nereumatias.com\/producto\/philashes-u-band-lash-ring\/\",\"url\":\"https:\/\/nereumatias.com\/producto\/philashes-u-band-lash-ring\/\",\"name\":\"PHILASHES U BAND LASH RING - Formaciones PhiAcademy - Phiseller Espa\u00f1a\",\"isPartOf\":{\"@id\":\"https:\/\/nereumatias.com\/#website\"},\"primaryImageOfPage\":{\"@id\":\"https:\/\/nereumatias.com\/producto\/philashes-u-band-lash-ring\/#primaryimage\"},\"image\":{\"@id\":\"https:\/\/nereumatias.com\/producto\/philashes-u-band-lash-ring\/#primaryimage\"},\"thumbnailUrl\":\"https:\/\/nereumatias.com\/wp-content\/uploads\/2022\/12\/philashes-u-band-lash-ring-01.jpg\",\"datePublished\":\"2021-11-02T15:46:42+00:00\",\"dateModified\":\"2023-03-08T14:25:12+00:00\",\"breadcrumb\":{\"@id\":\"https:\/\/nereumatias.com\/producto\/philashes-u-band-lash-ring\/#breadcrumb\"},\"inLanguage\":\"en-GB\",\"potentialAction\":[{\"@type\":\"ReadAction\",\"target\":[\"https:\/\/nereumatias.com\/producto\/philashes-u-band-lash-ring\/\"]}]},{\"@type\":\"ImageObject\",\"inLanguage\":\"en-GB\",\"@id\":\"https:\/\/nereumatias.com\/producto\/philashes-u-band-lash-ring\/#primaryimage\",\"url\":\"https:\/\/nereumatias.com\/wp-content\/uploads\/2022\/12\/philashes-u-band-lash-ring-01.jpg\",\"contentUrl\":\"https:\/\/nereumatias.com\/wp-content\/uploads\/2022\/12\/philashes-u-band-lash-ring-01.jpg\",\"width\":600,\"height\":800},{\"@type\":\"BreadcrumbList\",\"@id\":\"https:\/\/nereumatias.com\/producto\/philashes-u-band-lash-ring\/#breadcrumb\",\"itemListElement\":[{\"@type\":\"ListItem\",\"position\":1,\"name\":\"Home\",\"item\":\"https:\/\/nereumatias.com\/\"},{\"@type\":\"ListItem\",\"position\":2,\"name\":\"Tienda\",\"item\":\"https:\/\/nereumatias.com\/tienda-online\/\"},{\"@type\":\"ListItem\",\"position\":3,\"name\":\"PHILASHES U BAND LASH RING\"}]},{\"@type\":\"WebSite\",\"@id\":\"https:\/\/nereumatias.com\/#website\",\"url\":\"https:\/\/nereumatias.com\/\",\"name\":\"Formaciones PhiAcademy - Phiseller Espa\u00f1a\",\"description\":\"PhiAcademy\",\"publisher\":{\"@id\":\"https:\/\/nereumatias.com\/#organization\"},\"potentialAction\":[{\"@type\":\"SearchAction\",\"target\":{\"@type\":\"EntryPoint\",\"urlTemplate\":\"https:\/\/nereumatias.com\/?s={search_term_string}\"},\"query-input\":{\"@type\":\"PropertyValueSpecification\",\"valueRequired\":true,\"valueName\":\"search_term_string\"}}],\"inLanguage\":\"en-GB\"},{\"@type\":\"Organization\",\"@id\":\"https:\/\/nereumatias.com\/#organization\",\"name\":\"Formaciones PhiAcademy - Phiseller Espa\u00f1a\",\"url\":\"https:\/\/nereumatias.com\/\",\"logo\":{\"@type\":\"ImageObject\",\"inLanguage\":\"en-GB\",\"@id\":\"https:\/\/nereumatias.com\/#\/schema\/logo\/image\/\",\"url\":\"https:\/\/nereumatias.com\/wp-content\/uploads\/2022\/09\/logo-phiseller-negro-150.png\",\"contentUrl\":\"https:\/\/nereumatias.com\/wp-content\/uploads\/2022\/09\/logo-phiseller-negro-150.png\",\"width\":375,\"height\":150,\"caption\":\"Formaciones PhiAcademy - Phiseller Espa\u00f1a\"},\"image\":{\"@id\":\"https:\/\/nereumatias.com\/#\/schema\/logo\/image\/\"},\"sameAs\":[\"https:\/\/www.facebook.com\/nereumatias\"]}]}<\/script>\n<!-- \/ Yoast SEO plugin. -->","yoast_head_json":{"title":"PHILASHES U BAND LASH RING - Formaciones PhiAcademy - Phiseller Espa\u00f1a","robots":{"index":"index","follow":"follow","max-snippet":"max-snippet:-1","max-image-preview":"max-image-preview:large","max-video-preview":"max-video-preview:-1"},"canonical":"https:\/\/nereumatias.com\/en\/product\/philashes-u-band-lash-ring\/","og_locale":"en_GB","og_type":"article","og_title":"PHILASHES U BAND LASH RING - Formaciones PhiAcademy - Phiseller Espa\u00f1a","og_description":"El anillo de pesta\u00f1as es un soporte para pesta\u00f1as y pegamento, que se desliza en el dedo como un anillo. Tiene espacio para las pesta\u00f1as y adem\u00e1s tiene un peque\u00f1o molde para el pegamento. Permite un acceso r\u00e1pido y f\u00e1cil a las pesta\u00f1as individuales, manteniendo al mismo tiempo un espacio \u00f3ptimo entre las pesta\u00f1as de diferentes tama\u00f1os. El anillo de pesta\u00f1as ofrece eficiencia y un manejo sencillo de las pesta\u00f1as durante el tratamiento PhiLashes.","og_url":"https:\/\/nereumatias.com\/en\/product\/philashes-u-band-lash-ring\/","og_site_name":"Formaciones PhiAcademy - Phiseller Espa\u00f1a","article_publisher":"https:\/\/www.facebook.com\/nereumatias","article_modified_time":"2023-03-08T14:25:12+00:00","og_image":[{"width":600,"height":800,"url":"https:\/\/nereumatias.com\/wp-content\/uploads\/2022\/12\/philashes-u-band-lash-ring-01.jpg","type":"image\/jpeg"}],"twitter_card":"summary_large_image","schema":{"@context":"https:\/\/schema.org","@graph":[{"@type":"WebPage","@id":"https:\/\/nereumatias.com\/producto\/philashes-u-band-lash-ring\/","url":"https:\/\/nereumatias.com\/producto\/philashes-u-band-lash-ring\/","name":"PHILASHES U BAND LASH RING - Formaciones PhiAcademy - Phiseller Espa\u00f1a","isPartOf":{"@id":"https:\/\/nereumatias.com\/#website"},"primaryImageOfPage":{"@id":"https:\/\/nereumatias.com\/producto\/philashes-u-band-lash-ring\/#primaryimage"},"image":{"@id":"https:\/\/nereumatias.com\/producto\/philashes-u-band-lash-ring\/#primaryimage"},"thumbnailUrl":"https:\/\/nereumatias.com\/wp-content\/uploads\/2022\/12\/philashes-u-band-lash-ring-01.jpg","datePublished":"2021-11-02T15:46:42+00:00","dateModified":"2023-03-08T14:25:12+00:00","breadcrumb":{"@id":"https:\/\/nereumatias.com\/producto\/philashes-u-band-lash-ring\/#breadcrumb"},"inLanguage":"en-GB","potentialAction":[{"@type":"ReadAction","target":["https:\/\/nereumatias.com\/producto\/philashes-u-band-lash-ring\/"]}]},{"@type":"ImageObject","inLanguage":"en-GB","@id":"https:\/\/nereumatias.com\/producto\/philashes-u-band-lash-ring\/#primaryimage","url":"https:\/\/nereumatias.com\/wp-content\/uploads\/2022\/12\/philashes-u-band-lash-ring-01.jpg","contentUrl":"https:\/\/nereumatias.com\/wp-content\/uploads\/2022\/12\/philashes-u-band-lash-ring-01.jpg","width":600,"height":800},{"@type":"BreadcrumbList","@id":"https:\/\/nereumatias.com\/producto\/philashes-u-band-lash-ring\/#breadcrumb","itemListElement":[{"@type":"ListItem","position":1,"name":"Home","item":"https:\/\/nereumatias.com\/"},{"@type":"ListItem","position":2,"name":"Tienda","item":"https:\/\/nereumatias.com\/tienda-online\/"},{"@type":"ListItem","position":3,"name":"PHILASHES U BAND LASH RING"}]},{"@type":"WebSite","@id":"https:\/\/nereumatias.com\/#website","url":"https:\/\/nereumatias.com\/","name":"Formaciones PhiAcademy - Phiseller Espa\u00f1a","description":"PhiAcademy","publisher":{"@id":"https:\/\/nereumatias.com\/#organization"},"potentialAction":[{"@type":"SearchAction","target":{"@type":"EntryPoint","urlTemplate":"https:\/\/nereumatias.com\/?s={search_term_string}"},"query-input":{"@type":"PropertyValueSpecification","valueRequired":true,"valueName":"search_term_string"}}],"inLanguage":"en-GB"},{"@type":"Organization","@id":"https:\/\/nereumatias.com\/#organization","name":"Formaciones PhiAcademy - Phiseller Espa\u00f1a","url":"https:\/\/nereumatias.com\/","logo":{"@type":"ImageObject","inLanguage":"en-GB","@id":"https:\/\/nereumatias.com\/#\/schema\/logo\/image\/","url":"https:\/\/nereumatias.com\/wp-content\/uploads\/2022\/09\/logo-phiseller-negro-150.png","contentUrl":"https:\/\/nereumatias.com\/wp-content\/uploads\/2022\/09\/logo-phiseller-negro-150.png","width":375,"height":150,"caption":"Formaciones PhiAcademy - Phiseller Espa\u00f1a"},"image":{"@id":"https:\/\/nereumatias.com\/#\/schema\/logo\/image\/"},"sameAs":["https:\/\/www.facebook.com\/nereumatias"]}]}},"_links":{"self":[{"href":"https:\/\/nereumatias.com\/en\/wp-json\/wp\/v2\/product\/42102","targetHints":{"allow":["GET"]}}],"collection":[{"href":"https:\/\/nereumatias.com\/en\/wp-json\/wp\/v2\/product"}],"about":[{"href":"https:\/\/nereumatias.com\/en\/wp-json\/wp\/v2\/types\/product"}],"replies":[{"embeddable":true,"href":"https:\/\/nereumatias.com\/en\/wp-json\/wp\/v2\/comments?post=42102"}],"version-history":[{"count":1,"href":"https:\/\/nereumatias.com\/en\/wp-json\/wp\/v2\/product\/42102\/revisions"}],"predecessor-version":[{"id":42103,"href":"https:\/\/nereumatias.com\/en\/wp-json\/wp\/v2\/product\/42102\/revisions\/42103"}],"wp:featuredmedia":[{"embeddable":true,"href":"https:\/\/nereumatias.com\/en\/wp-json\/wp\/v2\/media\/43694"}],"wp:attachment":[{"href":"https:\/\/nereumatias.com\/en\/wp-json\/wp\/v2\/media?parent=42102"}],"wp:term":[{"taxonomy":"product_brand","embeddable":true,"href":"https:\/\/nereumatias.com\/en\/wp-json\/wp\/v2\/product_brand?post=42102"},{"taxonomy":"product_cat","embeddable":true,"href":"https:\/\/nereumatias.com\/en\/wp-json\/wp\/v2\/product_cat?post=42102"},{"taxonomy":"product_tag","embeddable":true,"href":"https:\/\/nereumatias.com\/en\/wp-json\/wp\/v2\/product_tag?post=42102"}],"curies":[{"name":"wp","href":"https:\/\/api.w.org\/{rel}","templated":true}]}}