{"id":42072,"date":"2021-07-08T05:42:16","date_gmt":"2021-07-08T03:42:16","guid":{"rendered":"https:\/\/nereumatias.phiseller.com\/?post_type=product&#038;p=42072"},"modified":"2024-11-05T12:14:07","modified_gmt":"2024-11-05T11:14:07","slug":"phi-dermaplaning-scalpels-10pcs","status":"publish","type":"product","link":"https:\/\/nereumatias.com\/en\/product\/phi-dermaplaning-scalpels-10pcs\/","title":{"rendered":"PHI DERMAPLANING SCALPELS - 10PCS"},"content":{"rendered":"<h4>DETAILS<\/h4>\n<hr \/>\n<p>Phi Dermaplaning Scalpels are individually wrapped sterile disposable scalpels, ideal for use in dermaplaning treatments.<\/p>\n<p>This skin-friendly scalpel removes dead skin cells as well as fine facial hair, resulting in a smooth and even skin texture.<\/p>\n<p>The blades are made of carbon steel, size 10, and are sterilised with 25 kGy gamma radiation.<\/p>\n<p>Sterility is guaranteed as long as the seal of the container is not broken or damaged.<\/p>","protected":false},"excerpt":{"rendered":"<h4>DETAILS<\/h4>\n<hr \/>\n<p>Phi Dermaplaning Scalpels are individually wrapped sterile disposable scalpels, ideal for use in dermaplaning treatments.<\/p>\n<p>This skin-friendly scalpel removes dead skin cells as well as fine facial hair, resulting in a smooth and even skin texture.<\/p>\n<p>The blades are made of carbon steel, size 10, and are sterilised with 25 kGy gamma radiation.<\/p>\n<p>Sterility is guaranteed as long as the seal of the container is not broken or damaged.<\/p>","protected":false},"featured_media":45969,"comment_status":"open","ping_status":"closed","template":"","meta":{"_acf_changed":false,"_joinchat":[]},"product_brand":[],"product_cat":[48,63],"product_tag":[],"class_list":{"0":"post-42072","1":"product","2":"type-product","3":"status-publish","4":"has-post-thumbnail","6":"product_cat-philings","7":"product_cat-tools-philings","9":"first","10":"instock","11":"taxable","12":"shipping-taxable","13":"purchasable","14":"product-type-simple"},"supplier_id":null,"supplier_sku":"","barcode":null,"atum_controlled":true,"out_stock_date":null,"out_stock_threshold":null,"inheritable":false,"inbound_stock":null,"stock_on_hold":4,"sold_today":0,"sales_last_days":0,"reserved_stock":null,"customer_returns":null,"warehouse_damage":null,"lost_in_post":null,"other_logs":null,"out_stock_days":0,"lost_sales":0,"has_location":false,"update_date":"2026-04-15T10:16:16","atum_locations":[],"atum_stock_status":"instock","restock_status":false,"low_stock_amount":0,"sales_update_date":"2026-04-15T10:16:16","calc_backorders":0,"acf":[],"yoast_head":"<!-- This site is optimized with the Yoast SEO plugin v24.8 - https:\/\/yoast.com\/wordpress\/plugins\/seo\/ -->\n<title>PHI DERMAPLANING SCALPELS - 10PCS - Formaciones PhiAcademy - Phiseller Espa\u00f1a<\/title>\n<meta name=\"robots\" content=\"index, follow, max-snippet:-1, max-image-preview:large, max-video-preview:-1\" \/>\n<link rel=\"canonical\" href=\"https:\/\/nereumatias.com\/en\/product\/phi-dermaplaning-scalpels-10pcs\/\" \/>\n<meta property=\"og:locale\" content=\"en_GB\" \/>\n<meta property=\"og:type\" content=\"article\" \/>\n<meta property=\"og:title\" content=\"PHI DERMAPLANING SCALPELS - 10PCS - Formaciones PhiAcademy - Phiseller Espa\u00f1a\" \/>\n<meta property=\"og:description\" content=\"DETALLES    Phi Dermaplaning Scalpels son cuchillas est\u00e9riles desechables envueltas individualmente, ideales para su uso en tratamientos de dermaplaning.  Este bistur\u00ed respetuoso con la piel elimina las c\u00e9lulas muertas de la piel, as\u00ed como el vello facial fino, lo que da como resultado una textura de la piel suave y uniforme.  Las cuchillas son de acero al carbono, tama\u00f1o 10, y est\u00e1n esterilizadas con radiaci\u00f3n gamma de 25 kGy.  La esterilidad est\u00e1 garantizada siempre que el sello del envase no est\u00e9 roto o da\u00f1ado.\" \/>\n<meta property=\"og:url\" content=\"https:\/\/nereumatias.com\/en\/product\/phi-dermaplaning-scalpels-10pcs\/\" \/>\n<meta property=\"og:site_name\" content=\"Formaciones PhiAcademy - Phiseller Espa\u00f1a\" \/>\n<meta property=\"article:publisher\" content=\"https:\/\/www.facebook.com\/nereumatias\" \/>\n<meta property=\"article:modified_time\" content=\"2024-11-05T11:14:07+00:00\" \/>\n<meta property=\"og:image\" content=\"https:\/\/nereumatias.com\/wp-content\/uploads\/2021\/07\/Captura-de-pantalla-2024-11-05-a-las-12.13.47.png\" \/>\n\t<meta property=\"og:image:width\" content=\"1602\" \/>\n\t<meta property=\"og:image:height\" content=\"1354\" \/>\n\t<meta property=\"og:image:type\" content=\"image\/png\" \/>\n<meta name=\"twitter:card\" content=\"summary_large_image\" \/>\n<script type=\"application\/ld+json\" class=\"yoast-schema-graph\">{\"@context\":\"https:\/\/schema.org\",\"@graph\":[{\"@type\":\"WebPage\",\"@id\":\"https:\/\/nereumatias.com\/producto\/phi-dermaplaning-scalpels-10pcs\/\",\"url\":\"https:\/\/nereumatias.com\/producto\/phi-dermaplaning-scalpels-10pcs\/\",\"name\":\"PHI DERMAPLANING SCALPELS - 10PCS - Formaciones PhiAcademy - Phiseller Espa\u00f1a\",\"isPartOf\":{\"@id\":\"https:\/\/nereumatias.com\/#website\"},\"primaryImageOfPage\":{\"@id\":\"https:\/\/nereumatias.com\/producto\/phi-dermaplaning-scalpels-10pcs\/#primaryimage\"},\"image\":{\"@id\":\"https:\/\/nereumatias.com\/producto\/phi-dermaplaning-scalpels-10pcs\/#primaryimage\"},\"thumbnailUrl\":\"https:\/\/nereumatias.com\/wp-content\/uploads\/2021\/07\/Captura-de-pantalla-2024-11-05-a-las-12.13.47.png\",\"datePublished\":\"2021-07-08T03:42:16+00:00\",\"dateModified\":\"2024-11-05T11:14:07+00:00\",\"breadcrumb\":{\"@id\":\"https:\/\/nereumatias.com\/producto\/phi-dermaplaning-scalpels-10pcs\/#breadcrumb\"},\"inLanguage\":\"en-GB\",\"potentialAction\":[{\"@type\":\"ReadAction\",\"target\":[\"https:\/\/nereumatias.com\/producto\/phi-dermaplaning-scalpels-10pcs\/\"]}]},{\"@type\":\"ImageObject\",\"inLanguage\":\"en-GB\",\"@id\":\"https:\/\/nereumatias.com\/producto\/phi-dermaplaning-scalpels-10pcs\/#primaryimage\",\"url\":\"https:\/\/nereumatias.com\/wp-content\/uploads\/2021\/07\/Captura-de-pantalla-2024-11-05-a-las-12.13.47.png\",\"contentUrl\":\"https:\/\/nereumatias.com\/wp-content\/uploads\/2021\/07\/Captura-de-pantalla-2024-11-05-a-las-12.13.47.png\",\"width\":1602,\"height\":1354},{\"@type\":\"BreadcrumbList\",\"@id\":\"https:\/\/nereumatias.com\/producto\/phi-dermaplaning-scalpels-10pcs\/#breadcrumb\",\"itemListElement\":[{\"@type\":\"ListItem\",\"position\":1,\"name\":\"Home\",\"item\":\"https:\/\/nereumatias.com\/\"},{\"@type\":\"ListItem\",\"position\":2,\"name\":\"Tienda\",\"item\":\"https:\/\/nereumatias.com\/tienda-online\/\"},{\"@type\":\"ListItem\",\"position\":3,\"name\":\"PHI DERMAPLANING SCALPELS &#8211; 10PCS\"}]},{\"@type\":\"WebSite\",\"@id\":\"https:\/\/nereumatias.com\/#website\",\"url\":\"https:\/\/nereumatias.com\/\",\"name\":\"Formaciones PhiAcademy - Phiseller Espa\u00f1a\",\"description\":\"PhiAcademy\",\"publisher\":{\"@id\":\"https:\/\/nereumatias.com\/#organization\"},\"potentialAction\":[{\"@type\":\"SearchAction\",\"target\":{\"@type\":\"EntryPoint\",\"urlTemplate\":\"https:\/\/nereumatias.com\/?s={search_term_string}\"},\"query-input\":{\"@type\":\"PropertyValueSpecification\",\"valueRequired\":true,\"valueName\":\"search_term_string\"}}],\"inLanguage\":\"en-GB\"},{\"@type\":\"Organization\",\"@id\":\"https:\/\/nereumatias.com\/#organization\",\"name\":\"Formaciones PhiAcademy - Phiseller Espa\u00f1a\",\"url\":\"https:\/\/nereumatias.com\/\",\"logo\":{\"@type\":\"ImageObject\",\"inLanguage\":\"en-GB\",\"@id\":\"https:\/\/nereumatias.com\/#\/schema\/logo\/image\/\",\"url\":\"https:\/\/nereumatias.com\/wp-content\/uploads\/2022\/09\/logo-phiseller-negro-150.png\",\"contentUrl\":\"https:\/\/nereumatias.com\/wp-content\/uploads\/2022\/09\/logo-phiseller-negro-150.png\",\"width\":375,\"height\":150,\"caption\":\"Formaciones PhiAcademy - Phiseller Espa\u00f1a\"},\"image\":{\"@id\":\"https:\/\/nereumatias.com\/#\/schema\/logo\/image\/\"},\"sameAs\":[\"https:\/\/www.facebook.com\/nereumatias\"]}]}<\/script>\n<!-- \/ Yoast SEO plugin. -->","yoast_head_json":{"title":"PHI DERMAPLANING SCALPELS - 10PCS - Formaciones PhiAcademy - Phiseller Espa\u00f1a","robots":{"index":"index","follow":"follow","max-snippet":"max-snippet:-1","max-image-preview":"max-image-preview:large","max-video-preview":"max-video-preview:-1"},"canonical":"https:\/\/nereumatias.com\/en\/product\/phi-dermaplaning-scalpels-10pcs\/","og_locale":"en_GB","og_type":"article","og_title":"PHI DERMAPLANING SCALPELS - 10PCS - Formaciones PhiAcademy - Phiseller Espa\u00f1a","og_description":"DETALLES    Phi Dermaplaning Scalpels son cuchillas est\u00e9riles desechables envueltas individualmente, ideales para su uso en tratamientos de dermaplaning.  Este bistur\u00ed respetuoso con la piel elimina las c\u00e9lulas muertas de la piel, as\u00ed como el vello facial fino, lo que da como resultado una textura de la piel suave y uniforme.  Las cuchillas son de acero al carbono, tama\u00f1o 10, y est\u00e1n esterilizadas con radiaci\u00f3n gamma de 25 kGy.  La esterilidad est\u00e1 garantizada siempre que el sello del envase no est\u00e9 roto o da\u00f1ado.","og_url":"https:\/\/nereumatias.com\/en\/product\/phi-dermaplaning-scalpels-10pcs\/","og_site_name":"Formaciones PhiAcademy - Phiseller Espa\u00f1a","article_publisher":"https:\/\/www.facebook.com\/nereumatias","article_modified_time":"2024-11-05T11:14:07+00:00","og_image":[{"width":1602,"height":1354,"url":"https:\/\/nereumatias.com\/wp-content\/uploads\/2021\/07\/Captura-de-pantalla-2024-11-05-a-las-12.13.47.png","type":"image\/png"}],"twitter_card":"summary_large_image","schema":{"@context":"https:\/\/schema.org","@graph":[{"@type":"WebPage","@id":"https:\/\/nereumatias.com\/producto\/phi-dermaplaning-scalpels-10pcs\/","url":"https:\/\/nereumatias.com\/producto\/phi-dermaplaning-scalpels-10pcs\/","name":"PHI DERMAPLANING SCALPELS - 10PCS - Formaciones PhiAcademy - Phiseller Espa\u00f1a","isPartOf":{"@id":"https:\/\/nereumatias.com\/#website"},"primaryImageOfPage":{"@id":"https:\/\/nereumatias.com\/producto\/phi-dermaplaning-scalpels-10pcs\/#primaryimage"},"image":{"@id":"https:\/\/nereumatias.com\/producto\/phi-dermaplaning-scalpels-10pcs\/#primaryimage"},"thumbnailUrl":"https:\/\/nereumatias.com\/wp-content\/uploads\/2021\/07\/Captura-de-pantalla-2024-11-05-a-las-12.13.47.png","datePublished":"2021-07-08T03:42:16+00:00","dateModified":"2024-11-05T11:14:07+00:00","breadcrumb":{"@id":"https:\/\/nereumatias.com\/producto\/phi-dermaplaning-scalpels-10pcs\/#breadcrumb"},"inLanguage":"en-GB","potentialAction":[{"@type":"ReadAction","target":["https:\/\/nereumatias.com\/producto\/phi-dermaplaning-scalpels-10pcs\/"]}]},{"@type":"ImageObject","inLanguage":"en-GB","@id":"https:\/\/nereumatias.com\/producto\/phi-dermaplaning-scalpels-10pcs\/#primaryimage","url":"https:\/\/nereumatias.com\/wp-content\/uploads\/2021\/07\/Captura-de-pantalla-2024-11-05-a-las-12.13.47.png","contentUrl":"https:\/\/nereumatias.com\/wp-content\/uploads\/2021\/07\/Captura-de-pantalla-2024-11-05-a-las-12.13.47.png","width":1602,"height":1354},{"@type":"BreadcrumbList","@id":"https:\/\/nereumatias.com\/producto\/phi-dermaplaning-scalpels-10pcs\/#breadcrumb","itemListElement":[{"@type":"ListItem","position":1,"name":"Home","item":"https:\/\/nereumatias.com\/"},{"@type":"ListItem","position":2,"name":"Tienda","item":"https:\/\/nereumatias.com\/tienda-online\/"},{"@type":"ListItem","position":3,"name":"PHI DERMAPLANING SCALPELS &#8211; 10PCS"}]},{"@type":"WebSite","@id":"https:\/\/nereumatias.com\/#website","url":"https:\/\/nereumatias.com\/","name":"Formaciones PhiAcademy - Phiseller Espa\u00f1a","description":"PhiAcademy","publisher":{"@id":"https:\/\/nereumatias.com\/#organization"},"potentialAction":[{"@type":"SearchAction","target":{"@type":"EntryPoint","urlTemplate":"https:\/\/nereumatias.com\/?s={search_term_string}"},"query-input":{"@type":"PropertyValueSpecification","valueRequired":true,"valueName":"search_term_string"}}],"inLanguage":"en-GB"},{"@type":"Organization","@id":"https:\/\/nereumatias.com\/#organization","name":"Formaciones PhiAcademy - Phiseller Espa\u00f1a","url":"https:\/\/nereumatias.com\/","logo":{"@type":"ImageObject","inLanguage":"en-GB","@id":"https:\/\/nereumatias.com\/#\/schema\/logo\/image\/","url":"https:\/\/nereumatias.com\/wp-content\/uploads\/2022\/09\/logo-phiseller-negro-150.png","contentUrl":"https:\/\/nereumatias.com\/wp-content\/uploads\/2022\/09\/logo-phiseller-negro-150.png","width":375,"height":150,"caption":"Formaciones PhiAcademy - Phiseller Espa\u00f1a"},"image":{"@id":"https:\/\/nereumatias.com\/#\/schema\/logo\/image\/"},"sameAs":["https:\/\/www.facebook.com\/nereumatias"]}]}},"_links":{"self":[{"href":"https:\/\/nereumatias.com\/en\/wp-json\/wp\/v2\/product\/42072","targetHints":{"allow":["GET"]}}],"collection":[{"href":"https:\/\/nereumatias.com\/en\/wp-json\/wp\/v2\/product"}],"about":[{"href":"https:\/\/nereumatias.com\/en\/wp-json\/wp\/v2\/types\/product"}],"replies":[{"embeddable":true,"href":"https:\/\/nereumatias.com\/en\/wp-json\/wp\/v2\/comments?post=42072"}],"version-history":[{"count":1,"href":"https:\/\/nereumatias.com\/en\/wp-json\/wp\/v2\/product\/42072\/revisions"}],"predecessor-version":[{"id":42073,"href":"https:\/\/nereumatias.com\/en\/wp-json\/wp\/v2\/product\/42072\/revisions\/42073"}],"wp:featuredmedia":[{"embeddable":true,"href":"https:\/\/nereumatias.com\/en\/wp-json\/wp\/v2\/media\/45969"}],"wp:attachment":[{"href":"https:\/\/nereumatias.com\/en\/wp-json\/wp\/v2\/media?parent=42072"}],"wp:term":[{"taxonomy":"product_brand","embeddable":true,"href":"https:\/\/nereumatias.com\/en\/wp-json\/wp\/v2\/product_brand?post=42072"},{"taxonomy":"product_cat","embeddable":true,"href":"https:\/\/nereumatias.com\/en\/wp-json\/wp\/v2\/product_cat?post=42072"},{"taxonomy":"product_tag","embeddable":true,"href":"https:\/\/nereumatias.com\/en\/wp-json\/wp\/v2\/product_tag?post=42072"}],"curies":[{"name":"wp","href":"https:\/\/api.w.org\/{rel}","templated":true}]}}