{"id":42050,"date":"2021-07-08T05:42:06","date_gmt":"2021-07-08T03:42:06","guid":{"rendered":"https:\/\/nereumatias.phiseller.com\/?post_type=product&#038;p=42050"},"modified":"2023-03-08T15:21:38","modified_gmt":"2023-03-08T14:21:38","slug":"philashes-eyes-3pairs","status":"publish","type":"product","link":"https:\/\/nereumatias.com\/en\/product\/philashes-eyes-3pairs\/","title":{"rendered":"PHILASHES EYES - 3PAIRS"},"content":{"rendered":"<p data-renderer-start-pos=\"1386\">PhiLashes Eyes to practice on a training head are made of the highest quality, soft-touch silicone rubber. The replaceable training eyes allow you to practice different eyelash extension techniques at the same time. After each use, clean the eyes with aqua. Smudges and make-up can be removed with a make-up remover.<\/p>\n<p data-renderer-start-pos=\"1762\">Fabriqu\u00e9 en Chine<\/p>","protected":false},"excerpt":{"rendered":"<p data-renderer-start-pos=\"1386\">PhiLashes Eyes to practice on a training head are made of the highest quality, soft-touch silicone rubber. The replaceable training eyes allow you to practice different eyelash extension techniques at the same time. After each use, clean the eyes with aqua. Smudges and make-up can be removed with a make-up remover.<\/p>\n<p data-renderer-start-pos=\"1762\">Fabriqu\u00e9 en Chine<\/p>","protected":false},"featured_media":43648,"comment_status":"open","ping_status":"closed","template":"","meta":{"_acf_changed":false,"_joinchat":[]},"product_brand":[],"product_cat":[82,64],"product_tag":[],"class_list":{"0":"post-42050","1":"product","2":"type-product","3":"status-publish","4":"has-post-thumbnail","6":"product_cat-accessories-philashes","7":"product_cat-philashes","9":"first","10":"instock","11":"taxable","12":"shipping-taxable","13":"purchasable","14":"product-type-simple"},"supplier_id":null,"supplier_sku":"","barcode":null,"atum_controlled":true,"out_stock_date":null,"out_stock_threshold":null,"inheritable":false,"inbound_stock":null,"stock_on_hold":0,"sold_today":0,"sales_last_days":0,"reserved_stock":null,"customer_returns":null,"warehouse_damage":null,"lost_in_post":null,"other_logs":null,"out_stock_days":0,"lost_sales":0,"has_location":null,"update_date":"2026-05-13T13:16:22","atum_locations":[],"atum_stock_status":"instock","restock_status":false,"low_stock_amount":0,"sales_update_date":"2026-05-13T13:16:22","calc_backorders":null,"acf":[],"yoast_head":"<!-- This site is optimized with the Yoast SEO plugin v24.8 - https:\/\/yoast.com\/wordpress\/plugins\/seo\/ -->\n<title>PHILASHES EYES - 3PAIRS - Formaciones PhiAcademy - Phiseller Espa\u00f1a<\/title>\n<meta name=\"robots\" content=\"index, follow, max-snippet:-1, max-image-preview:large, max-video-preview:-1\" \/>\n<link rel=\"canonical\" href=\"https:\/\/nereumatias.com\/en\/product\/philashes-eyes-3pairs\/\" \/>\n<meta property=\"og:locale\" content=\"en_GB\" \/>\n<meta property=\"og:type\" content=\"article\" \/>\n<meta property=\"og:title\" content=\"PHILASHES EYES - 3PAIRS - Formaciones PhiAcademy - Phiseller Espa\u00f1a\" \/>\n<meta property=\"og:description\" content=\"PhiLashes Eyes para practicar en una cabeza de entrenamiento est\u00e1 hecho de caucho de silicona suave al tacto, de la m\u00e1s alta calidad. Los ojos de entrenamiento reemplazables le permiten practicar diferentes t\u00e9cnicas de extensi\u00f3n de pesta\u00f1asal mismo tiempo. Despu\u00e9s de cada uso, limpie los ojos con aqua. Las manchas y el maquillaje se pueden eliminar con un desmaquillador. Fabriqu\u00e9 en Chine\" \/>\n<meta property=\"og:url\" content=\"https:\/\/nereumatias.com\/en\/product\/philashes-eyes-3pairs\/\" \/>\n<meta property=\"og:site_name\" content=\"Formaciones PhiAcademy - Phiseller Espa\u00f1a\" \/>\n<meta property=\"article:publisher\" content=\"https:\/\/www.facebook.com\/nereumatias\" \/>\n<meta property=\"article:modified_time\" content=\"2023-03-08T14:21:38+00:00\" \/>\n<meta property=\"og:image\" content=\"https:\/\/nereumatias.com\/wp-content\/uploads\/2022\/12\/22-02-2.jpg\" \/>\n\t<meta property=\"og:image:width\" content=\"600\" \/>\n\t<meta property=\"og:image:height\" content=\"800\" \/>\n\t<meta property=\"og:image:type\" content=\"image\/jpeg\" \/>\n<meta name=\"twitter:card\" content=\"summary_large_image\" \/>\n<script type=\"application\/ld+json\" class=\"yoast-schema-graph\">{\"@context\":\"https:\/\/schema.org\",\"@graph\":[{\"@type\":\"WebPage\",\"@id\":\"https:\/\/nereumatias.com\/producto\/philashes-eyes-3pairs\/\",\"url\":\"https:\/\/nereumatias.com\/producto\/philashes-eyes-3pairs\/\",\"name\":\"PHILASHES EYES - 3PAIRS - Formaciones PhiAcademy - Phiseller Espa\u00f1a\",\"isPartOf\":{\"@id\":\"https:\/\/nereumatias.com\/#website\"},\"primaryImageOfPage\":{\"@id\":\"https:\/\/nereumatias.com\/producto\/philashes-eyes-3pairs\/#primaryimage\"},\"image\":{\"@id\":\"https:\/\/nereumatias.com\/producto\/philashes-eyes-3pairs\/#primaryimage\"},\"thumbnailUrl\":\"https:\/\/nereumatias.com\/wp-content\/uploads\/2022\/12\/22-02-2.jpg\",\"datePublished\":\"2021-07-08T03:42:06+00:00\",\"dateModified\":\"2023-03-08T14:21:38+00:00\",\"breadcrumb\":{\"@id\":\"https:\/\/nereumatias.com\/producto\/philashes-eyes-3pairs\/#breadcrumb\"},\"inLanguage\":\"en-GB\",\"potentialAction\":[{\"@type\":\"ReadAction\",\"target\":[\"https:\/\/nereumatias.com\/producto\/philashes-eyes-3pairs\/\"]}]},{\"@type\":\"ImageObject\",\"inLanguage\":\"en-GB\",\"@id\":\"https:\/\/nereumatias.com\/producto\/philashes-eyes-3pairs\/#primaryimage\",\"url\":\"https:\/\/nereumatias.com\/wp-content\/uploads\/2022\/12\/22-02-2.jpg\",\"contentUrl\":\"https:\/\/nereumatias.com\/wp-content\/uploads\/2022\/12\/22-02-2.jpg\",\"width\":600,\"height\":800},{\"@type\":\"BreadcrumbList\",\"@id\":\"https:\/\/nereumatias.com\/producto\/philashes-eyes-3pairs\/#breadcrumb\",\"itemListElement\":[{\"@type\":\"ListItem\",\"position\":1,\"name\":\"Home\",\"item\":\"https:\/\/nereumatias.com\/\"},{\"@type\":\"ListItem\",\"position\":2,\"name\":\"Tienda\",\"item\":\"https:\/\/nereumatias.com\/tienda-online\/\"},{\"@type\":\"ListItem\",\"position\":3,\"name\":\"PHILASHES EYES &#8211; 3PAIRS\"}]},{\"@type\":\"WebSite\",\"@id\":\"https:\/\/nereumatias.com\/#website\",\"url\":\"https:\/\/nereumatias.com\/\",\"name\":\"Formaciones PhiAcademy - Phiseller Espa\u00f1a\",\"description\":\"PhiAcademy\",\"publisher\":{\"@id\":\"https:\/\/nereumatias.com\/#organization\"},\"potentialAction\":[{\"@type\":\"SearchAction\",\"target\":{\"@type\":\"EntryPoint\",\"urlTemplate\":\"https:\/\/nereumatias.com\/?s={search_term_string}\"},\"query-input\":{\"@type\":\"PropertyValueSpecification\",\"valueRequired\":true,\"valueName\":\"search_term_string\"}}],\"inLanguage\":\"en-GB\"},{\"@type\":\"Organization\",\"@id\":\"https:\/\/nereumatias.com\/#organization\",\"name\":\"Formaciones PhiAcademy - Phiseller Espa\u00f1a\",\"url\":\"https:\/\/nereumatias.com\/\",\"logo\":{\"@type\":\"ImageObject\",\"inLanguage\":\"en-GB\",\"@id\":\"https:\/\/nereumatias.com\/#\/schema\/logo\/image\/\",\"url\":\"https:\/\/nereumatias.com\/wp-content\/uploads\/2022\/09\/logo-phiseller-negro-150.png\",\"contentUrl\":\"https:\/\/nereumatias.com\/wp-content\/uploads\/2022\/09\/logo-phiseller-negro-150.png\",\"width\":375,\"height\":150,\"caption\":\"Formaciones PhiAcademy - Phiseller Espa\u00f1a\"},\"image\":{\"@id\":\"https:\/\/nereumatias.com\/#\/schema\/logo\/image\/\"},\"sameAs\":[\"https:\/\/www.facebook.com\/nereumatias\"]}]}<\/script>\n<!-- \/ Yoast SEO plugin. -->","yoast_head_json":{"title":"PHILASHES EYES - 3PAIRS - Formaciones PhiAcademy - Phiseller Espa\u00f1a","robots":{"index":"index","follow":"follow","max-snippet":"max-snippet:-1","max-image-preview":"max-image-preview:large","max-video-preview":"max-video-preview:-1"},"canonical":"https:\/\/nereumatias.com\/en\/product\/philashes-eyes-3pairs\/","og_locale":"en_GB","og_type":"article","og_title":"PHILASHES EYES - 3PAIRS - Formaciones PhiAcademy - Phiseller Espa\u00f1a","og_description":"PhiLashes Eyes para practicar en una cabeza de entrenamiento est\u00e1 hecho de caucho de silicona suave al tacto, de la m\u00e1s alta calidad. Los ojos de entrenamiento reemplazables le permiten practicar diferentes t\u00e9cnicas de extensi\u00f3n de pesta\u00f1asal mismo tiempo. Despu\u00e9s de cada uso, limpie los ojos con aqua. Las manchas y el maquillaje se pueden eliminar con un desmaquillador. Fabriqu\u00e9 en Chine","og_url":"https:\/\/nereumatias.com\/en\/product\/philashes-eyes-3pairs\/","og_site_name":"Formaciones PhiAcademy - Phiseller Espa\u00f1a","article_publisher":"https:\/\/www.facebook.com\/nereumatias","article_modified_time":"2023-03-08T14:21:38+00:00","og_image":[{"width":600,"height":800,"url":"https:\/\/nereumatias.com\/wp-content\/uploads\/2022\/12\/22-02-2.jpg","type":"image\/jpeg"}],"twitter_card":"summary_large_image","schema":{"@context":"https:\/\/schema.org","@graph":[{"@type":"WebPage","@id":"https:\/\/nereumatias.com\/producto\/philashes-eyes-3pairs\/","url":"https:\/\/nereumatias.com\/producto\/philashes-eyes-3pairs\/","name":"PHILASHES EYES - 3PAIRS - Formaciones PhiAcademy - Phiseller Espa\u00f1a","isPartOf":{"@id":"https:\/\/nereumatias.com\/#website"},"primaryImageOfPage":{"@id":"https:\/\/nereumatias.com\/producto\/philashes-eyes-3pairs\/#primaryimage"},"image":{"@id":"https:\/\/nereumatias.com\/producto\/philashes-eyes-3pairs\/#primaryimage"},"thumbnailUrl":"https:\/\/nereumatias.com\/wp-content\/uploads\/2022\/12\/22-02-2.jpg","datePublished":"2021-07-08T03:42:06+00:00","dateModified":"2023-03-08T14:21:38+00:00","breadcrumb":{"@id":"https:\/\/nereumatias.com\/producto\/philashes-eyes-3pairs\/#breadcrumb"},"inLanguage":"en-GB","potentialAction":[{"@type":"ReadAction","target":["https:\/\/nereumatias.com\/producto\/philashes-eyes-3pairs\/"]}]},{"@type":"ImageObject","inLanguage":"en-GB","@id":"https:\/\/nereumatias.com\/producto\/philashes-eyes-3pairs\/#primaryimage","url":"https:\/\/nereumatias.com\/wp-content\/uploads\/2022\/12\/22-02-2.jpg","contentUrl":"https:\/\/nereumatias.com\/wp-content\/uploads\/2022\/12\/22-02-2.jpg","width":600,"height":800},{"@type":"BreadcrumbList","@id":"https:\/\/nereumatias.com\/producto\/philashes-eyes-3pairs\/#breadcrumb","itemListElement":[{"@type":"ListItem","position":1,"name":"Home","item":"https:\/\/nereumatias.com\/"},{"@type":"ListItem","position":2,"name":"Tienda","item":"https:\/\/nereumatias.com\/tienda-online\/"},{"@type":"ListItem","position":3,"name":"PHILASHES EYES &#8211; 3PAIRS"}]},{"@type":"WebSite","@id":"https:\/\/nereumatias.com\/#website","url":"https:\/\/nereumatias.com\/","name":"Formaciones PhiAcademy - Phiseller Espa\u00f1a","description":"PhiAcademy","publisher":{"@id":"https:\/\/nereumatias.com\/#organization"},"potentialAction":[{"@type":"SearchAction","target":{"@type":"EntryPoint","urlTemplate":"https:\/\/nereumatias.com\/?s={search_term_string}"},"query-input":{"@type":"PropertyValueSpecification","valueRequired":true,"valueName":"search_term_string"}}],"inLanguage":"en-GB"},{"@type":"Organization","@id":"https:\/\/nereumatias.com\/#organization","name":"Formaciones PhiAcademy - Phiseller Espa\u00f1a","url":"https:\/\/nereumatias.com\/","logo":{"@type":"ImageObject","inLanguage":"en-GB","@id":"https:\/\/nereumatias.com\/#\/schema\/logo\/image\/","url":"https:\/\/nereumatias.com\/wp-content\/uploads\/2022\/09\/logo-phiseller-negro-150.png","contentUrl":"https:\/\/nereumatias.com\/wp-content\/uploads\/2022\/09\/logo-phiseller-negro-150.png","width":375,"height":150,"caption":"Formaciones PhiAcademy - Phiseller Espa\u00f1a"},"image":{"@id":"https:\/\/nereumatias.com\/#\/schema\/logo\/image\/"},"sameAs":["https:\/\/www.facebook.com\/nereumatias"]}]}},"_links":{"self":[{"href":"https:\/\/nereumatias.com\/en\/wp-json\/wp\/v2\/product\/42050","targetHints":{"allow":["GET"]}}],"collection":[{"href":"https:\/\/nereumatias.com\/en\/wp-json\/wp\/v2\/product"}],"about":[{"href":"https:\/\/nereumatias.com\/en\/wp-json\/wp\/v2\/types\/product"}],"replies":[{"embeddable":true,"href":"https:\/\/nereumatias.com\/en\/wp-json\/wp\/v2\/comments?post=42050"}],"version-history":[{"count":1,"href":"https:\/\/nereumatias.com\/en\/wp-json\/wp\/v2\/product\/42050\/revisions"}],"predecessor-version":[{"id":42051,"href":"https:\/\/nereumatias.com\/en\/wp-json\/wp\/v2\/product\/42050\/revisions\/42051"}],"wp:featuredmedia":[{"embeddable":true,"href":"https:\/\/nereumatias.com\/en\/wp-json\/wp\/v2\/media\/43648"}],"wp:attachment":[{"href":"https:\/\/nereumatias.com\/en\/wp-json\/wp\/v2\/media?parent=42050"}],"wp:term":[{"taxonomy":"product_brand","embeddable":true,"href":"https:\/\/nereumatias.com\/en\/wp-json\/wp\/v2\/product_brand?post=42050"},{"taxonomy":"product_cat","embeddable":true,"href":"https:\/\/nereumatias.com\/en\/wp-json\/wp\/v2\/product_cat?post=42050"},{"taxonomy":"product_tag","embeddable":true,"href":"https:\/\/nereumatias.com\/en\/wp-json\/wp\/v2\/product_tag?post=42050"}],"curies":[{"name":"wp","href":"https:\/\/api.w.org\/{rel}","templated":true}]}}