{"id":42048,"date":"2021-07-08T05:42:06","date_gmt":"2021-07-08T03:42:06","guid":{"rendered":"https:\/\/nereumatias.phiseller.com\/?post_type=product&#038;p=42048"},"modified":"2023-02-20T13:46:17","modified_gmt":"2023-02-20T12:46:17","slug":"browgrowth-needling-treatment-kit","status":"publish","type":"product","link":"https:\/\/nereumatias.com\/en\/product\/browgrowth-needling-treatment-kit\/","title":{"rendered":"BROWGROWTH NEEDLING TREATMENT KIT"},"content":{"rendered":"<h4>DETAILS<\/h4>\n<hr \/>\n<p class=\"P68B1DB1-StandardWeb3\">BrowGrowth Needling Treatment Kit is a set that, when used regularly, helps brows grow. The microneedling performed in combination with our brow growth oil helps brows grow, strengthens each individual hair and increases shine, resulting in fuller looking brows.<\/p>\n<p class=\"P68B1DB1-StandardWeb3\">BrowGrowth Oil contains several moisturising oils that condition and nourish brows, stimulate hair growth and strengthen existing hair. It is formulated with essential oils of almond, castor, argan, rosemary and geranium. It provides all the benefits needed to stimulate new eyebrow hair growth and keep existing hair in perfect condition.<\/p>\n<p class=\"P68B1DB1-StandardWeb3\">Contents: InjectRoller I 1 pc. InjectRoller holder I 1 pc.   BrowGrowth Oil 20 ml I 1 pc.<\/p>\n<h4>HOW TO USE<\/h4>\n<hr \/>\n<p class=\"P68B1DB1-StandardWeb3\">Apply the oil to the eyebrows once a day, before going to bed. Insert the InjectRoller into the holder and disinfect the eyebrow area. First, roll the roller over the eyebrows, starting from under the eyebrow and rolling it over the eyebrow towards the forehead. Repeat this movement over the entire length of the eyebrow 6 to 8 times, depending on skin tolerance and sensitivity. Be sure to lift the roller after each pass. Then roll the roller horizontally across the eyebrow. Repeat the same process on the other eyebrow. Finally, apply BrowGrowth Oil to the treated area. The treatment can be done one to three times a week to enhance the brows.<\/p>\n<h4>INGREDIENTS<\/h4>\n<hr \/>\n<p>Argania Spinosa Kernel Oil, Ricinus Communis Seed Oil, Prunus Amygdalus Dulcis Oil, Tocopheryl Acetate, Rosmarinus Officinalis Leaf Oil, Pelargonium Graveolens Flower Oil, BHT, Citronellol, Geraniol, d-Limonene, Linalool.<\/p>","protected":false},"excerpt":{"rendered":"<h4>DETAILS<\/h4>\n<hr \/>\n<p class=\"P68B1DB1-StandardWeb3\">BrowGrowth Needling Treatment Kit is a set that, when used regularly, helps brows grow. The microneedling performed in combination with our brow growth oil helps brows grow, strengthens each individual hair and increases shine, resulting in fuller looking brows.<\/p>\n<p class=\"P68B1DB1-StandardWeb3\">BrowGrowth Oil contains several moisturising oils that condition and nourish brows, stimulate hair growth and strengthen existing hair. It is formulated with essential oils of almond, castor, argan, rosemary and geranium. It provides all the benefits needed to stimulate new eyebrow hair growth and keep existing hair in perfect condition.<\/p>\n<p class=\"P68B1DB1-StandardWeb3\">Contents: InjectRoller I 1 pc. InjectRoller holder I 1 pc.   BrowGrowth Oil 20 ml I 1 pc.<\/p>\n<h4>HOW TO USE<\/h4>\n<hr \/>\n<p class=\"P68B1DB1-StandardWeb3\">Apply the oil to the eyebrows once a day, before going to bed. Insert the InjectRoller into the holder and disinfect the eyebrow area. First, roll the roller over the eyebrows, starting from under the eyebrow and rolling it over the eyebrow towards the forehead. Repeat this movement over the entire length of the eyebrow 6 to 8 times, depending on skin tolerance and sensitivity. Be sure to lift the roller after each pass. Then roll the roller horizontally across the eyebrow. Repeat the same process on the other eyebrow. Finally, apply BrowGrowth Oil to the treated area. The treatment can be done one to three times a week to enhance the brows.<\/p>\n<h4>INGREDIENTS<\/h4>\n<hr \/>\n<p>Argania Spinosa Kernel Oil, Ricinus Communis Seed Oil, Prunus Amygdalus Dulcis Oil, Tocopheryl Acetate, Rosmarinus Officinalis Leaf Oil, Pelargonium Graveolens Flower Oil, BHT, Citronellol, Geraniol, d-Limonene, Linalool.<\/p>","protected":false},"featured_media":43644,"comment_status":"open","ping_status":"closed","template":"","meta":{"_acf_changed":false,"_joinchat":[]},"product_brand":[],"product_cat":[68,47,50],"product_tag":[],"class_list":{"0":"post-42048","1":"product","2":"type-product","3":"status-publish","4":"has-post-thumbnail","6":"product_cat-kits","7":"product_cat-phibrows","8":"product_cat-tools","10":"first","11":"instock","12":"taxable","13":"shipping-taxable","14":"purchasable","15":"product-type-simple"},"supplier_id":null,"supplier_sku":"","barcode":null,"atum_controlled":true,"out_stock_date":null,"out_stock_threshold":null,"inheritable":false,"inbound_stock":null,"stock_on_hold":0,"sold_today":0,"sales_last_days":0,"reserved_stock":null,"customer_returns":null,"warehouse_damage":null,"lost_in_post":null,"other_logs":null,"out_stock_days":0,"lost_sales":0,"has_location":null,"update_date":"2026-04-19T10:16:14","atum_locations":[],"atum_stock_status":"instock","restock_status":false,"low_stock_amount":0,"sales_update_date":"2026-04-19T10:16:14","calc_backorders":null,"acf":[],"yoast_head":"<!-- This site is optimized with the Yoast SEO plugin v24.8 - https:\/\/yoast.com\/wordpress\/plugins\/seo\/ -->\n<title>BROWGROWTH NEEDLING TREATMENT KIT - Formaciones PhiAcademy - Phiseller Espa\u00f1a<\/title>\n<meta name=\"robots\" content=\"index, follow, max-snippet:-1, max-image-preview:large, max-video-preview:-1\" \/>\n<link rel=\"canonical\" href=\"https:\/\/nereumatias.com\/en\/product\/browgrowth-needling-treatment-kit\/\" \/>\n<meta property=\"og:locale\" content=\"en_GB\" \/>\n<meta property=\"og:type\" content=\"article\" \/>\n<meta property=\"og:title\" content=\"BROWGROWTH NEEDLING TREATMENT KIT - Formaciones PhiAcademy - Phiseller Espa\u00f1a\" \/>\n<meta property=\"og:description\" content=\"DETALLES   BrowGrowth Needling Treatment Kit es un conjunto que, utilizado de forma regular, contribuye a que las cejas crezcan. El microneedling realizado en combinaci\u00f3n con nuestro aceite de crecimiento de cejas ayuda a que las cejas crezcan, refuerza cada pelo individual y aumenta el brillo, dando como resultado unas cejas de aspecto m\u00e1s relleno. El BrowGrowth Oil contiene varios aceites hidratantes que acondicionan y nutren las cejas, estimulan el crecimiento del vello y refuerzan el que ya existe. Est\u00e1 formulado con aceites esenciales de almendra, ricino, arg\u00e1n, romero y geranio. Aporta todos los beneficios necesarios para estimular el crecimiento de vello nuevo en las cejas y mantener el existente en perfectas condiciones. Contenido: InjectRoller I 1 unidad. Soporte de InjectRoller I 1 unidad.\u00a0\u00a0 BrowGrowth Oil 20 ml I 1 unidad.  HOW TO USE   Aplique el aceite en las cejas una vez al d\u00eda, antes de acostarse. Inserte el InjectRoller en el soporte y desinfecte la zona de las cejas. Primero, pase el rodillo por las cejas, empezando desde debajo de la ceja y haci\u00e9ndolo rodar sobre ella en direcci\u00f3n a la frente. Repita este movimiento por toda la longitud de la ceja de 6 a 8 veces, en funci\u00f3n de la tolerancia y sensibilidad de la piel. Aseg\u00farese de levantar el rodillo despu\u00e9s de cada pasada. A continuaci\u00f3n, pase el rodillo por la ceja en sentido horizontal. Repita el mismo proceso en la otra ceja. Por \u00faltimo, aplique el aceite BrowGrowth Oil en la zona tratada. El tratamiento se puede realizar de una a tres veces por semana para realzar las cejas.  INGREDIENTS    Argania Spinosa Kernel Oil, Ricinus Communis Seed Oil, Prunus Amygdalus Dulcis Oil, Tocopheryl Acetate, Rosmarinus Officinalis Leaf Oil, Pelargonium Graveolens Flower Oil, BHT, Citronellol, Geraniol, d-Limonene, Linalool.\" \/>\n<meta property=\"og:url\" content=\"https:\/\/nereumatias.com\/en\/product\/browgrowth-needling-treatment-kit\/\" \/>\n<meta property=\"og:site_name\" content=\"Formaciones PhiAcademy - Phiseller Espa\u00f1a\" \/>\n<meta property=\"article:publisher\" content=\"https:\/\/www.facebook.com\/nereumatias\" \/>\n<meta property=\"article:modified_time\" content=\"2023-02-20T12:46:17+00:00\" \/>\n<meta property=\"og:image\" content=\"https:\/\/nereumatias.com\/wp-content\/uploads\/2022\/12\/brow-growth-brow-needling-treatment-kit-1.jpg\" \/>\n\t<meta property=\"og:image:width\" content=\"600\" \/>\n\t<meta property=\"og:image:height\" content=\"800\" \/>\n\t<meta property=\"og:image:type\" content=\"image\/jpeg\" \/>\n<meta name=\"twitter:card\" content=\"summary_large_image\" \/>\n<script type=\"application\/ld+json\" class=\"yoast-schema-graph\">{\"@context\":\"https:\/\/schema.org\",\"@graph\":[{\"@type\":\"WebPage\",\"@id\":\"https:\/\/nereumatias.com\/producto\/browgrowth-needling-treatment-kit\/\",\"url\":\"https:\/\/nereumatias.com\/producto\/browgrowth-needling-treatment-kit\/\",\"name\":\"BROWGROWTH NEEDLING TREATMENT KIT - Formaciones PhiAcademy - Phiseller Espa\u00f1a\",\"isPartOf\":{\"@id\":\"https:\/\/nereumatias.com\/#website\"},\"primaryImageOfPage\":{\"@id\":\"https:\/\/nereumatias.com\/producto\/browgrowth-needling-treatment-kit\/#primaryimage\"},\"image\":{\"@id\":\"https:\/\/nereumatias.com\/producto\/browgrowth-needling-treatment-kit\/#primaryimage\"},\"thumbnailUrl\":\"https:\/\/nereumatias.com\/wp-content\/uploads\/2022\/12\/brow-growth-brow-needling-treatment-kit-1.jpg\",\"datePublished\":\"2021-07-08T03:42:06+00:00\",\"dateModified\":\"2023-02-20T12:46:17+00:00\",\"breadcrumb\":{\"@id\":\"https:\/\/nereumatias.com\/producto\/browgrowth-needling-treatment-kit\/#breadcrumb\"},\"inLanguage\":\"en-GB\",\"potentialAction\":[{\"@type\":\"ReadAction\",\"target\":[\"https:\/\/nereumatias.com\/producto\/browgrowth-needling-treatment-kit\/\"]}]},{\"@type\":\"ImageObject\",\"inLanguage\":\"en-GB\",\"@id\":\"https:\/\/nereumatias.com\/producto\/browgrowth-needling-treatment-kit\/#primaryimage\",\"url\":\"https:\/\/nereumatias.com\/wp-content\/uploads\/2022\/12\/brow-growth-brow-needling-treatment-kit-1.jpg\",\"contentUrl\":\"https:\/\/nereumatias.com\/wp-content\/uploads\/2022\/12\/brow-growth-brow-needling-treatment-kit-1.jpg\",\"width\":600,\"height\":800},{\"@type\":\"BreadcrumbList\",\"@id\":\"https:\/\/nereumatias.com\/producto\/browgrowth-needling-treatment-kit\/#breadcrumb\",\"itemListElement\":[{\"@type\":\"ListItem\",\"position\":1,\"name\":\"Home\",\"item\":\"https:\/\/nereumatias.com\/\"},{\"@type\":\"ListItem\",\"position\":2,\"name\":\"Tienda\",\"item\":\"https:\/\/nereumatias.com\/tienda-online\/\"},{\"@type\":\"ListItem\",\"position\":3,\"name\":\"BROWGROWTH NEEDLING TREATMENT KIT\"}]},{\"@type\":\"WebSite\",\"@id\":\"https:\/\/nereumatias.com\/#website\",\"url\":\"https:\/\/nereumatias.com\/\",\"name\":\"Formaciones PhiAcademy - Phiseller Espa\u00f1a\",\"description\":\"PhiAcademy\",\"publisher\":{\"@id\":\"https:\/\/nereumatias.com\/#organization\"},\"potentialAction\":[{\"@type\":\"SearchAction\",\"target\":{\"@type\":\"EntryPoint\",\"urlTemplate\":\"https:\/\/nereumatias.com\/?s={search_term_string}\"},\"query-input\":{\"@type\":\"PropertyValueSpecification\",\"valueRequired\":true,\"valueName\":\"search_term_string\"}}],\"inLanguage\":\"en-GB\"},{\"@type\":\"Organization\",\"@id\":\"https:\/\/nereumatias.com\/#organization\",\"name\":\"Formaciones PhiAcademy - Phiseller Espa\u00f1a\",\"url\":\"https:\/\/nereumatias.com\/\",\"logo\":{\"@type\":\"ImageObject\",\"inLanguage\":\"en-GB\",\"@id\":\"https:\/\/nereumatias.com\/#\/schema\/logo\/image\/\",\"url\":\"https:\/\/nereumatias.com\/wp-content\/uploads\/2022\/09\/logo-phiseller-negro-150.png\",\"contentUrl\":\"https:\/\/nereumatias.com\/wp-content\/uploads\/2022\/09\/logo-phiseller-negro-150.png\",\"width\":375,\"height\":150,\"caption\":\"Formaciones PhiAcademy - Phiseller Espa\u00f1a\"},\"image\":{\"@id\":\"https:\/\/nereumatias.com\/#\/schema\/logo\/image\/\"},\"sameAs\":[\"https:\/\/www.facebook.com\/nereumatias\"]}]}<\/script>\n<!-- \/ Yoast SEO plugin. -->","yoast_head_json":{"title":"BROWGROWTH NEEDLING TREATMENT KIT - Formaciones PhiAcademy - Phiseller Espa\u00f1a","robots":{"index":"index","follow":"follow","max-snippet":"max-snippet:-1","max-image-preview":"max-image-preview:large","max-video-preview":"max-video-preview:-1"},"canonical":"https:\/\/nereumatias.com\/en\/product\/browgrowth-needling-treatment-kit\/","og_locale":"en_GB","og_type":"article","og_title":"BROWGROWTH NEEDLING TREATMENT KIT - Formaciones PhiAcademy - Phiseller Espa\u00f1a","og_description":"DETALLES   BrowGrowth Needling Treatment Kit es un conjunto que, utilizado de forma regular, contribuye a que las cejas crezcan. El microneedling realizado en combinaci\u00f3n con nuestro aceite de crecimiento de cejas ayuda a que las cejas crezcan, refuerza cada pelo individual y aumenta el brillo, dando como resultado unas cejas de aspecto m\u00e1s relleno. El BrowGrowth Oil contiene varios aceites hidratantes que acondicionan y nutren las cejas, estimulan el crecimiento del vello y refuerzan el que ya existe. Est\u00e1 formulado con aceites esenciales de almendra, ricino, arg\u00e1n, romero y geranio. Aporta todos los beneficios necesarios para estimular el crecimiento de vello nuevo en las cejas y mantener el existente en perfectas condiciones. Contenido: InjectRoller I 1 unidad. Soporte de InjectRoller I 1 unidad.\u00a0\u00a0 BrowGrowth Oil 20 ml I 1 unidad.  HOW TO USE   Aplique el aceite en las cejas una vez al d\u00eda, antes de acostarse. Inserte el InjectRoller en el soporte y desinfecte la zona de las cejas. Primero, pase el rodillo por las cejas, empezando desde debajo de la ceja y haci\u00e9ndolo rodar sobre ella en direcci\u00f3n a la frente. Repita este movimiento por toda la longitud de la ceja de 6 a 8 veces, en funci\u00f3n de la tolerancia y sensibilidad de la piel. Aseg\u00farese de levantar el rodillo despu\u00e9s de cada pasada. A continuaci\u00f3n, pase el rodillo por la ceja en sentido horizontal. Repita el mismo proceso en la otra ceja. Por \u00faltimo, aplique el aceite BrowGrowth Oil en la zona tratada. El tratamiento se puede realizar de una a tres veces por semana para realzar las cejas.  INGREDIENTS    Argania Spinosa Kernel Oil, Ricinus Communis Seed Oil, Prunus Amygdalus Dulcis Oil, Tocopheryl Acetate, Rosmarinus Officinalis Leaf Oil, Pelargonium Graveolens Flower Oil, BHT, Citronellol, Geraniol, d-Limonene, Linalool.","og_url":"https:\/\/nereumatias.com\/en\/product\/browgrowth-needling-treatment-kit\/","og_site_name":"Formaciones PhiAcademy - Phiseller Espa\u00f1a","article_publisher":"https:\/\/www.facebook.com\/nereumatias","article_modified_time":"2023-02-20T12:46:17+00:00","og_image":[{"width":600,"height":800,"url":"https:\/\/nereumatias.com\/wp-content\/uploads\/2022\/12\/brow-growth-brow-needling-treatment-kit-1.jpg","type":"image\/jpeg"}],"twitter_card":"summary_large_image","schema":{"@context":"https:\/\/schema.org","@graph":[{"@type":"WebPage","@id":"https:\/\/nereumatias.com\/producto\/browgrowth-needling-treatment-kit\/","url":"https:\/\/nereumatias.com\/producto\/browgrowth-needling-treatment-kit\/","name":"BROWGROWTH NEEDLING TREATMENT KIT - Formaciones PhiAcademy - Phiseller Espa\u00f1a","isPartOf":{"@id":"https:\/\/nereumatias.com\/#website"},"primaryImageOfPage":{"@id":"https:\/\/nereumatias.com\/producto\/browgrowth-needling-treatment-kit\/#primaryimage"},"image":{"@id":"https:\/\/nereumatias.com\/producto\/browgrowth-needling-treatment-kit\/#primaryimage"},"thumbnailUrl":"https:\/\/nereumatias.com\/wp-content\/uploads\/2022\/12\/brow-growth-brow-needling-treatment-kit-1.jpg","datePublished":"2021-07-08T03:42:06+00:00","dateModified":"2023-02-20T12:46:17+00:00","breadcrumb":{"@id":"https:\/\/nereumatias.com\/producto\/browgrowth-needling-treatment-kit\/#breadcrumb"},"inLanguage":"en-GB","potentialAction":[{"@type":"ReadAction","target":["https:\/\/nereumatias.com\/producto\/browgrowth-needling-treatment-kit\/"]}]},{"@type":"ImageObject","inLanguage":"en-GB","@id":"https:\/\/nereumatias.com\/producto\/browgrowth-needling-treatment-kit\/#primaryimage","url":"https:\/\/nereumatias.com\/wp-content\/uploads\/2022\/12\/brow-growth-brow-needling-treatment-kit-1.jpg","contentUrl":"https:\/\/nereumatias.com\/wp-content\/uploads\/2022\/12\/brow-growth-brow-needling-treatment-kit-1.jpg","width":600,"height":800},{"@type":"BreadcrumbList","@id":"https:\/\/nereumatias.com\/producto\/browgrowth-needling-treatment-kit\/#breadcrumb","itemListElement":[{"@type":"ListItem","position":1,"name":"Home","item":"https:\/\/nereumatias.com\/"},{"@type":"ListItem","position":2,"name":"Tienda","item":"https:\/\/nereumatias.com\/tienda-online\/"},{"@type":"ListItem","position":3,"name":"BROWGROWTH NEEDLING TREATMENT KIT"}]},{"@type":"WebSite","@id":"https:\/\/nereumatias.com\/#website","url":"https:\/\/nereumatias.com\/","name":"Formaciones PhiAcademy - Phiseller Espa\u00f1a","description":"PhiAcademy","publisher":{"@id":"https:\/\/nereumatias.com\/#organization"},"potentialAction":[{"@type":"SearchAction","target":{"@type":"EntryPoint","urlTemplate":"https:\/\/nereumatias.com\/?s={search_term_string}"},"query-input":{"@type":"PropertyValueSpecification","valueRequired":true,"valueName":"search_term_string"}}],"inLanguage":"en-GB"},{"@type":"Organization","@id":"https:\/\/nereumatias.com\/#organization","name":"Formaciones PhiAcademy - Phiseller Espa\u00f1a","url":"https:\/\/nereumatias.com\/","logo":{"@type":"ImageObject","inLanguage":"en-GB","@id":"https:\/\/nereumatias.com\/#\/schema\/logo\/image\/","url":"https:\/\/nereumatias.com\/wp-content\/uploads\/2022\/09\/logo-phiseller-negro-150.png","contentUrl":"https:\/\/nereumatias.com\/wp-content\/uploads\/2022\/09\/logo-phiseller-negro-150.png","width":375,"height":150,"caption":"Formaciones PhiAcademy - Phiseller Espa\u00f1a"},"image":{"@id":"https:\/\/nereumatias.com\/#\/schema\/logo\/image\/"},"sameAs":["https:\/\/www.facebook.com\/nereumatias"]}]}},"_links":{"self":[{"href":"https:\/\/nereumatias.com\/en\/wp-json\/wp\/v2\/product\/42048","targetHints":{"allow":["GET"]}}],"collection":[{"href":"https:\/\/nereumatias.com\/en\/wp-json\/wp\/v2\/product"}],"about":[{"href":"https:\/\/nereumatias.com\/en\/wp-json\/wp\/v2\/types\/product"}],"replies":[{"embeddable":true,"href":"https:\/\/nereumatias.com\/en\/wp-json\/wp\/v2\/comments?post=42048"}],"version-history":[{"count":1,"href":"https:\/\/nereumatias.com\/en\/wp-json\/wp\/v2\/product\/42048\/revisions"}],"predecessor-version":[{"id":42049,"href":"https:\/\/nereumatias.com\/en\/wp-json\/wp\/v2\/product\/42048\/revisions\/42049"}],"wp:featuredmedia":[{"embeddable":true,"href":"https:\/\/nereumatias.com\/en\/wp-json\/wp\/v2\/media\/43644"}],"wp:attachment":[{"href":"https:\/\/nereumatias.com\/en\/wp-json\/wp\/v2\/media?parent=42048"}],"wp:term":[{"taxonomy":"product_brand","embeddable":true,"href":"https:\/\/nereumatias.com\/en\/wp-json\/wp\/v2\/product_brand?post=42048"},{"taxonomy":"product_cat","embeddable":true,"href":"https:\/\/nereumatias.com\/en\/wp-json\/wp\/v2\/product_cat?post=42048"},{"taxonomy":"product_tag","embeddable":true,"href":"https:\/\/nereumatias.com\/en\/wp-json\/wp\/v2\/product_tag?post=42048"}],"curies":[{"name":"wp","href":"https:\/\/api.w.org\/{rel}","templated":true}]}}