{"id":42030,"date":"2021-07-08T05:42:04","date_gmt":"2021-07-08T03:42:04","guid":{"rendered":"https:\/\/nereumatias.phiseller.com\/?post_type=product&#038;p=42030"},"modified":"2024-11-05T12:03:38","modified_gmt":"2024-11-05T11:03:38","slug":"microneedling-hair-growth-serum","status":"publish","type":"product","link":"https:\/\/nereumatias.com\/en\/product\/microneedling-hair-growth-serum\/","title":{"rendered":"Microneedling Hair Growth Serum"},"content":{"rendered":"<p>MICRONEEDLING HAIR CREWTH SERUM is used with MICRONEEDLING APPLICATOR, specially designed to achieve maximum possible effects under home conditions. The special design with MICRONEEDLING SERUM reservoir provides an ideal serum dosage and its complete absorption. The absorption of the active substances contained in the serum is up to 500% higher compared to the regular application of the cosmetic product.<\/p>\n<p>Hyaluronic acid restores hair density and increases its volume. It makes the skin of the head firm and elastic, stimulates its natural protective mechanisms and helps to keep it smooth, elastic and taut.<\/p>\n<p>Panthenol easily penetrates the skin structure, nourishes the scalp and promotes hair growth. By stimulating the division of epidermal cells, panthenol helps to accelerate the skin and hair regeneration process, provides moisture to the scalp and has a soothing and anti-inflammatory effect.<\/p>\n<p>Nettle extract, due to its high content of scopoletin, a polycyclic compound that affects the enzymes that regulate sebum secretion, controls sebum secretion and prevents excessive hair lubrication. Nettle accelerates peripheral circulation and blood circulation of the scalp, thus accelerating metabolic processes within the epidermis. This extract stimulates hair growth, strengthens the hair, nourishes it, prevents hair loss and acts against dandruff.<\/p>\n<p>Chestnut extract, due to its composition which, in addition to starch, contains saponins, tannins, proteins and vitamins B1, C and K, as well as provitamin A, nourishes the skin, helps to maintain the health of the follicles, thus reducing and alleviating hair loss. It normalises the processes of substance exchange in the skin cells, strengthens the scalp, soothes and balances dry or excessively oily scalp.<\/p>\n<p>Creatine is an amino acid derivative found naturally in the skin and hair. It strengthens hair, gives it volume and a healthy appearance. It prevents hair damage caused by chemical treatments, revitalises the scalp and prevents hair loss.<\/p>\n<p>How to use<\/p>\n<p>Apply the product with MICRONEEDLING APPLICATOR at night before going to bed on the skin of the head (scalp) previously cleaned. Follow the instructions for use and dosage provided with the MICRONEEDLING APPLICATOR. No anaesthetics are used for treatment with MICRONEEDLING APLICATOR as the treatment is painless.<\/p>\n<p>Ingredients<\/p>\n<p>Water, Urtica dioica (nettle) leaf extract, Aesculus hippocastanum (horse chestnut) seed extract, panthenol, phenoxyethanol, ethylhexylglycerin, creatine, sodium hyaluronate.<\/p>","protected":false},"excerpt":{"rendered":"<p>MICRONEEDLING HAIR CREWTH SERUM is used with MICRONEEDLING APPLICATOR, specially designed to achieve maximum possible effects under home conditions. The special design with MICRONEEDLING SERUM reservoir provides an ideal serum dosage and its complete absorption. The absorption of the active substances contained in the serum is up to 500% higher compared to the regular application of the cosmetic product.<\/p>\n<p>Hyaluronic acid restores hair density and increases its volume. It makes the skin of the head firm and elastic, stimulates its natural protective mechanisms and helps to keep it smooth, elastic and taut.<\/p>\n<p>Panthenol easily penetrates the skin structure, nourishes the scalp and promotes hair growth. By stimulating the division of epidermal cells, panthenol helps to accelerate the skin and hair regeneration process, provides moisture to the scalp and has a soothing and anti-inflammatory effect.<\/p>\n<p>Nettle extract, due to its high content of scopoletin, a polycyclic compound that affects the enzymes that regulate sebum secretion, controls sebum secretion and prevents excessive hair lubrication. Nettle accelerates peripheral circulation and blood circulation of the scalp, thus accelerating metabolic processes within the epidermis. This extract stimulates hair growth, strengthens the hair, nourishes it, prevents hair loss and acts against dandruff.<\/p>\n<p>Chestnut extract, due to its composition which, in addition to starch, contains saponins, tannins, proteins and vitamins B1, C and K, as well as provitamin A, nourishes the skin, helps to maintain the health of the follicles, thus reducing and alleviating hair loss. It normalises the processes of substance exchange in the skin cells, strengthens the scalp, soothes and balances dry or excessively oily scalp.<\/p>\n<p>Creatine is an amino acid derivative found naturally in the skin and hair. It strengthens hair, gives it volume and a healthy appearance. It prevents hair damage caused by chemical treatments, revitalises the scalp and prevents hair loss.<\/p>\n<p>How to use<\/p>\n<p>Apply the product with MICRONEEDLING APPLICATOR at night before going to bed on the skin of the head (scalp) previously cleaned. Follow the instructions for use and dosage provided with the MICRONEEDLING APPLICATOR. No anaesthetics are used for treatment with MICRONEEDLING APLICATOR as the treatment is painless.<\/p>\n<p>Ingredients<\/p>\n<p>Water, Urtica dioica (nettle) leaf extract, Aesculus hippocastanum (horse chestnut) seed extract, panthenol, phenoxyethanol, ethylhexylglycerin, creatine, sodium hyaluronate.<\/p>","protected":false},"featured_media":45965,"comment_status":"open","ping_status":"closed","template":"","meta":{"_acf_changed":false,"_joinchat":[]},"product_brand":[],"product_cat":[120,117,121,119],"product_tag":[],"class_list":{"0":"post-42030","1":"product","2":"type-product","3":"status-publish","4":"has-post-thumbnail","6":"product_cat-care","7":"product_cat-home-use-skin-care","8":"product_cat-microneedling","9":"product_cat-phihair","11":"first","12":"instock","13":"taxable","14":"shipping-taxable","15":"purchasable","16":"product-type-simple"},"supplier_id":null,"supplier_sku":"","barcode":null,"atum_controlled":true,"out_stock_date":null,"out_stock_threshold":null,"inheritable":false,"inbound_stock":null,"stock_on_hold":8,"sold_today":0,"sales_last_days":0,"reserved_stock":null,"customer_returns":null,"warehouse_damage":null,"lost_in_post":null,"other_logs":null,"out_stock_days":0,"lost_sales":0,"has_location":false,"update_date":"2026-05-14T13:16:21","atum_locations":[],"atum_stock_status":"instock","restock_status":false,"low_stock_amount":0,"sales_update_date":"2026-05-14T13:16:21","calc_backorders":null,"acf":[],"yoast_head":"<!-- This site is optimized with the Yoast SEO plugin v24.8 - https:\/\/yoast.com\/wordpress\/plugins\/seo\/ -->\n<title>Microneedling Hair Growth Serum - Formaciones PhiAcademy - Phiseller Espa\u00f1a<\/title>\n<meta name=\"robots\" content=\"index, follow, max-snippet:-1, max-image-preview:large, max-video-preview:-1\" \/>\n<link rel=\"canonical\" href=\"https:\/\/nereumatias.com\/en\/product\/microneedling-hair-growth-serum\/\" \/>\n<meta property=\"og:locale\" content=\"en_GB\" \/>\n<meta property=\"og:type\" content=\"article\" \/>\n<meta property=\"og:title\" content=\"Microneedling Hair Growth Serum - Formaciones PhiAcademy - Phiseller Espa\u00f1a\" \/>\n<meta property=\"og:description\" content=\"MICRONEEDLING HAIR CREWTH SERUM se utiliza con MICRONEEDLING APLICADOR, especialmente dise\u00f1ado para lograr los m\u00e1ximos efectos posibles en las condiciones del hogar. El dise\u00f1o especial con reservorio MICRONEEDLING SERUM proporciona una dosificaci\u00f3n de suero ideal y su completa absorci\u00f3n. La absorci\u00f3n de las sustancias activas contenidas en el suero es hasta un 500% mayor en comparaci\u00f3n con la aplicaci\u00f3n regular del producto cosm\u00e9tico.  El \u00e1cido hialur\u00f3nico restaura la densidad del cabello y aumenta su volumen. Hace que la piel de la cabeza sea firme y el\u00e1stica, estimula sus mecanismos protectores naturales y ayuda a mantenerla suave, el\u00e1stica y tensa.  El pantenol penetra f\u00e1cilmente en la estructura de la piel, nutre el cuero cabelludo y promueve el crecimiento del cabello. Al estimular la divisi\u00f3n de las c\u00e9lulas de la epidermis, el pantenol ayuda a acelerar el proceso de regeneraci\u00f3n de la piel y el cabello, proporciona hidrataci\u00f3n al cuero cabelludo y tiene un efecto calmante y antiinflamatorio.  Extracto de ortiga, por su alto contenido en escopoletina, un compuesto polic\u00edclico que afecta a las enzimas que regulan la secreci\u00f3n de sebo, controla su secreci\u00f3n y previene la excesiva lubricaci\u00f3n del cabello. La ortiga acelera la circulaci\u00f3n perif\u00e9rica y la circulaci\u00f3n sangu\u00ednea del cuero cabelludo, acelerando as\u00ed los procesos metab\u00f3licos dentro de la epidermis. Este extracto estimula el crecimiento del cabello, fortalece el cabello, lo nutre, previene la ca\u00edda del cabello y act\u00faa contra la caspa.  El extracto de casta\u00f1a, por su composici\u00f3n que, adem\u00e1s de almid\u00f3n, contiene saponinas, taninos, prote\u00ednas y vitaminas B1, C y K, as\u00ed como provitamina A, nutre la piel, ayuda a mantener la salud de los fol\u00edculos, reduciendo y aliviando as\u00ed perdida de cabello. Normaliza los procesos de intercambio de sustancias en las c\u00e9lulas de la piel, fortalece el cuero cabelludo, calma y equilibra el cuero cabelludo seco o excesivamente graso.  La creatina es un derivado de amino\u00e1cidos que se encuentra naturalmente en la piel y el cabello. Fortalece el cabello, le da volumen y apariencia saludable. Previene el da\u00f1o del cabello causado por tratamientos qu\u00edmicos, revitaliza el cuero cabelludo y previene la ca\u00edda del cabello.  C\u00f3mo utilizar  Aplicar el producto con MICRONEEDLING APLICADOR por la noche antes de acostarse sobre la piel de la cabeza (cuero cabelludo) previamente limpia. Siga las instrucciones de uso y dosificaci\u00f3n provistas con el APLICADOR DE MICRONEEDLING. No se utilizan anest\u00e9sicos para el tratamiento con MICRONEEDLING APLICATOR ya que el tratamiento es indoloro.  Ingredientes  Agua, extracto de hoja de Urtica dioica (ortiga), extracto de semilla de Aesculus hippocastanum (casta\u00f1o de indias), pantenol, fenoxietanol, etilhexilglicerina, creatina, hialuronato de sodio.\" \/>\n<meta property=\"og:url\" content=\"https:\/\/nereumatias.com\/en\/product\/microneedling-hair-growth-serum\/\" \/>\n<meta property=\"og:site_name\" content=\"Formaciones PhiAcademy - Phiseller Espa\u00f1a\" \/>\n<meta property=\"article:publisher\" content=\"https:\/\/www.facebook.com\/nereumatias\" \/>\n<meta property=\"article:modified_time\" content=\"2024-11-05T11:03:38+00:00\" \/>\n<meta property=\"og:image\" content=\"https:\/\/nereumatias.com\/wp-content\/uploads\/2021\/07\/Captura-de-pantalla-2024-11-05-a-las-11.56.05.png\" \/>\n\t<meta property=\"og:image:width\" content=\"850\" \/>\n\t<meta property=\"og:image:height\" content=\"1160\" \/>\n\t<meta property=\"og:image:type\" content=\"image\/png\" \/>\n<meta name=\"twitter:card\" content=\"summary_large_image\" \/>\n<script type=\"application\/ld+json\" class=\"yoast-schema-graph\">{\"@context\":\"https:\/\/schema.org\",\"@graph\":[{\"@type\":\"WebPage\",\"@id\":\"https:\/\/nereumatias.com\/producto\/microneedling-hair-growth-serum\/\",\"url\":\"https:\/\/nereumatias.com\/producto\/microneedling-hair-growth-serum\/\",\"name\":\"Microneedling Hair Growth Serum - Formaciones PhiAcademy - Phiseller Espa\u00f1a\",\"isPartOf\":{\"@id\":\"https:\/\/nereumatias.com\/#website\"},\"primaryImageOfPage\":{\"@id\":\"https:\/\/nereumatias.com\/producto\/microneedling-hair-growth-serum\/#primaryimage\"},\"image\":{\"@id\":\"https:\/\/nereumatias.com\/producto\/microneedling-hair-growth-serum\/#primaryimage\"},\"thumbnailUrl\":\"https:\/\/nereumatias.com\/wp-content\/uploads\/2021\/07\/Captura-de-pantalla-2024-11-05-a-las-11.56.05.png\",\"datePublished\":\"2021-07-08T03:42:04+00:00\",\"dateModified\":\"2024-11-05T11:03:38+00:00\",\"breadcrumb\":{\"@id\":\"https:\/\/nereumatias.com\/producto\/microneedling-hair-growth-serum\/#breadcrumb\"},\"inLanguage\":\"en-GB\",\"potentialAction\":[{\"@type\":\"ReadAction\",\"target\":[\"https:\/\/nereumatias.com\/producto\/microneedling-hair-growth-serum\/\"]}]},{\"@type\":\"ImageObject\",\"inLanguage\":\"en-GB\",\"@id\":\"https:\/\/nereumatias.com\/producto\/microneedling-hair-growth-serum\/#primaryimage\",\"url\":\"https:\/\/nereumatias.com\/wp-content\/uploads\/2021\/07\/Captura-de-pantalla-2024-11-05-a-las-11.56.05.png\",\"contentUrl\":\"https:\/\/nereumatias.com\/wp-content\/uploads\/2021\/07\/Captura-de-pantalla-2024-11-05-a-las-11.56.05.png\",\"width\":850,\"height\":1160},{\"@type\":\"BreadcrumbList\",\"@id\":\"https:\/\/nereumatias.com\/producto\/microneedling-hair-growth-serum\/#breadcrumb\",\"itemListElement\":[{\"@type\":\"ListItem\",\"position\":1,\"name\":\"Home\",\"item\":\"https:\/\/nereumatias.com\/\"},{\"@type\":\"ListItem\",\"position\":2,\"name\":\"Tienda\",\"item\":\"https:\/\/nereumatias.com\/tienda-online\/\"},{\"@type\":\"ListItem\",\"position\":3,\"name\":\"Microneedling Hair Growth Serum\"}]},{\"@type\":\"WebSite\",\"@id\":\"https:\/\/nereumatias.com\/#website\",\"url\":\"https:\/\/nereumatias.com\/\",\"name\":\"Formaciones PhiAcademy - Phiseller Espa\u00f1a\",\"description\":\"PhiAcademy\",\"publisher\":{\"@id\":\"https:\/\/nereumatias.com\/#organization\"},\"potentialAction\":[{\"@type\":\"SearchAction\",\"target\":{\"@type\":\"EntryPoint\",\"urlTemplate\":\"https:\/\/nereumatias.com\/?s={search_term_string}\"},\"query-input\":{\"@type\":\"PropertyValueSpecification\",\"valueRequired\":true,\"valueName\":\"search_term_string\"}}],\"inLanguage\":\"en-GB\"},{\"@type\":\"Organization\",\"@id\":\"https:\/\/nereumatias.com\/#organization\",\"name\":\"Formaciones PhiAcademy - Phiseller Espa\u00f1a\",\"url\":\"https:\/\/nereumatias.com\/\",\"logo\":{\"@type\":\"ImageObject\",\"inLanguage\":\"en-GB\",\"@id\":\"https:\/\/nereumatias.com\/#\/schema\/logo\/image\/\",\"url\":\"https:\/\/nereumatias.com\/wp-content\/uploads\/2022\/09\/logo-phiseller-negro-150.png\",\"contentUrl\":\"https:\/\/nereumatias.com\/wp-content\/uploads\/2022\/09\/logo-phiseller-negro-150.png\",\"width\":375,\"height\":150,\"caption\":\"Formaciones PhiAcademy - Phiseller Espa\u00f1a\"},\"image\":{\"@id\":\"https:\/\/nereumatias.com\/#\/schema\/logo\/image\/\"},\"sameAs\":[\"https:\/\/www.facebook.com\/nereumatias\"]}]}<\/script>\n<!-- \/ Yoast SEO plugin. -->","yoast_head_json":{"title":"Microneedling Hair Growth Serum - Formaciones PhiAcademy - Phiseller Espa\u00f1a","robots":{"index":"index","follow":"follow","max-snippet":"max-snippet:-1","max-image-preview":"max-image-preview:large","max-video-preview":"max-video-preview:-1"},"canonical":"https:\/\/nereumatias.com\/en\/product\/microneedling-hair-growth-serum\/","og_locale":"en_GB","og_type":"article","og_title":"Microneedling Hair Growth Serum - Formaciones PhiAcademy - Phiseller Espa\u00f1a","og_description":"MICRONEEDLING HAIR CREWTH SERUM se utiliza con MICRONEEDLING APLICADOR, especialmente dise\u00f1ado para lograr los m\u00e1ximos efectos posibles en las condiciones del hogar. El dise\u00f1o especial con reservorio MICRONEEDLING SERUM proporciona una dosificaci\u00f3n de suero ideal y su completa absorci\u00f3n. La absorci\u00f3n de las sustancias activas contenidas en el suero es hasta un 500% mayor en comparaci\u00f3n con la aplicaci\u00f3n regular del producto cosm\u00e9tico.  El \u00e1cido hialur\u00f3nico restaura la densidad del cabello y aumenta su volumen. Hace que la piel de la cabeza sea firme y el\u00e1stica, estimula sus mecanismos protectores naturales y ayuda a mantenerla suave, el\u00e1stica y tensa.  El pantenol penetra f\u00e1cilmente en la estructura de la piel, nutre el cuero cabelludo y promueve el crecimiento del cabello. Al estimular la divisi\u00f3n de las c\u00e9lulas de la epidermis, el pantenol ayuda a acelerar el proceso de regeneraci\u00f3n de la piel y el cabello, proporciona hidrataci\u00f3n al cuero cabelludo y tiene un efecto calmante y antiinflamatorio.  Extracto de ortiga, por su alto contenido en escopoletina, un compuesto polic\u00edclico que afecta a las enzimas que regulan la secreci\u00f3n de sebo, controla su secreci\u00f3n y previene la excesiva lubricaci\u00f3n del cabello. La ortiga acelera la circulaci\u00f3n perif\u00e9rica y la circulaci\u00f3n sangu\u00ednea del cuero cabelludo, acelerando as\u00ed los procesos metab\u00f3licos dentro de la epidermis. Este extracto estimula el crecimiento del cabello, fortalece el cabello, lo nutre, previene la ca\u00edda del cabello y act\u00faa contra la caspa.  El extracto de casta\u00f1a, por su composici\u00f3n que, adem\u00e1s de almid\u00f3n, contiene saponinas, taninos, prote\u00ednas y vitaminas B1, C y K, as\u00ed como provitamina A, nutre la piel, ayuda a mantener la salud de los fol\u00edculos, reduciendo y aliviando as\u00ed perdida de cabello. Normaliza los procesos de intercambio de sustancias en las c\u00e9lulas de la piel, fortalece el cuero cabelludo, calma y equilibra el cuero cabelludo seco o excesivamente graso.  La creatina es un derivado de amino\u00e1cidos que se encuentra naturalmente en la piel y el cabello. Fortalece el cabello, le da volumen y apariencia saludable. Previene el da\u00f1o del cabello causado por tratamientos qu\u00edmicos, revitaliza el cuero cabelludo y previene la ca\u00edda del cabello.  C\u00f3mo utilizar  Aplicar el producto con MICRONEEDLING APLICADOR por la noche antes de acostarse sobre la piel de la cabeza (cuero cabelludo) previamente limpia. Siga las instrucciones de uso y dosificaci\u00f3n provistas con el APLICADOR DE MICRONEEDLING. No se utilizan anest\u00e9sicos para el tratamiento con MICRONEEDLING APLICATOR ya que el tratamiento es indoloro.  Ingredientes  Agua, extracto de hoja de Urtica dioica (ortiga), extracto de semilla de Aesculus hippocastanum (casta\u00f1o de indias), pantenol, fenoxietanol, etilhexilglicerina, creatina, hialuronato de sodio.","og_url":"https:\/\/nereumatias.com\/en\/product\/microneedling-hair-growth-serum\/","og_site_name":"Formaciones PhiAcademy - Phiseller Espa\u00f1a","article_publisher":"https:\/\/www.facebook.com\/nereumatias","article_modified_time":"2024-11-05T11:03:38+00:00","og_image":[{"width":850,"height":1160,"url":"https:\/\/nereumatias.com\/wp-content\/uploads\/2021\/07\/Captura-de-pantalla-2024-11-05-a-las-11.56.05.png","type":"image\/png"}],"twitter_card":"summary_large_image","schema":{"@context":"https:\/\/schema.org","@graph":[{"@type":"WebPage","@id":"https:\/\/nereumatias.com\/producto\/microneedling-hair-growth-serum\/","url":"https:\/\/nereumatias.com\/producto\/microneedling-hair-growth-serum\/","name":"Microneedling Hair Growth Serum - Formaciones PhiAcademy - Phiseller Espa\u00f1a","isPartOf":{"@id":"https:\/\/nereumatias.com\/#website"},"primaryImageOfPage":{"@id":"https:\/\/nereumatias.com\/producto\/microneedling-hair-growth-serum\/#primaryimage"},"image":{"@id":"https:\/\/nereumatias.com\/producto\/microneedling-hair-growth-serum\/#primaryimage"},"thumbnailUrl":"https:\/\/nereumatias.com\/wp-content\/uploads\/2021\/07\/Captura-de-pantalla-2024-11-05-a-las-11.56.05.png","datePublished":"2021-07-08T03:42:04+00:00","dateModified":"2024-11-05T11:03:38+00:00","breadcrumb":{"@id":"https:\/\/nereumatias.com\/producto\/microneedling-hair-growth-serum\/#breadcrumb"},"inLanguage":"en-GB","potentialAction":[{"@type":"ReadAction","target":["https:\/\/nereumatias.com\/producto\/microneedling-hair-growth-serum\/"]}]},{"@type":"ImageObject","inLanguage":"en-GB","@id":"https:\/\/nereumatias.com\/producto\/microneedling-hair-growth-serum\/#primaryimage","url":"https:\/\/nereumatias.com\/wp-content\/uploads\/2021\/07\/Captura-de-pantalla-2024-11-05-a-las-11.56.05.png","contentUrl":"https:\/\/nereumatias.com\/wp-content\/uploads\/2021\/07\/Captura-de-pantalla-2024-11-05-a-las-11.56.05.png","width":850,"height":1160},{"@type":"BreadcrumbList","@id":"https:\/\/nereumatias.com\/producto\/microneedling-hair-growth-serum\/#breadcrumb","itemListElement":[{"@type":"ListItem","position":1,"name":"Home","item":"https:\/\/nereumatias.com\/"},{"@type":"ListItem","position":2,"name":"Tienda","item":"https:\/\/nereumatias.com\/tienda-online\/"},{"@type":"ListItem","position":3,"name":"Microneedling Hair Growth Serum"}]},{"@type":"WebSite","@id":"https:\/\/nereumatias.com\/#website","url":"https:\/\/nereumatias.com\/","name":"Formaciones PhiAcademy - Phiseller Espa\u00f1a","description":"PhiAcademy","publisher":{"@id":"https:\/\/nereumatias.com\/#organization"},"potentialAction":[{"@type":"SearchAction","target":{"@type":"EntryPoint","urlTemplate":"https:\/\/nereumatias.com\/?s={search_term_string}"},"query-input":{"@type":"PropertyValueSpecification","valueRequired":true,"valueName":"search_term_string"}}],"inLanguage":"en-GB"},{"@type":"Organization","@id":"https:\/\/nereumatias.com\/#organization","name":"Formaciones PhiAcademy - Phiseller Espa\u00f1a","url":"https:\/\/nereumatias.com\/","logo":{"@type":"ImageObject","inLanguage":"en-GB","@id":"https:\/\/nereumatias.com\/#\/schema\/logo\/image\/","url":"https:\/\/nereumatias.com\/wp-content\/uploads\/2022\/09\/logo-phiseller-negro-150.png","contentUrl":"https:\/\/nereumatias.com\/wp-content\/uploads\/2022\/09\/logo-phiseller-negro-150.png","width":375,"height":150,"caption":"Formaciones PhiAcademy - Phiseller Espa\u00f1a"},"image":{"@id":"https:\/\/nereumatias.com\/#\/schema\/logo\/image\/"},"sameAs":["https:\/\/www.facebook.com\/nereumatias"]}]}},"_links":{"self":[{"href":"https:\/\/nereumatias.com\/en\/wp-json\/wp\/v2\/product\/42030","targetHints":{"allow":["GET"]}}],"collection":[{"href":"https:\/\/nereumatias.com\/en\/wp-json\/wp\/v2\/product"}],"about":[{"href":"https:\/\/nereumatias.com\/en\/wp-json\/wp\/v2\/types\/product"}],"replies":[{"embeddable":true,"href":"https:\/\/nereumatias.com\/en\/wp-json\/wp\/v2\/comments?post=42030"}],"version-history":[{"count":1,"href":"https:\/\/nereumatias.com\/en\/wp-json\/wp\/v2\/product\/42030\/revisions"}],"predecessor-version":[{"id":42031,"href":"https:\/\/nereumatias.com\/en\/wp-json\/wp\/v2\/product\/42030\/revisions\/42031"}],"wp:featuredmedia":[{"embeddable":true,"href":"https:\/\/nereumatias.com\/en\/wp-json\/wp\/v2\/media\/45965"}],"wp:attachment":[{"href":"https:\/\/nereumatias.com\/en\/wp-json\/wp\/v2\/media?parent=42030"}],"wp:term":[{"taxonomy":"product_brand","embeddable":true,"href":"https:\/\/nereumatias.com\/en\/wp-json\/wp\/v2\/product_brand?post=42030"},{"taxonomy":"product_cat","embeddable":true,"href":"https:\/\/nereumatias.com\/en\/wp-json\/wp\/v2\/product_cat?post=42030"},{"taxonomy":"product_tag","embeddable":true,"href":"https:\/\/nereumatias.com\/en\/wp-json\/wp\/v2\/product_tag?post=42030"}],"curies":[{"name":"wp","href":"https:\/\/api.w.org\/{rel}","templated":true}]}}