{"id":41960,"date":"2021-07-08T05:41:39","date_gmt":"2021-07-08T03:41:39","guid":{"rendered":"https:\/\/nereumatias.phiseller.com\/?post_type=product&#038;p=41960"},"modified":"2023-01-02T12:03:18","modified_gmt":"2023-01-02T11:03:18","slug":"phi-areola-3d-practice-skin-2pcs","status":"publish","type":"product","link":"https:\/\/nereumatias.com\/en\/product\/phi-areola-3d-practice-skin-2pcs\/","title":{"rendered":"Protective Sleeve 24\u00d75,5cm - 100pcs"},"content":{"rendered":"<div class=\"product-detail-tabs\">\n<div class=\"card card-tabs\">\n<div class=\"product-detail-tabs-content card-body\">\n<div class=\"tab-content\">\n<div id=\"description-tab-pane\" class=\"tab-pane fade show active\" role=\"tabpanel\" aria-labelledby=\"description-tab\">\n<div class=\"offcanvas-content-container\">\n<div class=\"product-detail-description tab-pane-container\">\n<div class=\"h3 product-detail-description-title\">Product information \"Protective Sleeve 24\u00d75,5cm - 100pcs\".<\/div>\n<div class=\"product-detail-description-text\">\n<p data-renderer-start-pos=\"3615\">Protective Sleeves are a protective film to maintain hygiene in your workplace. It is a protective film that acts as a disposable cover on all surfaces. It is used with Heat Gun. H<\/p>\n<div class=\"product-detail-tabs\">\n<div class=\"card card-tabs\">\n<div class=\"product-detail-tabs-content card-body\">\n<div class=\"tab-content\">\n<div id=\"description-tab-pane\" class=\"tab-pane fade show active\" role=\"tabpanel\" aria-labelledby=\"description-tab\">\n<div class=\"offcanvas-content-container\">\n<div class=\"product-detail-description tab-pane-container\">\n<div class=\"h3 product-detail-description-title\">Product information \"Protective Sleeve 24\u00d75,5cm - 100pcs\".<\/div>\n<div class=\"product-detail-description-text\">\n<p data-renderer-start-pos=\"3615\">Protective Sleeves are a protective film to maintain hygiene in your workplace. It is a protective film that acts as a disposable cover on all surfaces. It is used with Heat Gun. Heat Gun heats the film to shrink it to create a protective layer for the products in your facility. This allows you to seal everything from laser handles to our microblading treatment stands. Your customers will be assured that the highest standards of hygiene are met in your centre.<\/p>\n<p data-renderer-start-pos=\"3615\">Each size is designed for different products. The 17 cm x 1.5 cm size is used for stands, the 24 cm x 5.5 cm size is used for the Phi-Ion Pro and the largest size of 50 cm x 3.5 cm is used for the Artist and Master devices.<\/p>\n<\/div>\n<\/div>\n<\/div>\n<\/div>\n<\/div>\n<\/div>\n<\/div>\n<\/div>\n<div class=\"product-detail-tabs product-detail-cross-selling\">\n<div class=\"card card-tabs\" data-cross-selling=\"true\">\n<div class=\"card-header product-detail-tab-navigation product-cross-selling-tab-navigation\">\n<ul id=\"product-detail-cross-selling-tabs\" class=\"nav nav-tabs product-detail-tab-navigation-list\" role=\"tablist\">\n<li class=\"nav-item\"><a id=\"cs-425469299ca34e35817b61533592fd5c-tab\" class=\"nav-link product-detail-tab-navigation-link active\" role=\"tab\" href=\"https:\/\/phishop.com\/es\/p\/Protective-Sleeve-24x5-5cm-100pcs-91865.html#cs-425469299ca34e35817b61533592fd5c-tab-pane\" data-toggle=\"tab\" aria-controls=\"cs-425469299ca34e35817b61533592fd5c-tab-pane\" aria-selected=\"true\">They are often bought together<\/a><\/li>\n<\/ul>\n<\/div>\n<\/div>\n<\/div>\n<p data-renderer-start-pos=\"3615\">blading\". Your customers will be assured that the highest standards of hygiene are met at your facility.<\/p>\n<p data-renderer-start-pos=\"3615\">Each size is designed for different products. The 17 cm x 1.5 cm size is used for stands, the 24 cm x 5.5 cm size is used for the Phi-Ion Pro and the largest size of 50 cm x 3.5 cm is used for the Artist and Master devices.<\/p>\n<\/div>\n<\/div>\n<\/div>\n<\/div>\n<\/div>\n<\/div>\n<\/div>\n<\/div>\n<div class=\"product-detail-tabs product-detail-cross-selling\">\n<div class=\"card card-tabs\" data-cross-selling=\"true\">\n<div class=\"card-header product-detail-tab-navigation product-cross-selling-tab-navigation\">\n<ul id=\"product-detail-cross-selling-tabs\" class=\"nav nav-tabs product-detail-tab-navigation-list\" role=\"tablist\">\n<li class=\"nav-item\"><a id=\"cs-425469299ca34e35817b61533592fd5c-tab\" class=\"nav-link product-detail-tab-navigation-link active\" role=\"tab\" href=\"https:\/\/phishop.com\/es\/p\/Protective-Sleeve-24x5-5cm-100pcs-91865.html#cs-425469299ca34e35817b61533592fd5c-tab-pane\" data-toggle=\"tab\" aria-controls=\"cs-425469299ca34e35817b61533592fd5c-tab-pane\" aria-selected=\"true\">They are often bought together<\/a><\/li>\n<\/ul>\n<\/div>\n<\/div>\n<\/div>","protected":false},"excerpt":{"rendered":"<div class=\"product-detail-tabs\">\n<div class=\"card card-tabs\">\n<div class=\"product-detail-tabs-content card-body\">\n<div class=\"tab-content\">\n<div id=\"description-tab-pane\" class=\"tab-pane fade show active\" role=\"tabpanel\" aria-labelledby=\"description-tab\">\n<div class=\"offcanvas-content-container\">\n<div class=\"product-detail-description tab-pane-container\">\n<div class=\"h3 product-detail-description-title\">Product information \"Protective Sleeve 24\u00d75,5cm - 100pcs\".<\/div>\n<div class=\"product-detail-description-text\">\n<p data-renderer-start-pos=\"3615\">Protective Sleeves are a protective film to maintain hygiene in your workplace. It is a protective film that acts as a disposable cover on all surfaces. It is used with Heat Gun. H<\/p>\n<div class=\"product-detail-tabs\">\n<div class=\"card card-tabs\">\n<div class=\"product-detail-tabs-content card-body\">\n<div class=\"tab-content\">\n<div id=\"description-tab-pane\" class=\"tab-pane fade show active\" role=\"tabpanel\" aria-labelledby=\"description-tab\">\n<div class=\"offcanvas-content-container\">\n<div class=\"product-detail-description tab-pane-container\">\n<div class=\"h3 product-detail-description-title\">Product information \"Protective Sleeve 24\u00d75,5cm - 100pcs\".<\/div>\n<div class=\"product-detail-description-text\">\n<p data-renderer-start-pos=\"3615\">Protective Sleeves are a protective film to maintain hygiene in your workplace. It is a protective film that acts as a disposable cover on all surfaces. It is used with Heat Gun. Heat Gun heats the film to shrink it to create a protective layer for the products in your facility. This allows you to seal everything from laser handles to our microblading treatment stands. Your customers will be assured that the highest standards of hygiene are met in your centre.<\/p>\n<p data-renderer-start-pos=\"3615\">Each size is designed for different products. The 17 cm x 1.5 cm size is used for stands, the 24 cm x 5.5 cm size is used for the Phi-Ion Pro and the largest size of 50 cm x 3.5 cm is used for the Artist and Master devices.<\/p>\n<\/div>\n<\/div>\n<\/div>\n<\/div>\n<\/div>\n<\/div>\n<\/div>\n<\/div>\n<div class=\"product-detail-tabs product-detail-cross-selling\">\n<div class=\"card card-tabs\" data-cross-selling=\"true\">\n<div class=\"card-header product-detail-tab-navigation product-cross-selling-tab-navigation\">\n<ul id=\"product-detail-cross-selling-tabs\" class=\"nav nav-tabs product-detail-tab-navigation-list\" role=\"tablist\">\n<li class=\"nav-item\"><a id=\"cs-425469299ca34e35817b61533592fd5c-tab\" class=\"nav-link product-detail-tab-navigation-link active\" role=\"tab\" href=\"https:\/\/phishop.com\/es\/p\/Protective-Sleeve-24x5-5cm-100pcs-91865.html#cs-425469299ca34e35817b61533592fd5c-tab-pane\" data-toggle=\"tab\" aria-controls=\"cs-425469299ca34e35817b61533592fd5c-tab-pane\" aria-selected=\"true\">They are often bought together<\/a><\/li>\n<\/ul>\n<\/div>\n<\/div>\n<\/div>\n<p data-renderer-start-pos=\"3615\">blading\". Your customers will be assured that the highest standards of hygiene are met at your facility.<\/p>\n<p data-renderer-start-pos=\"3615\">Each size is designed for different products. The 17 cm x 1.5 cm size is used for stands, the 24 cm x 5.5 cm size is used for the Phi-Ion Pro and the largest size of 50 cm x 3.5 cm is used for the Artist and Master devices.<\/p>\n<\/div>\n<\/div>\n<\/div>\n<\/div>\n<\/div>\n<\/div>\n<\/div>\n<\/div>\n<div class=\"product-detail-tabs product-detail-cross-selling\">\n<div class=\"card card-tabs\" data-cross-selling=\"true\">\n<div class=\"card-header product-detail-tab-navigation product-cross-selling-tab-navigation\">\n<ul id=\"product-detail-cross-selling-tabs\" class=\"nav nav-tabs product-detail-tab-navigation-list\" role=\"tablist\">\n<li class=\"nav-item\"><a id=\"cs-425469299ca34e35817b61533592fd5c-tab\" class=\"nav-link product-detail-tab-navigation-link active\" role=\"tab\" href=\"https:\/\/phishop.com\/es\/p\/Protective-Sleeve-24x5-5cm-100pcs-91865.html#cs-425469299ca34e35817b61533592fd5c-tab-pane\" data-toggle=\"tab\" aria-controls=\"cs-425469299ca34e35817b61533592fd5c-tab-pane\" aria-selected=\"true\">They are often bought together<\/a><\/li>\n<\/ul>\n<\/div>\n<\/div>\n<\/div>","protected":false},"featured_media":43561,"comment_status":"open","ping_status":"closed","template":"","meta":{"_acf_changed":false,"_joinchat":[]},"product_brand":[],"product_cat":[77,78],"product_tag":[],"class_list":{"0":"post-41960","1":"product","2":"type-product","3":"status-publish","4":"has-post-thumbnail","6":"product_cat-phiareola","7":"product_cat-tools-phiareola","9":"first","10":"instock","11":"taxable","12":"shipping-taxable","13":"purchasable","14":"product-type-simple"},"supplier_id":null,"supplier_sku":"","barcode":null,"atum_controlled":true,"out_stock_date":null,"out_stock_threshold":null,"inheritable":false,"inbound_stock":null,"stock_on_hold":0,"sold_today":0,"sales_last_days":0,"reserved_stock":null,"customer_returns":null,"warehouse_damage":null,"lost_in_post":null,"other_logs":null,"out_stock_days":0,"lost_sales":0,"has_location":null,"update_date":"2026-04-18T10:16:12","atum_locations":[],"atum_stock_status":"instock","restock_status":false,"low_stock_amount":0,"sales_update_date":"2026-04-18T10:16:12","calc_backorders":null,"acf":[],"yoast_head":"<!-- This site is optimized with the Yoast SEO plugin v24.8 - https:\/\/yoast.com\/wordpress\/plugins\/seo\/ -->\n<title>Protective Sleeve 24x5,5cm - 100pcs - Formaciones PhiAcademy - Phiseller Espa\u00f1a<\/title>\n<meta name=\"description\" content=\"Informaci\u00f3n sobre el producto &quot;Protective Sleeve 24x5,5cm - 100pcs&quot;Protective Sleeves son una pel\u00edcula protectora para mantener la higiene en su lugar de trabajo. Se trata de una pel\u00edcula protectora que act\u00faa como una cubierta desechable en todas las superficies. Se utiliza con Heat Gun. Heat Gun calienta la pel\u00edcula para encogerla y crear de esta forma una capa protectora para los productos de su centro. Esto le permite sellarlo todo, desde las asas de los l\u00e1seres hasta nuestros soportes para tratamientos de \u00abmicroblading\u00bb. Sus clientes tendr\u00e1n la seguridad de que se cumplen los m\u00e1s altos est\u00e1ndares de higiene en su centro.Cada tama\u00f1o est\u00e1 pensado para distintos productos. El tama\u00f1o de 17 cm x 1,5 cm se utiliza para soportes, el de 24 cm x 5,5 cm se utiliza para la Phi-Ion Pro y el tama\u00f1o m\u00e1s grande, de 50 cm x 3,5 cm, se utiliza para los dispositivos Artist y Master.A menudo se compran juntos\" \/>\n<meta name=\"robots\" content=\"index, follow, max-snippet:-1, max-image-preview:large, max-video-preview:-1\" \/>\n<link rel=\"canonical\" href=\"https:\/\/nereumatias.com\/en\/product\/phi-areola-3d-practice-skin-2pcs\/\" \/>\n<meta property=\"og:locale\" content=\"en_GB\" \/>\n<meta property=\"og:type\" content=\"article\" \/>\n<meta property=\"og:title\" content=\"Protective Sleeve 24x5,5cm - 100pcs - Formaciones PhiAcademy - Phiseller Espa\u00f1a\" \/>\n<meta property=\"og:description\" content=\"Informaci\u00f3n sobre el producto &quot;Protective Sleeve 24x5,5cm - 100pcs&quot;Protective Sleeves son una pel\u00edcula protectora para mantener la higiene en su lugar de trabajo. Se trata de una pel\u00edcula protectora que act\u00faa como una cubierta desechable en todas las superficies. Se utiliza con Heat Gun. Heat Gun calienta la pel\u00edcula para encogerla y crear de esta forma una capa protectora para los productos de su centro. Esto le permite sellarlo todo, desde las asas de los l\u00e1seres hasta nuestros soportes para tratamientos de \u00abmicroblading\u00bb. Sus clientes tendr\u00e1n la seguridad de que se cumplen los m\u00e1s altos est\u00e1ndares de higiene en su centro.Cada tama\u00f1o est\u00e1 pensado para distintos productos. El tama\u00f1o de 17 cm x 1,5 cm se utiliza para soportes, el de 24 cm x 5,5 cm se utiliza para la Phi-Ion Pro y el tama\u00f1o m\u00e1s grande, de 50 cm x 3,5 cm, se utiliza para los dispositivos Artist y Master.A menudo se compran juntos\" \/>\n<meta property=\"og:url\" content=\"https:\/\/nereumatias.com\/en\/product\/phi-areola-3d-practice-skin-2pcs\/\" \/>\n<meta property=\"og:site_name\" content=\"Formaciones PhiAcademy - Phiseller Espa\u00f1a\" \/>\n<meta property=\"article:publisher\" content=\"https:\/\/www.facebook.com\/nereumatias\" \/>\n<meta property=\"article:modified_time\" content=\"2023-01-02T11:03:18+00:00\" \/>\n<meta property=\"og:image\" content=\"https:\/\/nereumatias.com\/wp-content\/uploads\/2022\/12\/6744b480b93d342abafabad8598e28bc_1920x1920.jpeg\" \/>\n\t<meta property=\"og:image:width\" content=\"600\" \/>\n\t<meta property=\"og:image:height\" content=\"800\" \/>\n\t<meta property=\"og:image:type\" content=\"image\/jpeg\" \/>\n<meta name=\"twitter:card\" content=\"summary_large_image\" \/>\n<script type=\"application\/ld+json\" class=\"yoast-schema-graph\">{\"@context\":\"https:\/\/schema.org\",\"@graph\":[{\"@type\":\"WebPage\",\"@id\":\"https:\/\/nereumatias.com\/producto\/phi-areola-3d-practice-skin-2pcs\/\",\"url\":\"https:\/\/nereumatias.com\/producto\/phi-areola-3d-practice-skin-2pcs\/\",\"name\":\"Protective Sleeve 24x5,5cm - 100pcs - Formaciones PhiAcademy - Phiseller Espa\u00f1a\",\"isPartOf\":{\"@id\":\"https:\/\/nereumatias.com\/#website\"},\"primaryImageOfPage\":{\"@id\":\"https:\/\/nereumatias.com\/producto\/phi-areola-3d-practice-skin-2pcs\/#primaryimage\"},\"image\":{\"@id\":\"https:\/\/nereumatias.com\/producto\/phi-areola-3d-practice-skin-2pcs\/#primaryimage\"},\"thumbnailUrl\":\"https:\/\/nereumatias.com\/wp-content\/uploads\/2022\/12\/6744b480b93d342abafabad8598e28bc_1920x1920.jpeg\",\"datePublished\":\"2021-07-08T03:41:39+00:00\",\"dateModified\":\"2023-01-02T11:03:18+00:00\",\"description\":\"Informaci\u00f3n sobre el producto \\\"Protective Sleeve 24x5,5cm - 100pcs\\\"Protective Sleeves son una pel\u00edcula protectora para mantener la higiene en su lugar de trabajo. Se trata de una pel\u00edcula protectora que act\u00faa como una cubierta desechable en todas las superficies. Se utiliza con Heat Gun. Heat Gun calienta la pel\u00edcula para encogerla y crear de esta forma una capa protectora para los productos de su centro. Esto le permite sellarlo todo, desde las asas de los l\u00e1seres hasta nuestros soportes para tratamientos de \u00abmicroblading\u00bb. Sus clientes tendr\u00e1n la seguridad de que se cumplen los m\u00e1s altos est\u00e1ndares de higiene en su centro.Cada tama\u00f1o est\u00e1 pensado para distintos productos. El tama\u00f1o de 17 cm x 1,5 cm se utiliza para soportes, el de 24 cm x 5,5 cm se utiliza para la Phi-Ion Pro y el tama\u00f1o m\u00e1s grande, de 50 cm x 3,5 cm, se utiliza para los dispositivos Artist y Master.A menudo se compran juntos\",\"breadcrumb\":{\"@id\":\"https:\/\/nereumatias.com\/producto\/phi-areola-3d-practice-skin-2pcs\/#breadcrumb\"},\"inLanguage\":\"en-GB\",\"potentialAction\":[{\"@type\":\"ReadAction\",\"target\":[\"https:\/\/nereumatias.com\/producto\/phi-areola-3d-practice-skin-2pcs\/\"]}]},{\"@type\":\"ImageObject\",\"inLanguage\":\"en-GB\",\"@id\":\"https:\/\/nereumatias.com\/producto\/phi-areola-3d-practice-skin-2pcs\/#primaryimage\",\"url\":\"https:\/\/nereumatias.com\/wp-content\/uploads\/2022\/12\/6744b480b93d342abafabad8598e28bc_1920x1920.jpeg\",\"contentUrl\":\"https:\/\/nereumatias.com\/wp-content\/uploads\/2022\/12\/6744b480b93d342abafabad8598e28bc_1920x1920.jpeg\",\"width\":600,\"height\":800},{\"@type\":\"BreadcrumbList\",\"@id\":\"https:\/\/nereumatias.com\/producto\/phi-areola-3d-practice-skin-2pcs\/#breadcrumb\",\"itemListElement\":[{\"@type\":\"ListItem\",\"position\":1,\"name\":\"Home\",\"item\":\"https:\/\/nereumatias.com\/\"},{\"@type\":\"ListItem\",\"position\":2,\"name\":\"Tienda\",\"item\":\"https:\/\/nereumatias.com\/tienda-online\/\"},{\"@type\":\"ListItem\",\"position\":3,\"name\":\"Protective Sleeve 24&#215;5,5cm &#8211; 100pcs\"}]},{\"@type\":\"WebSite\",\"@id\":\"https:\/\/nereumatias.com\/#website\",\"url\":\"https:\/\/nereumatias.com\/\",\"name\":\"Formaciones PhiAcademy - Phiseller Espa\u00f1a\",\"description\":\"PhiAcademy\",\"publisher\":{\"@id\":\"https:\/\/nereumatias.com\/#organization\"},\"potentialAction\":[{\"@type\":\"SearchAction\",\"target\":{\"@type\":\"EntryPoint\",\"urlTemplate\":\"https:\/\/nereumatias.com\/?s={search_term_string}\"},\"query-input\":{\"@type\":\"PropertyValueSpecification\",\"valueRequired\":true,\"valueName\":\"search_term_string\"}}],\"inLanguage\":\"en-GB\"},{\"@type\":\"Organization\",\"@id\":\"https:\/\/nereumatias.com\/#organization\",\"name\":\"Formaciones PhiAcademy - Phiseller Espa\u00f1a\",\"url\":\"https:\/\/nereumatias.com\/\",\"logo\":{\"@type\":\"ImageObject\",\"inLanguage\":\"en-GB\",\"@id\":\"https:\/\/nereumatias.com\/#\/schema\/logo\/image\/\",\"url\":\"https:\/\/nereumatias.com\/wp-content\/uploads\/2022\/09\/logo-phiseller-negro-150.png\",\"contentUrl\":\"https:\/\/nereumatias.com\/wp-content\/uploads\/2022\/09\/logo-phiseller-negro-150.png\",\"width\":375,\"height\":150,\"caption\":\"Formaciones PhiAcademy - Phiseller Espa\u00f1a\"},\"image\":{\"@id\":\"https:\/\/nereumatias.com\/#\/schema\/logo\/image\/\"},\"sameAs\":[\"https:\/\/www.facebook.com\/nereumatias\"]}]}<\/script>\n<!-- \/ Yoast SEO plugin. -->","yoast_head_json":{"title":"Protective Sleeve 24x5,5cm - 100pcs - Formaciones PhiAcademy - Phiseller Espa\u00f1a","description":"Informaci\u00f3n sobre el producto \"Protective Sleeve 24x5,5cm - 100pcs\"Protective Sleeves son una pel\u00edcula protectora para mantener la higiene en su lugar de trabajo. Se trata de una pel\u00edcula protectora que act\u00faa como una cubierta desechable en todas las superficies. Se utiliza con Heat Gun. Heat Gun calienta la pel\u00edcula para encogerla y crear de esta forma una capa protectora para los productos de su centro. Esto le permite sellarlo todo, desde las asas de los l\u00e1seres hasta nuestros soportes para tratamientos de \u00abmicroblading\u00bb. Sus clientes tendr\u00e1n la seguridad de que se cumplen los m\u00e1s altos est\u00e1ndares de higiene en su centro.Cada tama\u00f1o est\u00e1 pensado para distintos productos. El tama\u00f1o de 17 cm x 1,5 cm se utiliza para soportes, el de 24 cm x 5,5 cm se utiliza para la Phi-Ion Pro y el tama\u00f1o m\u00e1s grande, de 50 cm x 3,5 cm, se utiliza para los dispositivos Artist y Master.A menudo se compran juntos","robots":{"index":"index","follow":"follow","max-snippet":"max-snippet:-1","max-image-preview":"max-image-preview:large","max-video-preview":"max-video-preview:-1"},"canonical":"https:\/\/nereumatias.com\/en\/product\/phi-areola-3d-practice-skin-2pcs\/","og_locale":"en_GB","og_type":"article","og_title":"Protective Sleeve 24x5,5cm - 100pcs - Formaciones PhiAcademy - Phiseller Espa\u00f1a","og_description":"Informaci\u00f3n sobre el producto \"Protective Sleeve 24x5,5cm - 100pcs\"Protective Sleeves son una pel\u00edcula protectora para mantener la higiene en su lugar de trabajo. Se trata de una pel\u00edcula protectora que act\u00faa como una cubierta desechable en todas las superficies. Se utiliza con Heat Gun. Heat Gun calienta la pel\u00edcula para encogerla y crear de esta forma una capa protectora para los productos de su centro. Esto le permite sellarlo todo, desde las asas de los l\u00e1seres hasta nuestros soportes para tratamientos de \u00abmicroblading\u00bb. Sus clientes tendr\u00e1n la seguridad de que se cumplen los m\u00e1s altos est\u00e1ndares de higiene en su centro.Cada tama\u00f1o est\u00e1 pensado para distintos productos. El tama\u00f1o de 17 cm x 1,5 cm se utiliza para soportes, el de 24 cm x 5,5 cm se utiliza para la Phi-Ion Pro y el tama\u00f1o m\u00e1s grande, de 50 cm x 3,5 cm, se utiliza para los dispositivos Artist y Master.A menudo se compran juntos","og_url":"https:\/\/nereumatias.com\/en\/product\/phi-areola-3d-practice-skin-2pcs\/","og_site_name":"Formaciones PhiAcademy - Phiseller Espa\u00f1a","article_publisher":"https:\/\/www.facebook.com\/nereumatias","article_modified_time":"2023-01-02T11:03:18+00:00","og_image":[{"width":600,"height":800,"url":"https:\/\/nereumatias.com\/wp-content\/uploads\/2022\/12\/6744b480b93d342abafabad8598e28bc_1920x1920.jpeg","type":"image\/jpeg"}],"twitter_card":"summary_large_image","schema":{"@context":"https:\/\/schema.org","@graph":[{"@type":"WebPage","@id":"https:\/\/nereumatias.com\/producto\/phi-areola-3d-practice-skin-2pcs\/","url":"https:\/\/nereumatias.com\/producto\/phi-areola-3d-practice-skin-2pcs\/","name":"Protective Sleeve 24x5,5cm - 100pcs - Formaciones PhiAcademy - Phiseller Espa\u00f1a","isPartOf":{"@id":"https:\/\/nereumatias.com\/#website"},"primaryImageOfPage":{"@id":"https:\/\/nereumatias.com\/producto\/phi-areola-3d-practice-skin-2pcs\/#primaryimage"},"image":{"@id":"https:\/\/nereumatias.com\/producto\/phi-areola-3d-practice-skin-2pcs\/#primaryimage"},"thumbnailUrl":"https:\/\/nereumatias.com\/wp-content\/uploads\/2022\/12\/6744b480b93d342abafabad8598e28bc_1920x1920.jpeg","datePublished":"2021-07-08T03:41:39+00:00","dateModified":"2023-01-02T11:03:18+00:00","description":"Informaci\u00f3n sobre el producto \"Protective Sleeve 24x5,5cm - 100pcs\"Protective Sleeves son una pel\u00edcula protectora para mantener la higiene en su lugar de trabajo. Se trata de una pel\u00edcula protectora que act\u00faa como una cubierta desechable en todas las superficies. Se utiliza con Heat Gun. Heat Gun calienta la pel\u00edcula para encogerla y crear de esta forma una capa protectora para los productos de su centro. Esto le permite sellarlo todo, desde las asas de los l\u00e1seres hasta nuestros soportes para tratamientos de \u00abmicroblading\u00bb. Sus clientes tendr\u00e1n la seguridad de que se cumplen los m\u00e1s altos est\u00e1ndares de higiene en su centro.Cada tama\u00f1o est\u00e1 pensado para distintos productos. El tama\u00f1o de 17 cm x 1,5 cm se utiliza para soportes, el de 24 cm x 5,5 cm se utiliza para la Phi-Ion Pro y el tama\u00f1o m\u00e1s grande, de 50 cm x 3,5 cm, se utiliza para los dispositivos Artist y Master.A menudo se compran juntos","breadcrumb":{"@id":"https:\/\/nereumatias.com\/producto\/phi-areola-3d-practice-skin-2pcs\/#breadcrumb"},"inLanguage":"en-GB","potentialAction":[{"@type":"ReadAction","target":["https:\/\/nereumatias.com\/producto\/phi-areola-3d-practice-skin-2pcs\/"]}]},{"@type":"ImageObject","inLanguage":"en-GB","@id":"https:\/\/nereumatias.com\/producto\/phi-areola-3d-practice-skin-2pcs\/#primaryimage","url":"https:\/\/nereumatias.com\/wp-content\/uploads\/2022\/12\/6744b480b93d342abafabad8598e28bc_1920x1920.jpeg","contentUrl":"https:\/\/nereumatias.com\/wp-content\/uploads\/2022\/12\/6744b480b93d342abafabad8598e28bc_1920x1920.jpeg","width":600,"height":800},{"@type":"BreadcrumbList","@id":"https:\/\/nereumatias.com\/producto\/phi-areola-3d-practice-skin-2pcs\/#breadcrumb","itemListElement":[{"@type":"ListItem","position":1,"name":"Home","item":"https:\/\/nereumatias.com\/"},{"@type":"ListItem","position":2,"name":"Tienda","item":"https:\/\/nereumatias.com\/tienda-online\/"},{"@type":"ListItem","position":3,"name":"Protective Sleeve 24&#215;5,5cm &#8211; 100pcs"}]},{"@type":"WebSite","@id":"https:\/\/nereumatias.com\/#website","url":"https:\/\/nereumatias.com\/","name":"Formaciones PhiAcademy - Phiseller Espa\u00f1a","description":"PhiAcademy","publisher":{"@id":"https:\/\/nereumatias.com\/#organization"},"potentialAction":[{"@type":"SearchAction","target":{"@type":"EntryPoint","urlTemplate":"https:\/\/nereumatias.com\/?s={search_term_string}"},"query-input":{"@type":"PropertyValueSpecification","valueRequired":true,"valueName":"search_term_string"}}],"inLanguage":"en-GB"},{"@type":"Organization","@id":"https:\/\/nereumatias.com\/#organization","name":"Formaciones PhiAcademy - Phiseller Espa\u00f1a","url":"https:\/\/nereumatias.com\/","logo":{"@type":"ImageObject","inLanguage":"en-GB","@id":"https:\/\/nereumatias.com\/#\/schema\/logo\/image\/","url":"https:\/\/nereumatias.com\/wp-content\/uploads\/2022\/09\/logo-phiseller-negro-150.png","contentUrl":"https:\/\/nereumatias.com\/wp-content\/uploads\/2022\/09\/logo-phiseller-negro-150.png","width":375,"height":150,"caption":"Formaciones PhiAcademy - Phiseller Espa\u00f1a"},"image":{"@id":"https:\/\/nereumatias.com\/#\/schema\/logo\/image\/"},"sameAs":["https:\/\/www.facebook.com\/nereumatias"]}]}},"_links":{"self":[{"href":"https:\/\/nereumatias.com\/en\/wp-json\/wp\/v2\/product\/41960","targetHints":{"allow":["GET"]}}],"collection":[{"href":"https:\/\/nereumatias.com\/en\/wp-json\/wp\/v2\/product"}],"about":[{"href":"https:\/\/nereumatias.com\/en\/wp-json\/wp\/v2\/types\/product"}],"replies":[{"embeddable":true,"href":"https:\/\/nereumatias.com\/en\/wp-json\/wp\/v2\/comments?post=41960"}],"version-history":[{"count":1,"href":"https:\/\/nereumatias.com\/en\/wp-json\/wp\/v2\/product\/41960\/revisions"}],"predecessor-version":[{"id":41961,"href":"https:\/\/nereumatias.com\/en\/wp-json\/wp\/v2\/product\/41960\/revisions\/41961"}],"wp:featuredmedia":[{"embeddable":true,"href":"https:\/\/nereumatias.com\/en\/wp-json\/wp\/v2\/media\/43561"}],"wp:attachment":[{"href":"https:\/\/nereumatias.com\/en\/wp-json\/wp\/v2\/media?parent=41960"}],"wp:term":[{"taxonomy":"product_brand","embeddable":true,"href":"https:\/\/nereumatias.com\/en\/wp-json\/wp\/v2\/product_brand?post=41960"},{"taxonomy":"product_cat","embeddable":true,"href":"https:\/\/nereumatias.com\/en\/wp-json\/wp\/v2\/product_cat?post=41960"},{"taxonomy":"product_tag","embeddable":true,"href":"https:\/\/nereumatias.com\/en\/wp-json\/wp\/v2\/product_tag?post=41960"}],"curies":[{"name":"wp","href":"https:\/\/api.w.org\/{rel}","templated":true}]}}