{"id":41946,"date":"2021-07-08T05:41:39","date_gmt":"2021-07-08T03:41:39","guid":{"rendered":"https:\/\/nereumatias.phiseller.com\/?post_type=product&#038;p=41946"},"modified":"2023-06-23T11:19:16","modified_gmt":"2023-06-23T09:19:16","slug":"lashes-lifting-neutralising-lotion-sachets-15ml-10pcs","status":"publish","type":"product","link":"https:\/\/nereumatias.com\/en\/product\/lashes-lifting-neutralising-lotion-sachets-15ml-10pcs\/","title":{"rendered":"Lashes Lifting Neutralising Lotion Sachets 1,5ml 10pcs"},"content":{"rendered":"<p>Helps the lashes to separate and fall into place after application of the lifting cream, preventing any damage to the lash hairs that may be caused by eyelash perming.<\/p>","protected":false},"excerpt":{"rendered":"<p>Helps the lashes to separate and fall into place after application of the lifting cream, preventing any damage to the lash hairs that may be caused by eyelash perming.<\/p>","protected":false},"featured_media":43556,"comment_status":"open","ping_status":"closed","template":"","meta":{"_acf_changed":false,"_joinchat":[]},"product_brand":[],"product_cat":[98,99],"product_tag":[],"class_list":{"0":"post-41946","1":"product","2":"type-product","3":"status-publish","4":"has-post-thumbnail","6":"product_cat-lasheslifting","7":"product_cat-tools-lasheslifting","9":"first","10":"outofstock","11":"taxable","12":"shipping-taxable","13":"purchasable","14":"product-type-simple"},"supplier_id":null,"supplier_sku":"","barcode":null,"atum_controlled":true,"out_stock_date":"2023-06-23 09:19:16","out_stock_threshold":null,"inheritable":false,"inbound_stock":null,"stock_on_hold":0,"sold_today":0,"sales_last_days":0,"reserved_stock":null,"customer_returns":null,"warehouse_damage":null,"lost_in_post":null,"other_logs":null,"out_stock_days":1030,"lost_sales":0,"has_location":null,"update_date":"2026-04-18T10:16:12","atum_locations":[],"atum_stock_status":"outofstock","restock_status":false,"low_stock_amount":0,"sales_update_date":"2026-04-18T10:16:12","calc_backorders":null,"acf":[],"yoast_head":"<!-- This site is optimized with the Yoast SEO plugin v24.8 - https:\/\/yoast.com\/wordpress\/plugins\/seo\/ -->\n<title>Lashes Lifting Neutralising Lotion Sachets 1,5ml 10pcs - Formaciones PhiAcademy - Phiseller Espa\u00f1a<\/title>\n<meta name=\"robots\" content=\"index, follow, max-snippet:-1, max-image-preview:large, max-video-preview:-1\" \/>\n<link rel=\"canonical\" href=\"https:\/\/nereumatias.com\/en\/product\/lashes-lifting-neutralising-lotion-sachets-15ml-10pcs\/\" \/>\n<meta property=\"og:locale\" content=\"en_GB\" \/>\n<meta property=\"og:type\" content=\"article\" \/>\n<meta property=\"og:title\" content=\"Lashes Lifting Neutralising Lotion Sachets 1,5ml 10pcs - Formaciones PhiAcademy - Phiseller Espa\u00f1a\" \/>\n<meta property=\"og:description\" content=\"Ayuda a que las pesta\u00f1as se separen y se coloquen en su lugar despu\u00e9s de la aplicaci\u00f3n de la crema de elevaci\u00f3n, evitando cualquier da\u00f1o en el vello de las pesta\u00f1as que pueda ser causado por la permanente de las pesta\u00f1as.\" \/>\n<meta property=\"og:url\" content=\"https:\/\/nereumatias.com\/en\/product\/lashes-lifting-neutralising-lotion-sachets-15ml-10pcs\/\" \/>\n<meta property=\"og:site_name\" content=\"Formaciones PhiAcademy - Phiseller Espa\u00f1a\" \/>\n<meta property=\"article:publisher\" content=\"https:\/\/www.facebook.com\/nereumatias\" \/>\n<meta property=\"article:modified_time\" content=\"2023-06-23T09:19:16+00:00\" \/>\n<meta property=\"og:image\" content=\"https:\/\/nereumatias.com\/wp-content\/uploads\/2022\/12\/neutralising-lotion.jpg\" \/>\n\t<meta property=\"og:image:width\" content=\"600\" \/>\n\t<meta property=\"og:image:height\" content=\"800\" \/>\n\t<meta property=\"og:image:type\" content=\"image\/jpeg\" \/>\n<meta name=\"twitter:card\" content=\"summary_large_image\" \/>\n<script type=\"application\/ld+json\" class=\"yoast-schema-graph\">{\"@context\":\"https:\/\/schema.org\",\"@graph\":[{\"@type\":\"WebPage\",\"@id\":\"https:\/\/nereumatias.com\/producto\/lashes-lifting-neutralising-lotion-sachets-15ml-10pcs\/\",\"url\":\"https:\/\/nereumatias.com\/producto\/lashes-lifting-neutralising-lotion-sachets-15ml-10pcs\/\",\"name\":\"Lashes Lifting Neutralising Lotion Sachets 1,5ml 10pcs - Formaciones PhiAcademy - Phiseller Espa\u00f1a\",\"isPartOf\":{\"@id\":\"https:\/\/nereumatias.com\/#website\"},\"primaryImageOfPage\":{\"@id\":\"https:\/\/nereumatias.com\/producto\/lashes-lifting-neutralising-lotion-sachets-15ml-10pcs\/#primaryimage\"},\"image\":{\"@id\":\"https:\/\/nereumatias.com\/producto\/lashes-lifting-neutralising-lotion-sachets-15ml-10pcs\/#primaryimage\"},\"thumbnailUrl\":\"https:\/\/nereumatias.com\/wp-content\/uploads\/2022\/12\/neutralising-lotion.jpg\",\"datePublished\":\"2021-07-08T03:41:39+00:00\",\"dateModified\":\"2023-06-23T09:19:16+00:00\",\"breadcrumb\":{\"@id\":\"https:\/\/nereumatias.com\/producto\/lashes-lifting-neutralising-lotion-sachets-15ml-10pcs\/#breadcrumb\"},\"inLanguage\":\"en-GB\",\"potentialAction\":[{\"@type\":\"ReadAction\",\"target\":[\"https:\/\/nereumatias.com\/producto\/lashes-lifting-neutralising-lotion-sachets-15ml-10pcs\/\"]}]},{\"@type\":\"ImageObject\",\"inLanguage\":\"en-GB\",\"@id\":\"https:\/\/nereumatias.com\/producto\/lashes-lifting-neutralising-lotion-sachets-15ml-10pcs\/#primaryimage\",\"url\":\"https:\/\/nereumatias.com\/wp-content\/uploads\/2022\/12\/neutralising-lotion.jpg\",\"contentUrl\":\"https:\/\/nereumatias.com\/wp-content\/uploads\/2022\/12\/neutralising-lotion.jpg\",\"width\":600,\"height\":800},{\"@type\":\"BreadcrumbList\",\"@id\":\"https:\/\/nereumatias.com\/producto\/lashes-lifting-neutralising-lotion-sachets-15ml-10pcs\/#breadcrumb\",\"itemListElement\":[{\"@type\":\"ListItem\",\"position\":1,\"name\":\"Home\",\"item\":\"https:\/\/nereumatias.com\/\"},{\"@type\":\"ListItem\",\"position\":2,\"name\":\"Tienda\",\"item\":\"https:\/\/nereumatias.com\/tienda-online\/\"},{\"@type\":\"ListItem\",\"position\":3,\"name\":\"Lashes Lifting Neutralising Lotion Sachets 1,5ml 10pcs\"}]},{\"@type\":\"WebSite\",\"@id\":\"https:\/\/nereumatias.com\/#website\",\"url\":\"https:\/\/nereumatias.com\/\",\"name\":\"Formaciones PhiAcademy - Phiseller Espa\u00f1a\",\"description\":\"PhiAcademy\",\"publisher\":{\"@id\":\"https:\/\/nereumatias.com\/#organization\"},\"potentialAction\":[{\"@type\":\"SearchAction\",\"target\":{\"@type\":\"EntryPoint\",\"urlTemplate\":\"https:\/\/nereumatias.com\/?s={search_term_string}\"},\"query-input\":{\"@type\":\"PropertyValueSpecification\",\"valueRequired\":true,\"valueName\":\"search_term_string\"}}],\"inLanguage\":\"en-GB\"},{\"@type\":\"Organization\",\"@id\":\"https:\/\/nereumatias.com\/#organization\",\"name\":\"Formaciones PhiAcademy - Phiseller Espa\u00f1a\",\"url\":\"https:\/\/nereumatias.com\/\",\"logo\":{\"@type\":\"ImageObject\",\"inLanguage\":\"en-GB\",\"@id\":\"https:\/\/nereumatias.com\/#\/schema\/logo\/image\/\",\"url\":\"https:\/\/nereumatias.com\/wp-content\/uploads\/2022\/09\/logo-phiseller-negro-150.png\",\"contentUrl\":\"https:\/\/nereumatias.com\/wp-content\/uploads\/2022\/09\/logo-phiseller-negro-150.png\",\"width\":375,\"height\":150,\"caption\":\"Formaciones PhiAcademy - Phiseller Espa\u00f1a\"},\"image\":{\"@id\":\"https:\/\/nereumatias.com\/#\/schema\/logo\/image\/\"},\"sameAs\":[\"https:\/\/www.facebook.com\/nereumatias\"]}]}<\/script>\n<!-- \/ Yoast SEO plugin. -->","yoast_head_json":{"title":"Lashes Lifting Neutralising Lotion Sachets 1,5ml 10pcs - Formaciones PhiAcademy - Phiseller Espa\u00f1a","robots":{"index":"index","follow":"follow","max-snippet":"max-snippet:-1","max-image-preview":"max-image-preview:large","max-video-preview":"max-video-preview:-1"},"canonical":"https:\/\/nereumatias.com\/en\/product\/lashes-lifting-neutralising-lotion-sachets-15ml-10pcs\/","og_locale":"en_GB","og_type":"article","og_title":"Lashes Lifting Neutralising Lotion Sachets 1,5ml 10pcs - Formaciones PhiAcademy - Phiseller Espa\u00f1a","og_description":"Ayuda a que las pesta\u00f1as se separen y se coloquen en su lugar despu\u00e9s de la aplicaci\u00f3n de la crema de elevaci\u00f3n, evitando cualquier da\u00f1o en el vello de las pesta\u00f1as que pueda ser causado por la permanente de las pesta\u00f1as.","og_url":"https:\/\/nereumatias.com\/en\/product\/lashes-lifting-neutralising-lotion-sachets-15ml-10pcs\/","og_site_name":"Formaciones PhiAcademy - Phiseller Espa\u00f1a","article_publisher":"https:\/\/www.facebook.com\/nereumatias","article_modified_time":"2023-06-23T09:19:16+00:00","og_image":[{"width":600,"height":800,"url":"https:\/\/nereumatias.com\/wp-content\/uploads\/2022\/12\/neutralising-lotion.jpg","type":"image\/jpeg"}],"twitter_card":"summary_large_image","schema":{"@context":"https:\/\/schema.org","@graph":[{"@type":"WebPage","@id":"https:\/\/nereumatias.com\/producto\/lashes-lifting-neutralising-lotion-sachets-15ml-10pcs\/","url":"https:\/\/nereumatias.com\/producto\/lashes-lifting-neutralising-lotion-sachets-15ml-10pcs\/","name":"Lashes Lifting Neutralising Lotion Sachets 1,5ml 10pcs - Formaciones PhiAcademy - Phiseller Espa\u00f1a","isPartOf":{"@id":"https:\/\/nereumatias.com\/#website"},"primaryImageOfPage":{"@id":"https:\/\/nereumatias.com\/producto\/lashes-lifting-neutralising-lotion-sachets-15ml-10pcs\/#primaryimage"},"image":{"@id":"https:\/\/nereumatias.com\/producto\/lashes-lifting-neutralising-lotion-sachets-15ml-10pcs\/#primaryimage"},"thumbnailUrl":"https:\/\/nereumatias.com\/wp-content\/uploads\/2022\/12\/neutralising-lotion.jpg","datePublished":"2021-07-08T03:41:39+00:00","dateModified":"2023-06-23T09:19:16+00:00","breadcrumb":{"@id":"https:\/\/nereumatias.com\/producto\/lashes-lifting-neutralising-lotion-sachets-15ml-10pcs\/#breadcrumb"},"inLanguage":"en-GB","potentialAction":[{"@type":"ReadAction","target":["https:\/\/nereumatias.com\/producto\/lashes-lifting-neutralising-lotion-sachets-15ml-10pcs\/"]}]},{"@type":"ImageObject","inLanguage":"en-GB","@id":"https:\/\/nereumatias.com\/producto\/lashes-lifting-neutralising-lotion-sachets-15ml-10pcs\/#primaryimage","url":"https:\/\/nereumatias.com\/wp-content\/uploads\/2022\/12\/neutralising-lotion.jpg","contentUrl":"https:\/\/nereumatias.com\/wp-content\/uploads\/2022\/12\/neutralising-lotion.jpg","width":600,"height":800},{"@type":"BreadcrumbList","@id":"https:\/\/nereumatias.com\/producto\/lashes-lifting-neutralising-lotion-sachets-15ml-10pcs\/#breadcrumb","itemListElement":[{"@type":"ListItem","position":1,"name":"Home","item":"https:\/\/nereumatias.com\/"},{"@type":"ListItem","position":2,"name":"Tienda","item":"https:\/\/nereumatias.com\/tienda-online\/"},{"@type":"ListItem","position":3,"name":"Lashes Lifting Neutralising Lotion Sachets 1,5ml 10pcs"}]},{"@type":"WebSite","@id":"https:\/\/nereumatias.com\/#website","url":"https:\/\/nereumatias.com\/","name":"Formaciones PhiAcademy - Phiseller Espa\u00f1a","description":"PhiAcademy","publisher":{"@id":"https:\/\/nereumatias.com\/#organization"},"potentialAction":[{"@type":"SearchAction","target":{"@type":"EntryPoint","urlTemplate":"https:\/\/nereumatias.com\/?s={search_term_string}"},"query-input":{"@type":"PropertyValueSpecification","valueRequired":true,"valueName":"search_term_string"}}],"inLanguage":"en-GB"},{"@type":"Organization","@id":"https:\/\/nereumatias.com\/#organization","name":"Formaciones PhiAcademy - Phiseller Espa\u00f1a","url":"https:\/\/nereumatias.com\/","logo":{"@type":"ImageObject","inLanguage":"en-GB","@id":"https:\/\/nereumatias.com\/#\/schema\/logo\/image\/","url":"https:\/\/nereumatias.com\/wp-content\/uploads\/2022\/09\/logo-phiseller-negro-150.png","contentUrl":"https:\/\/nereumatias.com\/wp-content\/uploads\/2022\/09\/logo-phiseller-negro-150.png","width":375,"height":150,"caption":"Formaciones PhiAcademy - Phiseller Espa\u00f1a"},"image":{"@id":"https:\/\/nereumatias.com\/#\/schema\/logo\/image\/"},"sameAs":["https:\/\/www.facebook.com\/nereumatias"]}]}},"_links":{"self":[{"href":"https:\/\/nereumatias.com\/en\/wp-json\/wp\/v2\/product\/41946","targetHints":{"allow":["GET"]}}],"collection":[{"href":"https:\/\/nereumatias.com\/en\/wp-json\/wp\/v2\/product"}],"about":[{"href":"https:\/\/nereumatias.com\/en\/wp-json\/wp\/v2\/types\/product"}],"replies":[{"embeddable":true,"href":"https:\/\/nereumatias.com\/en\/wp-json\/wp\/v2\/comments?post=41946"}],"version-history":[{"count":1,"href":"https:\/\/nereumatias.com\/en\/wp-json\/wp\/v2\/product\/41946\/revisions"}],"predecessor-version":[{"id":41947,"href":"https:\/\/nereumatias.com\/en\/wp-json\/wp\/v2\/product\/41946\/revisions\/41947"}],"wp:featuredmedia":[{"embeddable":true,"href":"https:\/\/nereumatias.com\/en\/wp-json\/wp\/v2\/media\/43556"}],"wp:attachment":[{"href":"https:\/\/nereumatias.com\/en\/wp-json\/wp\/v2\/media?parent=41946"}],"wp:term":[{"taxonomy":"product_brand","embeddable":true,"href":"https:\/\/nereumatias.com\/en\/wp-json\/wp\/v2\/product_brand?post=41946"},{"taxonomy":"product_cat","embeddable":true,"href":"https:\/\/nereumatias.com\/en\/wp-json\/wp\/v2\/product_cat?post=41946"},{"taxonomy":"product_tag","embeddable":true,"href":"https:\/\/nereumatias.com\/en\/wp-json\/wp\/v2\/product_tag?post=41946"}],"curies":[{"name":"wp","href":"https:\/\/api.w.org\/{rel}","templated":true}]}}