{"id":41912,"date":"2021-07-08T05:41:27","date_gmt":"2021-07-08T03:41:27","guid":{"rendered":"https:\/\/nereumatias.phiseller.com\/?post_type=product&#038;p=41912"},"modified":"2023-03-08T15:10:13","modified_gmt":"2023-03-08T14:10:13","slug":"skin-candy-after-philaser-treatment-gel-10ml","status":"publish","type":"product","link":"https:\/\/nereumatias.com\/en\/product\/skin-candy-after-philaser-treatment-gel-10ml\/","title":{"rendered":"Skin Candy After PhiLaser Treatment Gel 10ml"},"content":{"rendered":"<p>This complex composition stimulates regenerative processes resulting in faster repair of the skin barrier, stimulation of collagen synthesis and stimulation with hyaluronic acid. Skin Candy After Laser Gel contains active cosmetic ingredients that are essential for skin recovery and vitality.<\/p>\n<p>With a cooling and refreshing effect, witch hazel is an ideal ingredient for post-laser treatments, reducing swelling and soothing signs of irritation and redness.<\/p>\n<p>Sea chamomile, known for its soothing aroma, has anti-inflammatory, antibacterial and antifungal properties. It soothes and heals burns, increasing the penetration and effectiveness of other skin care topicals.<\/p>\n<p>Aloe vera has long been known for its healing properties. Aloe vera will help to remove heat from the skin and reduce any lasting irritation. It also provides a protective layer for the skin that helps to retain moisture. Due to its nourishing qualities and antioxidant properties, the skin heals faster.<\/p>\n<p>Panthenol helps nourish and adds vital moisture to the skin by sealing in hydration and increasing the skin barrier. Panthenol is also effective as a skin nutrient with its ability to control healthy levels of fibroblasts, the most prolific cells in our skin's connective tissue, which in turn increases collagen and elastin, the proteins that help keep skin luminous, elastic and toned.<\/p>\n<p>The antibacterial properties of tea tree oil make it an effective wound healer. The anti-inflammatory effect of tea tree oil helps to soothe and relieve irritated and painful skin. It can also help reduce redness and swelling.<\/p>\n<p><strong>How to use<\/strong><\/p>\n<p>This product should be applied 24 hours after treatment. Apply to the treated skin region and rub in gently twice daily. The application should be repeated for at least 10 days.<\/p>\n<p><strong>Ingredients<\/strong><\/p>\n<p>Aquamarine, glycerin, PEG-40 hydrogenated castor oil, beta-glucan, phenoxyethanol, ethylhexylglycerin, carbomer, panthenol, alcohol, witch hazel bark\/leaf extract\/branches, menthol, menthol lactate, tripleurospermum maritimum extract, aloe barbadella from aloe barbadensis leaves, aloe barifolia leaf oil, sorbic acid, sodium hydroxide, d-limonene.<\/p>","protected":false},"excerpt":{"rendered":"<p>This complex composition stimulates regenerative processes resulting in faster repair of the skin barrier, stimulation of collagen synthesis and stimulation with hyaluronic acid. Skin Candy After Laser Gel contains active cosmetic ingredients that are essential for skin recovery and vitality.<\/p>\n<p>With a cooling and refreshing effect, witch hazel is an ideal ingredient for post-laser treatments, reducing swelling and soothing signs of irritation and redness.<\/p>\n<p>Sea chamomile, known for its soothing aroma, has anti-inflammatory, antibacterial and antifungal properties. It soothes and heals burns, increasing the penetration and effectiveness of other skin care topicals.<\/p>\n<p>Aloe vera has long been known for its healing properties. Aloe vera will help to remove heat from the skin and reduce any lasting irritation. It also provides a protective layer for the skin that helps to retain moisture. Due to its nourishing qualities and antioxidant properties, the skin heals faster.<\/p>\n<p>Panthenol helps nourish and adds vital moisture to the skin by sealing in hydration and increasing the skin barrier. Panthenol is also effective as a skin nutrient with its ability to control healthy levels of fibroblasts, the most prolific cells in our skin's connective tissue, which in turn increases collagen and elastin, the proteins that help keep skin luminous, elastic and toned.<\/p>\n<p>The antibacterial properties of tea tree oil make it an effective wound healer. The anti-inflammatory effect of tea tree oil helps to soothe and relieve irritated and painful skin. It can also help reduce redness and swelling.<\/p>\n<p><strong>How to use<\/strong><\/p>\n<p>This product should be applied 24 hours after treatment. Apply to the treated skin region and rub in gently twice daily. The application should be repeated for at least 10 days.<\/p>\n<p><strong>Ingredients<\/strong><\/p>\n<p>Aquamarine, glycerin, PEG-40 hydrogenated castor oil, beta-glucan, phenoxyethanol, ethylhexylglycerin, carbomer, panthenol, alcohol, witch hazel bark\/leaf extract\/branches, menthol, menthol lactate, tripleurospermum maritimum extract, aloe barbadella from aloe barbadensis leaves, aloe barifolia leaf oil, sorbic acid, sodium hydroxide, d-limonene.<\/p>","protected":false},"featured_media":43527,"comment_status":"open","ping_status":"closed","template":"","meta":{"_acf_changed":false,"_joinchat":[]},"product_brand":[],"product_cat":[79,51,52,48],"product_tag":[],"class_list":{"0":"post-41912","1":"product","2":"type-product","3":"status-publish","4":"has-post-thumbnail","6":"product_cat-during-after-treatment-philaser","7":"product_cat-gels-creams","8":"product_cat-philaser","9":"product_cat-philings","11":"first","12":"instock","13":"taxable","14":"shipping-taxable","15":"purchasable","16":"product-type-simple"},"supplier_id":null,"supplier_sku":"","barcode":null,"atum_controlled":true,"out_stock_date":null,"out_stock_threshold":null,"inheritable":false,"inbound_stock":null,"stock_on_hold":0,"sold_today":0,"sales_last_days":0,"reserved_stock":null,"customer_returns":null,"warehouse_damage":null,"lost_in_post":null,"other_logs":null,"out_stock_days":0,"lost_sales":0,"has_location":null,"update_date":"2026-04-21T10:16:12","atum_locations":[],"atum_stock_status":"instock","restock_status":false,"low_stock_amount":0,"sales_update_date":"2026-04-21T10:16:12","calc_backorders":null,"acf":[],"yoast_head":"<!-- This site is optimized with the Yoast SEO plugin v24.8 - https:\/\/yoast.com\/wordpress\/plugins\/seo\/ -->\n<title>Skin Candy After PhiLaser Treatment Gel 10ml - Formaciones PhiAcademy - Phiseller Espa\u00f1a<\/title>\n<meta name=\"robots\" content=\"index, follow, max-snippet:-1, max-image-preview:large, max-video-preview:-1\" \/>\n<link rel=\"canonical\" href=\"https:\/\/nereumatias.com\/en\/product\/skin-candy-after-philaser-treatment-gel-10ml\/\" \/>\n<meta property=\"og:locale\" content=\"en_GB\" \/>\n<meta property=\"og:type\" content=\"article\" \/>\n<meta property=\"og:title\" content=\"Skin Candy After PhiLaser Treatment Gel 10ml - Formaciones PhiAcademy - Phiseller Espa\u00f1a\" \/>\n<meta property=\"og:description\" content=\"Esta composici\u00f3n compleja estimula procesos regenerativos que resultan en una reparaci\u00f3n m\u00e1s r\u00e1pida de la barrera cut\u00e1nea, la estimulaci\u00f3n de la s\u00edntesis de col\u00e1geno y la estimulaci\u00f3n con \u00e1cido hialur\u00f3nico. Skin Candy After Laser Gel contiene ingredientes cosm\u00e9ticos activos que son esenciales para la recuperaci\u00f3n y vitalidad de la piel.  Con efecto refrescante y refrescante, el hamamelis es un ingrediente ideal para tratamientos posteriores al l\u00e1ser, ya que reduce la hinchaz\u00f3n y calma los signos de irritaci\u00f3n y enrojecimiento.  La manzanilla marina, conocida por su aroma calmante, tiene propiedades antiinflamatorias, antibacterianas y antif\u00fangicas. Alivia y cura las quemaduras, aumentando la penetraci\u00f3n y la eficacia de otros t\u00f3picos para el cuidado de la piel.  El aloe vera ha sido conocido por sus propiedades curativas. El aloe vera ayudar\u00e1 a eliminar el calor de la piel y a reducir cualquier irritaci\u00f3n duradera. Adem\u00e1s, proporciona una capa protectora para la piel que ayuda a retener la humedad. Debido a sus cualidades nutricionales y propiedades antioxidantes, la piel se cura m\u00e1s r\u00e1pidamente.  El pantenol ayuda a nutrir y agrega humedad vital a la piel, al sellar la hidrataci\u00f3n y al aumentar la barrera cut\u00e1nea. El pantenol tambi\u00e9n es eficaz como un nutriente para la piel con su capacidad para controlar los niveles saludables de fibroblastos, las c\u00e9lulas m\u00e1s prol\u00edficas en el tejido conectivo de nuestra piel, que a su vez aumenta el col\u00e1geno y la elastina, las prote\u00ednas que ayudan a mantener la piel luminosa, el\u00e1stica y tonificada.  Las propiedades antibacterianas del aceite de \u00e1rbol de t\u00e9 lo convierten en un curador de heridas efectivo. El efecto antiinflamatorio del aceite de \u00e1rbol de t\u00e9 ayuda a calmar y aliviar la piel irritada y dolorosa. Tambi\u00e9n puede ayudar a reducir el enrojecimiento y la hinchaz\u00f3n.  C\u00f3mo utilizar  Este producto debe aplicarse 24 horas despu\u00e9s del tratamiento. Aplicar sobre la regi\u00f3n de la piel tratada y frotar suavemente dos veces al d\u00eda. La aplicaci\u00f3n debe repetirse durante al menos 10 d\u00edas.  Ingredientes  Aguamarina, glicerina, aceite de ricino hidrogenado PEG-40, beta-glucano, fenoxietanol, etilhexilglicerina, carb\u00f3mero, pantenol, alcohol, corteza de hamamelis virginiana \/ extracto de hojas \/ ramitas, mentol, lactato de mentol, extracto de tripleurospermum maritimum, aloe barbadella de hojas de aloe barbadensis, Aloe barifolia Aceite de hoja, \u00e1cido s\u00f3rbico, hidr\u00f3xido de sodio, d-limoneno.\" \/>\n<meta property=\"og:url\" content=\"https:\/\/nereumatias.com\/en\/product\/skin-candy-after-philaser-treatment-gel-10ml\/\" \/>\n<meta property=\"og:site_name\" content=\"Formaciones PhiAcademy - Phiseller Espa\u00f1a\" \/>\n<meta property=\"article:publisher\" content=\"https:\/\/www.facebook.com\/nereumatias\" \/>\n<meta property=\"article:modified_time\" content=\"2023-03-08T14:10:13+00:00\" \/>\n<meta property=\"og:image\" content=\"https:\/\/nereumatias.com\/wp-content\/uploads\/2022\/12\/skin-candy-after-laser-treatment-gel.jpg\" \/>\n\t<meta property=\"og:image:width\" content=\"600\" \/>\n\t<meta property=\"og:image:height\" content=\"800\" \/>\n\t<meta property=\"og:image:type\" content=\"image\/jpeg\" \/>\n<meta name=\"twitter:card\" content=\"summary_large_image\" \/>\n<script type=\"application\/ld+json\" class=\"yoast-schema-graph\">{\"@context\":\"https:\/\/schema.org\",\"@graph\":[{\"@type\":\"WebPage\",\"@id\":\"https:\/\/nereumatias.com\/producto\/skin-candy-after-philaser-treatment-gel-10ml\/\",\"url\":\"https:\/\/nereumatias.com\/producto\/skin-candy-after-philaser-treatment-gel-10ml\/\",\"name\":\"Skin Candy After PhiLaser Treatment Gel 10ml - Formaciones PhiAcademy - Phiseller Espa\u00f1a\",\"isPartOf\":{\"@id\":\"https:\/\/nereumatias.com\/#website\"},\"primaryImageOfPage\":{\"@id\":\"https:\/\/nereumatias.com\/producto\/skin-candy-after-philaser-treatment-gel-10ml\/#primaryimage\"},\"image\":{\"@id\":\"https:\/\/nereumatias.com\/producto\/skin-candy-after-philaser-treatment-gel-10ml\/#primaryimage\"},\"thumbnailUrl\":\"https:\/\/nereumatias.com\/wp-content\/uploads\/2022\/12\/skin-candy-after-laser-treatment-gel.jpg\",\"datePublished\":\"2021-07-08T03:41:27+00:00\",\"dateModified\":\"2023-03-08T14:10:13+00:00\",\"breadcrumb\":{\"@id\":\"https:\/\/nereumatias.com\/producto\/skin-candy-after-philaser-treatment-gel-10ml\/#breadcrumb\"},\"inLanguage\":\"en-GB\",\"potentialAction\":[{\"@type\":\"ReadAction\",\"target\":[\"https:\/\/nereumatias.com\/producto\/skin-candy-after-philaser-treatment-gel-10ml\/\"]}]},{\"@type\":\"ImageObject\",\"inLanguage\":\"en-GB\",\"@id\":\"https:\/\/nereumatias.com\/producto\/skin-candy-after-philaser-treatment-gel-10ml\/#primaryimage\",\"url\":\"https:\/\/nereumatias.com\/wp-content\/uploads\/2022\/12\/skin-candy-after-laser-treatment-gel.jpg\",\"contentUrl\":\"https:\/\/nereumatias.com\/wp-content\/uploads\/2022\/12\/skin-candy-after-laser-treatment-gel.jpg\",\"width\":600,\"height\":800},{\"@type\":\"BreadcrumbList\",\"@id\":\"https:\/\/nereumatias.com\/producto\/skin-candy-after-philaser-treatment-gel-10ml\/#breadcrumb\",\"itemListElement\":[{\"@type\":\"ListItem\",\"position\":1,\"name\":\"Home\",\"item\":\"https:\/\/nereumatias.com\/\"},{\"@type\":\"ListItem\",\"position\":2,\"name\":\"Tienda\",\"item\":\"https:\/\/nereumatias.com\/tienda-online\/\"},{\"@type\":\"ListItem\",\"position\":3,\"name\":\"Skin Candy After PhiLaser Treatment Gel 10ml\"}]},{\"@type\":\"WebSite\",\"@id\":\"https:\/\/nereumatias.com\/#website\",\"url\":\"https:\/\/nereumatias.com\/\",\"name\":\"Formaciones PhiAcademy - Phiseller Espa\u00f1a\",\"description\":\"PhiAcademy\",\"publisher\":{\"@id\":\"https:\/\/nereumatias.com\/#organization\"},\"potentialAction\":[{\"@type\":\"SearchAction\",\"target\":{\"@type\":\"EntryPoint\",\"urlTemplate\":\"https:\/\/nereumatias.com\/?s={search_term_string}\"},\"query-input\":{\"@type\":\"PropertyValueSpecification\",\"valueRequired\":true,\"valueName\":\"search_term_string\"}}],\"inLanguage\":\"en-GB\"},{\"@type\":\"Organization\",\"@id\":\"https:\/\/nereumatias.com\/#organization\",\"name\":\"Formaciones PhiAcademy - Phiseller Espa\u00f1a\",\"url\":\"https:\/\/nereumatias.com\/\",\"logo\":{\"@type\":\"ImageObject\",\"inLanguage\":\"en-GB\",\"@id\":\"https:\/\/nereumatias.com\/#\/schema\/logo\/image\/\",\"url\":\"https:\/\/nereumatias.com\/wp-content\/uploads\/2022\/09\/logo-phiseller-negro-150.png\",\"contentUrl\":\"https:\/\/nereumatias.com\/wp-content\/uploads\/2022\/09\/logo-phiseller-negro-150.png\",\"width\":375,\"height\":150,\"caption\":\"Formaciones PhiAcademy - Phiseller Espa\u00f1a\"},\"image\":{\"@id\":\"https:\/\/nereumatias.com\/#\/schema\/logo\/image\/\"},\"sameAs\":[\"https:\/\/www.facebook.com\/nereumatias\"]}]}<\/script>\n<!-- \/ Yoast SEO plugin. -->","yoast_head_json":{"title":"Skin Candy After PhiLaser Treatment Gel 10ml - Formaciones PhiAcademy - Phiseller Espa\u00f1a","robots":{"index":"index","follow":"follow","max-snippet":"max-snippet:-1","max-image-preview":"max-image-preview:large","max-video-preview":"max-video-preview:-1"},"canonical":"https:\/\/nereumatias.com\/en\/product\/skin-candy-after-philaser-treatment-gel-10ml\/","og_locale":"en_GB","og_type":"article","og_title":"Skin Candy After PhiLaser Treatment Gel 10ml - Formaciones PhiAcademy - Phiseller Espa\u00f1a","og_description":"Esta composici\u00f3n compleja estimula procesos regenerativos que resultan en una reparaci\u00f3n m\u00e1s r\u00e1pida de la barrera cut\u00e1nea, la estimulaci\u00f3n de la s\u00edntesis de col\u00e1geno y la estimulaci\u00f3n con \u00e1cido hialur\u00f3nico. Skin Candy After Laser Gel contiene ingredientes cosm\u00e9ticos activos que son esenciales para la recuperaci\u00f3n y vitalidad de la piel.  Con efecto refrescante y refrescante, el hamamelis es un ingrediente ideal para tratamientos posteriores al l\u00e1ser, ya que reduce la hinchaz\u00f3n y calma los signos de irritaci\u00f3n y enrojecimiento.  La manzanilla marina, conocida por su aroma calmante, tiene propiedades antiinflamatorias, antibacterianas y antif\u00fangicas. Alivia y cura las quemaduras, aumentando la penetraci\u00f3n y la eficacia de otros t\u00f3picos para el cuidado de la piel.  El aloe vera ha sido conocido por sus propiedades curativas. El aloe vera ayudar\u00e1 a eliminar el calor de la piel y a reducir cualquier irritaci\u00f3n duradera. Adem\u00e1s, proporciona una capa protectora para la piel que ayuda a retener la humedad. Debido a sus cualidades nutricionales y propiedades antioxidantes, la piel se cura m\u00e1s r\u00e1pidamente.  El pantenol ayuda a nutrir y agrega humedad vital a la piel, al sellar la hidrataci\u00f3n y al aumentar la barrera cut\u00e1nea. El pantenol tambi\u00e9n es eficaz como un nutriente para la piel con su capacidad para controlar los niveles saludables de fibroblastos, las c\u00e9lulas m\u00e1s prol\u00edficas en el tejido conectivo de nuestra piel, que a su vez aumenta el col\u00e1geno y la elastina, las prote\u00ednas que ayudan a mantener la piel luminosa, el\u00e1stica y tonificada.  Las propiedades antibacterianas del aceite de \u00e1rbol de t\u00e9 lo convierten en un curador de heridas efectivo. El efecto antiinflamatorio del aceite de \u00e1rbol de t\u00e9 ayuda a calmar y aliviar la piel irritada y dolorosa. Tambi\u00e9n puede ayudar a reducir el enrojecimiento y la hinchaz\u00f3n.  C\u00f3mo utilizar  Este producto debe aplicarse 24 horas despu\u00e9s del tratamiento. Aplicar sobre la regi\u00f3n de la piel tratada y frotar suavemente dos veces al d\u00eda. La aplicaci\u00f3n debe repetirse durante al menos 10 d\u00edas.  Ingredientes  Aguamarina, glicerina, aceite de ricino hidrogenado PEG-40, beta-glucano, fenoxietanol, etilhexilglicerina, carb\u00f3mero, pantenol, alcohol, corteza de hamamelis virginiana \/ extracto de hojas \/ ramitas, mentol, lactato de mentol, extracto de tripleurospermum maritimum, aloe barbadella de hojas de aloe barbadensis, Aloe barifolia Aceite de hoja, \u00e1cido s\u00f3rbico, hidr\u00f3xido de sodio, d-limoneno.","og_url":"https:\/\/nereumatias.com\/en\/product\/skin-candy-after-philaser-treatment-gel-10ml\/","og_site_name":"Formaciones PhiAcademy - Phiseller Espa\u00f1a","article_publisher":"https:\/\/www.facebook.com\/nereumatias","article_modified_time":"2023-03-08T14:10:13+00:00","og_image":[{"width":600,"height":800,"url":"https:\/\/nereumatias.com\/wp-content\/uploads\/2022\/12\/skin-candy-after-laser-treatment-gel.jpg","type":"image\/jpeg"}],"twitter_card":"summary_large_image","schema":{"@context":"https:\/\/schema.org","@graph":[{"@type":"WebPage","@id":"https:\/\/nereumatias.com\/producto\/skin-candy-after-philaser-treatment-gel-10ml\/","url":"https:\/\/nereumatias.com\/producto\/skin-candy-after-philaser-treatment-gel-10ml\/","name":"Skin Candy After PhiLaser Treatment Gel 10ml - Formaciones PhiAcademy - Phiseller Espa\u00f1a","isPartOf":{"@id":"https:\/\/nereumatias.com\/#website"},"primaryImageOfPage":{"@id":"https:\/\/nereumatias.com\/producto\/skin-candy-after-philaser-treatment-gel-10ml\/#primaryimage"},"image":{"@id":"https:\/\/nereumatias.com\/producto\/skin-candy-after-philaser-treatment-gel-10ml\/#primaryimage"},"thumbnailUrl":"https:\/\/nereumatias.com\/wp-content\/uploads\/2022\/12\/skin-candy-after-laser-treatment-gel.jpg","datePublished":"2021-07-08T03:41:27+00:00","dateModified":"2023-03-08T14:10:13+00:00","breadcrumb":{"@id":"https:\/\/nereumatias.com\/producto\/skin-candy-after-philaser-treatment-gel-10ml\/#breadcrumb"},"inLanguage":"en-GB","potentialAction":[{"@type":"ReadAction","target":["https:\/\/nereumatias.com\/producto\/skin-candy-after-philaser-treatment-gel-10ml\/"]}]},{"@type":"ImageObject","inLanguage":"en-GB","@id":"https:\/\/nereumatias.com\/producto\/skin-candy-after-philaser-treatment-gel-10ml\/#primaryimage","url":"https:\/\/nereumatias.com\/wp-content\/uploads\/2022\/12\/skin-candy-after-laser-treatment-gel.jpg","contentUrl":"https:\/\/nereumatias.com\/wp-content\/uploads\/2022\/12\/skin-candy-after-laser-treatment-gel.jpg","width":600,"height":800},{"@type":"BreadcrumbList","@id":"https:\/\/nereumatias.com\/producto\/skin-candy-after-philaser-treatment-gel-10ml\/#breadcrumb","itemListElement":[{"@type":"ListItem","position":1,"name":"Home","item":"https:\/\/nereumatias.com\/"},{"@type":"ListItem","position":2,"name":"Tienda","item":"https:\/\/nereumatias.com\/tienda-online\/"},{"@type":"ListItem","position":3,"name":"Skin Candy After PhiLaser Treatment Gel 10ml"}]},{"@type":"WebSite","@id":"https:\/\/nereumatias.com\/#website","url":"https:\/\/nereumatias.com\/","name":"Formaciones PhiAcademy - Phiseller Espa\u00f1a","description":"PhiAcademy","publisher":{"@id":"https:\/\/nereumatias.com\/#organization"},"potentialAction":[{"@type":"SearchAction","target":{"@type":"EntryPoint","urlTemplate":"https:\/\/nereumatias.com\/?s={search_term_string}"},"query-input":{"@type":"PropertyValueSpecification","valueRequired":true,"valueName":"search_term_string"}}],"inLanguage":"en-GB"},{"@type":"Organization","@id":"https:\/\/nereumatias.com\/#organization","name":"Formaciones PhiAcademy - Phiseller Espa\u00f1a","url":"https:\/\/nereumatias.com\/","logo":{"@type":"ImageObject","inLanguage":"en-GB","@id":"https:\/\/nereumatias.com\/#\/schema\/logo\/image\/","url":"https:\/\/nereumatias.com\/wp-content\/uploads\/2022\/09\/logo-phiseller-negro-150.png","contentUrl":"https:\/\/nereumatias.com\/wp-content\/uploads\/2022\/09\/logo-phiseller-negro-150.png","width":375,"height":150,"caption":"Formaciones PhiAcademy - Phiseller Espa\u00f1a"},"image":{"@id":"https:\/\/nereumatias.com\/#\/schema\/logo\/image\/"},"sameAs":["https:\/\/www.facebook.com\/nereumatias"]}]}},"_links":{"self":[{"href":"https:\/\/nereumatias.com\/en\/wp-json\/wp\/v2\/product\/41912","targetHints":{"allow":["GET"]}}],"collection":[{"href":"https:\/\/nereumatias.com\/en\/wp-json\/wp\/v2\/product"}],"about":[{"href":"https:\/\/nereumatias.com\/en\/wp-json\/wp\/v2\/types\/product"}],"replies":[{"embeddable":true,"href":"https:\/\/nereumatias.com\/en\/wp-json\/wp\/v2\/comments?post=41912"}],"version-history":[{"count":1,"href":"https:\/\/nereumatias.com\/en\/wp-json\/wp\/v2\/product\/41912\/revisions"}],"predecessor-version":[{"id":41913,"href":"https:\/\/nereumatias.com\/en\/wp-json\/wp\/v2\/product\/41912\/revisions\/41913"}],"wp:featuredmedia":[{"embeddable":true,"href":"https:\/\/nereumatias.com\/en\/wp-json\/wp\/v2\/media\/43527"}],"wp:attachment":[{"href":"https:\/\/nereumatias.com\/en\/wp-json\/wp\/v2\/media?parent=41912"}],"wp:term":[{"taxonomy":"product_brand","embeddable":true,"href":"https:\/\/nereumatias.com\/en\/wp-json\/wp\/v2\/product_brand?post=41912"},{"taxonomy":"product_cat","embeddable":true,"href":"https:\/\/nereumatias.com\/en\/wp-json\/wp\/v2\/product_cat?post=41912"},{"taxonomy":"product_tag","embeddable":true,"href":"https:\/\/nereumatias.com\/en\/wp-json\/wp\/v2\/product_tag?post=41912"}],"curies":[{"name":"wp","href":"https:\/\/api.w.org\/{rel}","templated":true}]}}