{"id":41908,"date":"2021-07-08T05:41:27","date_gmt":"2021-07-08T03:41:27","guid":{"rendered":"https:\/\/nereumatias.phiseller.com\/?post_type=product&#038;p=41908"},"modified":"2026-03-20T18:18:43","modified_gmt":"2026-03-20T17:18:43","slug":"jive-5-1","status":"publish","type":"product","link":"https:\/\/nereumatias.com\/en\/product\/jive-5-1\/","title":{"rendered":"Jive Microneedling Gel 5\/1 - 2pcs"},"content":{"rendered":"<p>Due to its anti-inflammatory properties, it calms skin irritations such as acne and blemishes, controls extra sebum and prevents clogged pores, keeping skin healthy and radiant. Ideal for younger and problematic skin, as well as oily skin that needs to regain its natural balance.<\/p>\n<p>Phi Jive gel works in a way that eliminates acne-causing bacteria and minimises potential irritation, without drying out the skin. It successfully eliminates existing blemishes and prevents future breakouts, while providing the skin with the moisture it needs to remain elastic and prevent the first signs of ageing.<\/p>","protected":false},"excerpt":{"rendered":"<p>Due to its anti-inflammatory properties, it calms skin irritations such as acne and blemishes, controls extra sebum and prevents clogged pores, keeping skin healthy and radiant. Ideal for younger and problematic skin, as well as oily skin that needs to regain its natural balance.<\/p>\n<p>Phi Jive gel works in a way that eliminates acne-causing bacteria and minimises potential irritation, without drying out the skin. It successfully eliminates existing blemishes and prevents future breakouts, while providing the skin with the moisture it needs to remain elastic and prevent the first signs of ageing.<\/p>","protected":false},"featured_media":45972,"comment_status":"open","ping_status":"closed","template":"","meta":{"_acf_changed":false,"_joinchat":[]},"product_brand":[],"product_cat":[74,51,48],"product_tag":[],"class_list":{"0":"post-41908","1":"product","2":"type-product","3":"status-publish","4":"has-post-thumbnail","6":"product_cat-during-after-treatment-philings","7":"product_cat-gels-creams","8":"product_cat-philings","10":"first","11":"instock","12":"taxable","13":"shipping-taxable","14":"purchasable","15":"product-type-simple"},"supplier_id":null,"supplier_sku":"","barcode":null,"atum_controlled":true,"out_stock_date":null,"out_stock_threshold":null,"inheritable":false,"inbound_stock":null,"stock_on_hold":1,"sold_today":0,"sales_last_days":0,"reserved_stock":null,"customer_returns":null,"warehouse_damage":null,"lost_in_post":null,"other_logs":null,"out_stock_days":0,"lost_sales":0,"has_location":false,"update_date":"2026-04-19T10:16:26","atum_locations":[],"atum_stock_status":"instock","restock_status":false,"low_stock_amount":0,"sales_update_date":"2026-04-19T10:16:26","calc_backorders":null,"acf":[],"yoast_head":"<!-- This site is optimized with the Yoast SEO plugin v24.8 - https:\/\/yoast.com\/wordpress\/plugins\/seo\/ -->\n<title>Jive Microneedling Gel 5\/1 - 2pcs - Formaciones PhiAcademy - Phiseller Espa\u00f1a<\/title>\n<meta name=\"robots\" content=\"index, follow, max-snippet:-1, max-image-preview:large, max-video-preview:-1\" \/>\n<link rel=\"canonical\" href=\"https:\/\/nereumatias.com\/en\/product\/jive-5-1\/\" \/>\n<meta property=\"og:locale\" content=\"en_GB\" \/>\n<meta property=\"og:type\" content=\"article\" \/>\n<meta property=\"og:title\" content=\"Jive Microneedling Gel 5\/1 - 2pcs - Formaciones PhiAcademy - Phiseller Espa\u00f1a\" \/>\n<meta property=\"og:description\" content=\"Debido a sus propiedades antiinflamatorias, calma las irritaciones de la piel, como el acn\u00e9 y las imperfecciones, controla el sebo adicional y evita la obstrucci\u00f3n de los poros, manteniendo la piel sana y radiante. Ideal para pieles m\u00e1s j\u00f3venes y problem\u00e1ticas, as\u00ed como para pieles grasas que necesitan recuperar el equilibrio natural.  El gel Phi Jive act\u00faa de manera que elimina las bacterias que causan el acn\u00e9 y minimiza la irritaci\u00f3n potencial, sin resecar la piel. Elimina con \u00e9xito las imperfecciones existentes y previene futuros brotes, al mismo tiempo que proporciona a la piel la humedad necesaria para mantenerse el\u00e1stica y prevenir los primeros signos de envejecimiento.\" \/>\n<meta property=\"og:url\" content=\"https:\/\/nereumatias.com\/en\/product\/jive-5-1\/\" \/>\n<meta property=\"og:site_name\" content=\"Formaciones PhiAcademy - Phiseller Espa\u00f1a\" \/>\n<meta property=\"article:publisher\" content=\"https:\/\/www.facebook.com\/nereumatias\" \/>\n<meta property=\"article:modified_time\" content=\"2026-03-20T17:18:43+00:00\" \/>\n<meta property=\"og:image\" content=\"https:\/\/nereumatias.com\/wp-content\/uploads\/2021\/07\/Captura-de-pantalla-2024-11-05-a-las-12.21.55.png\" \/>\n\t<meta property=\"og:image:width\" content=\"1198\" \/>\n\t<meta property=\"og:image:height\" content=\"1256\" \/>\n\t<meta property=\"og:image:type\" content=\"image\/png\" \/>\n<meta name=\"twitter:card\" content=\"summary_large_image\" \/>\n<script type=\"application\/ld+json\" class=\"yoast-schema-graph\">{\"@context\":\"https:\/\/schema.org\",\"@graph\":[{\"@type\":\"WebPage\",\"@id\":\"https:\/\/nereumatias.com\/producto\/jive-5-1\/\",\"url\":\"https:\/\/nereumatias.com\/producto\/jive-5-1\/\",\"name\":\"Jive Microneedling Gel 5\/1 - 2pcs - Formaciones PhiAcademy - Phiseller Espa\u00f1a\",\"isPartOf\":{\"@id\":\"https:\/\/nereumatias.com\/#website\"},\"primaryImageOfPage\":{\"@id\":\"https:\/\/nereumatias.com\/producto\/jive-5-1\/#primaryimage\"},\"image\":{\"@id\":\"https:\/\/nereumatias.com\/producto\/jive-5-1\/#primaryimage\"},\"thumbnailUrl\":\"https:\/\/nereumatias.com\/wp-content\/uploads\/2021\/07\/Captura-de-pantalla-2024-11-05-a-las-12.21.55.png\",\"datePublished\":\"2021-07-08T03:41:27+00:00\",\"dateModified\":\"2026-03-20T17:18:43+00:00\",\"breadcrumb\":{\"@id\":\"https:\/\/nereumatias.com\/producto\/jive-5-1\/#breadcrumb\"},\"inLanguage\":\"en-GB\",\"potentialAction\":[{\"@type\":\"ReadAction\",\"target\":[\"https:\/\/nereumatias.com\/producto\/jive-5-1\/\"]}]},{\"@type\":\"ImageObject\",\"inLanguage\":\"en-GB\",\"@id\":\"https:\/\/nereumatias.com\/producto\/jive-5-1\/#primaryimage\",\"url\":\"https:\/\/nereumatias.com\/wp-content\/uploads\/2021\/07\/Captura-de-pantalla-2024-11-05-a-las-12.21.55.png\",\"contentUrl\":\"https:\/\/nereumatias.com\/wp-content\/uploads\/2021\/07\/Captura-de-pantalla-2024-11-05-a-las-12.21.55.png\",\"width\":1198,\"height\":1256},{\"@type\":\"BreadcrumbList\",\"@id\":\"https:\/\/nereumatias.com\/producto\/jive-5-1\/#breadcrumb\",\"itemListElement\":[{\"@type\":\"ListItem\",\"position\":1,\"name\":\"Home\",\"item\":\"https:\/\/nereumatias.com\/\"},{\"@type\":\"ListItem\",\"position\":2,\"name\":\"Tienda\",\"item\":\"https:\/\/nereumatias.com\/tienda-online\/\"},{\"@type\":\"ListItem\",\"position\":3,\"name\":\"Jive Microneedling Gel 5\/1 &#8211; 2pcs\"}]},{\"@type\":\"WebSite\",\"@id\":\"https:\/\/nereumatias.com\/#website\",\"url\":\"https:\/\/nereumatias.com\/\",\"name\":\"Formaciones PhiAcademy - Phiseller Espa\u00f1a\",\"description\":\"PhiAcademy\",\"publisher\":{\"@id\":\"https:\/\/nereumatias.com\/#organization\"},\"potentialAction\":[{\"@type\":\"SearchAction\",\"target\":{\"@type\":\"EntryPoint\",\"urlTemplate\":\"https:\/\/nereumatias.com\/?s={search_term_string}\"},\"query-input\":{\"@type\":\"PropertyValueSpecification\",\"valueRequired\":true,\"valueName\":\"search_term_string\"}}],\"inLanguage\":\"en-GB\"},{\"@type\":\"Organization\",\"@id\":\"https:\/\/nereumatias.com\/#organization\",\"name\":\"Formaciones PhiAcademy - Phiseller Espa\u00f1a\",\"url\":\"https:\/\/nereumatias.com\/\",\"logo\":{\"@type\":\"ImageObject\",\"inLanguage\":\"en-GB\",\"@id\":\"https:\/\/nereumatias.com\/#\/schema\/logo\/image\/\",\"url\":\"https:\/\/nereumatias.com\/wp-content\/uploads\/2022\/09\/logo-phiseller-negro-150.png\",\"contentUrl\":\"https:\/\/nereumatias.com\/wp-content\/uploads\/2022\/09\/logo-phiseller-negro-150.png\",\"width\":375,\"height\":150,\"caption\":\"Formaciones PhiAcademy - Phiseller Espa\u00f1a\"},\"image\":{\"@id\":\"https:\/\/nereumatias.com\/#\/schema\/logo\/image\/\"},\"sameAs\":[\"https:\/\/www.facebook.com\/nereumatias\"]}]}<\/script>\n<!-- \/ Yoast SEO plugin. -->","yoast_head_json":{"title":"Jive Microneedling Gel 5\/1 - 2pcs - Formaciones PhiAcademy - Phiseller Espa\u00f1a","robots":{"index":"index","follow":"follow","max-snippet":"max-snippet:-1","max-image-preview":"max-image-preview:large","max-video-preview":"max-video-preview:-1"},"canonical":"https:\/\/nereumatias.com\/en\/product\/jive-5-1\/","og_locale":"en_GB","og_type":"article","og_title":"Jive Microneedling Gel 5\/1 - 2pcs - Formaciones PhiAcademy - Phiseller Espa\u00f1a","og_description":"Debido a sus propiedades antiinflamatorias, calma las irritaciones de la piel, como el acn\u00e9 y las imperfecciones, controla el sebo adicional y evita la obstrucci\u00f3n de los poros, manteniendo la piel sana y radiante. Ideal para pieles m\u00e1s j\u00f3venes y problem\u00e1ticas, as\u00ed como para pieles grasas que necesitan recuperar el equilibrio natural.  El gel Phi Jive act\u00faa de manera que elimina las bacterias que causan el acn\u00e9 y minimiza la irritaci\u00f3n potencial, sin resecar la piel. Elimina con \u00e9xito las imperfecciones existentes y previene futuros brotes, al mismo tiempo que proporciona a la piel la humedad necesaria para mantenerse el\u00e1stica y prevenir los primeros signos de envejecimiento.","og_url":"https:\/\/nereumatias.com\/en\/product\/jive-5-1\/","og_site_name":"Formaciones PhiAcademy - Phiseller Espa\u00f1a","article_publisher":"https:\/\/www.facebook.com\/nereumatias","article_modified_time":"2026-03-20T17:18:43+00:00","og_image":[{"width":1198,"height":1256,"url":"https:\/\/nereumatias.com\/wp-content\/uploads\/2021\/07\/Captura-de-pantalla-2024-11-05-a-las-12.21.55.png","type":"image\/png"}],"twitter_card":"summary_large_image","schema":{"@context":"https:\/\/schema.org","@graph":[{"@type":"WebPage","@id":"https:\/\/nereumatias.com\/producto\/jive-5-1\/","url":"https:\/\/nereumatias.com\/producto\/jive-5-1\/","name":"Jive Microneedling Gel 5\/1 - 2pcs - Formaciones PhiAcademy - Phiseller Espa\u00f1a","isPartOf":{"@id":"https:\/\/nereumatias.com\/#website"},"primaryImageOfPage":{"@id":"https:\/\/nereumatias.com\/producto\/jive-5-1\/#primaryimage"},"image":{"@id":"https:\/\/nereumatias.com\/producto\/jive-5-1\/#primaryimage"},"thumbnailUrl":"https:\/\/nereumatias.com\/wp-content\/uploads\/2021\/07\/Captura-de-pantalla-2024-11-05-a-las-12.21.55.png","datePublished":"2021-07-08T03:41:27+00:00","dateModified":"2026-03-20T17:18:43+00:00","breadcrumb":{"@id":"https:\/\/nereumatias.com\/producto\/jive-5-1\/#breadcrumb"},"inLanguage":"en-GB","potentialAction":[{"@type":"ReadAction","target":["https:\/\/nereumatias.com\/producto\/jive-5-1\/"]}]},{"@type":"ImageObject","inLanguage":"en-GB","@id":"https:\/\/nereumatias.com\/producto\/jive-5-1\/#primaryimage","url":"https:\/\/nereumatias.com\/wp-content\/uploads\/2021\/07\/Captura-de-pantalla-2024-11-05-a-las-12.21.55.png","contentUrl":"https:\/\/nereumatias.com\/wp-content\/uploads\/2021\/07\/Captura-de-pantalla-2024-11-05-a-las-12.21.55.png","width":1198,"height":1256},{"@type":"BreadcrumbList","@id":"https:\/\/nereumatias.com\/producto\/jive-5-1\/#breadcrumb","itemListElement":[{"@type":"ListItem","position":1,"name":"Home","item":"https:\/\/nereumatias.com\/"},{"@type":"ListItem","position":2,"name":"Tienda","item":"https:\/\/nereumatias.com\/tienda-online\/"},{"@type":"ListItem","position":3,"name":"Jive Microneedling Gel 5\/1 &#8211; 2pcs"}]},{"@type":"WebSite","@id":"https:\/\/nereumatias.com\/#website","url":"https:\/\/nereumatias.com\/","name":"Formaciones PhiAcademy - Phiseller Espa\u00f1a","description":"PhiAcademy","publisher":{"@id":"https:\/\/nereumatias.com\/#organization"},"potentialAction":[{"@type":"SearchAction","target":{"@type":"EntryPoint","urlTemplate":"https:\/\/nereumatias.com\/?s={search_term_string}"},"query-input":{"@type":"PropertyValueSpecification","valueRequired":true,"valueName":"search_term_string"}}],"inLanguage":"en-GB"},{"@type":"Organization","@id":"https:\/\/nereumatias.com\/#organization","name":"Formaciones PhiAcademy - Phiseller Espa\u00f1a","url":"https:\/\/nereumatias.com\/","logo":{"@type":"ImageObject","inLanguage":"en-GB","@id":"https:\/\/nereumatias.com\/#\/schema\/logo\/image\/","url":"https:\/\/nereumatias.com\/wp-content\/uploads\/2022\/09\/logo-phiseller-negro-150.png","contentUrl":"https:\/\/nereumatias.com\/wp-content\/uploads\/2022\/09\/logo-phiseller-negro-150.png","width":375,"height":150,"caption":"Formaciones PhiAcademy - Phiseller Espa\u00f1a"},"image":{"@id":"https:\/\/nereumatias.com\/#\/schema\/logo\/image\/"},"sameAs":["https:\/\/www.facebook.com\/nereumatias"]}]}},"_links":{"self":[{"href":"https:\/\/nereumatias.com\/en\/wp-json\/wp\/v2\/product\/41908","targetHints":{"allow":["GET"]}}],"collection":[{"href":"https:\/\/nereumatias.com\/en\/wp-json\/wp\/v2\/product"}],"about":[{"href":"https:\/\/nereumatias.com\/en\/wp-json\/wp\/v2\/types\/product"}],"replies":[{"embeddable":true,"href":"https:\/\/nereumatias.com\/en\/wp-json\/wp\/v2\/comments?post=41908"}],"version-history":[{"count":2,"href":"https:\/\/nereumatias.com\/en\/wp-json\/wp\/v2\/product\/41908\/revisions"}],"predecessor-version":[{"id":45973,"href":"https:\/\/nereumatias.com\/en\/wp-json\/wp\/v2\/product\/41908\/revisions\/45973"}],"wp:featuredmedia":[{"embeddable":true,"href":"https:\/\/nereumatias.com\/en\/wp-json\/wp\/v2\/media\/45972"}],"wp:attachment":[{"href":"https:\/\/nereumatias.com\/en\/wp-json\/wp\/v2\/media?parent=41908"}],"wp:term":[{"taxonomy":"product_brand","embeddable":true,"href":"https:\/\/nereumatias.com\/en\/wp-json\/wp\/v2\/product_brand?post=41908"},{"taxonomy":"product_cat","embeddable":true,"href":"https:\/\/nereumatias.com\/en\/wp-json\/wp\/v2\/product_cat?post=41908"},{"taxonomy":"product_tag","embeddable":true,"href":"https:\/\/nereumatias.com\/en\/wp-json\/wp\/v2\/product_tag?post=41908"}],"curies":[{"name":"wp","href":"https:\/\/api.w.org\/{rel}","templated":true}]}}