{"id":41892,"date":"2021-07-08T05:41:27","date_gmt":"2021-07-08T03:41:27","guid":{"rendered":"https:\/\/nereumatias.phiseller.com\/?post_type=product&#038;p=41892"},"modified":"2022-12-26T13:53:01","modified_gmt":"2022-12-26T12:53:01","slug":"phi-ion-pro","status":"publish","type":"product","link":"https:\/\/nereumatias.com\/en\/product\/phi-ion-pro\/","title":{"rendered":"Phi-Ion PRO"},"content":{"rendered":"<p>The new Phi-Ion Pro takes your technique to a whole new level!<br \/>\nIt is a redesigned and improved version of Phi-Ion, making it a minimally invasive cosmetic tool for precisely targeted sublimation of the skin's surface layer. It is based on the transmission of a controlled amount of energy by ionisation of atmospheric air.<\/p>\n<p>The device is adopted by intelligent technology and the latest mechanisation of ion-emitting function. In addition, the best triggers ensure smooth operation.<\/p>\n<p>It incorporates the latest high-carbonisation technology, giving you the option to treat various skin problems such as skin tags, blemishes, moles, warts and much more, while the extremely fin feather triggers prevent pain relief and skin lesions.<\/p>\n<p>The PHI-ION PRO is cordless, rugged and durable. It includes multiple new gears for different levels of treatment intensity, suitable for customising treatment according to skin concern.<\/p>\n<p>Product contents:<br \/>\n1x Phi-ION Pro machine<br \/>\n1x headline<br \/>\n1x Charging cable<br \/>\n3x various bits<br \/>\n10x small electrode<br \/>\n10x large electrode<\/p>\n<p>*** NOTE: Deliveries to Canada and USA are not allowed.<\/p>","protected":false},"excerpt":{"rendered":"<p>The new Phi-Ion Pro takes your technique to a whole new level!<br \/>\nIt is a redesigned and improved version of Phi-Ion, making it a minimally invasive cosmetic tool for precisely targeted sublimation of the skin's surface layer. It is based on the transmission of a controlled amount of energy by ionisation of atmospheric air.<\/p>\n<p>The device is adopted by intelligent technology and the latest mechanisation of ion-emitting function. In addition, the best triggers ensure smooth operation.<\/p>\n<p>It incorporates the latest high-carbonisation technology, giving you the option to treat various skin problems such as skin tags, blemishes, moles, warts and much more, while the extremely fin feather triggers prevent pain relief and skin lesions.<\/p>\n<p>The PHI-ION PRO is cordless, rugged and durable. It includes multiple new gears for different levels of treatment intensity, suitable for customising treatment according to skin concern.<\/p>\n<p>Product contents:<br \/>\n1x Phi-ION Pro machine<br \/>\n1x headline<br \/>\n1x Charging cable<br \/>\n3x various bits<br \/>\n10x small electrode<br \/>\n10x large electrode<\/p>\n<p>*** NOTE: Deliveries to Canada and USA are not allowed.<\/p>","protected":false},"featured_media":43505,"comment_status":"open","ping_status":"closed","template":"","meta":{"_acf_changed":false,"_joinchat":[]},"product_brand":[],"product_cat":[48,63],"product_tag":[],"class_list":{"0":"post-41892","1":"product","2":"type-product","3":"status-publish","4":"has-post-thumbnail","6":"product_cat-philings","7":"product_cat-tools-philings","9":"first","10":"outofstock","11":"taxable","12":"shipping-taxable","13":"purchasable","14":"product-type-simple"},"supplier_id":null,"supplier_sku":"","barcode":null,"atum_controlled":true,"out_stock_date":"2022-12-26 12:53:01","out_stock_threshold":null,"inheritable":false,"inbound_stock":null,"stock_on_hold":0,"sold_today":0,"sales_last_days":0,"reserved_stock":null,"customer_returns":null,"warehouse_damage":null,"lost_in_post":null,"other_logs":null,"out_stock_days":1209,"lost_sales":0,"has_location":null,"update_date":"2026-04-19T10:16:11","atum_locations":[],"atum_stock_status":"outofstock","restock_status":false,"low_stock_amount":0,"sales_update_date":"2026-04-19T10:16:11","calc_backorders":null,"acf":[],"yoast_head":"<!-- This site is optimized with the Yoast SEO plugin v24.8 - https:\/\/yoast.com\/wordpress\/plugins\/seo\/ -->\n<title>Phi-Ion PRO - Formaciones PhiAcademy - Phiseller Espa\u00f1a<\/title>\n<meta name=\"robots\" content=\"index, follow, max-snippet:-1, max-image-preview:large, max-video-preview:-1\" \/>\n<link rel=\"canonical\" href=\"https:\/\/nereumatias.com\/en\/product\/phi-ion-pro\/\" \/>\n<meta property=\"og:locale\" content=\"en_GB\" \/>\n<meta property=\"og:type\" content=\"article\" \/>\n<meta property=\"og:title\" content=\"Phi-Ion PRO - Formaciones PhiAcademy - Phiseller Espa\u00f1a\" \/>\n<meta property=\"og:description\" content=\"\u00a1El nuevo Phi-Ion Pro lleva su t\u00e9cnica a un nivel completamente nuevo! Es una versi\u00f3n redise\u00f1ada y mejorada del Phi-Ion, por lo que es una herramienta cosm\u00e9tica m\u00ednimamente invasiva para la sublimaci\u00f3n orientada con precisi\u00f3n de la capa superficial de la piel. Se basa en la transmisi\u00f3n de una cantidad controlada de energ\u00eda por ionizaci\u00f3n del aire atmosf\u00e9rico.  El dispositivo es adoptado por una tecnolog\u00eda inteligente y la \u00faltima mecanizaci\u00f3n de la funci\u00f3n de emisi\u00f3n de iones. Adem\u00e1s, los mejores desencadenantes aseguran un manejo suave.  Incorpora la tecnolog\u00eda de alta carbonizaci\u00f3n m\u00e1s reciente, brind\u00e1ndole la opci\u00f3n de tratar varios problemas de la piel, como marcas cut\u00e1neas, manchas, lunares, verrugas y mucho m\u00e1s, mientras que los disparadores de pluma extremadamente aleta evitan el alivio del dolor y las lesiones cut\u00e1neas.  El PHI-ION PRO es inal\u00e1mbrico, resistente y duradero. Incluye m\u00faltiples engranajes nuevos para diferentes niveles de intensidad de tratamiento, adecuados para personalizar el tratamiento de acuerdo con la preocupaci\u00f3n de la piel.  Contenido del producto: 1x m\u00e1quina Phi-ION Pro 1x titular 1x cable de carga 3x varios bits 10x electrodo peque\u00f1o 10x electrodo grande  *** NOTA: No se permiten entregas a Canad\u00e1 y EE. UU.\" \/>\n<meta property=\"og:url\" content=\"https:\/\/nereumatias.com\/en\/product\/phi-ion-pro\/\" \/>\n<meta property=\"og:site_name\" content=\"Formaciones PhiAcademy - Phiseller Espa\u00f1a\" \/>\n<meta property=\"article:publisher\" content=\"https:\/\/www.facebook.com\/nereumatias\" \/>\n<meta property=\"article:modified_time\" content=\"2022-12-26T12:53:01+00:00\" \/>\n<meta property=\"og:image\" content=\"https:\/\/nereumatias.com\/wp-content\/uploads\/2022\/12\/phi-ion-pro-1_1.jpg\" \/>\n\t<meta property=\"og:image:width\" content=\"600\" \/>\n\t<meta property=\"og:image:height\" content=\"800\" \/>\n\t<meta property=\"og:image:type\" content=\"image\/jpeg\" \/>\n<meta name=\"twitter:card\" content=\"summary_large_image\" \/>\n<script type=\"application\/ld+json\" class=\"yoast-schema-graph\">{\"@context\":\"https:\/\/schema.org\",\"@graph\":[{\"@type\":\"WebPage\",\"@id\":\"https:\/\/nereumatias.com\/producto\/phi-ion-pro\/\",\"url\":\"https:\/\/nereumatias.com\/producto\/phi-ion-pro\/\",\"name\":\"Phi-Ion PRO - Formaciones PhiAcademy - Phiseller Espa\u00f1a\",\"isPartOf\":{\"@id\":\"https:\/\/nereumatias.com\/#website\"},\"primaryImageOfPage\":{\"@id\":\"https:\/\/nereumatias.com\/producto\/phi-ion-pro\/#primaryimage\"},\"image\":{\"@id\":\"https:\/\/nereumatias.com\/producto\/phi-ion-pro\/#primaryimage\"},\"thumbnailUrl\":\"https:\/\/nereumatias.com\/wp-content\/uploads\/2022\/12\/phi-ion-pro-1_1.jpg\",\"datePublished\":\"2021-07-08T03:41:27+00:00\",\"dateModified\":\"2022-12-26T12:53:01+00:00\",\"breadcrumb\":{\"@id\":\"https:\/\/nereumatias.com\/producto\/phi-ion-pro\/#breadcrumb\"},\"inLanguage\":\"en-GB\",\"potentialAction\":[{\"@type\":\"ReadAction\",\"target\":[\"https:\/\/nereumatias.com\/producto\/phi-ion-pro\/\"]}]},{\"@type\":\"ImageObject\",\"inLanguage\":\"en-GB\",\"@id\":\"https:\/\/nereumatias.com\/producto\/phi-ion-pro\/#primaryimage\",\"url\":\"https:\/\/nereumatias.com\/wp-content\/uploads\/2022\/12\/phi-ion-pro-1_1.jpg\",\"contentUrl\":\"https:\/\/nereumatias.com\/wp-content\/uploads\/2022\/12\/phi-ion-pro-1_1.jpg\",\"width\":600,\"height\":800},{\"@type\":\"BreadcrumbList\",\"@id\":\"https:\/\/nereumatias.com\/producto\/phi-ion-pro\/#breadcrumb\",\"itemListElement\":[{\"@type\":\"ListItem\",\"position\":1,\"name\":\"Home\",\"item\":\"https:\/\/nereumatias.com\/\"},{\"@type\":\"ListItem\",\"position\":2,\"name\":\"Tienda\",\"item\":\"https:\/\/nereumatias.com\/tienda-online\/\"},{\"@type\":\"ListItem\",\"position\":3,\"name\":\"Phi-Ion PRO\"}]},{\"@type\":\"WebSite\",\"@id\":\"https:\/\/nereumatias.com\/#website\",\"url\":\"https:\/\/nereumatias.com\/\",\"name\":\"Formaciones PhiAcademy - Phiseller Espa\u00f1a\",\"description\":\"PhiAcademy\",\"publisher\":{\"@id\":\"https:\/\/nereumatias.com\/#organization\"},\"potentialAction\":[{\"@type\":\"SearchAction\",\"target\":{\"@type\":\"EntryPoint\",\"urlTemplate\":\"https:\/\/nereumatias.com\/?s={search_term_string}\"},\"query-input\":{\"@type\":\"PropertyValueSpecification\",\"valueRequired\":true,\"valueName\":\"search_term_string\"}}],\"inLanguage\":\"en-GB\"},{\"@type\":\"Organization\",\"@id\":\"https:\/\/nereumatias.com\/#organization\",\"name\":\"Formaciones PhiAcademy - Phiseller Espa\u00f1a\",\"url\":\"https:\/\/nereumatias.com\/\",\"logo\":{\"@type\":\"ImageObject\",\"inLanguage\":\"en-GB\",\"@id\":\"https:\/\/nereumatias.com\/#\/schema\/logo\/image\/\",\"url\":\"https:\/\/nereumatias.com\/wp-content\/uploads\/2022\/09\/logo-phiseller-negro-150.png\",\"contentUrl\":\"https:\/\/nereumatias.com\/wp-content\/uploads\/2022\/09\/logo-phiseller-negro-150.png\",\"width\":375,\"height\":150,\"caption\":\"Formaciones PhiAcademy - Phiseller Espa\u00f1a\"},\"image\":{\"@id\":\"https:\/\/nereumatias.com\/#\/schema\/logo\/image\/\"},\"sameAs\":[\"https:\/\/www.facebook.com\/nereumatias\"]}]}<\/script>\n<!-- \/ Yoast SEO plugin. -->","yoast_head_json":{"title":"Phi-Ion PRO - Formaciones PhiAcademy - Phiseller Espa\u00f1a","robots":{"index":"index","follow":"follow","max-snippet":"max-snippet:-1","max-image-preview":"max-image-preview:large","max-video-preview":"max-video-preview:-1"},"canonical":"https:\/\/nereumatias.com\/en\/product\/phi-ion-pro\/","og_locale":"en_GB","og_type":"article","og_title":"Phi-Ion PRO - Formaciones PhiAcademy - Phiseller Espa\u00f1a","og_description":"\u00a1El nuevo Phi-Ion Pro lleva su t\u00e9cnica a un nivel completamente nuevo! Es una versi\u00f3n redise\u00f1ada y mejorada del Phi-Ion, por lo que es una herramienta cosm\u00e9tica m\u00ednimamente invasiva para la sublimaci\u00f3n orientada con precisi\u00f3n de la capa superficial de la piel. Se basa en la transmisi\u00f3n de una cantidad controlada de energ\u00eda por ionizaci\u00f3n del aire atmosf\u00e9rico.  El dispositivo es adoptado por una tecnolog\u00eda inteligente y la \u00faltima mecanizaci\u00f3n de la funci\u00f3n de emisi\u00f3n de iones. Adem\u00e1s, los mejores desencadenantes aseguran un manejo suave.  Incorpora la tecnolog\u00eda de alta carbonizaci\u00f3n m\u00e1s reciente, brind\u00e1ndole la opci\u00f3n de tratar varios problemas de la piel, como marcas cut\u00e1neas, manchas, lunares, verrugas y mucho m\u00e1s, mientras que los disparadores de pluma extremadamente aleta evitan el alivio del dolor y las lesiones cut\u00e1neas.  El PHI-ION PRO es inal\u00e1mbrico, resistente y duradero. Incluye m\u00faltiples engranajes nuevos para diferentes niveles de intensidad de tratamiento, adecuados para personalizar el tratamiento de acuerdo con la preocupaci\u00f3n de la piel.  Contenido del producto: 1x m\u00e1quina Phi-ION Pro 1x titular 1x cable de carga 3x varios bits 10x electrodo peque\u00f1o 10x electrodo grande  *** NOTA: No se permiten entregas a Canad\u00e1 y EE. UU.","og_url":"https:\/\/nereumatias.com\/en\/product\/phi-ion-pro\/","og_site_name":"Formaciones PhiAcademy - Phiseller Espa\u00f1a","article_publisher":"https:\/\/www.facebook.com\/nereumatias","article_modified_time":"2022-12-26T12:53:01+00:00","og_image":[{"width":600,"height":800,"url":"https:\/\/nereumatias.com\/wp-content\/uploads\/2022\/12\/phi-ion-pro-1_1.jpg","type":"image\/jpeg"}],"twitter_card":"summary_large_image","schema":{"@context":"https:\/\/schema.org","@graph":[{"@type":"WebPage","@id":"https:\/\/nereumatias.com\/producto\/phi-ion-pro\/","url":"https:\/\/nereumatias.com\/producto\/phi-ion-pro\/","name":"Phi-Ion PRO - Formaciones PhiAcademy - Phiseller Espa\u00f1a","isPartOf":{"@id":"https:\/\/nereumatias.com\/#website"},"primaryImageOfPage":{"@id":"https:\/\/nereumatias.com\/producto\/phi-ion-pro\/#primaryimage"},"image":{"@id":"https:\/\/nereumatias.com\/producto\/phi-ion-pro\/#primaryimage"},"thumbnailUrl":"https:\/\/nereumatias.com\/wp-content\/uploads\/2022\/12\/phi-ion-pro-1_1.jpg","datePublished":"2021-07-08T03:41:27+00:00","dateModified":"2022-12-26T12:53:01+00:00","breadcrumb":{"@id":"https:\/\/nereumatias.com\/producto\/phi-ion-pro\/#breadcrumb"},"inLanguage":"en-GB","potentialAction":[{"@type":"ReadAction","target":["https:\/\/nereumatias.com\/producto\/phi-ion-pro\/"]}]},{"@type":"ImageObject","inLanguage":"en-GB","@id":"https:\/\/nereumatias.com\/producto\/phi-ion-pro\/#primaryimage","url":"https:\/\/nereumatias.com\/wp-content\/uploads\/2022\/12\/phi-ion-pro-1_1.jpg","contentUrl":"https:\/\/nereumatias.com\/wp-content\/uploads\/2022\/12\/phi-ion-pro-1_1.jpg","width":600,"height":800},{"@type":"BreadcrumbList","@id":"https:\/\/nereumatias.com\/producto\/phi-ion-pro\/#breadcrumb","itemListElement":[{"@type":"ListItem","position":1,"name":"Home","item":"https:\/\/nereumatias.com\/"},{"@type":"ListItem","position":2,"name":"Tienda","item":"https:\/\/nereumatias.com\/tienda-online\/"},{"@type":"ListItem","position":3,"name":"Phi-Ion PRO"}]},{"@type":"WebSite","@id":"https:\/\/nereumatias.com\/#website","url":"https:\/\/nereumatias.com\/","name":"Formaciones PhiAcademy - Phiseller Espa\u00f1a","description":"PhiAcademy","publisher":{"@id":"https:\/\/nereumatias.com\/#organization"},"potentialAction":[{"@type":"SearchAction","target":{"@type":"EntryPoint","urlTemplate":"https:\/\/nereumatias.com\/?s={search_term_string}"},"query-input":{"@type":"PropertyValueSpecification","valueRequired":true,"valueName":"search_term_string"}}],"inLanguage":"en-GB"},{"@type":"Organization","@id":"https:\/\/nereumatias.com\/#organization","name":"Formaciones PhiAcademy - Phiseller Espa\u00f1a","url":"https:\/\/nereumatias.com\/","logo":{"@type":"ImageObject","inLanguage":"en-GB","@id":"https:\/\/nereumatias.com\/#\/schema\/logo\/image\/","url":"https:\/\/nereumatias.com\/wp-content\/uploads\/2022\/09\/logo-phiseller-negro-150.png","contentUrl":"https:\/\/nereumatias.com\/wp-content\/uploads\/2022\/09\/logo-phiseller-negro-150.png","width":375,"height":150,"caption":"Formaciones PhiAcademy - Phiseller Espa\u00f1a"},"image":{"@id":"https:\/\/nereumatias.com\/#\/schema\/logo\/image\/"},"sameAs":["https:\/\/www.facebook.com\/nereumatias"]}]}},"_links":{"self":[{"href":"https:\/\/nereumatias.com\/en\/wp-json\/wp\/v2\/product\/41892","targetHints":{"allow":["GET"]}}],"collection":[{"href":"https:\/\/nereumatias.com\/en\/wp-json\/wp\/v2\/product"}],"about":[{"href":"https:\/\/nereumatias.com\/en\/wp-json\/wp\/v2\/types\/product"}],"replies":[{"embeddable":true,"href":"https:\/\/nereumatias.com\/en\/wp-json\/wp\/v2\/comments?post=41892"}],"version-history":[{"count":1,"href":"https:\/\/nereumatias.com\/en\/wp-json\/wp\/v2\/product\/41892\/revisions"}],"predecessor-version":[{"id":41893,"href":"https:\/\/nereumatias.com\/en\/wp-json\/wp\/v2\/product\/41892\/revisions\/41893"}],"wp:featuredmedia":[{"embeddable":true,"href":"https:\/\/nereumatias.com\/en\/wp-json\/wp\/v2\/media\/43505"}],"wp:attachment":[{"href":"https:\/\/nereumatias.com\/en\/wp-json\/wp\/v2\/media?parent=41892"}],"wp:term":[{"taxonomy":"product_brand","embeddable":true,"href":"https:\/\/nereumatias.com\/en\/wp-json\/wp\/v2\/product_brand?post=41892"},{"taxonomy":"product_cat","embeddable":true,"href":"https:\/\/nereumatias.com\/en\/wp-json\/wp\/v2\/product_cat?post=41892"},{"taxonomy":"product_tag","embeddable":true,"href":"https:\/\/nereumatias.com\/en\/wp-json\/wp\/v2\/product_tag?post=41892"}],"curies":[{"name":"wp","href":"https:\/\/api.w.org\/{rel}","templated":true}]}}