{"id":41828,"date":"2021-07-08T05:41:14","date_gmt":"2021-07-08T03:41:14","guid":{"rendered":"https:\/\/nereumatias.phiseller.com\/?post_type=product&#038;p=41828"},"modified":"2022-12-26T13:52:48","modified_gmt":"2022-12-26T12:52:48","slug":"phi-stabilizer-15-1","status":"publish","type":"product","link":"https:\/\/nereumatias.com\/en\/product\/phi-stabilizer-15-1\/","title":{"rendered":"Phi Stabilizer 15\/1"},"content":{"rendered":"<p>The Phi stabiliser is a special cartridge stability disc, which is used to achieve more precision and control while working with a machine. It provides stability, prevents hand tremors and vibrations of the machine. The result is much thinner and more realistic hair.<\/p>\n<p>Excellent way to achieve more density while working on even problematic or oily skin, gain better depth control and create much sharper lines for an ultra-natural look. Provides much greater control of your work and the ability to completely control the patterns you are working on.<\/p>\n<p>Suitable for all Simplicity PMU machines.<\/p>","protected":false},"excerpt":{"rendered":"<p>The Phi stabiliser is a special cartridge stability disc, which is used to achieve more precision and control while working with a machine. It provides stability, prevents hand tremors and vibrations of the machine. The result is much thinner and more realistic hair.<\/p>\n<p>Excellent way to achieve more density while working on even problematic or oily skin, gain better depth control and create much sharper lines for an ultra-natural look. Provides much greater control of your work and the ability to completely control the patterns you are working on.<\/p>\n<p>Suitable for all Simplicity PMU machines.<\/p>","protected":false},"featured_media":43466,"comment_status":"open","ping_status":"closed","template":"","meta":{"_acf_changed":false,"_joinchat":[]},"product_brand":[],"product_cat":[93,94,72],"product_tag":[],"class_list":{"0":"post-41828","1":"product","2":"type-product","3":"status-publish","4":"has-post-thumbnail","6":"product_cat-cartridges","7":"product_cat-for-simplicity","8":"product_cat-phicontour","10":"first","11":"instock","12":"taxable","13":"shipping-taxable","14":"purchasable","15":"product-type-simple"},"supplier_id":null,"supplier_sku":"","barcode":null,"atum_controlled":true,"out_stock_date":null,"out_stock_threshold":null,"inheritable":false,"inbound_stock":null,"stock_on_hold":0,"sold_today":0,"sales_last_days":0,"reserved_stock":null,"customer_returns":null,"warehouse_damage":null,"lost_in_post":null,"other_logs":null,"out_stock_days":0,"lost_sales":0,"has_location":null,"update_date":"2026-04-17T10:16:11","atum_locations":[],"atum_stock_status":"instock","restock_status":false,"low_stock_amount":0,"sales_update_date":"2026-04-17T10:16:11","calc_backorders":null,"acf":[],"yoast_head":"<!-- This site is optimized with the Yoast SEO plugin v24.8 - https:\/\/yoast.com\/wordpress\/plugins\/seo\/ -->\n<title>Phi Stabilizer 15\/1 - Formaciones PhiAcademy - Phiseller Espa\u00f1a<\/title>\n<meta name=\"robots\" content=\"index, follow, max-snippet:-1, max-image-preview:large, max-video-preview:-1\" \/>\n<link rel=\"canonical\" href=\"https:\/\/nereumatias.com\/en\/product\/phi-stabilizer-15-1\/\" \/>\n<meta property=\"og:locale\" content=\"en_GB\" \/>\n<meta property=\"og:type\" content=\"article\" \/>\n<meta property=\"og:title\" content=\"Phi Stabilizer 15\/1 - Formaciones PhiAcademy - Phiseller Espa\u00f1a\" \/>\n<meta property=\"og:description\" content=\"El estabilizador Phi es un disco de estabilidad de cartucho especial, que se utiliza para lograr m\u00e1s precisi\u00f3n y control mientras se trabaja con una m\u00e1quina. Proporciona estabilidad, evita temblores de mano y vibraciones de la m\u00e1quina. El resultado es un cabello mucho m\u00e1s delgado y realista.  Excelente manera de lograr m\u00e1s densidad mientras trabaja incluso con pieles problem\u00e1ticas o grasas, obtener un mejor control de profundidad y crear l\u00edneas mucho m\u00e1s n\u00edtidas para lograr un aspecto ultra natural. Proporciona un control mucho mayor de su trabajo y la posibilidad de controlar completamente los patrones en los que est\u00e1 trabajando.  Apto para todas las m\u00e1quinas Simplicity PMU.\" \/>\n<meta property=\"og:url\" content=\"https:\/\/nereumatias.com\/en\/product\/phi-stabilizer-15-1\/\" \/>\n<meta property=\"og:site_name\" content=\"Formaciones PhiAcademy - Phiseller Espa\u00f1a\" \/>\n<meta property=\"article:publisher\" content=\"https:\/\/www.facebook.com\/nereumatias\" \/>\n<meta property=\"article:modified_time\" content=\"2022-12-26T12:52:48+00:00\" \/>\n<meta property=\"og:image\" content=\"https:\/\/nereumatias.com\/wp-content\/uploads\/2022\/12\/phi-stabilizer.jpg\" \/>\n\t<meta property=\"og:image:width\" content=\"600\" \/>\n\t<meta property=\"og:image:height\" content=\"800\" \/>\n\t<meta property=\"og:image:type\" content=\"image\/jpeg\" \/>\n<meta name=\"twitter:card\" content=\"summary_large_image\" \/>\n<script type=\"application\/ld+json\" class=\"yoast-schema-graph\">{\"@context\":\"https:\/\/schema.org\",\"@graph\":[{\"@type\":\"WebPage\",\"@id\":\"https:\/\/nereumatias.com\/producto\/phi-stabilizer-15-1\/\",\"url\":\"https:\/\/nereumatias.com\/producto\/phi-stabilizer-15-1\/\",\"name\":\"Phi Stabilizer 15\/1 - Formaciones PhiAcademy - Phiseller Espa\u00f1a\",\"isPartOf\":{\"@id\":\"https:\/\/nereumatias.com\/#website\"},\"primaryImageOfPage\":{\"@id\":\"https:\/\/nereumatias.com\/producto\/phi-stabilizer-15-1\/#primaryimage\"},\"image\":{\"@id\":\"https:\/\/nereumatias.com\/producto\/phi-stabilizer-15-1\/#primaryimage\"},\"thumbnailUrl\":\"https:\/\/nereumatias.com\/wp-content\/uploads\/2022\/12\/phi-stabilizer.jpg\",\"datePublished\":\"2021-07-08T03:41:14+00:00\",\"dateModified\":\"2022-12-26T12:52:48+00:00\",\"breadcrumb\":{\"@id\":\"https:\/\/nereumatias.com\/producto\/phi-stabilizer-15-1\/#breadcrumb\"},\"inLanguage\":\"en-GB\",\"potentialAction\":[{\"@type\":\"ReadAction\",\"target\":[\"https:\/\/nereumatias.com\/producto\/phi-stabilizer-15-1\/\"]}]},{\"@type\":\"ImageObject\",\"inLanguage\":\"en-GB\",\"@id\":\"https:\/\/nereumatias.com\/producto\/phi-stabilizer-15-1\/#primaryimage\",\"url\":\"https:\/\/nereumatias.com\/wp-content\/uploads\/2022\/12\/phi-stabilizer.jpg\",\"contentUrl\":\"https:\/\/nereumatias.com\/wp-content\/uploads\/2022\/12\/phi-stabilizer.jpg\",\"width\":600,\"height\":800},{\"@type\":\"BreadcrumbList\",\"@id\":\"https:\/\/nereumatias.com\/producto\/phi-stabilizer-15-1\/#breadcrumb\",\"itemListElement\":[{\"@type\":\"ListItem\",\"position\":1,\"name\":\"Home\",\"item\":\"https:\/\/nereumatias.com\/\"},{\"@type\":\"ListItem\",\"position\":2,\"name\":\"Tienda\",\"item\":\"https:\/\/nereumatias.com\/tienda-online\/\"},{\"@type\":\"ListItem\",\"position\":3,\"name\":\"Phi Stabilizer 15\/1\"}]},{\"@type\":\"WebSite\",\"@id\":\"https:\/\/nereumatias.com\/#website\",\"url\":\"https:\/\/nereumatias.com\/\",\"name\":\"Formaciones PhiAcademy - Phiseller Espa\u00f1a\",\"description\":\"PhiAcademy\",\"publisher\":{\"@id\":\"https:\/\/nereumatias.com\/#organization\"},\"potentialAction\":[{\"@type\":\"SearchAction\",\"target\":{\"@type\":\"EntryPoint\",\"urlTemplate\":\"https:\/\/nereumatias.com\/?s={search_term_string}\"},\"query-input\":{\"@type\":\"PropertyValueSpecification\",\"valueRequired\":true,\"valueName\":\"search_term_string\"}}],\"inLanguage\":\"en-GB\"},{\"@type\":\"Organization\",\"@id\":\"https:\/\/nereumatias.com\/#organization\",\"name\":\"Formaciones PhiAcademy - Phiseller Espa\u00f1a\",\"url\":\"https:\/\/nereumatias.com\/\",\"logo\":{\"@type\":\"ImageObject\",\"inLanguage\":\"en-GB\",\"@id\":\"https:\/\/nereumatias.com\/#\/schema\/logo\/image\/\",\"url\":\"https:\/\/nereumatias.com\/wp-content\/uploads\/2022\/09\/logo-phiseller-negro-150.png\",\"contentUrl\":\"https:\/\/nereumatias.com\/wp-content\/uploads\/2022\/09\/logo-phiseller-negro-150.png\",\"width\":375,\"height\":150,\"caption\":\"Formaciones PhiAcademy - Phiseller Espa\u00f1a\"},\"image\":{\"@id\":\"https:\/\/nereumatias.com\/#\/schema\/logo\/image\/\"},\"sameAs\":[\"https:\/\/www.facebook.com\/nereumatias\"]}]}<\/script>\n<!-- \/ Yoast SEO plugin. -->","yoast_head_json":{"title":"Phi Stabilizer 15\/1 - Formaciones PhiAcademy - Phiseller Espa\u00f1a","robots":{"index":"index","follow":"follow","max-snippet":"max-snippet:-1","max-image-preview":"max-image-preview:large","max-video-preview":"max-video-preview:-1"},"canonical":"https:\/\/nereumatias.com\/en\/product\/phi-stabilizer-15-1\/","og_locale":"en_GB","og_type":"article","og_title":"Phi Stabilizer 15\/1 - Formaciones PhiAcademy - Phiseller Espa\u00f1a","og_description":"El estabilizador Phi es un disco de estabilidad de cartucho especial, que se utiliza para lograr m\u00e1s precisi\u00f3n y control mientras se trabaja con una m\u00e1quina. Proporciona estabilidad, evita temblores de mano y vibraciones de la m\u00e1quina. El resultado es un cabello mucho m\u00e1s delgado y realista.  Excelente manera de lograr m\u00e1s densidad mientras trabaja incluso con pieles problem\u00e1ticas o grasas, obtener un mejor control de profundidad y crear l\u00edneas mucho m\u00e1s n\u00edtidas para lograr un aspecto ultra natural. Proporciona un control mucho mayor de su trabajo y la posibilidad de controlar completamente los patrones en los que est\u00e1 trabajando.  Apto para todas las m\u00e1quinas Simplicity PMU.","og_url":"https:\/\/nereumatias.com\/en\/product\/phi-stabilizer-15-1\/","og_site_name":"Formaciones PhiAcademy - Phiseller Espa\u00f1a","article_publisher":"https:\/\/www.facebook.com\/nereumatias","article_modified_time":"2022-12-26T12:52:48+00:00","og_image":[{"width":600,"height":800,"url":"https:\/\/nereumatias.com\/wp-content\/uploads\/2022\/12\/phi-stabilizer.jpg","type":"image\/jpeg"}],"twitter_card":"summary_large_image","schema":{"@context":"https:\/\/schema.org","@graph":[{"@type":"WebPage","@id":"https:\/\/nereumatias.com\/producto\/phi-stabilizer-15-1\/","url":"https:\/\/nereumatias.com\/producto\/phi-stabilizer-15-1\/","name":"Phi Stabilizer 15\/1 - Formaciones PhiAcademy - Phiseller Espa\u00f1a","isPartOf":{"@id":"https:\/\/nereumatias.com\/#website"},"primaryImageOfPage":{"@id":"https:\/\/nereumatias.com\/producto\/phi-stabilizer-15-1\/#primaryimage"},"image":{"@id":"https:\/\/nereumatias.com\/producto\/phi-stabilizer-15-1\/#primaryimage"},"thumbnailUrl":"https:\/\/nereumatias.com\/wp-content\/uploads\/2022\/12\/phi-stabilizer.jpg","datePublished":"2021-07-08T03:41:14+00:00","dateModified":"2022-12-26T12:52:48+00:00","breadcrumb":{"@id":"https:\/\/nereumatias.com\/producto\/phi-stabilizer-15-1\/#breadcrumb"},"inLanguage":"en-GB","potentialAction":[{"@type":"ReadAction","target":["https:\/\/nereumatias.com\/producto\/phi-stabilizer-15-1\/"]}]},{"@type":"ImageObject","inLanguage":"en-GB","@id":"https:\/\/nereumatias.com\/producto\/phi-stabilizer-15-1\/#primaryimage","url":"https:\/\/nereumatias.com\/wp-content\/uploads\/2022\/12\/phi-stabilizer.jpg","contentUrl":"https:\/\/nereumatias.com\/wp-content\/uploads\/2022\/12\/phi-stabilizer.jpg","width":600,"height":800},{"@type":"BreadcrumbList","@id":"https:\/\/nereumatias.com\/producto\/phi-stabilizer-15-1\/#breadcrumb","itemListElement":[{"@type":"ListItem","position":1,"name":"Home","item":"https:\/\/nereumatias.com\/"},{"@type":"ListItem","position":2,"name":"Tienda","item":"https:\/\/nereumatias.com\/tienda-online\/"},{"@type":"ListItem","position":3,"name":"Phi Stabilizer 15\/1"}]},{"@type":"WebSite","@id":"https:\/\/nereumatias.com\/#website","url":"https:\/\/nereumatias.com\/","name":"Formaciones PhiAcademy - Phiseller Espa\u00f1a","description":"PhiAcademy","publisher":{"@id":"https:\/\/nereumatias.com\/#organization"},"potentialAction":[{"@type":"SearchAction","target":{"@type":"EntryPoint","urlTemplate":"https:\/\/nereumatias.com\/?s={search_term_string}"},"query-input":{"@type":"PropertyValueSpecification","valueRequired":true,"valueName":"search_term_string"}}],"inLanguage":"en-GB"},{"@type":"Organization","@id":"https:\/\/nereumatias.com\/#organization","name":"Formaciones PhiAcademy - Phiseller Espa\u00f1a","url":"https:\/\/nereumatias.com\/","logo":{"@type":"ImageObject","inLanguage":"en-GB","@id":"https:\/\/nereumatias.com\/#\/schema\/logo\/image\/","url":"https:\/\/nereumatias.com\/wp-content\/uploads\/2022\/09\/logo-phiseller-negro-150.png","contentUrl":"https:\/\/nereumatias.com\/wp-content\/uploads\/2022\/09\/logo-phiseller-negro-150.png","width":375,"height":150,"caption":"Formaciones PhiAcademy - Phiseller Espa\u00f1a"},"image":{"@id":"https:\/\/nereumatias.com\/#\/schema\/logo\/image\/"},"sameAs":["https:\/\/www.facebook.com\/nereumatias"]}]}},"_links":{"self":[{"href":"https:\/\/nereumatias.com\/en\/wp-json\/wp\/v2\/product\/41828","targetHints":{"allow":["GET"]}}],"collection":[{"href":"https:\/\/nereumatias.com\/en\/wp-json\/wp\/v2\/product"}],"about":[{"href":"https:\/\/nereumatias.com\/en\/wp-json\/wp\/v2\/types\/product"}],"replies":[{"embeddable":true,"href":"https:\/\/nereumatias.com\/en\/wp-json\/wp\/v2\/comments?post=41828"}],"version-history":[{"count":1,"href":"https:\/\/nereumatias.com\/en\/wp-json\/wp\/v2\/product\/41828\/revisions"}],"predecessor-version":[{"id":41829,"href":"https:\/\/nereumatias.com\/en\/wp-json\/wp\/v2\/product\/41828\/revisions\/41829"}],"wp:featuredmedia":[{"embeddable":true,"href":"https:\/\/nereumatias.com\/en\/wp-json\/wp\/v2\/media\/43466"}],"wp:attachment":[{"href":"https:\/\/nereumatias.com\/en\/wp-json\/wp\/v2\/media?parent=41828"}],"wp:term":[{"taxonomy":"product_brand","embeddable":true,"href":"https:\/\/nereumatias.com\/en\/wp-json\/wp\/v2\/product_brand?post=41828"},{"taxonomy":"product_cat","embeddable":true,"href":"https:\/\/nereumatias.com\/en\/wp-json\/wp\/v2\/product_cat?post=41828"},{"taxonomy":"product_tag","embeddable":true,"href":"https:\/\/nereumatias.com\/en\/wp-json\/wp\/v2\/product_tag?post=41828"}],"curies":[{"name":"wp","href":"https:\/\/api.w.org\/{rel}","templated":true}]}}