{"id":41800,"date":"2021-07-08T05:41:05","date_gmt":"2021-07-08T03:41:05","guid":{"rendered":"https:\/\/nereumatias.phiseller.com\/?post_type=product&#038;p=41800"},"modified":"2024-11-05T12:40:49","modified_gmt":"2024-11-05T11:40:49","slug":"lapiz-nude-light","status":"publish","type":"product","link":"https:\/\/nereumatias.com\/en\/product\/lapiz-nude-light\/","title":{"rendered":"PhiContour Nude Light SUPER Pigment 5ml - 2pcs"},"content":{"rendered":"<p>Pigment for permanent make-up technology.<\/p>\n<p>&nbsp;<\/p>\n<p>**PIGMENT NOT APPROVED IN SPAIN, USE ONLY FOR LATEX PRACTICE**.<\/p>\n<p>&nbsp;<\/p>","protected":false},"excerpt":{"rendered":"<p><span style=\"color: #ffffff;\">Pigment for permanent make-up technology.<\/span><\/p>\n<p>&nbsp;<\/p>\n<p><span style=\"color: #ffffff;\">**PIGMENT NOT APPROVED IN SPAIN, USE ONLY FOR LATEX PRACTICE**.<\/span><\/p>\n<p>&nbsp;<\/p>","protected":false},"featured_media":45987,"comment_status":"open","ping_status":"closed","template":"","meta":{"_acf_changed":false,"_joinchat":[]},"product_brand":[],"product_cat":[90,72,89],"product_tag":[],"class_list":{"0":"post-41800","1":"product","2":"type-product","3":"status-publish","4":"has-post-thumbnail","6":"product_cat-lips","7":"product_cat-phicontour","8":"product_cat-pigments-phicontour","10":"first","11":"outofstock","12":"taxable","13":"shipping-taxable","14":"purchasable","15":"product-type-simple"},"supplier_id":null,"supplier_sku":"","barcode":null,"atum_controlled":true,"out_stock_date":"2022-10-13 15:29:17","out_stock_threshold":null,"inheritable":false,"inbound_stock":null,"stock_on_hold":0,"sold_today":0,"sales_last_days":0,"reserved_stock":null,"customer_returns":null,"warehouse_damage":null,"lost_in_post":null,"other_logs":null,"out_stock_days":1280,"lost_sales":0,"has_location":false,"update_date":"2026-04-16T10:16:11","atum_locations":[],"atum_stock_status":"outofstock","restock_status":false,"low_stock_amount":0,"sales_update_date":"2026-04-16T10:16:11","calc_backorders":null,"acf":[],"yoast_head":"<!-- This site is optimized with the Yoast SEO plugin v24.8 - https:\/\/yoast.com\/wordpress\/plugins\/seo\/ -->\n<title>PhiContour Nude Light SUPER Pigment 5ml - 2pcs - Formaciones PhiAcademy - Phiseller Espa\u00f1a<\/title>\n<meta name=\"robots\" content=\"index, follow, max-snippet:-1, max-image-preview:large, max-video-preview:-1\" \/>\n<link rel=\"canonical\" href=\"https:\/\/nereumatias.com\/en\/product\/lapiz-nude-light\/\" \/>\n<meta property=\"og:locale\" content=\"en_GB\" \/>\n<meta property=\"og:type\" content=\"article\" \/>\n<meta property=\"og:title\" content=\"PhiContour Nude Light SUPER Pigment 5ml - 2pcs - Formaciones PhiAcademy - Phiseller Espa\u00f1a\" \/>\n<meta property=\"og:description\" content=\"Pigmento para la tecnolog\u00eda de maquillaje permanente.  &nbsp;  **PIGMENTO NO HOMOLOGADO EN ESPA\u00d1A, USAR S\u00d3LO PARA PR\u00c1CTICAS EN L\u00c1TEX**  &nbsp;\" \/>\n<meta property=\"og:url\" content=\"https:\/\/nereumatias.com\/en\/product\/lapiz-nude-light\/\" \/>\n<meta property=\"og:site_name\" content=\"Formaciones PhiAcademy - Phiseller Espa\u00f1a\" \/>\n<meta property=\"article:publisher\" content=\"https:\/\/www.facebook.com\/nereumatias\" \/>\n<meta property=\"article:modified_time\" content=\"2024-11-05T11:40:49+00:00\" \/>\n<meta property=\"og:image\" content=\"https:\/\/nereumatias.com\/wp-content\/uploads\/2021\/07\/Captura-de-pantalla-2024-11-05-a-las-12.39.19.png\" \/>\n\t<meta property=\"og:image:width\" content=\"1526\" \/>\n\t<meta property=\"og:image:height\" content=\"1370\" \/>\n\t<meta property=\"og:image:type\" content=\"image\/png\" \/>\n<meta name=\"twitter:card\" content=\"summary_large_image\" \/>\n<script type=\"application\/ld+json\" class=\"yoast-schema-graph\">{\"@context\":\"https:\/\/schema.org\",\"@graph\":[{\"@type\":\"WebPage\",\"@id\":\"https:\/\/nereumatias.com\/producto\/lapiz-nude-light\/\",\"url\":\"https:\/\/nereumatias.com\/producto\/lapiz-nude-light\/\",\"name\":\"PhiContour Nude Light SUPER Pigment 5ml - 2pcs - Formaciones PhiAcademy - Phiseller Espa\u00f1a\",\"isPartOf\":{\"@id\":\"https:\/\/nereumatias.com\/#website\"},\"primaryImageOfPage\":{\"@id\":\"https:\/\/nereumatias.com\/producto\/lapiz-nude-light\/#primaryimage\"},\"image\":{\"@id\":\"https:\/\/nereumatias.com\/producto\/lapiz-nude-light\/#primaryimage\"},\"thumbnailUrl\":\"https:\/\/nereumatias.com\/wp-content\/uploads\/2021\/07\/Captura-de-pantalla-2024-11-05-a-las-12.39.19.png\",\"datePublished\":\"2021-07-08T03:41:05+00:00\",\"dateModified\":\"2024-11-05T11:40:49+00:00\",\"breadcrumb\":{\"@id\":\"https:\/\/nereumatias.com\/producto\/lapiz-nude-light\/#breadcrumb\"},\"inLanguage\":\"en-GB\",\"potentialAction\":[{\"@type\":\"ReadAction\",\"target\":[\"https:\/\/nereumatias.com\/producto\/lapiz-nude-light\/\"]}]},{\"@type\":\"ImageObject\",\"inLanguage\":\"en-GB\",\"@id\":\"https:\/\/nereumatias.com\/producto\/lapiz-nude-light\/#primaryimage\",\"url\":\"https:\/\/nereumatias.com\/wp-content\/uploads\/2021\/07\/Captura-de-pantalla-2024-11-05-a-las-12.39.19.png\",\"contentUrl\":\"https:\/\/nereumatias.com\/wp-content\/uploads\/2021\/07\/Captura-de-pantalla-2024-11-05-a-las-12.39.19.png\",\"width\":1526,\"height\":1370},{\"@type\":\"BreadcrumbList\",\"@id\":\"https:\/\/nereumatias.com\/producto\/lapiz-nude-light\/#breadcrumb\",\"itemListElement\":[{\"@type\":\"ListItem\",\"position\":1,\"name\":\"Home\",\"item\":\"https:\/\/nereumatias.com\/\"},{\"@type\":\"ListItem\",\"position\":2,\"name\":\"Tienda\",\"item\":\"https:\/\/nereumatias.com\/tienda-online\/\"},{\"@type\":\"ListItem\",\"position\":3,\"name\":\"PhiContour Nude Light SUPER Pigment 5ml &#8211; 2pcs\"}]},{\"@type\":\"WebSite\",\"@id\":\"https:\/\/nereumatias.com\/#website\",\"url\":\"https:\/\/nereumatias.com\/\",\"name\":\"Formaciones PhiAcademy - Phiseller Espa\u00f1a\",\"description\":\"PhiAcademy\",\"publisher\":{\"@id\":\"https:\/\/nereumatias.com\/#organization\"},\"potentialAction\":[{\"@type\":\"SearchAction\",\"target\":{\"@type\":\"EntryPoint\",\"urlTemplate\":\"https:\/\/nereumatias.com\/?s={search_term_string}\"},\"query-input\":{\"@type\":\"PropertyValueSpecification\",\"valueRequired\":true,\"valueName\":\"search_term_string\"}}],\"inLanguage\":\"en-GB\"},{\"@type\":\"Organization\",\"@id\":\"https:\/\/nereumatias.com\/#organization\",\"name\":\"Formaciones PhiAcademy - Phiseller Espa\u00f1a\",\"url\":\"https:\/\/nereumatias.com\/\",\"logo\":{\"@type\":\"ImageObject\",\"inLanguage\":\"en-GB\",\"@id\":\"https:\/\/nereumatias.com\/#\/schema\/logo\/image\/\",\"url\":\"https:\/\/nereumatias.com\/wp-content\/uploads\/2022\/09\/logo-phiseller-negro-150.png\",\"contentUrl\":\"https:\/\/nereumatias.com\/wp-content\/uploads\/2022\/09\/logo-phiseller-negro-150.png\",\"width\":375,\"height\":150,\"caption\":\"Formaciones PhiAcademy - Phiseller Espa\u00f1a\"},\"image\":{\"@id\":\"https:\/\/nereumatias.com\/#\/schema\/logo\/image\/\"},\"sameAs\":[\"https:\/\/www.facebook.com\/nereumatias\"]}]}<\/script>\n<!-- \/ Yoast SEO plugin. -->","yoast_head_json":{"title":"PhiContour Nude Light SUPER Pigment 5ml - 2pcs - Formaciones PhiAcademy - Phiseller Espa\u00f1a","robots":{"index":"index","follow":"follow","max-snippet":"max-snippet:-1","max-image-preview":"max-image-preview:large","max-video-preview":"max-video-preview:-1"},"canonical":"https:\/\/nereumatias.com\/en\/product\/lapiz-nude-light\/","og_locale":"en_GB","og_type":"article","og_title":"PhiContour Nude Light SUPER Pigment 5ml - 2pcs - Formaciones PhiAcademy - Phiseller Espa\u00f1a","og_description":"Pigmento para la tecnolog\u00eda de maquillaje permanente.  &nbsp;  **PIGMENTO NO HOMOLOGADO EN ESPA\u00d1A, USAR S\u00d3LO PARA PR\u00c1CTICAS EN L\u00c1TEX**  &nbsp;","og_url":"https:\/\/nereumatias.com\/en\/product\/lapiz-nude-light\/","og_site_name":"Formaciones PhiAcademy - Phiseller Espa\u00f1a","article_publisher":"https:\/\/www.facebook.com\/nereumatias","article_modified_time":"2024-11-05T11:40:49+00:00","og_image":[{"width":1526,"height":1370,"url":"https:\/\/nereumatias.com\/wp-content\/uploads\/2021\/07\/Captura-de-pantalla-2024-11-05-a-las-12.39.19.png","type":"image\/png"}],"twitter_card":"summary_large_image","schema":{"@context":"https:\/\/schema.org","@graph":[{"@type":"WebPage","@id":"https:\/\/nereumatias.com\/producto\/lapiz-nude-light\/","url":"https:\/\/nereumatias.com\/producto\/lapiz-nude-light\/","name":"PhiContour Nude Light SUPER Pigment 5ml - 2pcs - Formaciones PhiAcademy - Phiseller Espa\u00f1a","isPartOf":{"@id":"https:\/\/nereumatias.com\/#website"},"primaryImageOfPage":{"@id":"https:\/\/nereumatias.com\/producto\/lapiz-nude-light\/#primaryimage"},"image":{"@id":"https:\/\/nereumatias.com\/producto\/lapiz-nude-light\/#primaryimage"},"thumbnailUrl":"https:\/\/nereumatias.com\/wp-content\/uploads\/2021\/07\/Captura-de-pantalla-2024-11-05-a-las-12.39.19.png","datePublished":"2021-07-08T03:41:05+00:00","dateModified":"2024-11-05T11:40:49+00:00","breadcrumb":{"@id":"https:\/\/nereumatias.com\/producto\/lapiz-nude-light\/#breadcrumb"},"inLanguage":"en-GB","potentialAction":[{"@type":"ReadAction","target":["https:\/\/nereumatias.com\/producto\/lapiz-nude-light\/"]}]},{"@type":"ImageObject","inLanguage":"en-GB","@id":"https:\/\/nereumatias.com\/producto\/lapiz-nude-light\/#primaryimage","url":"https:\/\/nereumatias.com\/wp-content\/uploads\/2021\/07\/Captura-de-pantalla-2024-11-05-a-las-12.39.19.png","contentUrl":"https:\/\/nereumatias.com\/wp-content\/uploads\/2021\/07\/Captura-de-pantalla-2024-11-05-a-las-12.39.19.png","width":1526,"height":1370},{"@type":"BreadcrumbList","@id":"https:\/\/nereumatias.com\/producto\/lapiz-nude-light\/#breadcrumb","itemListElement":[{"@type":"ListItem","position":1,"name":"Home","item":"https:\/\/nereumatias.com\/"},{"@type":"ListItem","position":2,"name":"Tienda","item":"https:\/\/nereumatias.com\/tienda-online\/"},{"@type":"ListItem","position":3,"name":"PhiContour Nude Light SUPER Pigment 5ml &#8211; 2pcs"}]},{"@type":"WebSite","@id":"https:\/\/nereumatias.com\/#website","url":"https:\/\/nereumatias.com\/","name":"Formaciones PhiAcademy - Phiseller Espa\u00f1a","description":"PhiAcademy","publisher":{"@id":"https:\/\/nereumatias.com\/#organization"},"potentialAction":[{"@type":"SearchAction","target":{"@type":"EntryPoint","urlTemplate":"https:\/\/nereumatias.com\/?s={search_term_string}"},"query-input":{"@type":"PropertyValueSpecification","valueRequired":true,"valueName":"search_term_string"}}],"inLanguage":"en-GB"},{"@type":"Organization","@id":"https:\/\/nereumatias.com\/#organization","name":"Formaciones PhiAcademy - Phiseller Espa\u00f1a","url":"https:\/\/nereumatias.com\/","logo":{"@type":"ImageObject","inLanguage":"en-GB","@id":"https:\/\/nereumatias.com\/#\/schema\/logo\/image\/","url":"https:\/\/nereumatias.com\/wp-content\/uploads\/2022\/09\/logo-phiseller-negro-150.png","contentUrl":"https:\/\/nereumatias.com\/wp-content\/uploads\/2022\/09\/logo-phiseller-negro-150.png","width":375,"height":150,"caption":"Formaciones PhiAcademy - Phiseller Espa\u00f1a"},"image":{"@id":"https:\/\/nereumatias.com\/#\/schema\/logo\/image\/"},"sameAs":["https:\/\/www.facebook.com\/nereumatias"]}]}},"_links":{"self":[{"href":"https:\/\/nereumatias.com\/en\/wp-json\/wp\/v2\/product\/41800","targetHints":{"allow":["GET"]}}],"collection":[{"href":"https:\/\/nereumatias.com\/en\/wp-json\/wp\/v2\/product"}],"about":[{"href":"https:\/\/nereumatias.com\/en\/wp-json\/wp\/v2\/types\/product"}],"replies":[{"embeddable":true,"href":"https:\/\/nereumatias.com\/en\/wp-json\/wp\/v2\/comments?post=41800"}],"version-history":[{"count":3,"href":"https:\/\/nereumatias.com\/en\/wp-json\/wp\/v2\/product\/41800\/revisions"}],"predecessor-version":[{"id":45988,"href":"https:\/\/nereumatias.com\/en\/wp-json\/wp\/v2\/product\/41800\/revisions\/45988"}],"wp:featuredmedia":[{"embeddable":true,"href":"https:\/\/nereumatias.com\/en\/wp-json\/wp\/v2\/media\/45987"}],"wp:attachment":[{"href":"https:\/\/nereumatias.com\/en\/wp-json\/wp\/v2\/media?parent=41800"}],"wp:term":[{"taxonomy":"product_brand","embeddable":true,"href":"https:\/\/nereumatias.com\/en\/wp-json\/wp\/v2\/product_brand?post=41800"},{"taxonomy":"product_cat","embeddable":true,"href":"https:\/\/nereumatias.com\/en\/wp-json\/wp\/v2\/product_cat?post=41800"},{"taxonomy":"product_tag","embeddable":true,"href":"https:\/\/nereumatias.com\/en\/wp-json\/wp\/v2\/product_tag?post=41800"}],"curies":[{"name":"wp","href":"https:\/\/api.w.org\/{rel}","templated":true}]}}