{"id":41780,"date":"2021-07-08T05:41:04","date_gmt":"2021-07-08T03:41:04","guid":{"rendered":"https:\/\/nereumatias.phiseller.com\/?post_type=product&#038;p=41780"},"modified":"2026-03-24T16:17:44","modified_gmt":"2026-03-24T15:17:44","slug":"adc-serum-15-10ml","status":"publish","type":"product","link":"https:\/\/nereumatias.com\/en\/product\/adc-serum-15-10ml\/","title":{"rendered":"ADC Serum 15 - 10ml"},"content":{"rendered":"<p>This hydrating serum is intended to even out skin tone and is suitable for all skin types. Specially formulated to help treat dark circles around the eyes. In addition to its antioxidant properties, Haberlea Rhodopensis leaf extract has a favourable impact on collagen production, helping to increase skin elasticity. In addition, this product prevents loss of radiance.<\/p>\n<p><strong>Key components:<\/strong><\/p>\n<p>Haberlea rhodopensis leaf extract<br \/>\nDiglucosyl gallic acid<br \/>\nPanthenol<br \/>\nSodium hyaluronate<\/p>\n<p><strong>How to use<\/strong><\/p>\n<p>Once you have prepared the serum according to the instructions provided, apply the product during the PhiBright treatment.<\/p>\n<p><strong>Ingredients<\/strong><\/p>\n<p>Aqua, Haberlea rhodopensis leaf extract, glycerin, diglucosilic gallic acid, pentylene glycol, tamarindus indica seed gum, phenethyl alcohol, caprylyl\/caprylyl glucoside, levulinic acid, undecylenoylglycine, sodium levulinate, panthenyl triacetate, panthenyl hodialconate.<\/p>","protected":false},"excerpt":{"rendered":"<p>This hydrating serum is intended to even out skin tone and is suitable for all skin types. Specially formulated to help treat dark circles around the eyes. In addition to its antioxidant properties, Haberlea Rhodopensis leaf extract has a favourable impact on collagen production, helping to increase skin elasticity. In addition, this product prevents loss of radiance.<\/p>\n<p><strong>Key components:<\/strong><\/p>\n<p>Haberlea rhodopensis leaf extract<br \/>\nDiglucosyl gallic acid<br \/>\nPanthenol<br \/>\nSodium hyaluronate<\/p>\n<p><strong>How to use<\/strong><\/p>\n<p>Once you have prepared the serum according to the instructions provided, apply the product during the PhiBright treatment.<\/p>\n<p><strong>Ingredients<\/strong><\/p>\n<p>Aqua, Haberlea rhodopensis leaf extract, glycerin, diglucosilic gallic acid, pentylene glycol, tamarindus indica seed gum, phenethyl alcohol, caprylyl\/caprylyl glucoside, levulinic acid, undecylenoylglycine, sodium levulinate, panthenyl triacetate, panthenyl hodialconate.<\/p>","protected":false},"featured_media":43430,"comment_status":"open","ping_status":"closed","template":"","meta":{"_acf_changed":false,"_joinchat":[]},"product_brand":[],"product_cat":[69,85],"product_tag":[],"class_list":{"0":"post-41780","1":"product","2":"type-product","3":"status-publish","4":"has-post-thumbnail","6":"product_cat-phibright","7":"product_cat-serums","9":"first","10":"onbackorder","11":"taxable","12":"shipping-taxable","13":"purchasable","14":"product-type-simple"},"supplier_id":null,"supplier_sku":"","barcode":null,"atum_controlled":true,"out_stock_date":"2026-03-24 16:17:44","out_stock_threshold":null,"inheritable":false,"inbound_stock":null,"stock_on_hold":0,"sold_today":0,"sales_last_days":0,"reserved_stock":null,"customer_returns":null,"warehouse_damage":null,"lost_in_post":null,"other_logs":null,"out_stock_days":39,"lost_sales":0,"has_location":null,"update_date":"2026-05-03T12:16:35","atum_locations":[],"atum_stock_status":"onbackorder","restock_status":false,"low_stock_amount":0,"sales_update_date":"2026-05-03T12:16:35","calc_backorders":0,"acf":[],"yoast_head":"<!-- This site is optimized with the Yoast SEO plugin v24.8 - https:\/\/yoast.com\/wordpress\/plugins\/seo\/ -->\n<title>ADC Serum 15 - 10ml - Formaciones PhiAcademy - Phiseller Espa\u00f1a<\/title>\n<meta name=\"robots\" content=\"index, follow, max-snippet:-1, max-image-preview:large, max-video-preview:-1\" \/>\n<link rel=\"canonical\" href=\"https:\/\/nereumatias.com\/en\/product\/adc-serum-15-10ml\/\" \/>\n<meta property=\"og:locale\" content=\"en_GB\" \/>\n<meta property=\"og:type\" content=\"article\" \/>\n<meta property=\"og:title\" content=\"ADC Serum 15 - 10ml - Formaciones PhiAcademy - Phiseller Espa\u00f1a\" \/>\n<meta property=\"og:description\" content=\"Este suero hidratante est\u00e1 destinado a uniformar el tono de la piel y es adecuado para todo tipo de piel. Especialmente formulado para ayudar a tratar las ojeras alrededor de los ojos. Adem\u00e1s de sus propiedades antioxidantes, el extracto de hoja de Haberlea Rhodopensis tiene un impacto favorable en la producci\u00f3n de col\u00e1geno, ayudando a aumentar la elasticidad de la piel. Adem\u00e1s, este producto evita la p\u00e9rdida de brillo.  Componentes clave:  Extracto de hoja de Haberlea Rhodopensis \u00c1cido diglucosil g\u00e1lico Pantenol Hialuronato de sodio  C\u00f3mo utilizar  Una vez que haya preparado el suero de acuerdo con las instrucciones proporcionadas, aplique el producto durante el tratamiento con PhiBright.  Ingredientes  Aqua, extracto de hoja de Haberlea Rhodopensis, glicerina, \u00e1cido diglucosilico g\u00e1lico, glicol de pentileno, goma de semilla de tamarindus indica, alcohol fenet\u00edlico, gluc\u00f3sido de caprililo \/ caprilo, \u00e1cido levul\u00ednico, undecilenoilglicina, levulinato de sodio, triacetato de pantenilo, hodialconato de pantenilo.\" \/>\n<meta property=\"og:url\" content=\"https:\/\/nereumatias.com\/en\/product\/adc-serum-15-10ml\/\" \/>\n<meta property=\"og:site_name\" content=\"Formaciones PhiAcademy - Phiseller Espa\u00f1a\" \/>\n<meta property=\"article:publisher\" content=\"https:\/\/www.facebook.com\/nereumatias\" \/>\n<meta property=\"article:modified_time\" content=\"2026-03-24T15:17:44+00:00\" \/>\n<meta property=\"og:image\" content=\"https:\/\/nereumatias.com\/wp-content\/uploads\/2022\/12\/phi-bright-15.jpg\" \/>\n\t<meta property=\"og:image:width\" content=\"600\" \/>\n\t<meta property=\"og:image:height\" content=\"800\" \/>\n\t<meta property=\"og:image:type\" content=\"image\/jpeg\" \/>\n<meta name=\"twitter:card\" content=\"summary_large_image\" \/>\n<script type=\"application\/ld+json\" class=\"yoast-schema-graph\">{\"@context\":\"https:\/\/schema.org\",\"@graph\":[{\"@type\":\"WebPage\",\"@id\":\"https:\/\/nereumatias.com\/producto\/adc-serum-15-10ml\/\",\"url\":\"https:\/\/nereumatias.com\/producto\/adc-serum-15-10ml\/\",\"name\":\"ADC Serum 15 - 10ml - Formaciones PhiAcademy - Phiseller Espa\u00f1a\",\"isPartOf\":{\"@id\":\"https:\/\/nereumatias.com\/#website\"},\"primaryImageOfPage\":{\"@id\":\"https:\/\/nereumatias.com\/producto\/adc-serum-15-10ml\/#primaryimage\"},\"image\":{\"@id\":\"https:\/\/nereumatias.com\/producto\/adc-serum-15-10ml\/#primaryimage\"},\"thumbnailUrl\":\"https:\/\/nereumatias.com\/wp-content\/uploads\/2022\/12\/phi-bright-15.jpg\",\"datePublished\":\"2021-07-08T03:41:04+00:00\",\"dateModified\":\"2026-03-24T15:17:44+00:00\",\"breadcrumb\":{\"@id\":\"https:\/\/nereumatias.com\/producto\/adc-serum-15-10ml\/#breadcrumb\"},\"inLanguage\":\"en-GB\",\"potentialAction\":[{\"@type\":\"ReadAction\",\"target\":[\"https:\/\/nereumatias.com\/producto\/adc-serum-15-10ml\/\"]}]},{\"@type\":\"ImageObject\",\"inLanguage\":\"en-GB\",\"@id\":\"https:\/\/nereumatias.com\/producto\/adc-serum-15-10ml\/#primaryimage\",\"url\":\"https:\/\/nereumatias.com\/wp-content\/uploads\/2022\/12\/phi-bright-15.jpg\",\"contentUrl\":\"https:\/\/nereumatias.com\/wp-content\/uploads\/2022\/12\/phi-bright-15.jpg\",\"width\":600,\"height\":800},{\"@type\":\"BreadcrumbList\",\"@id\":\"https:\/\/nereumatias.com\/producto\/adc-serum-15-10ml\/#breadcrumb\",\"itemListElement\":[{\"@type\":\"ListItem\",\"position\":1,\"name\":\"Home\",\"item\":\"https:\/\/nereumatias.com\/\"},{\"@type\":\"ListItem\",\"position\":2,\"name\":\"Tienda\",\"item\":\"https:\/\/nereumatias.com\/tienda-online\/\"},{\"@type\":\"ListItem\",\"position\":3,\"name\":\"ADC Serum 15 &#8211; 10ml\"}]},{\"@type\":\"WebSite\",\"@id\":\"https:\/\/nereumatias.com\/#website\",\"url\":\"https:\/\/nereumatias.com\/\",\"name\":\"Formaciones PhiAcademy - Phiseller Espa\u00f1a\",\"description\":\"PhiAcademy\",\"publisher\":{\"@id\":\"https:\/\/nereumatias.com\/#organization\"},\"potentialAction\":[{\"@type\":\"SearchAction\",\"target\":{\"@type\":\"EntryPoint\",\"urlTemplate\":\"https:\/\/nereumatias.com\/?s={search_term_string}\"},\"query-input\":{\"@type\":\"PropertyValueSpecification\",\"valueRequired\":true,\"valueName\":\"search_term_string\"}}],\"inLanguage\":\"en-GB\"},{\"@type\":\"Organization\",\"@id\":\"https:\/\/nereumatias.com\/#organization\",\"name\":\"Formaciones PhiAcademy - Phiseller Espa\u00f1a\",\"url\":\"https:\/\/nereumatias.com\/\",\"logo\":{\"@type\":\"ImageObject\",\"inLanguage\":\"en-GB\",\"@id\":\"https:\/\/nereumatias.com\/#\/schema\/logo\/image\/\",\"url\":\"https:\/\/nereumatias.com\/wp-content\/uploads\/2022\/09\/logo-phiseller-negro-150.png\",\"contentUrl\":\"https:\/\/nereumatias.com\/wp-content\/uploads\/2022\/09\/logo-phiseller-negro-150.png\",\"width\":375,\"height\":150,\"caption\":\"Formaciones PhiAcademy - Phiseller Espa\u00f1a\"},\"image\":{\"@id\":\"https:\/\/nereumatias.com\/#\/schema\/logo\/image\/\"},\"sameAs\":[\"https:\/\/www.facebook.com\/nereumatias\"]}]}<\/script>\n<!-- \/ Yoast SEO plugin. -->","yoast_head_json":{"title":"ADC Serum 15 - 10ml - Formaciones PhiAcademy - Phiseller Espa\u00f1a","robots":{"index":"index","follow":"follow","max-snippet":"max-snippet:-1","max-image-preview":"max-image-preview:large","max-video-preview":"max-video-preview:-1"},"canonical":"https:\/\/nereumatias.com\/en\/product\/adc-serum-15-10ml\/","og_locale":"en_GB","og_type":"article","og_title":"ADC Serum 15 - 10ml - Formaciones PhiAcademy - Phiseller Espa\u00f1a","og_description":"Este suero hidratante est\u00e1 destinado a uniformar el tono de la piel y es adecuado para todo tipo de piel. Especialmente formulado para ayudar a tratar las ojeras alrededor de los ojos. Adem\u00e1s de sus propiedades antioxidantes, el extracto de hoja de Haberlea Rhodopensis tiene un impacto favorable en la producci\u00f3n de col\u00e1geno, ayudando a aumentar la elasticidad de la piel. Adem\u00e1s, este producto evita la p\u00e9rdida de brillo.  Componentes clave:  Extracto de hoja de Haberlea Rhodopensis \u00c1cido diglucosil g\u00e1lico Pantenol Hialuronato de sodio  C\u00f3mo utilizar  Una vez que haya preparado el suero de acuerdo con las instrucciones proporcionadas, aplique el producto durante el tratamiento con PhiBright.  Ingredientes  Aqua, extracto de hoja de Haberlea Rhodopensis, glicerina, \u00e1cido diglucosilico g\u00e1lico, glicol de pentileno, goma de semilla de tamarindus indica, alcohol fenet\u00edlico, gluc\u00f3sido de caprililo \/ caprilo, \u00e1cido levul\u00ednico, undecilenoilglicina, levulinato de sodio, triacetato de pantenilo, hodialconato de pantenilo.","og_url":"https:\/\/nereumatias.com\/en\/product\/adc-serum-15-10ml\/","og_site_name":"Formaciones PhiAcademy - Phiseller Espa\u00f1a","article_publisher":"https:\/\/www.facebook.com\/nereumatias","article_modified_time":"2026-03-24T15:17:44+00:00","og_image":[{"width":600,"height":800,"url":"https:\/\/nereumatias.com\/wp-content\/uploads\/2022\/12\/phi-bright-15.jpg","type":"image\/jpeg"}],"twitter_card":"summary_large_image","schema":{"@context":"https:\/\/schema.org","@graph":[{"@type":"WebPage","@id":"https:\/\/nereumatias.com\/producto\/adc-serum-15-10ml\/","url":"https:\/\/nereumatias.com\/producto\/adc-serum-15-10ml\/","name":"ADC Serum 15 - 10ml - Formaciones PhiAcademy - Phiseller Espa\u00f1a","isPartOf":{"@id":"https:\/\/nereumatias.com\/#website"},"primaryImageOfPage":{"@id":"https:\/\/nereumatias.com\/producto\/adc-serum-15-10ml\/#primaryimage"},"image":{"@id":"https:\/\/nereumatias.com\/producto\/adc-serum-15-10ml\/#primaryimage"},"thumbnailUrl":"https:\/\/nereumatias.com\/wp-content\/uploads\/2022\/12\/phi-bright-15.jpg","datePublished":"2021-07-08T03:41:04+00:00","dateModified":"2026-03-24T15:17:44+00:00","breadcrumb":{"@id":"https:\/\/nereumatias.com\/producto\/adc-serum-15-10ml\/#breadcrumb"},"inLanguage":"en-GB","potentialAction":[{"@type":"ReadAction","target":["https:\/\/nereumatias.com\/producto\/adc-serum-15-10ml\/"]}]},{"@type":"ImageObject","inLanguage":"en-GB","@id":"https:\/\/nereumatias.com\/producto\/adc-serum-15-10ml\/#primaryimage","url":"https:\/\/nereumatias.com\/wp-content\/uploads\/2022\/12\/phi-bright-15.jpg","contentUrl":"https:\/\/nereumatias.com\/wp-content\/uploads\/2022\/12\/phi-bright-15.jpg","width":600,"height":800},{"@type":"BreadcrumbList","@id":"https:\/\/nereumatias.com\/producto\/adc-serum-15-10ml\/#breadcrumb","itemListElement":[{"@type":"ListItem","position":1,"name":"Home","item":"https:\/\/nereumatias.com\/"},{"@type":"ListItem","position":2,"name":"Tienda","item":"https:\/\/nereumatias.com\/tienda-online\/"},{"@type":"ListItem","position":3,"name":"ADC Serum 15 &#8211; 10ml"}]},{"@type":"WebSite","@id":"https:\/\/nereumatias.com\/#website","url":"https:\/\/nereumatias.com\/","name":"Formaciones PhiAcademy - Phiseller Espa\u00f1a","description":"PhiAcademy","publisher":{"@id":"https:\/\/nereumatias.com\/#organization"},"potentialAction":[{"@type":"SearchAction","target":{"@type":"EntryPoint","urlTemplate":"https:\/\/nereumatias.com\/?s={search_term_string}"},"query-input":{"@type":"PropertyValueSpecification","valueRequired":true,"valueName":"search_term_string"}}],"inLanguage":"en-GB"},{"@type":"Organization","@id":"https:\/\/nereumatias.com\/#organization","name":"Formaciones PhiAcademy - Phiseller Espa\u00f1a","url":"https:\/\/nereumatias.com\/","logo":{"@type":"ImageObject","inLanguage":"en-GB","@id":"https:\/\/nereumatias.com\/#\/schema\/logo\/image\/","url":"https:\/\/nereumatias.com\/wp-content\/uploads\/2022\/09\/logo-phiseller-negro-150.png","contentUrl":"https:\/\/nereumatias.com\/wp-content\/uploads\/2022\/09\/logo-phiseller-negro-150.png","width":375,"height":150,"caption":"Formaciones PhiAcademy - Phiseller Espa\u00f1a"},"image":{"@id":"https:\/\/nereumatias.com\/#\/schema\/logo\/image\/"},"sameAs":["https:\/\/www.facebook.com\/nereumatias"]}]}},"_links":{"self":[{"href":"https:\/\/nereumatias.com\/en\/wp-json\/wp\/v2\/product\/41780","targetHints":{"allow":["GET"]}}],"collection":[{"href":"https:\/\/nereumatias.com\/en\/wp-json\/wp\/v2\/product"}],"about":[{"href":"https:\/\/nereumatias.com\/en\/wp-json\/wp\/v2\/types\/product"}],"replies":[{"embeddable":true,"href":"https:\/\/nereumatias.com\/en\/wp-json\/wp\/v2\/comments?post=41780"}],"version-history":[{"count":1,"href":"https:\/\/nereumatias.com\/en\/wp-json\/wp\/v2\/product\/41780\/revisions"}],"predecessor-version":[{"id":41781,"href":"https:\/\/nereumatias.com\/en\/wp-json\/wp\/v2\/product\/41780\/revisions\/41781"}],"wp:featuredmedia":[{"embeddable":true,"href":"https:\/\/nereumatias.com\/en\/wp-json\/wp\/v2\/media\/43430"}],"wp:attachment":[{"href":"https:\/\/nereumatias.com\/en\/wp-json\/wp\/v2\/media?parent=41780"}],"wp:term":[{"taxonomy":"product_brand","embeddable":true,"href":"https:\/\/nereumatias.com\/en\/wp-json\/wp\/v2\/product_brand?post=41780"},{"taxonomy":"product_cat","embeddable":true,"href":"https:\/\/nereumatias.com\/en\/wp-json\/wp\/v2\/product_cat?post=41780"},{"taxonomy":"product_tag","embeddable":true,"href":"https:\/\/nereumatias.com\/en\/wp-json\/wp\/v2\/product_tag?post=41780"}],"curies":[{"name":"wp","href":"https:\/\/api.w.org\/{rel}","templated":true}]}}