{"id":41752,"date":"2021-07-08T05:40:54","date_gmt":"2021-07-08T03:40:54","guid":{"rendered":"https:\/\/nereumatias.phiseller.com\/?post_type=product&#038;p=41752"},"modified":"2023-02-20T13:55:15","modified_gmt":"2023-02-20T12:55:15","slug":"phibright-serum-1-20ml","status":"publish","type":"product","link":"https:\/\/nereumatias.com\/en\/product\/phibright-serum-1-20ml\/","title":{"rendered":"PhiBright Serum 1 - 20ml"},"content":{"rendered":"<p>PhiBright Serum contains Brightenyl, a special complex whose main active ingredient, diglucosyl gallic acid, represents a new generation of skin-activating substances that start working once they come into contact with the skin's natural bacterial flora.<\/p>\n<p>This complex restores and evens skin for a flawless appearance. It does this by blocking the process of melanogenesis on several levels, thus controlling skin darkening and reducing hyperpigmentation. It also protects the skin and includes a soothing effect that reduces redness.<\/p>\n<p>The hydrating serum provides deep nourishment to the skin and helps to even out the complexion.<\/p>\n<p>This formula is rich in amino acids and moisturising complexes that help nourish and lock in moisture for dry, youthful skin.<\/p>\n<p><strong>Key components:<\/strong><\/p>\n<p>Amino acids (serine, alanine, glycine, glutamic acid, lysine HCl, threonine, arginine, proline)<br \/>\nDiglucosyl gallic acid,<br \/>\nAnogeissus leiocarpa bark extract,<br \/>\nVetiveria zizanoides root extract,<br \/>\nRhodosorus Marinus extract,<\/p>\n<p><strong>How to use<\/strong><\/p>\n<p>Once you have prepared the serum according to the instructions provided, apply the product during the PhiBright treatment.<\/p>\n<p><strong>Ingredients<\/strong><\/p>\n<p>Aqua, Betaine, Sodium PCA, Sodium lactate, PCA, Serine, Alanine, Glycine, Glutamic acid, Lysine HCl, Threonine, Arginine, Proline, Glycerine, Gallic diglucosylic acid, Propanediol, Anogeissus leiocarpa bark extract, Vetiverus zoroides extract. Extract, rosmarinyl glucoside, caffeoyl glucoside, gallyl glucoside, diglycerin, benzyl alcohol, dehydroacetic acid.<\/p>","protected":false},"excerpt":{"rendered":"<p>PhiBright Serum contains Brightenyl, a special complex whose main active ingredient, diglucosyl gallic acid, represents a new generation of skin-activating substances that start working once they come into contact with the skin's natural bacterial flora.<\/p>\n<p>This complex restores and evens skin for a flawless appearance. It does this by blocking the process of melanogenesis on several levels, thus controlling skin darkening and reducing hyperpigmentation. It also protects the skin and includes a soothing effect that reduces redness.<\/p>\n<p>The hydrating serum provides deep nourishment to the skin and helps to even out the complexion.<\/p>\n<p>This formula is rich in amino acids and moisturising complexes that help nourish and lock in moisture for dry, youthful skin.<\/p>\n<p><strong>Key components:<\/strong><\/p>\n<p>Amino acids (serine, alanine, glycine, glutamic acid, lysine HCl, threonine, arginine, proline)<br \/>\nDiglucosyl gallic acid,<br \/>\nAnogeissus leiocarpa bark extract,<br \/>\nVetiveria zizanoides root extract,<br \/>\nRhodosorus Marinus extract,<\/p>\n<p><strong>How to use<\/strong><\/p>\n<p>Once you have prepared the serum according to the instructions provided, apply the product during the PhiBright treatment.<\/p>\n<p><strong>Ingredients<\/strong><\/p>\n<p>Aqua, Betaine, Sodium PCA, Sodium lactate, PCA, Serine, Alanine, Glycine, Glutamic acid, Lysine HCl, Threonine, Arginine, Proline, Glycerine, Gallic diglucosylic acid, Propanediol, Anogeissus leiocarpa bark extract, Vetiverus zoroides extract. Extract, rosmarinyl glucoside, caffeoyl glucoside, gallyl glucoside, diglycerin, benzyl alcohol, dehydroacetic acid.<\/p>","protected":false},"featured_media":43416,"comment_status":"open","ping_status":"closed","template":"","meta":{"_acf_changed":false,"_joinchat":[]},"product_brand":[],"product_cat":[69,85],"product_tag":[],"class_list":{"0":"post-41752","1":"product","2":"type-product","3":"status-publish","4":"has-post-thumbnail","6":"product_cat-phibright","7":"product_cat-serums","9":"first","10":"instock","11":"featured","12":"taxable","13":"shipping-taxable","14":"purchasable","15":"product-type-simple"},"supplier_id":null,"supplier_sku":"","barcode":null,"atum_controlled":true,"out_stock_date":null,"out_stock_threshold":null,"inheritable":false,"inbound_stock":null,"stock_on_hold":0,"sold_today":0,"sales_last_days":0,"reserved_stock":null,"customer_returns":null,"warehouse_damage":null,"lost_in_post":null,"other_logs":null,"out_stock_days":0,"lost_sales":0,"has_location":null,"update_date":"2026-04-15T10:16:11","atum_locations":[],"atum_stock_status":"instock","restock_status":false,"low_stock_amount":0,"sales_update_date":"2026-04-15T10:16:11","calc_backorders":null,"acf":[],"yoast_head":"<!-- This site is optimized with the Yoast SEO plugin v24.8 - https:\/\/yoast.com\/wordpress\/plugins\/seo\/ -->\n<title>PhiBright Serum 1 - 20ml - Formaciones PhiAcademy - Phiseller Espa\u00f1a<\/title>\n<meta name=\"robots\" content=\"index, follow, max-snippet:-1, max-image-preview:large, max-video-preview:-1\" \/>\n<link rel=\"canonical\" href=\"https:\/\/nereumatias.com\/en\/product\/phibright-serum-1-20ml\/\" \/>\n<meta property=\"og:locale\" content=\"en_GB\" \/>\n<meta property=\"og:type\" content=\"article\" \/>\n<meta property=\"og:title\" content=\"PhiBright Serum 1 - 20ml - Formaciones PhiAcademy - Phiseller Espa\u00f1a\" \/>\n<meta property=\"og:description\" content=\"PhiBright Serum contiene Brightenyl, un complejo especial cuyo ingrediente activo principal, el \u00e1cido diglucosil g\u00e1lico, representa una nueva generaci\u00f3n de sustancias activadoras de la piel que comienzan a funcionar una vez que entran en contacto con la flora bacteriana natural de la piel.  Este complejo restaura y unifica la piel para una apariencia perfecta. Lo hace bloqueando el proceso de melanog\u00e9nesis en varios niveles, controlando as\u00ed el oscurecimiento de la piel y reduciendo la hiperpigmentaci\u00f3n. Tambi\u00e9n protege la piel e incluye un efecto calmante que reduce el enrojecimiento.  El suero hidratante proporciona una nutrici\u00f3n profunda de la piel y ayuda a nivelar la tez.  Esta f\u00f3rmula es rica en amino\u00e1cidos y complejos hidratantes que ayudan a nutrir y mantener la humedad en la piel seca y joven.  Componentes clave:  Amino\u00e1cidos (serina, alanina, glicina, \u00e1cido glut\u00e1mico, lisina HCl, treonina, arginina, prolina) \u00c1cido diglucosil g\u00e1lico, Extracto de corteza de Anogeissus Leiocarpa, Extracto de ra\u00edz de Vetiveria Zizanoides, Extracto de Rhodosorus Marinus,  C\u00f3mo utilizar  Una vez que haya preparado el suero de acuerdo con las instrucciones proporcionadas, aplique el producto durante el tratamiento con PhiBright.  Ingredientes  Aqua, Beta\u00edna, PCA de sodio, Lactato de sodio, PCA, Serina, Alanina, Glicina, \u00c1cido glut\u00e1mico, Lisina HCl, Treonina, Arginina, Prolina, Glicerina, \u00c1cido diglucos\u00edlico g\u00e1lico, Propanodiol, Extracto de corteza de leiocarpa Anogeissus, Extracto de zoroides de Vetiverus zizanoides. Extracto, gluc\u00f3sido de rosmarinilo, gluc\u00f3sido de cafeilo, gluc\u00f3sido de galilo, diglicerina, alcohol benc\u00edlico, \u00e1cido deshidroac\u00e9tico.\" \/>\n<meta property=\"og:url\" content=\"https:\/\/nereumatias.com\/en\/product\/phibright-serum-1-20ml\/\" \/>\n<meta property=\"og:site_name\" content=\"Formaciones PhiAcademy - Phiseller Espa\u00f1a\" \/>\n<meta property=\"article:publisher\" content=\"https:\/\/www.facebook.com\/nereumatias\" \/>\n<meta property=\"article:modified_time\" content=\"2023-02-20T12:55:15+00:00\" \/>\n<meta property=\"og:image\" content=\"https:\/\/nereumatias.com\/wp-content\/uploads\/2022\/12\/PhiBrightSerum1.jpg\" \/>\n\t<meta property=\"og:image:width\" content=\"600\" \/>\n\t<meta property=\"og:image:height\" content=\"800\" \/>\n\t<meta property=\"og:image:type\" content=\"image\/jpeg\" \/>\n<meta name=\"twitter:card\" content=\"summary_large_image\" \/>\n<script type=\"application\/ld+json\" class=\"yoast-schema-graph\">{\"@context\":\"https:\/\/schema.org\",\"@graph\":[{\"@type\":\"WebPage\",\"@id\":\"https:\/\/nereumatias.com\/producto\/phibright-serum-1-20ml\/\",\"url\":\"https:\/\/nereumatias.com\/producto\/phibright-serum-1-20ml\/\",\"name\":\"PhiBright Serum 1 - 20ml - Formaciones PhiAcademy - Phiseller Espa\u00f1a\",\"isPartOf\":{\"@id\":\"https:\/\/nereumatias.com\/#website\"},\"primaryImageOfPage\":{\"@id\":\"https:\/\/nereumatias.com\/producto\/phibright-serum-1-20ml\/#primaryimage\"},\"image\":{\"@id\":\"https:\/\/nereumatias.com\/producto\/phibright-serum-1-20ml\/#primaryimage\"},\"thumbnailUrl\":\"https:\/\/nereumatias.com\/wp-content\/uploads\/2022\/12\/PhiBrightSerum1.jpg\",\"datePublished\":\"2021-07-08T03:40:54+00:00\",\"dateModified\":\"2023-02-20T12:55:15+00:00\",\"breadcrumb\":{\"@id\":\"https:\/\/nereumatias.com\/producto\/phibright-serum-1-20ml\/#breadcrumb\"},\"inLanguage\":\"en-GB\",\"potentialAction\":[{\"@type\":\"ReadAction\",\"target\":[\"https:\/\/nereumatias.com\/producto\/phibright-serum-1-20ml\/\"]}]},{\"@type\":\"ImageObject\",\"inLanguage\":\"en-GB\",\"@id\":\"https:\/\/nereumatias.com\/producto\/phibright-serum-1-20ml\/#primaryimage\",\"url\":\"https:\/\/nereumatias.com\/wp-content\/uploads\/2022\/12\/PhiBrightSerum1.jpg\",\"contentUrl\":\"https:\/\/nereumatias.com\/wp-content\/uploads\/2022\/12\/PhiBrightSerum1.jpg\",\"width\":600,\"height\":800},{\"@type\":\"BreadcrumbList\",\"@id\":\"https:\/\/nereumatias.com\/producto\/phibright-serum-1-20ml\/#breadcrumb\",\"itemListElement\":[{\"@type\":\"ListItem\",\"position\":1,\"name\":\"Home\",\"item\":\"https:\/\/nereumatias.com\/\"},{\"@type\":\"ListItem\",\"position\":2,\"name\":\"Tienda\",\"item\":\"https:\/\/nereumatias.com\/tienda-online\/\"},{\"@type\":\"ListItem\",\"position\":3,\"name\":\"PhiBright Serum 1 &#8211; 20ml\"}]},{\"@type\":\"WebSite\",\"@id\":\"https:\/\/nereumatias.com\/#website\",\"url\":\"https:\/\/nereumatias.com\/\",\"name\":\"Formaciones PhiAcademy - Phiseller Espa\u00f1a\",\"description\":\"PhiAcademy\",\"publisher\":{\"@id\":\"https:\/\/nereumatias.com\/#organization\"},\"potentialAction\":[{\"@type\":\"SearchAction\",\"target\":{\"@type\":\"EntryPoint\",\"urlTemplate\":\"https:\/\/nereumatias.com\/?s={search_term_string}\"},\"query-input\":{\"@type\":\"PropertyValueSpecification\",\"valueRequired\":true,\"valueName\":\"search_term_string\"}}],\"inLanguage\":\"en-GB\"},{\"@type\":\"Organization\",\"@id\":\"https:\/\/nereumatias.com\/#organization\",\"name\":\"Formaciones PhiAcademy - Phiseller Espa\u00f1a\",\"url\":\"https:\/\/nereumatias.com\/\",\"logo\":{\"@type\":\"ImageObject\",\"inLanguage\":\"en-GB\",\"@id\":\"https:\/\/nereumatias.com\/#\/schema\/logo\/image\/\",\"url\":\"https:\/\/nereumatias.com\/wp-content\/uploads\/2022\/09\/logo-phiseller-negro-150.png\",\"contentUrl\":\"https:\/\/nereumatias.com\/wp-content\/uploads\/2022\/09\/logo-phiseller-negro-150.png\",\"width\":375,\"height\":150,\"caption\":\"Formaciones PhiAcademy - Phiseller Espa\u00f1a\"},\"image\":{\"@id\":\"https:\/\/nereumatias.com\/#\/schema\/logo\/image\/\"},\"sameAs\":[\"https:\/\/www.facebook.com\/nereumatias\"]}]}<\/script>\n<!-- \/ Yoast SEO plugin. -->","yoast_head_json":{"title":"PhiBright Serum 1 - 20ml - Formaciones PhiAcademy - Phiseller Espa\u00f1a","robots":{"index":"index","follow":"follow","max-snippet":"max-snippet:-1","max-image-preview":"max-image-preview:large","max-video-preview":"max-video-preview:-1"},"canonical":"https:\/\/nereumatias.com\/en\/product\/phibright-serum-1-20ml\/","og_locale":"en_GB","og_type":"article","og_title":"PhiBright Serum 1 - 20ml - Formaciones PhiAcademy - Phiseller Espa\u00f1a","og_description":"PhiBright Serum contiene Brightenyl, un complejo especial cuyo ingrediente activo principal, el \u00e1cido diglucosil g\u00e1lico, representa una nueva generaci\u00f3n de sustancias activadoras de la piel que comienzan a funcionar una vez que entran en contacto con la flora bacteriana natural de la piel.  Este complejo restaura y unifica la piel para una apariencia perfecta. Lo hace bloqueando el proceso de melanog\u00e9nesis en varios niveles, controlando as\u00ed el oscurecimiento de la piel y reduciendo la hiperpigmentaci\u00f3n. Tambi\u00e9n protege la piel e incluye un efecto calmante que reduce el enrojecimiento.  El suero hidratante proporciona una nutrici\u00f3n profunda de la piel y ayuda a nivelar la tez.  Esta f\u00f3rmula es rica en amino\u00e1cidos y complejos hidratantes que ayudan a nutrir y mantener la humedad en la piel seca y joven.  Componentes clave:  Amino\u00e1cidos (serina, alanina, glicina, \u00e1cido glut\u00e1mico, lisina HCl, treonina, arginina, prolina) \u00c1cido diglucosil g\u00e1lico, Extracto de corteza de Anogeissus Leiocarpa, Extracto de ra\u00edz de Vetiveria Zizanoides, Extracto de Rhodosorus Marinus,  C\u00f3mo utilizar  Una vez que haya preparado el suero de acuerdo con las instrucciones proporcionadas, aplique el producto durante el tratamiento con PhiBright.  Ingredientes  Aqua, Beta\u00edna, PCA de sodio, Lactato de sodio, PCA, Serina, Alanina, Glicina, \u00c1cido glut\u00e1mico, Lisina HCl, Treonina, Arginina, Prolina, Glicerina, \u00c1cido diglucos\u00edlico g\u00e1lico, Propanodiol, Extracto de corteza de leiocarpa Anogeissus, Extracto de zoroides de Vetiverus zizanoides. Extracto, gluc\u00f3sido de rosmarinilo, gluc\u00f3sido de cafeilo, gluc\u00f3sido de galilo, diglicerina, alcohol benc\u00edlico, \u00e1cido deshidroac\u00e9tico.","og_url":"https:\/\/nereumatias.com\/en\/product\/phibright-serum-1-20ml\/","og_site_name":"Formaciones PhiAcademy - Phiseller Espa\u00f1a","article_publisher":"https:\/\/www.facebook.com\/nereumatias","article_modified_time":"2023-02-20T12:55:15+00:00","og_image":[{"width":600,"height":800,"url":"https:\/\/nereumatias.com\/wp-content\/uploads\/2022\/12\/PhiBrightSerum1.jpg","type":"image\/jpeg"}],"twitter_card":"summary_large_image","schema":{"@context":"https:\/\/schema.org","@graph":[{"@type":"WebPage","@id":"https:\/\/nereumatias.com\/producto\/phibright-serum-1-20ml\/","url":"https:\/\/nereumatias.com\/producto\/phibright-serum-1-20ml\/","name":"PhiBright Serum 1 - 20ml - Formaciones PhiAcademy - Phiseller Espa\u00f1a","isPartOf":{"@id":"https:\/\/nereumatias.com\/#website"},"primaryImageOfPage":{"@id":"https:\/\/nereumatias.com\/producto\/phibright-serum-1-20ml\/#primaryimage"},"image":{"@id":"https:\/\/nereumatias.com\/producto\/phibright-serum-1-20ml\/#primaryimage"},"thumbnailUrl":"https:\/\/nereumatias.com\/wp-content\/uploads\/2022\/12\/PhiBrightSerum1.jpg","datePublished":"2021-07-08T03:40:54+00:00","dateModified":"2023-02-20T12:55:15+00:00","breadcrumb":{"@id":"https:\/\/nereumatias.com\/producto\/phibright-serum-1-20ml\/#breadcrumb"},"inLanguage":"en-GB","potentialAction":[{"@type":"ReadAction","target":["https:\/\/nereumatias.com\/producto\/phibright-serum-1-20ml\/"]}]},{"@type":"ImageObject","inLanguage":"en-GB","@id":"https:\/\/nereumatias.com\/producto\/phibright-serum-1-20ml\/#primaryimage","url":"https:\/\/nereumatias.com\/wp-content\/uploads\/2022\/12\/PhiBrightSerum1.jpg","contentUrl":"https:\/\/nereumatias.com\/wp-content\/uploads\/2022\/12\/PhiBrightSerum1.jpg","width":600,"height":800},{"@type":"BreadcrumbList","@id":"https:\/\/nereumatias.com\/producto\/phibright-serum-1-20ml\/#breadcrumb","itemListElement":[{"@type":"ListItem","position":1,"name":"Home","item":"https:\/\/nereumatias.com\/"},{"@type":"ListItem","position":2,"name":"Tienda","item":"https:\/\/nereumatias.com\/tienda-online\/"},{"@type":"ListItem","position":3,"name":"PhiBright Serum 1 &#8211; 20ml"}]},{"@type":"WebSite","@id":"https:\/\/nereumatias.com\/#website","url":"https:\/\/nereumatias.com\/","name":"Formaciones PhiAcademy - Phiseller Espa\u00f1a","description":"PhiAcademy","publisher":{"@id":"https:\/\/nereumatias.com\/#organization"},"potentialAction":[{"@type":"SearchAction","target":{"@type":"EntryPoint","urlTemplate":"https:\/\/nereumatias.com\/?s={search_term_string}"},"query-input":{"@type":"PropertyValueSpecification","valueRequired":true,"valueName":"search_term_string"}}],"inLanguage":"en-GB"},{"@type":"Organization","@id":"https:\/\/nereumatias.com\/#organization","name":"Formaciones PhiAcademy - Phiseller Espa\u00f1a","url":"https:\/\/nereumatias.com\/","logo":{"@type":"ImageObject","inLanguage":"en-GB","@id":"https:\/\/nereumatias.com\/#\/schema\/logo\/image\/","url":"https:\/\/nereumatias.com\/wp-content\/uploads\/2022\/09\/logo-phiseller-negro-150.png","contentUrl":"https:\/\/nereumatias.com\/wp-content\/uploads\/2022\/09\/logo-phiseller-negro-150.png","width":375,"height":150,"caption":"Formaciones PhiAcademy - Phiseller Espa\u00f1a"},"image":{"@id":"https:\/\/nereumatias.com\/#\/schema\/logo\/image\/"},"sameAs":["https:\/\/www.facebook.com\/nereumatias"]}]}},"_links":{"self":[{"href":"https:\/\/nereumatias.com\/en\/wp-json\/wp\/v2\/product\/41752","targetHints":{"allow":["GET"]}}],"collection":[{"href":"https:\/\/nereumatias.com\/en\/wp-json\/wp\/v2\/product"}],"about":[{"href":"https:\/\/nereumatias.com\/en\/wp-json\/wp\/v2\/types\/product"}],"replies":[{"embeddable":true,"href":"https:\/\/nereumatias.com\/en\/wp-json\/wp\/v2\/comments?post=41752"}],"version-history":[{"count":1,"href":"https:\/\/nereumatias.com\/en\/wp-json\/wp\/v2\/product\/41752\/revisions"}],"predecessor-version":[{"id":41753,"href":"https:\/\/nereumatias.com\/en\/wp-json\/wp\/v2\/product\/41752\/revisions\/41753"}],"wp:featuredmedia":[{"embeddable":true,"href":"https:\/\/nereumatias.com\/en\/wp-json\/wp\/v2\/media\/43416"}],"wp:attachment":[{"href":"https:\/\/nereumatias.com\/en\/wp-json\/wp\/v2\/media?parent=41752"}],"wp:term":[{"taxonomy":"product_brand","embeddable":true,"href":"https:\/\/nereumatias.com\/en\/wp-json\/wp\/v2\/product_brand?post=41752"},{"taxonomy":"product_cat","embeddable":true,"href":"https:\/\/nereumatias.com\/en\/wp-json\/wp\/v2\/product_cat?post=41752"},{"taxonomy":"product_tag","embeddable":true,"href":"https:\/\/nereumatias.com\/en\/wp-json\/wp\/v2\/product_tag?post=41752"}],"curies":[{"name":"wp","href":"https:\/\/api.w.org\/{rel}","templated":true}]}}