{"id":41750,"date":"2021-07-08T05:40:54","date_gmt":"2021-07-08T03:40:54","guid":{"rendered":"https:\/\/nereumatias.phiseller.com\/?post_type=product&#038;p=41750"},"modified":"2024-11-05T12:15:38","modified_gmt":"2024-11-05T11:15:38","slug":"intense-hydration-face-mask-1-x-5pcs","status":"publish","type":"product","link":"https:\/\/nereumatias.com\/en\/product\/intense-hydration-face-mask-1-x-5pcs\/","title":{"rendered":"Intense Hydration Face Mask 1 x 5pcs"},"content":{"rendered":"<p>This powerful combination of hyaluronic acid and other natural ingredients smoothes and refreshes the skin providing an exceptional moisturising effect, making the skin supple and glowing. This formula helps to combat the appearance of existing and new wrinkles.<\/p>\n<p><strong>contains 5 pieces<\/strong><\/p>\n<p><strong>INGREDIENTS<\/strong><\/p>\n<p>Aqua, allantoin, sodium hyaluronate, tremella fuciformis, polysaccharide, sodium lactate, dipotassium glycyrrhizate, trehalose, butylene glycol, propylene glycol, caprylic\/capric peptide, avena sativa (oat) peptide, dextran, ethoxygen, ethoxygen, hydroxyalkylene, hydroxyloxylene, hydroxyalkylene, ethoxyloxylene, hydroxyalkylene, hydroxyalkylene, hydroxyalkylene, hydroxyalkylene, hydroxyalkylene, hydroxyalkylene, hydroxyalkylene, hydroxyalkylene, hydroxyalkylene, hydroxyalkylene, hydroxyalkylene, hydroxyalkylenephenoxyalmethoxy, hydroxyalkoxygen, p. Ex.<\/p>\n<p>Key ingredients: allantoin, sodium hyaluronate, oat peptide, snowdrop mushroom polysaccharide, dipotassium glycyrrhizate<\/p>","protected":false},"excerpt":{"rendered":"<p>This powerful combination of hyaluronic acid and other natural ingredients smoothes and refreshes the skin providing an exceptional moisturising effect, making the skin supple and glowing. This formula helps to combat the appearance of existing and new wrinkles.<\/p>\n<p><strong>contains 5 pieces<\/strong><\/p>\n<p><strong>INGREDIENTS<\/strong><\/p>\n<p>Aqua, allantoin, sodium hyaluronate, tremella fuciformis, polysaccharide, sodium lactate, dipotassium glycyrrhizate, trehalose, butylene glycol, propylene glycol, caprylic\/capric peptide, avena sativa (oat) peptide, dextran, ethoxygen, ethoxygen, hydroxyalkylene, hydroxyloxylene, hydroxyalkylene, ethoxyloxylene, hydroxyalkylene, hydroxyalkylene, hydroxyalkylene, hydroxyalkylene, hydroxyalkylene, hydroxyalkylene, hydroxyalkylene, hydroxyalkylene, hydroxyalkylene, hydroxyalkylene, hydroxyalkylene, hydroxyalkylenephenoxyalmethoxy, hydroxyalkoxygen, p. Ex.<\/p>\n<p>Key ingredients: allantoin, sodium hyaluronate, oat peptide, snowdrop mushroom polysaccharide, dipotassium glycyrrhizate<\/p>","protected":false},"featured_media":45970,"comment_status":"open","ping_status":"closed","template":"","meta":{"_acf_changed":false,"_joinchat":[]},"product_brand":[],"product_cat":[74,69,48,70],"product_tag":[],"class_list":{"0":"post-41750","1":"product","2":"type-product","3":"status-publish","4":"has-post-thumbnail","6":"product_cat-during-after-treatment-philings","7":"product_cat-phibright","8":"product_cat-philings","9":"product_cat-products","11":"first","12":"instock","13":"taxable","14":"shipping-taxable","15":"purchasable","16":"product-type-simple"},"supplier_id":null,"supplier_sku":"","barcode":null,"atum_controlled":true,"out_stock_date":null,"out_stock_threshold":null,"inheritable":false,"inbound_stock":null,"stock_on_hold":0,"sold_today":0,"sales_last_days":0,"reserved_stock":null,"customer_returns":null,"warehouse_damage":null,"lost_in_post":null,"other_logs":null,"out_stock_days":0,"lost_sales":0,"has_location":false,"update_date":"2026-04-18T10:16:09","atum_locations":[],"atum_stock_status":"instock","restock_status":false,"low_stock_amount":0,"sales_update_date":"2026-04-18T10:16:09","calc_backorders":null,"acf":[],"yoast_head":"<!-- This site is optimized with the Yoast SEO plugin v24.8 - https:\/\/yoast.com\/wordpress\/plugins\/seo\/ -->\n<title>Intense Hydration Face Mask 1 x 5pcs - Formaciones PhiAcademy - Phiseller Espa\u00f1a<\/title>\n<meta name=\"robots\" content=\"index, follow, max-snippet:-1, max-image-preview:large, max-video-preview:-1\" \/>\n<link rel=\"canonical\" href=\"https:\/\/nereumatias.com\/en\/product\/intense-hydration-face-mask-1-x-5pcs\/\" \/>\n<meta property=\"og:locale\" content=\"en_GB\" \/>\n<meta property=\"og:type\" content=\"article\" \/>\n<meta property=\"og:title\" content=\"Intense Hydration Face Mask 1 x 5pcs - Formaciones PhiAcademy - Phiseller Espa\u00f1a\" \/>\n<meta property=\"og:description\" content=\"Esta poderosa combinaci\u00f3n de \u00e1cido hialur\u00f3nico y otros ingredientes naturales suaviza y refresca la piel proporcionando un efecto hidratante excepcional, haciendo que la piel sea flexible y brillante. Esta f\u00f3rmula ayuda a combatir la aparici\u00f3n de arrugas existentes y tambi\u00e9n nuevas.  contiene 5 piezas  INGREDIENTES  Aqua, alanto\u00edna, hialuronato de sodio, tremella fuciformis, polisac\u00e1rido, lactato de sodio, glicirrizaato de dipotasio, trehalosa, butilenglicol, propilenglicol, p\u00e9ptido capr\u00edlico \/ c\u00e1prico, avena sativa (avena) p\u00e9ptido, dextrano, etoxigeno, etoxigeno, hidroxialcefeno, hidroxiloxileno, hidroxialcefeno, etoxiloxileno, hidroxialcefeno, hidroxialcefeno, hidroxialcefeno, hidroxialcefeno, hidroxialcefeno, hidroxialcefeno, hidroxialcefeno, hidroxialcefeno, hidroxialcefeno, hidroxialcefenolefenoxialmetoxigeno, p. Ej.  Ingredientes clave: alanto\u00edna, hialuronato de sodio, p\u00e9ptido de avena, polisac\u00e1rido de hongo de nieve, glicirrizato de dipotasio\" \/>\n<meta property=\"og:url\" content=\"https:\/\/nereumatias.com\/en\/product\/intense-hydration-face-mask-1-x-5pcs\/\" \/>\n<meta property=\"og:site_name\" content=\"Formaciones PhiAcademy - Phiseller Espa\u00f1a\" \/>\n<meta property=\"article:publisher\" content=\"https:\/\/www.facebook.com\/nereumatias\" \/>\n<meta property=\"article:modified_time\" content=\"2024-11-05T11:15:38+00:00\" \/>\n<meta property=\"og:image\" content=\"https:\/\/nereumatias.com\/wp-content\/uploads\/2021\/07\/Captura-de-pantalla-2024-11-05-a-las-12.14.52.png\" \/>\n\t<meta property=\"og:image:width\" content=\"1664\" \/>\n\t<meta property=\"og:image:height\" content=\"1348\" \/>\n\t<meta property=\"og:image:type\" content=\"image\/png\" \/>\n<meta name=\"twitter:card\" content=\"summary_large_image\" \/>\n<script type=\"application\/ld+json\" class=\"yoast-schema-graph\">{\"@context\":\"https:\/\/schema.org\",\"@graph\":[{\"@type\":\"WebPage\",\"@id\":\"https:\/\/nereumatias.com\/producto\/intense-hydration-face-mask-1-x-5pcs\/\",\"url\":\"https:\/\/nereumatias.com\/producto\/intense-hydration-face-mask-1-x-5pcs\/\",\"name\":\"Intense Hydration Face Mask 1 x 5pcs - Formaciones PhiAcademy - Phiseller Espa\u00f1a\",\"isPartOf\":{\"@id\":\"https:\/\/nereumatias.com\/#website\"},\"primaryImageOfPage\":{\"@id\":\"https:\/\/nereumatias.com\/producto\/intense-hydration-face-mask-1-x-5pcs\/#primaryimage\"},\"image\":{\"@id\":\"https:\/\/nereumatias.com\/producto\/intense-hydration-face-mask-1-x-5pcs\/#primaryimage\"},\"thumbnailUrl\":\"https:\/\/nereumatias.com\/wp-content\/uploads\/2021\/07\/Captura-de-pantalla-2024-11-05-a-las-12.14.52.png\",\"datePublished\":\"2021-07-08T03:40:54+00:00\",\"dateModified\":\"2024-11-05T11:15:38+00:00\",\"breadcrumb\":{\"@id\":\"https:\/\/nereumatias.com\/producto\/intense-hydration-face-mask-1-x-5pcs\/#breadcrumb\"},\"inLanguage\":\"en-GB\",\"potentialAction\":[{\"@type\":\"ReadAction\",\"target\":[\"https:\/\/nereumatias.com\/producto\/intense-hydration-face-mask-1-x-5pcs\/\"]}]},{\"@type\":\"ImageObject\",\"inLanguage\":\"en-GB\",\"@id\":\"https:\/\/nereumatias.com\/producto\/intense-hydration-face-mask-1-x-5pcs\/#primaryimage\",\"url\":\"https:\/\/nereumatias.com\/wp-content\/uploads\/2021\/07\/Captura-de-pantalla-2024-11-05-a-las-12.14.52.png\",\"contentUrl\":\"https:\/\/nereumatias.com\/wp-content\/uploads\/2021\/07\/Captura-de-pantalla-2024-11-05-a-las-12.14.52.png\",\"width\":1664,\"height\":1348},{\"@type\":\"BreadcrumbList\",\"@id\":\"https:\/\/nereumatias.com\/producto\/intense-hydration-face-mask-1-x-5pcs\/#breadcrumb\",\"itemListElement\":[{\"@type\":\"ListItem\",\"position\":1,\"name\":\"Home\",\"item\":\"https:\/\/nereumatias.com\/\"},{\"@type\":\"ListItem\",\"position\":2,\"name\":\"Tienda\",\"item\":\"https:\/\/nereumatias.com\/tienda-online\/\"},{\"@type\":\"ListItem\",\"position\":3,\"name\":\"Intense Hydration Face Mask 1 x 5pcs\"}]},{\"@type\":\"WebSite\",\"@id\":\"https:\/\/nereumatias.com\/#website\",\"url\":\"https:\/\/nereumatias.com\/\",\"name\":\"Formaciones PhiAcademy - Phiseller Espa\u00f1a\",\"description\":\"PhiAcademy\",\"publisher\":{\"@id\":\"https:\/\/nereumatias.com\/#organization\"},\"potentialAction\":[{\"@type\":\"SearchAction\",\"target\":{\"@type\":\"EntryPoint\",\"urlTemplate\":\"https:\/\/nereumatias.com\/?s={search_term_string}\"},\"query-input\":{\"@type\":\"PropertyValueSpecification\",\"valueRequired\":true,\"valueName\":\"search_term_string\"}}],\"inLanguage\":\"en-GB\"},{\"@type\":\"Organization\",\"@id\":\"https:\/\/nereumatias.com\/#organization\",\"name\":\"Formaciones PhiAcademy - Phiseller Espa\u00f1a\",\"url\":\"https:\/\/nereumatias.com\/\",\"logo\":{\"@type\":\"ImageObject\",\"inLanguage\":\"en-GB\",\"@id\":\"https:\/\/nereumatias.com\/#\/schema\/logo\/image\/\",\"url\":\"https:\/\/nereumatias.com\/wp-content\/uploads\/2022\/09\/logo-phiseller-negro-150.png\",\"contentUrl\":\"https:\/\/nereumatias.com\/wp-content\/uploads\/2022\/09\/logo-phiseller-negro-150.png\",\"width\":375,\"height\":150,\"caption\":\"Formaciones PhiAcademy - Phiseller Espa\u00f1a\"},\"image\":{\"@id\":\"https:\/\/nereumatias.com\/#\/schema\/logo\/image\/\"},\"sameAs\":[\"https:\/\/www.facebook.com\/nereumatias\"]}]}<\/script>\n<!-- \/ Yoast SEO plugin. -->","yoast_head_json":{"title":"Intense Hydration Face Mask 1 x 5pcs - Formaciones PhiAcademy - Phiseller Espa\u00f1a","robots":{"index":"index","follow":"follow","max-snippet":"max-snippet:-1","max-image-preview":"max-image-preview:large","max-video-preview":"max-video-preview:-1"},"canonical":"https:\/\/nereumatias.com\/en\/product\/intense-hydration-face-mask-1-x-5pcs\/","og_locale":"en_GB","og_type":"article","og_title":"Intense Hydration Face Mask 1 x 5pcs - Formaciones PhiAcademy - Phiseller Espa\u00f1a","og_description":"Esta poderosa combinaci\u00f3n de \u00e1cido hialur\u00f3nico y otros ingredientes naturales suaviza y refresca la piel proporcionando un efecto hidratante excepcional, haciendo que la piel sea flexible y brillante. Esta f\u00f3rmula ayuda a combatir la aparici\u00f3n de arrugas existentes y tambi\u00e9n nuevas.  contiene 5 piezas  INGREDIENTES  Aqua, alanto\u00edna, hialuronato de sodio, tremella fuciformis, polisac\u00e1rido, lactato de sodio, glicirrizaato de dipotasio, trehalosa, butilenglicol, propilenglicol, p\u00e9ptido capr\u00edlico \/ c\u00e1prico, avena sativa (avena) p\u00e9ptido, dextrano, etoxigeno, etoxigeno, hidroxialcefeno, hidroxiloxileno, hidroxialcefeno, etoxiloxileno, hidroxialcefeno, hidroxialcefeno, hidroxialcefeno, hidroxialcefeno, hidroxialcefeno, hidroxialcefeno, hidroxialcefeno, hidroxialcefeno, hidroxialcefeno, hidroxialcefenolefenoxialmetoxigeno, p. Ej.  Ingredientes clave: alanto\u00edna, hialuronato de sodio, p\u00e9ptido de avena, polisac\u00e1rido de hongo de nieve, glicirrizato de dipotasio","og_url":"https:\/\/nereumatias.com\/en\/product\/intense-hydration-face-mask-1-x-5pcs\/","og_site_name":"Formaciones PhiAcademy - Phiseller Espa\u00f1a","article_publisher":"https:\/\/www.facebook.com\/nereumatias","article_modified_time":"2024-11-05T11:15:38+00:00","og_image":[{"width":1664,"height":1348,"url":"https:\/\/nereumatias.com\/wp-content\/uploads\/2021\/07\/Captura-de-pantalla-2024-11-05-a-las-12.14.52.png","type":"image\/png"}],"twitter_card":"summary_large_image","schema":{"@context":"https:\/\/schema.org","@graph":[{"@type":"WebPage","@id":"https:\/\/nereumatias.com\/producto\/intense-hydration-face-mask-1-x-5pcs\/","url":"https:\/\/nereumatias.com\/producto\/intense-hydration-face-mask-1-x-5pcs\/","name":"Intense Hydration Face Mask 1 x 5pcs - Formaciones PhiAcademy - Phiseller Espa\u00f1a","isPartOf":{"@id":"https:\/\/nereumatias.com\/#website"},"primaryImageOfPage":{"@id":"https:\/\/nereumatias.com\/producto\/intense-hydration-face-mask-1-x-5pcs\/#primaryimage"},"image":{"@id":"https:\/\/nereumatias.com\/producto\/intense-hydration-face-mask-1-x-5pcs\/#primaryimage"},"thumbnailUrl":"https:\/\/nereumatias.com\/wp-content\/uploads\/2021\/07\/Captura-de-pantalla-2024-11-05-a-las-12.14.52.png","datePublished":"2021-07-08T03:40:54+00:00","dateModified":"2024-11-05T11:15:38+00:00","breadcrumb":{"@id":"https:\/\/nereumatias.com\/producto\/intense-hydration-face-mask-1-x-5pcs\/#breadcrumb"},"inLanguage":"en-GB","potentialAction":[{"@type":"ReadAction","target":["https:\/\/nereumatias.com\/producto\/intense-hydration-face-mask-1-x-5pcs\/"]}]},{"@type":"ImageObject","inLanguage":"en-GB","@id":"https:\/\/nereumatias.com\/producto\/intense-hydration-face-mask-1-x-5pcs\/#primaryimage","url":"https:\/\/nereumatias.com\/wp-content\/uploads\/2021\/07\/Captura-de-pantalla-2024-11-05-a-las-12.14.52.png","contentUrl":"https:\/\/nereumatias.com\/wp-content\/uploads\/2021\/07\/Captura-de-pantalla-2024-11-05-a-las-12.14.52.png","width":1664,"height":1348},{"@type":"BreadcrumbList","@id":"https:\/\/nereumatias.com\/producto\/intense-hydration-face-mask-1-x-5pcs\/#breadcrumb","itemListElement":[{"@type":"ListItem","position":1,"name":"Home","item":"https:\/\/nereumatias.com\/"},{"@type":"ListItem","position":2,"name":"Tienda","item":"https:\/\/nereumatias.com\/tienda-online\/"},{"@type":"ListItem","position":3,"name":"Intense Hydration Face Mask 1 x 5pcs"}]},{"@type":"WebSite","@id":"https:\/\/nereumatias.com\/#website","url":"https:\/\/nereumatias.com\/","name":"Formaciones PhiAcademy - Phiseller Espa\u00f1a","description":"PhiAcademy","publisher":{"@id":"https:\/\/nereumatias.com\/#organization"},"potentialAction":[{"@type":"SearchAction","target":{"@type":"EntryPoint","urlTemplate":"https:\/\/nereumatias.com\/?s={search_term_string}"},"query-input":{"@type":"PropertyValueSpecification","valueRequired":true,"valueName":"search_term_string"}}],"inLanguage":"en-GB"},{"@type":"Organization","@id":"https:\/\/nereumatias.com\/#organization","name":"Formaciones PhiAcademy - Phiseller Espa\u00f1a","url":"https:\/\/nereumatias.com\/","logo":{"@type":"ImageObject","inLanguage":"en-GB","@id":"https:\/\/nereumatias.com\/#\/schema\/logo\/image\/","url":"https:\/\/nereumatias.com\/wp-content\/uploads\/2022\/09\/logo-phiseller-negro-150.png","contentUrl":"https:\/\/nereumatias.com\/wp-content\/uploads\/2022\/09\/logo-phiseller-negro-150.png","width":375,"height":150,"caption":"Formaciones PhiAcademy - Phiseller Espa\u00f1a"},"image":{"@id":"https:\/\/nereumatias.com\/#\/schema\/logo\/image\/"},"sameAs":["https:\/\/www.facebook.com\/nereumatias"]}]}},"_links":{"self":[{"href":"https:\/\/nereumatias.com\/en\/wp-json\/wp\/v2\/product\/41750","targetHints":{"allow":["GET"]}}],"collection":[{"href":"https:\/\/nereumatias.com\/en\/wp-json\/wp\/v2\/product"}],"about":[{"href":"https:\/\/nereumatias.com\/en\/wp-json\/wp\/v2\/types\/product"}],"replies":[{"embeddable":true,"href":"https:\/\/nereumatias.com\/en\/wp-json\/wp\/v2\/comments?post=41750"}],"version-history":[{"count":1,"href":"https:\/\/nereumatias.com\/en\/wp-json\/wp\/v2\/product\/41750\/revisions"}],"predecessor-version":[{"id":41751,"href":"https:\/\/nereumatias.com\/en\/wp-json\/wp\/v2\/product\/41750\/revisions\/41751"}],"wp:featuredmedia":[{"embeddable":true,"href":"https:\/\/nereumatias.com\/en\/wp-json\/wp\/v2\/media\/45970"}],"wp:attachment":[{"href":"https:\/\/nereumatias.com\/en\/wp-json\/wp\/v2\/media?parent=41750"}],"wp:term":[{"taxonomy":"product_brand","embeddable":true,"href":"https:\/\/nereumatias.com\/en\/wp-json\/wp\/v2\/product_brand?post=41750"},{"taxonomy":"product_cat","embeddable":true,"href":"https:\/\/nereumatias.com\/en\/wp-json\/wp\/v2\/product_cat?post=41750"},{"taxonomy":"product_tag","embeddable":true,"href":"https:\/\/nereumatias.com\/en\/wp-json\/wp\/v2\/product_tag?post=41750"}],"curies":[{"name":"wp","href":"https:\/\/api.w.org\/{rel}","templated":true}]}}