{"id":41742,"date":"2021-07-08T05:40:54","date_gmt":"2021-07-08T03:40:54","guid":{"rendered":"https:\/\/nereumatias.phiseller.com\/?post_type=product&#038;p=41742"},"modified":"2026-03-24T16:22:03","modified_gmt":"2026-03-24T15:22:03","slug":"tango-collagen-booster-cream-50ml","status":"publish","type":"product","link":"https:\/\/nereumatias.com\/en\/product\/tango-collagen-booster-cream-50ml\/","title":{"rendered":"PhiBrows Microblading Microblading Basic Pencil Collection SUPER"},"content":{"rendered":"<p>Product information \"PhiBrows Microblading Basic Pigment Collection SUPER\".<br \/>\nThis PhiBrows Microblading Basic Pigment Collection SUPER includes 3 x 5 ml SUPER pigments.<\/p>\n<p>Matching the pigment to the client's hair colour is crucial to the success of the microblading results. In this set are the base colours, which must be mixed to create custom blends. Therefore, it is best suited for advanced artists with knowledge of pigment mixing.<\/p>\n<p>This 3-piece Microblading SUPER pigment set consists of:<\/p>\n<p>1x 5ml Black<\/p>\n<p>1x 5ml Yellow<\/p>\n<p>1x 5ml Red<\/p>\n<p>These three base pigments are intended to be mixed to create a great colour combination for each client, regardless of natural hair colour. This can be achieved through colour theory training in microblading.<\/p>\n<p>By combining black, yellow (both synthetic based) and red (iron oxide based) pigment shades, our SUPER pigments have optimised colour stability and warmth. This creates impressive and longer lasting colour results after microblading treatment.<\/p>\n<p>All our SUPER Pigments are:<\/p>\n<p>hypoallergenic<\/p>\n<p>have not been tested on animals<\/p>\n<p>vegans<\/p>\n<p>comply with EU safety regulations.<\/p>\n<p> PhiBrows pigments contain clean ingredients, which are blended to give long lasting colour. After years of research, the blends have been optimised with safety and customer satisfaction as the main focus.<\/p>\n<p>SUPER pigments are stable, which prevents the colour from spreading under the skin. This results in precise, well-defined and long-lasting strokes.<\/p>\n<p>**PIGMENT NOT APPROVED IN SPAIN, USE ONLY FOR LATEX PRACTICE**.<\/p>","protected":false},"excerpt":{"rendered":"<p>Product information \"PhiBrows Microblading Basic Pigment Collection SUPER\".<br \/>\nThis PhiBrows Microblading Basic Pigment Collection SUPER includes 3 x 5 ml SUPER pigments.<\/p>\n<p>Matching the pigment to the client's hair colour is crucial to the success of the microblading results. In this set are the base colours, which must be mixed to create custom blends. Therefore, it is best suited for advanced artists with knowledge of pigment mixing.<\/p>\n<p>This 3-piece Microblading SUPER pigment set consists of:<\/p>\n<p>1x 5ml Black<\/p>\n<p>1x 5ml Yellow<\/p>\n<p>1x 5ml Red<\/p>\n<p>These three base pigments are intended to be mixed to create a great colour combination for each client, regardless of natural hair colour. This can be achieved through colour theory training in microblading.<\/p>\n<p>By combining black, yellow (both synthetic based) and red (iron oxide based) pigment shades, our SUPER pigments have optimised colour stability and warmth. This creates impressive and longer lasting colour results after microblading treatment.<\/p>\n<p>All our SUPER Pigments are:<\/p>\n<p>hypoallergenic<\/p>\n<p>have not been tested on animals<\/p>\n<p>vegans<\/p>\n<p>comply with EU safety regulations.<\/p>\n<p> PhiBrows pigments contain clean ingredients, which are blended to give long lasting colour. After years of research, the blends have been optimised with safety and customer satisfaction as the main focus.<\/p>\n<p>SUPER pigments are stable, which prevents the colour from spreading under the skin. This results in precise, well-defined and long-lasting strokes.<\/p>\n<p>**PIGMENT NOT APPROVED IN SPAIN, USE ONLY FOR LATEX PRACTICE**.<\/p>","protected":false},"featured_media":43402,"comment_status":"open","ping_status":"closed","template":"","meta":{"_acf_changed":false,"_joinchat":[]},"product_brand":[],"product_cat":[51,69,48,70],"product_tag":[],"class_list":{"0":"post-41742","1":"product","2":"type-product","3":"status-publish","4":"has-post-thumbnail","6":"product_cat-gels-creams","7":"product_cat-phibright","8":"product_cat-philings","9":"product_cat-products","11":"first","12":"instock","13":"taxable","14":"shipping-taxable","15":"purchasable","16":"product-type-simple"},"supplier_id":null,"supplier_sku":"","barcode":null,"atum_controlled":true,"out_stock_date":null,"out_stock_threshold":null,"inheritable":false,"inbound_stock":null,"stock_on_hold":0,"sold_today":0,"sales_last_days":0,"reserved_stock":null,"customer_returns":null,"warehouse_damage":null,"lost_in_post":null,"other_logs":null,"out_stock_days":0,"lost_sales":0,"has_location":null,"update_date":"2026-04-19T10:16:28","atum_locations":[],"atum_stock_status":"instock","restock_status":false,"low_stock_amount":0,"sales_update_date":"2026-04-19T10:16:28","calc_backorders":0,"acf":[],"yoast_head":"<!-- This site is optimized with the Yoast SEO plugin v24.8 - https:\/\/yoast.com\/wordpress\/plugins\/seo\/ -->\n<title>PhiBrows Microblading Basic Lapiz Collection SUPER - Formaciones PhiAcademy - Phiseller Espa\u00f1a<\/title>\n<meta name=\"robots\" content=\"index, follow, max-snippet:-1, max-image-preview:large, max-video-preview:-1\" \/>\n<link rel=\"canonical\" href=\"https:\/\/nereumatias.com\/en\/product\/tango-collagen-booster-cream-50ml\/\" \/>\n<meta property=\"og:locale\" content=\"en_GB\" \/>\n<meta property=\"og:type\" content=\"article\" \/>\n<meta property=\"og:title\" content=\"PhiBrows Microblading Basic Lapiz Collection SUPER - Formaciones PhiAcademy - Phiseller Espa\u00f1a\" \/>\n<meta property=\"og:description\" content=\"Informaci\u00f3n sobre el producto &quot;PhiBrows Microblading Basic Pigment Collection SUPER&quot; Este PhiBrows Microblading Basic Pigment Collection SUPER incluye 3 pigmentos SUPER de 5 ml.  La adaptaci\u00f3n del pigmento al color del cabello del cliente es crucial para el \u00e9xito de los resultados del microblading. En este set se encuentran los colores base, que deben mezclarse para crear mezclas personalizadas. Por lo tanto, es m\u00e1s adecuado para artistas avanzados con conocimientos de mezcla de pigmentos.     Este set de pigmentos Microblading SUPER de 3 piezas se compone de:  1x 5ml Black  1x 5ml Yellow  1x 5ml Red     Estos tres pigmentos base est\u00e1n destinados a ser mezclados para crear una gran combinaci\u00f3n de colores para cada cliente, independientemente de color de pelo natural. Esto se puede conseguir mediante la teor\u00eda del color de la formaci\u00f3n en microblading.  Al combinar tonos de pigmentos negros, amarillos (ambos de base sint\u00e9tica) y rojos (de base de \u00f3xido de hierro), nuestros pigmentos SUPER han optimizado la estabilidad y la calidez del color. Esto crea resultados de color impresionantes y m\u00e1s duraderos despu\u00e9s del tratamiento de microblading.     Todos nuestros SUPER Pigmentos son:  hipoalerg\u00e9nicos  no han sido probados en animales  veganos  cumplen la reglamentaci\u00f3n de seguridad de la UE.   Los pigmentos PhiBrows contienen ingredientes limpios, que se mezclan para dar un color de larga duraci\u00f3n. Despu\u00e9s de a\u00f1os de investigaci\u00f3n, las mezclas se han optimizado con la seguridad y la satisfacci\u00f3n del cliente como principal objetivo.  Los pigmentos SUPER son estables, lo que evita que el color se extienda bajo la piel. De este modo, se obtienen trazos precisos, bien definidos y duraderos.  **PIGMENTO NO HOMOLOGADO EN ESPA\u00d1A, USAR S\u00d3LO PARA PR\u00c1CTICAS EN L\u00c1TEX**\" \/>\n<meta property=\"og:url\" content=\"https:\/\/nereumatias.com\/en\/product\/tango-collagen-booster-cream-50ml\/\" \/>\n<meta property=\"og:site_name\" content=\"Formaciones PhiAcademy - Phiseller Espa\u00f1a\" \/>\n<meta property=\"article:publisher\" content=\"https:\/\/www.facebook.com\/nereumatias\" \/>\n<meta property=\"article:modified_time\" content=\"2026-03-24T15:22:03+00:00\" \/>\n<meta property=\"og:image\" content=\"https:\/\/nereumatias.com\/wp-content\/uploads\/2022\/12\/f00549eae2c73e729e866c82cc2af257_1920x1920.jpeg\" \/>\n\t<meta property=\"og:image:width\" content=\"600\" \/>\n\t<meta property=\"og:image:height\" content=\"800\" \/>\n\t<meta property=\"og:image:type\" content=\"image\/jpeg\" \/>\n<meta name=\"twitter:card\" content=\"summary_large_image\" \/>\n<script type=\"application\/ld+json\" class=\"yoast-schema-graph\">{\"@context\":\"https:\/\/schema.org\",\"@graph\":[{\"@type\":\"WebPage\",\"@id\":\"https:\/\/nereumatias.com\/producto\/tango-collagen-booster-cream-50ml\/\",\"url\":\"https:\/\/nereumatias.com\/producto\/tango-collagen-booster-cream-50ml\/\",\"name\":\"PhiBrows Microblading Basic Lapiz Collection SUPER - Formaciones PhiAcademy - Phiseller Espa\u00f1a\",\"isPartOf\":{\"@id\":\"https:\/\/nereumatias.com\/#website\"},\"primaryImageOfPage\":{\"@id\":\"https:\/\/nereumatias.com\/producto\/tango-collagen-booster-cream-50ml\/#primaryimage\"},\"image\":{\"@id\":\"https:\/\/nereumatias.com\/producto\/tango-collagen-booster-cream-50ml\/#primaryimage\"},\"thumbnailUrl\":\"https:\/\/nereumatias.com\/wp-content\/uploads\/2022\/12\/f00549eae2c73e729e866c82cc2af257_1920x1920.jpeg\",\"datePublished\":\"2021-07-08T03:40:54+00:00\",\"dateModified\":\"2026-03-24T15:22:03+00:00\",\"breadcrumb\":{\"@id\":\"https:\/\/nereumatias.com\/producto\/tango-collagen-booster-cream-50ml\/#breadcrumb\"},\"inLanguage\":\"en-GB\",\"potentialAction\":[{\"@type\":\"ReadAction\",\"target\":[\"https:\/\/nereumatias.com\/producto\/tango-collagen-booster-cream-50ml\/\"]}]},{\"@type\":\"ImageObject\",\"inLanguage\":\"en-GB\",\"@id\":\"https:\/\/nereumatias.com\/producto\/tango-collagen-booster-cream-50ml\/#primaryimage\",\"url\":\"https:\/\/nereumatias.com\/wp-content\/uploads\/2022\/12\/f00549eae2c73e729e866c82cc2af257_1920x1920.jpeg\",\"contentUrl\":\"https:\/\/nereumatias.com\/wp-content\/uploads\/2022\/12\/f00549eae2c73e729e866c82cc2af257_1920x1920.jpeg\",\"width\":600,\"height\":800},{\"@type\":\"BreadcrumbList\",\"@id\":\"https:\/\/nereumatias.com\/producto\/tango-collagen-booster-cream-50ml\/#breadcrumb\",\"itemListElement\":[{\"@type\":\"ListItem\",\"position\":1,\"name\":\"Home\",\"item\":\"https:\/\/nereumatias.com\/\"},{\"@type\":\"ListItem\",\"position\":2,\"name\":\"Tienda\",\"item\":\"https:\/\/nereumatias.com\/tienda-online\/\"},{\"@type\":\"ListItem\",\"position\":3,\"name\":\"PhiBrows Microblading Basic Lapiz Collection SUPER\"}]},{\"@type\":\"WebSite\",\"@id\":\"https:\/\/nereumatias.com\/#website\",\"url\":\"https:\/\/nereumatias.com\/\",\"name\":\"Formaciones PhiAcademy - Phiseller Espa\u00f1a\",\"description\":\"PhiAcademy\",\"publisher\":{\"@id\":\"https:\/\/nereumatias.com\/#organization\"},\"potentialAction\":[{\"@type\":\"SearchAction\",\"target\":{\"@type\":\"EntryPoint\",\"urlTemplate\":\"https:\/\/nereumatias.com\/?s={search_term_string}\"},\"query-input\":{\"@type\":\"PropertyValueSpecification\",\"valueRequired\":true,\"valueName\":\"search_term_string\"}}],\"inLanguage\":\"en-GB\"},{\"@type\":\"Organization\",\"@id\":\"https:\/\/nereumatias.com\/#organization\",\"name\":\"Formaciones PhiAcademy - Phiseller Espa\u00f1a\",\"url\":\"https:\/\/nereumatias.com\/\",\"logo\":{\"@type\":\"ImageObject\",\"inLanguage\":\"en-GB\",\"@id\":\"https:\/\/nereumatias.com\/#\/schema\/logo\/image\/\",\"url\":\"https:\/\/nereumatias.com\/wp-content\/uploads\/2022\/09\/logo-phiseller-negro-150.png\",\"contentUrl\":\"https:\/\/nereumatias.com\/wp-content\/uploads\/2022\/09\/logo-phiseller-negro-150.png\",\"width\":375,\"height\":150,\"caption\":\"Formaciones PhiAcademy - Phiseller Espa\u00f1a\"},\"image\":{\"@id\":\"https:\/\/nereumatias.com\/#\/schema\/logo\/image\/\"},\"sameAs\":[\"https:\/\/www.facebook.com\/nereumatias\"]}]}<\/script>\n<!-- \/ Yoast SEO plugin. -->","yoast_head_json":{"title":"PhiBrows Microblading Basic Lapiz Collection SUPER - Formaciones PhiAcademy - Phiseller Espa\u00f1a","robots":{"index":"index","follow":"follow","max-snippet":"max-snippet:-1","max-image-preview":"max-image-preview:large","max-video-preview":"max-video-preview:-1"},"canonical":"https:\/\/nereumatias.com\/en\/product\/tango-collagen-booster-cream-50ml\/","og_locale":"en_GB","og_type":"article","og_title":"PhiBrows Microblading Basic Lapiz Collection SUPER - Formaciones PhiAcademy - Phiseller Espa\u00f1a","og_description":"Informaci\u00f3n sobre el producto \"PhiBrows Microblading Basic Pigment Collection SUPER\" Este PhiBrows Microblading Basic Pigment Collection SUPER incluye 3 pigmentos SUPER de 5 ml.  La adaptaci\u00f3n del pigmento al color del cabello del cliente es crucial para el \u00e9xito de los resultados del microblading. En este set se encuentran los colores base, que deben mezclarse para crear mezclas personalizadas. Por lo tanto, es m\u00e1s adecuado para artistas avanzados con conocimientos de mezcla de pigmentos.     Este set de pigmentos Microblading SUPER de 3 piezas se compone de:  1x 5ml Black  1x 5ml Yellow  1x 5ml Red     Estos tres pigmentos base est\u00e1n destinados a ser mezclados para crear una gran combinaci\u00f3n de colores para cada cliente, independientemente de color de pelo natural. Esto se puede conseguir mediante la teor\u00eda del color de la formaci\u00f3n en microblading.  Al combinar tonos de pigmentos negros, amarillos (ambos de base sint\u00e9tica) y rojos (de base de \u00f3xido de hierro), nuestros pigmentos SUPER han optimizado la estabilidad y la calidez del color. Esto crea resultados de color impresionantes y m\u00e1s duraderos despu\u00e9s del tratamiento de microblading.     Todos nuestros SUPER Pigmentos son:  hipoalerg\u00e9nicos  no han sido probados en animales  veganos  cumplen la reglamentaci\u00f3n de seguridad de la UE.   Los pigmentos PhiBrows contienen ingredientes limpios, que se mezclan para dar un color de larga duraci\u00f3n. Despu\u00e9s de a\u00f1os de investigaci\u00f3n, las mezclas se han optimizado con la seguridad y la satisfacci\u00f3n del cliente como principal objetivo.  Los pigmentos SUPER son estables, lo que evita que el color se extienda bajo la piel. De este modo, se obtienen trazos precisos, bien definidos y duraderos.  **PIGMENTO NO HOMOLOGADO EN ESPA\u00d1A, USAR S\u00d3LO PARA PR\u00c1CTICAS EN L\u00c1TEX**","og_url":"https:\/\/nereumatias.com\/en\/product\/tango-collagen-booster-cream-50ml\/","og_site_name":"Formaciones PhiAcademy - Phiseller Espa\u00f1a","article_publisher":"https:\/\/www.facebook.com\/nereumatias","article_modified_time":"2026-03-24T15:22:03+00:00","og_image":[{"width":600,"height":800,"url":"https:\/\/nereumatias.com\/wp-content\/uploads\/2022\/12\/f00549eae2c73e729e866c82cc2af257_1920x1920.jpeg","type":"image\/jpeg"}],"twitter_card":"summary_large_image","schema":{"@context":"https:\/\/schema.org","@graph":[{"@type":"WebPage","@id":"https:\/\/nereumatias.com\/producto\/tango-collagen-booster-cream-50ml\/","url":"https:\/\/nereumatias.com\/producto\/tango-collagen-booster-cream-50ml\/","name":"PhiBrows Microblading Basic Lapiz Collection SUPER - Formaciones PhiAcademy - Phiseller Espa\u00f1a","isPartOf":{"@id":"https:\/\/nereumatias.com\/#website"},"primaryImageOfPage":{"@id":"https:\/\/nereumatias.com\/producto\/tango-collagen-booster-cream-50ml\/#primaryimage"},"image":{"@id":"https:\/\/nereumatias.com\/producto\/tango-collagen-booster-cream-50ml\/#primaryimage"},"thumbnailUrl":"https:\/\/nereumatias.com\/wp-content\/uploads\/2022\/12\/f00549eae2c73e729e866c82cc2af257_1920x1920.jpeg","datePublished":"2021-07-08T03:40:54+00:00","dateModified":"2026-03-24T15:22:03+00:00","breadcrumb":{"@id":"https:\/\/nereumatias.com\/producto\/tango-collagen-booster-cream-50ml\/#breadcrumb"},"inLanguage":"en-GB","potentialAction":[{"@type":"ReadAction","target":["https:\/\/nereumatias.com\/producto\/tango-collagen-booster-cream-50ml\/"]}]},{"@type":"ImageObject","inLanguage":"en-GB","@id":"https:\/\/nereumatias.com\/producto\/tango-collagen-booster-cream-50ml\/#primaryimage","url":"https:\/\/nereumatias.com\/wp-content\/uploads\/2022\/12\/f00549eae2c73e729e866c82cc2af257_1920x1920.jpeg","contentUrl":"https:\/\/nereumatias.com\/wp-content\/uploads\/2022\/12\/f00549eae2c73e729e866c82cc2af257_1920x1920.jpeg","width":600,"height":800},{"@type":"BreadcrumbList","@id":"https:\/\/nereumatias.com\/producto\/tango-collagen-booster-cream-50ml\/#breadcrumb","itemListElement":[{"@type":"ListItem","position":1,"name":"Home","item":"https:\/\/nereumatias.com\/"},{"@type":"ListItem","position":2,"name":"Tienda","item":"https:\/\/nereumatias.com\/tienda-online\/"},{"@type":"ListItem","position":3,"name":"PhiBrows Microblading Basic Lapiz Collection SUPER"}]},{"@type":"WebSite","@id":"https:\/\/nereumatias.com\/#website","url":"https:\/\/nereumatias.com\/","name":"Formaciones PhiAcademy - Phiseller Espa\u00f1a","description":"PhiAcademy","publisher":{"@id":"https:\/\/nereumatias.com\/#organization"},"potentialAction":[{"@type":"SearchAction","target":{"@type":"EntryPoint","urlTemplate":"https:\/\/nereumatias.com\/?s={search_term_string}"},"query-input":{"@type":"PropertyValueSpecification","valueRequired":true,"valueName":"search_term_string"}}],"inLanguage":"en-GB"},{"@type":"Organization","@id":"https:\/\/nereumatias.com\/#organization","name":"Formaciones PhiAcademy - Phiseller Espa\u00f1a","url":"https:\/\/nereumatias.com\/","logo":{"@type":"ImageObject","inLanguage":"en-GB","@id":"https:\/\/nereumatias.com\/#\/schema\/logo\/image\/","url":"https:\/\/nereumatias.com\/wp-content\/uploads\/2022\/09\/logo-phiseller-negro-150.png","contentUrl":"https:\/\/nereumatias.com\/wp-content\/uploads\/2022\/09\/logo-phiseller-negro-150.png","width":375,"height":150,"caption":"Formaciones PhiAcademy - Phiseller Espa\u00f1a"},"image":{"@id":"https:\/\/nereumatias.com\/#\/schema\/logo\/image\/"},"sameAs":["https:\/\/www.facebook.com\/nereumatias"]}]}},"_links":{"self":[{"href":"https:\/\/nereumatias.com\/en\/wp-json\/wp\/v2\/product\/41742","targetHints":{"allow":["GET"]}}],"collection":[{"href":"https:\/\/nereumatias.com\/en\/wp-json\/wp\/v2\/product"}],"about":[{"href":"https:\/\/nereumatias.com\/en\/wp-json\/wp\/v2\/types\/product"}],"replies":[{"embeddable":true,"href":"https:\/\/nereumatias.com\/en\/wp-json\/wp\/v2\/comments?post=41742"}],"version-history":[{"count":1,"href":"https:\/\/nereumatias.com\/en\/wp-json\/wp\/v2\/product\/41742\/revisions"}],"predecessor-version":[{"id":41743,"href":"https:\/\/nereumatias.com\/en\/wp-json\/wp\/v2\/product\/41742\/revisions\/41743"}],"wp:featuredmedia":[{"embeddable":true,"href":"https:\/\/nereumatias.com\/en\/wp-json\/wp\/v2\/media\/43402"}],"wp:attachment":[{"href":"https:\/\/nereumatias.com\/en\/wp-json\/wp\/v2\/media?parent=41742"}],"wp:term":[{"taxonomy":"product_brand","embeddable":true,"href":"https:\/\/nereumatias.com\/en\/wp-json\/wp\/v2\/product_brand?post=41742"},{"taxonomy":"product_cat","embeddable":true,"href":"https:\/\/nereumatias.com\/en\/wp-json\/wp\/v2\/product_cat?post=41742"},{"taxonomy":"product_tag","embeddable":true,"href":"https:\/\/nereumatias.com\/en\/wp-json\/wp\/v2\/product_tag?post=41742"}],"curies":[{"name":"wp","href":"https:\/\/api.w.org\/{rel}","templated":true}]}}