{"id":41736,"date":"2021-07-08T05:40:53","date_gmt":"2021-07-08T03:40:53","guid":{"rendered":"https:\/\/nereumatias.phiseller.com\/?post_type=product&#038;p=41736"},"modified":"2023-06-23T11:04:56","modified_gmt":"2023-06-23T09:04:56","slug":"tango-face-mask-1-x-5pcs","status":"publish","type":"product","link":"https:\/\/nereumatias.com\/en\/product\/tango-face-mask-1-x-5pcs\/","title":{"rendered":"Tango Face Mask 1 x 5pcs"},"content":{"rendered":"<p>This mask instantly hydrates and soothes tired, dull skin on contact. It is intended for mature and dry skin trying to maintain a healthy and nourished balance. With a high concentration of hyaluronic acid, skin is immediately revitalised and renewed, resulting in a noticeably smoother complexion. The mask formula contains a special antioxidant blend to boost the skin's natural levels of hyaluronic acid, providing regeneration and increasing skin moisture, preventing wrinkles and acting on existing ones. One of the key ingredients in this mask is collagen. Also known as youth protein for the skin, collagen is essential for maintaining the skin's strength and healthy balance. It accelerates skin cell renewal and revitalises the skin with an instant lifting effect.<\/p>\n<p><strong>Contains 5 pieces in a box<\/strong><\/p>\n<p><strong>HOW TO USE<\/strong><\/p>\n<p>After cleansing your skin, remove the mask from the pack and carefully place it around the eyes, lips and nose and then adjust it around the neck, adjusting it slightly and attach it to the ears. Leave the mask on for about 15-20 minutes so that the active ingredients can be absorbed into the skin. After removing the mask leave an essential film of ingredients to massage the skin and increase circulation. Massage into the skin with gentle upward strokes. This will help increase blood flow to the affected areas, helping you to achieve a natural glow and a healthier complexion. For best results, use the mask 3 days in a row. To maintain the effects, it can be used weekly.<\/p>","protected":false},"excerpt":{"rendered":"<p>This mask instantly hydrates and soothes tired, dull skin on contact. It is intended for mature and dry skin trying to maintain a healthy and nourished balance. With a high concentration of hyaluronic acid, skin is immediately revitalised and renewed, resulting in a noticeably smoother complexion. The mask formula contains a special antioxidant blend to boost the skin's natural levels of hyaluronic acid, providing regeneration and increasing skin moisture, preventing wrinkles and acting on existing ones. One of the key ingredients in this mask is collagen. Also known as youth protein for the skin, collagen is essential for maintaining the skin's strength and healthy balance. It accelerates skin cell renewal and revitalises the skin with an instant lifting effect.<\/p>\n<p><strong>Contains 5 pieces in a box<\/strong><\/p>\n<p><strong>HOW TO USE<\/strong><\/p>\n<p>After cleansing your skin, remove the mask from the pack and carefully place it around the eyes, lips and nose and then adjust it around the neck, adjusting it slightly and attach it to the ears. Leave the mask on for about 15-20 minutes so that the active ingredients can be absorbed into the skin. After removing the mask leave an essential film of ingredients to massage the skin and increase circulation. Massage into the skin with gentle upward strokes. This will help increase blood flow to the affected areas, helping you to achieve a natural glow and a healthier complexion. For best results, use the mask 3 days in a row. To maintain the effects, it can be used weekly.<\/p>","protected":false},"featured_media":43398,"comment_status":"open","ping_status":"closed","template":"","meta":{"_acf_changed":false,"_joinchat":[]},"product_brand":[],"product_cat":[69,48,70],"product_tag":[],"class_list":{"0":"post-41736","1":"product","2":"type-product","3":"status-publish","4":"has-post-thumbnail","6":"product_cat-phibright","7":"product_cat-philings","8":"product_cat-products","10":"first","11":"instock","12":"taxable","13":"shipping-taxable","14":"purchasable","15":"product-type-simple"},"supplier_id":null,"supplier_sku":"","barcode":null,"atum_controlled":true,"out_stock_date":null,"out_stock_threshold":null,"inheritable":false,"inbound_stock":null,"stock_on_hold":0,"sold_today":0,"sales_last_days":0,"reserved_stock":null,"customer_returns":null,"warehouse_damage":null,"lost_in_post":null,"other_logs":null,"out_stock_days":0,"lost_sales":0,"has_location":null,"update_date":"2026-04-15T10:16:11","atum_locations":[],"atum_stock_status":"instock","restock_status":false,"low_stock_amount":0,"sales_update_date":"2026-04-15T10:16:11","calc_backorders":null,"acf":[],"yoast_head":"<!-- This site is optimized with the Yoast SEO plugin v24.8 - https:\/\/yoast.com\/wordpress\/plugins\/seo\/ -->\n<title>Tango Face Mask 1 x 5pcs - Formaciones PhiAcademy - Phiseller Espa\u00f1a<\/title>\n<meta name=\"robots\" content=\"index, follow, max-snippet:-1, max-image-preview:large, max-video-preview:-1\" \/>\n<link rel=\"canonical\" href=\"https:\/\/nereumatias.com\/en\/product\/tango-face-mask-1-x-5pcs\/\" \/>\n<meta property=\"og:locale\" content=\"en_GB\" \/>\n<meta property=\"og:type\" content=\"article\" \/>\n<meta property=\"og:title\" content=\"Tango Face Mask 1 x 5pcs - Formaciones PhiAcademy - Phiseller Espa\u00f1a\" \/>\n<meta property=\"og:description\" content=\"Esta m\u00e1scara hidrata y calma instant\u00e1neamente la piel cansada y sin brillo al contacto. Est\u00e1 destinado a pieles maduras y secas que intentan mantener un equilibrio saludable y nutrido. Con una alta concentraci\u00f3n de \u00e1cido hialur\u00f3nico, la piel se revitaliza y renueva de inmediato, lo que da como resultado una tez notablemente m\u00e1s suave. La f\u00f3rmula de la m\u00e1scara contiene una mezcla antioxidante especial para aumentar los niveles naturales de \u00e1cido hialur\u00f3nico de la piel, proporcionando regeneraci\u00f3n y aumentando la humedad de la piel, evitando las arrugas y actuando sobre las existentes. Uno de los ingredientes clave en esta m\u00e1scara es el col\u00e1geno. Tambi\u00e9n conocido como prote\u00edna juvenil para la piel, el col\u00e1geno es esencial para mantener la fuerza y \u200b\u200bel equilibrio saludable de la piel. Acelera la renovaci\u00f3n de las c\u00e9lulas de la piel y revitaliza la piel con un efecto lifting instant\u00e1neo.  Contiene 5 piezas en caja  C\u00d3MO UTILIZAR  Despu\u00e9s de limpiar su piel, retire la m\u00e1scara del envase y col\u00f3quela cuidadosamente alrededor de los ojos, labios y nariz y luego aj\u00fastela en el cuello, ajust\u00e1ndola ligeramente y adhi\u00e9rala a las orejas. Deje la m\u00e1scara alrededor de 15-20 minutos para que los componentes activos puedan ser absorbidos por la piel. Despu\u00e9s de quitar la m\u00e1scara deja una pel\u00edcula esencial de ingredientes para masajear la piel y aumentar la circulaci\u00f3n. Masajear en la piel con movimientos suaves hacia arriba. Esto lo ayudar\u00e1 a aumentar el flujo de sangre a las \u00e1reas afectadas, ayud\u00e1ndole a obtener un brillo natural y una tez m\u00e1s saludable. Para obtener los mejores resultados, use la m\u00e1scara 3 d\u00edas seguidos. Para mantener los efectos, se puede usar semanalmente.\" \/>\n<meta property=\"og:url\" content=\"https:\/\/nereumatias.com\/en\/product\/tango-face-mask-1-x-5pcs\/\" \/>\n<meta property=\"og:site_name\" content=\"Formaciones PhiAcademy - Phiseller Espa\u00f1a\" \/>\n<meta property=\"article:publisher\" content=\"https:\/\/www.facebook.com\/nereumatias\" \/>\n<meta property=\"article:modified_time\" content=\"2023-06-23T09:04:56+00:00\" \/>\n<meta property=\"og:image\" content=\"https:\/\/nereumatias.com\/wp-content\/uploads\/2022\/12\/tango-face-mask-1-2.jpg\" \/>\n\t<meta property=\"og:image:width\" content=\"600\" \/>\n\t<meta property=\"og:image:height\" content=\"800\" \/>\n\t<meta property=\"og:image:type\" content=\"image\/jpeg\" \/>\n<meta name=\"twitter:card\" content=\"summary_large_image\" \/>\n<script type=\"application\/ld+json\" class=\"yoast-schema-graph\">{\"@context\":\"https:\/\/schema.org\",\"@graph\":[{\"@type\":\"WebPage\",\"@id\":\"https:\/\/nereumatias.com\/producto\/tango-face-mask-1-x-5pcs\/\",\"url\":\"https:\/\/nereumatias.com\/producto\/tango-face-mask-1-x-5pcs\/\",\"name\":\"Tango Face Mask 1 x 5pcs - Formaciones PhiAcademy - Phiseller Espa\u00f1a\",\"isPartOf\":{\"@id\":\"https:\/\/nereumatias.com\/#website\"},\"primaryImageOfPage\":{\"@id\":\"https:\/\/nereumatias.com\/producto\/tango-face-mask-1-x-5pcs\/#primaryimage\"},\"image\":{\"@id\":\"https:\/\/nereumatias.com\/producto\/tango-face-mask-1-x-5pcs\/#primaryimage\"},\"thumbnailUrl\":\"https:\/\/nereumatias.com\/wp-content\/uploads\/2022\/12\/tango-face-mask-1-2.jpg\",\"datePublished\":\"2021-07-08T03:40:53+00:00\",\"dateModified\":\"2023-06-23T09:04:56+00:00\",\"breadcrumb\":{\"@id\":\"https:\/\/nereumatias.com\/producto\/tango-face-mask-1-x-5pcs\/#breadcrumb\"},\"inLanguage\":\"en-GB\",\"potentialAction\":[{\"@type\":\"ReadAction\",\"target\":[\"https:\/\/nereumatias.com\/producto\/tango-face-mask-1-x-5pcs\/\"]}]},{\"@type\":\"ImageObject\",\"inLanguage\":\"en-GB\",\"@id\":\"https:\/\/nereumatias.com\/producto\/tango-face-mask-1-x-5pcs\/#primaryimage\",\"url\":\"https:\/\/nereumatias.com\/wp-content\/uploads\/2022\/12\/tango-face-mask-1-2.jpg\",\"contentUrl\":\"https:\/\/nereumatias.com\/wp-content\/uploads\/2022\/12\/tango-face-mask-1-2.jpg\",\"width\":600,\"height\":800},{\"@type\":\"BreadcrumbList\",\"@id\":\"https:\/\/nereumatias.com\/producto\/tango-face-mask-1-x-5pcs\/#breadcrumb\",\"itemListElement\":[{\"@type\":\"ListItem\",\"position\":1,\"name\":\"Home\",\"item\":\"https:\/\/nereumatias.com\/\"},{\"@type\":\"ListItem\",\"position\":2,\"name\":\"Tienda\",\"item\":\"https:\/\/nereumatias.com\/tienda-online\/\"},{\"@type\":\"ListItem\",\"position\":3,\"name\":\"Tango Face Mask 1 x 5pcs\"}]},{\"@type\":\"WebSite\",\"@id\":\"https:\/\/nereumatias.com\/#website\",\"url\":\"https:\/\/nereumatias.com\/\",\"name\":\"Formaciones PhiAcademy - Phiseller Espa\u00f1a\",\"description\":\"PhiAcademy\",\"publisher\":{\"@id\":\"https:\/\/nereumatias.com\/#organization\"},\"potentialAction\":[{\"@type\":\"SearchAction\",\"target\":{\"@type\":\"EntryPoint\",\"urlTemplate\":\"https:\/\/nereumatias.com\/?s={search_term_string}\"},\"query-input\":{\"@type\":\"PropertyValueSpecification\",\"valueRequired\":true,\"valueName\":\"search_term_string\"}}],\"inLanguage\":\"en-GB\"},{\"@type\":\"Organization\",\"@id\":\"https:\/\/nereumatias.com\/#organization\",\"name\":\"Formaciones PhiAcademy - Phiseller Espa\u00f1a\",\"url\":\"https:\/\/nereumatias.com\/\",\"logo\":{\"@type\":\"ImageObject\",\"inLanguage\":\"en-GB\",\"@id\":\"https:\/\/nereumatias.com\/#\/schema\/logo\/image\/\",\"url\":\"https:\/\/nereumatias.com\/wp-content\/uploads\/2022\/09\/logo-phiseller-negro-150.png\",\"contentUrl\":\"https:\/\/nereumatias.com\/wp-content\/uploads\/2022\/09\/logo-phiseller-negro-150.png\",\"width\":375,\"height\":150,\"caption\":\"Formaciones PhiAcademy - Phiseller Espa\u00f1a\"},\"image\":{\"@id\":\"https:\/\/nereumatias.com\/#\/schema\/logo\/image\/\"},\"sameAs\":[\"https:\/\/www.facebook.com\/nereumatias\"]}]}<\/script>\n<!-- \/ Yoast SEO plugin. -->","yoast_head_json":{"title":"Tango Face Mask 1 x 5pcs - Formaciones PhiAcademy - Phiseller Espa\u00f1a","robots":{"index":"index","follow":"follow","max-snippet":"max-snippet:-1","max-image-preview":"max-image-preview:large","max-video-preview":"max-video-preview:-1"},"canonical":"https:\/\/nereumatias.com\/en\/product\/tango-face-mask-1-x-5pcs\/","og_locale":"en_GB","og_type":"article","og_title":"Tango Face Mask 1 x 5pcs - Formaciones PhiAcademy - Phiseller Espa\u00f1a","og_description":"Esta m\u00e1scara hidrata y calma instant\u00e1neamente la piel cansada y sin brillo al contacto. Est\u00e1 destinado a pieles maduras y secas que intentan mantener un equilibrio saludable y nutrido. Con una alta concentraci\u00f3n de \u00e1cido hialur\u00f3nico, la piel se revitaliza y renueva de inmediato, lo que da como resultado una tez notablemente m\u00e1s suave. La f\u00f3rmula de la m\u00e1scara contiene una mezcla antioxidante especial para aumentar los niveles naturales de \u00e1cido hialur\u00f3nico de la piel, proporcionando regeneraci\u00f3n y aumentando la humedad de la piel, evitando las arrugas y actuando sobre las existentes. Uno de los ingredientes clave en esta m\u00e1scara es el col\u00e1geno. Tambi\u00e9n conocido como prote\u00edna juvenil para la piel, el col\u00e1geno es esencial para mantener la fuerza y \u200b\u200bel equilibrio saludable de la piel. Acelera la renovaci\u00f3n de las c\u00e9lulas de la piel y revitaliza la piel con un efecto lifting instant\u00e1neo.  Contiene 5 piezas en caja  C\u00d3MO UTILIZAR  Despu\u00e9s de limpiar su piel, retire la m\u00e1scara del envase y col\u00f3quela cuidadosamente alrededor de los ojos, labios y nariz y luego aj\u00fastela en el cuello, ajust\u00e1ndola ligeramente y adhi\u00e9rala a las orejas. Deje la m\u00e1scara alrededor de 15-20 minutos para que los componentes activos puedan ser absorbidos por la piel. Despu\u00e9s de quitar la m\u00e1scara deja una pel\u00edcula esencial de ingredientes para masajear la piel y aumentar la circulaci\u00f3n. Masajear en la piel con movimientos suaves hacia arriba. Esto lo ayudar\u00e1 a aumentar el flujo de sangre a las \u00e1reas afectadas, ayud\u00e1ndole a obtener un brillo natural y una tez m\u00e1s saludable. Para obtener los mejores resultados, use la m\u00e1scara 3 d\u00edas seguidos. Para mantener los efectos, se puede usar semanalmente.","og_url":"https:\/\/nereumatias.com\/en\/product\/tango-face-mask-1-x-5pcs\/","og_site_name":"Formaciones PhiAcademy - Phiseller Espa\u00f1a","article_publisher":"https:\/\/www.facebook.com\/nereumatias","article_modified_time":"2023-06-23T09:04:56+00:00","og_image":[{"width":600,"height":800,"url":"https:\/\/nereumatias.com\/wp-content\/uploads\/2022\/12\/tango-face-mask-1-2.jpg","type":"image\/jpeg"}],"twitter_card":"summary_large_image","schema":{"@context":"https:\/\/schema.org","@graph":[{"@type":"WebPage","@id":"https:\/\/nereumatias.com\/producto\/tango-face-mask-1-x-5pcs\/","url":"https:\/\/nereumatias.com\/producto\/tango-face-mask-1-x-5pcs\/","name":"Tango Face Mask 1 x 5pcs - Formaciones PhiAcademy - Phiseller Espa\u00f1a","isPartOf":{"@id":"https:\/\/nereumatias.com\/#website"},"primaryImageOfPage":{"@id":"https:\/\/nereumatias.com\/producto\/tango-face-mask-1-x-5pcs\/#primaryimage"},"image":{"@id":"https:\/\/nereumatias.com\/producto\/tango-face-mask-1-x-5pcs\/#primaryimage"},"thumbnailUrl":"https:\/\/nereumatias.com\/wp-content\/uploads\/2022\/12\/tango-face-mask-1-2.jpg","datePublished":"2021-07-08T03:40:53+00:00","dateModified":"2023-06-23T09:04:56+00:00","breadcrumb":{"@id":"https:\/\/nereumatias.com\/producto\/tango-face-mask-1-x-5pcs\/#breadcrumb"},"inLanguage":"en-GB","potentialAction":[{"@type":"ReadAction","target":["https:\/\/nereumatias.com\/producto\/tango-face-mask-1-x-5pcs\/"]}]},{"@type":"ImageObject","inLanguage":"en-GB","@id":"https:\/\/nereumatias.com\/producto\/tango-face-mask-1-x-5pcs\/#primaryimage","url":"https:\/\/nereumatias.com\/wp-content\/uploads\/2022\/12\/tango-face-mask-1-2.jpg","contentUrl":"https:\/\/nereumatias.com\/wp-content\/uploads\/2022\/12\/tango-face-mask-1-2.jpg","width":600,"height":800},{"@type":"BreadcrumbList","@id":"https:\/\/nereumatias.com\/producto\/tango-face-mask-1-x-5pcs\/#breadcrumb","itemListElement":[{"@type":"ListItem","position":1,"name":"Home","item":"https:\/\/nereumatias.com\/"},{"@type":"ListItem","position":2,"name":"Tienda","item":"https:\/\/nereumatias.com\/tienda-online\/"},{"@type":"ListItem","position":3,"name":"Tango Face Mask 1 x 5pcs"}]},{"@type":"WebSite","@id":"https:\/\/nereumatias.com\/#website","url":"https:\/\/nereumatias.com\/","name":"Formaciones PhiAcademy - Phiseller Espa\u00f1a","description":"PhiAcademy","publisher":{"@id":"https:\/\/nereumatias.com\/#organization"},"potentialAction":[{"@type":"SearchAction","target":{"@type":"EntryPoint","urlTemplate":"https:\/\/nereumatias.com\/?s={search_term_string}"},"query-input":{"@type":"PropertyValueSpecification","valueRequired":true,"valueName":"search_term_string"}}],"inLanguage":"en-GB"},{"@type":"Organization","@id":"https:\/\/nereumatias.com\/#organization","name":"Formaciones PhiAcademy - Phiseller Espa\u00f1a","url":"https:\/\/nereumatias.com\/","logo":{"@type":"ImageObject","inLanguage":"en-GB","@id":"https:\/\/nereumatias.com\/#\/schema\/logo\/image\/","url":"https:\/\/nereumatias.com\/wp-content\/uploads\/2022\/09\/logo-phiseller-negro-150.png","contentUrl":"https:\/\/nereumatias.com\/wp-content\/uploads\/2022\/09\/logo-phiseller-negro-150.png","width":375,"height":150,"caption":"Formaciones PhiAcademy - Phiseller Espa\u00f1a"},"image":{"@id":"https:\/\/nereumatias.com\/#\/schema\/logo\/image\/"},"sameAs":["https:\/\/www.facebook.com\/nereumatias"]}]}},"_links":{"self":[{"href":"https:\/\/nereumatias.com\/en\/wp-json\/wp\/v2\/product\/41736","targetHints":{"allow":["GET"]}}],"collection":[{"href":"https:\/\/nereumatias.com\/en\/wp-json\/wp\/v2\/product"}],"about":[{"href":"https:\/\/nereumatias.com\/en\/wp-json\/wp\/v2\/types\/product"}],"replies":[{"embeddable":true,"href":"https:\/\/nereumatias.com\/en\/wp-json\/wp\/v2\/comments?post=41736"}],"version-history":[{"count":1,"href":"https:\/\/nereumatias.com\/en\/wp-json\/wp\/v2\/product\/41736\/revisions"}],"predecessor-version":[{"id":41737,"href":"https:\/\/nereumatias.com\/en\/wp-json\/wp\/v2\/product\/41736\/revisions\/41737"}],"wp:featuredmedia":[{"embeddable":true,"href":"https:\/\/nereumatias.com\/en\/wp-json\/wp\/v2\/media\/43398"}],"wp:attachment":[{"href":"https:\/\/nereumatias.com\/en\/wp-json\/wp\/v2\/media?parent=41736"}],"wp:term":[{"taxonomy":"product_brand","embeddable":true,"href":"https:\/\/nereumatias.com\/en\/wp-json\/wp\/v2\/product_brand?post=41736"},{"taxonomy":"product_cat","embeddable":true,"href":"https:\/\/nereumatias.com\/en\/wp-json\/wp\/v2\/product_cat?post=41736"},{"taxonomy":"product_tag","embeddable":true,"href":"https:\/\/nereumatias.com\/en\/wp-json\/wp\/v2\/product_tag?post=41736"}],"curies":[{"name":"wp","href":"https:\/\/api.w.org\/{rel}","templated":true}]}}