{"id":41718,"date":"2021-07-08T05:40:39","date_gmt":"2021-07-08T03:40:39","guid":{"rendered":"https:\/\/nereumatias.phiseller.com\/?post_type=product&#038;p=41718"},"modified":"2023-04-19T14:50:31","modified_gmt":"2023-04-19T12:50:31","slug":"philuminate","status":"publish","type":"product","link":"https:\/\/nereumatias.com\/en\/product\/philuminate\/","title":{"rendered":"PhiLuminate"},"content":{"rendered":"<p>High quality LED ring light with 36 LED beads: this ring light is made of high quality plastic, durable and shockproof. 36 outstanding LED beads, provide supplemental or side lighting for creative photography and videography. Dimmable ring light with three light settings: there are three light settings, low, medium and high, this selfie light is perfect to use, especially with the easy on\/off button to adjust the brightness, the light will change significantly in each setting. It makes the pictures much sharper and more detailed.<\/p>\n<p>A clip ring light, easy to cooperate: this clip ring light is powered by 2 AAA batteries (which are not included). Simply attach this Piluminate ring to your device, support front and rear camera shooting, achieving a natural light effect. Post high quality images or videos via social media, such as Facebook, Instagram, Snapchat, Pinterest, etc. It can also be a torch in a dark place or at night.<br \/>\nLightweight and mini circle with gift pack: it's so light and small enough to take with you wherever you go, you can easily carry it in your pocket or bag and shoot wherever you want.<\/p>\n<p>Universal ring flash light: compatible with most smartphones \/ tablets: iPhone 6s \/ 6s Plus \/ 6\/6 Plus \/ 5s \/ 5c \/ 5 \/ 5 \/ 4s \/ 4, Samsung Galaxy Series such as Galaxy S6, S6 Edge Plus, Note 5, LG phones, Moto, Blackberry, HTC, Sony and iPad, even MacBooks. Note: it may not clip onto a phone with one of those huge otterbox cases.<\/p>","protected":false},"excerpt":{"rendered":"<p>High quality LED ring light with 36 LED beads: this ring light is made of high quality plastic, durable and shockproof. 36 outstanding LED beads, provide supplemental or side lighting for creative photography and videography. Dimmable ring light with three light settings: there are three light settings, low, medium and high, this selfie light is perfect to use, especially with the easy on\/off button to adjust the brightness, the light will change significantly in each setting. It makes the pictures much sharper and more detailed.<\/p>\n<p>A clip ring light, easy to cooperate: this clip ring light is powered by 2 AAA batteries (which are not included). Simply attach this Piluminate ring to your device, support front and rear camera shooting, achieving a natural light effect. Post high quality images or videos via social media, such as Facebook, Instagram, Snapchat, Pinterest, etc. It can also be a torch in a dark place or at night.<br \/>\nLightweight and mini circle with gift pack: it's so light and small enough to take with you wherever you go, you can easily carry it in your pocket or bag and shoot wherever you want.<\/p>\n<p>Universal ring flash light: compatible with most smartphones \/ tablets: iPhone 6s \/ 6s Plus \/ 6\/6 Plus \/ 5s \/ 5c \/ 5 \/ 5 \/ 4s \/ 4, Samsung Galaxy Series such as Galaxy S6, S6 Edge Plus, Note 5, LG phones, Moto, Blackberry, HTC, Sony and iPad, even MacBooks. Note: it may not clip onto a phone with one of those huge otterbox cases.<\/p>","protected":false},"featured_media":43384,"comment_status":"open","ping_status":"closed","template":"","meta":{"_acf_changed":false,"_joinchat":[]},"product_brand":[],"product_cat":[81,47,72],"product_tag":[],"class_list":{"0":"post-41718","1":"product","2":"type-product","3":"status-publish","4":"has-post-thumbnail","6":"product_cat-accessories-phicontour","7":"product_cat-phibrows","8":"product_cat-phicontour","10":"first","11":"instock","12":"taxable","13":"shipping-taxable","14":"purchasable","15":"product-type-simple"},"supplier_id":null,"supplier_sku":"","barcode":null,"atum_controlled":true,"out_stock_date":null,"out_stock_threshold":null,"inheritable":false,"inbound_stock":null,"stock_on_hold":0,"sold_today":0,"sales_last_days":0,"reserved_stock":null,"customer_returns":null,"warehouse_damage":null,"lost_in_post":null,"other_logs":null,"out_stock_days":0,"lost_sales":0,"has_location":null,"update_date":"2026-05-06T12:46:11","atum_locations":[],"atum_stock_status":"instock","restock_status":false,"low_stock_amount":0,"sales_update_date":"2026-05-06T12:46:11","calc_backorders":null,"acf":[],"yoast_head":"<!-- This site is optimized with the Yoast SEO plugin v24.8 - https:\/\/yoast.com\/wordpress\/plugins\/seo\/ -->\n<title>PhiLuminate - Formaciones PhiAcademy - Phiseller Espa\u00f1a<\/title>\n<meta name=\"robots\" content=\"index, follow, max-snippet:-1, max-image-preview:large, max-video-preview:-1\" \/>\n<link rel=\"canonical\" href=\"https:\/\/nereumatias.com\/en\/product\/philuminate\/\" \/>\n<meta property=\"og:locale\" content=\"en_GB\" \/>\n<meta property=\"og:type\" content=\"article\" \/>\n<meta property=\"og:title\" content=\"PhiLuminate - Formaciones PhiAcademy - Phiseller Espa\u00f1a\" \/>\n<meta property=\"og:description\" content=\"Anillo de luz LED de alta calidad con 36 cuentas LED: este anillo de luz est\u00e1 hecho de pl\u00e1stico de alta calidad, duradero y a prueba de golpes. 36 perlas LED destacadas, proporcionan iluminaci\u00f3n complementaria o lateral para fotograf\u00eda creativa y videograf\u00eda. Luz de anillo regulable con tres configuraciones de luz: hay tres configuraciones de luz, baja, media y alta, esta luz selfie es perfecta para usar, especialmente con el bot\u00f3n de encendido y apagado f\u00e1cil para ajustar el brillo, la luz cambiar\u00e1 significativamente en cada configuraci\u00f3n. Hace que las im\u00e1genes sean mucho m\u00e1s n\u00edtidas y detalladas.  Una luz de anillo de clip, f\u00e1cil de cooperar: esta luz de anillo de clip funciona con 2 pilas AAA (que no est\u00e1n incluidas). Simplemente coloque este anillo Piluminate en su dispositivo, admita el disparo de la c\u00e1mara frontal y posterior, alcanzando un efecto de luz natural. Publique im\u00e1genes o videos de alta calidad a trav\u00e9s de las redes sociales, como Facebook, Instagram, Snapchat, Pinterest, etc. Tambi\u00e9n puede ser una linterna en un lugar oscuro o de noche. Ligero y mini c\u00edrculo con paquete de regalo: es tan liviano y lo suficientemente peque\u00f1o como para llevarlo a donde quiera que vaya, se puede llevar f\u00e1cilmente en el bolsillo o en el bolso y disparar donde quiera.  Luz de flash de anillo universal: compatible con la mayor\u00eda de los tel\u00e9fonos inteligentes \/ tabletas: iPhone 6s \/ 6s Plus \/ 6\/6 Plus \/ 5s \/ 5c \/ 5 \/ 4s \/ 4, Samsung Galaxy Series como Galaxy S6, S6 Edge Plus, Note 5, tel\u00e9fonos LG , Moto, Blackberry, HTC, Sony y iPad, incluso MacBooks. Nota: es posible que no se enganche en un tel\u00e9fono con una de esas enormes fundas otterbox.\" \/>\n<meta property=\"og:url\" content=\"https:\/\/nereumatias.com\/en\/product\/philuminate\/\" \/>\n<meta property=\"og:site_name\" content=\"Formaciones PhiAcademy - Phiseller Espa\u00f1a\" \/>\n<meta property=\"article:publisher\" content=\"https:\/\/www.facebook.com\/nereumatias\" \/>\n<meta property=\"article:modified_time\" content=\"2023-04-19T12:50:31+00:00\" \/>\n<meta property=\"og:image\" content=\"https:\/\/nereumatias.com\/wp-content\/uploads\/2022\/12\/philluminate.jpg\" \/>\n\t<meta property=\"og:image:width\" content=\"600\" \/>\n\t<meta property=\"og:image:height\" content=\"800\" \/>\n\t<meta property=\"og:image:type\" content=\"image\/jpeg\" \/>\n<meta name=\"twitter:card\" content=\"summary_large_image\" \/>\n<script type=\"application\/ld+json\" class=\"yoast-schema-graph\">{\"@context\":\"https:\/\/schema.org\",\"@graph\":[{\"@type\":\"WebPage\",\"@id\":\"https:\/\/nereumatias.com\/producto\/philuminate\/\",\"url\":\"https:\/\/nereumatias.com\/producto\/philuminate\/\",\"name\":\"PhiLuminate - Formaciones PhiAcademy - Phiseller Espa\u00f1a\",\"isPartOf\":{\"@id\":\"https:\/\/nereumatias.com\/#website\"},\"primaryImageOfPage\":{\"@id\":\"https:\/\/nereumatias.com\/producto\/philuminate\/#primaryimage\"},\"image\":{\"@id\":\"https:\/\/nereumatias.com\/producto\/philuminate\/#primaryimage\"},\"thumbnailUrl\":\"https:\/\/nereumatias.com\/wp-content\/uploads\/2022\/12\/philluminate.jpg\",\"datePublished\":\"2021-07-08T03:40:39+00:00\",\"dateModified\":\"2023-04-19T12:50:31+00:00\",\"breadcrumb\":{\"@id\":\"https:\/\/nereumatias.com\/producto\/philuminate\/#breadcrumb\"},\"inLanguage\":\"en-GB\",\"potentialAction\":[{\"@type\":\"ReadAction\",\"target\":[\"https:\/\/nereumatias.com\/producto\/philuminate\/\"]}]},{\"@type\":\"ImageObject\",\"inLanguage\":\"en-GB\",\"@id\":\"https:\/\/nereumatias.com\/producto\/philuminate\/#primaryimage\",\"url\":\"https:\/\/nereumatias.com\/wp-content\/uploads\/2022\/12\/philluminate.jpg\",\"contentUrl\":\"https:\/\/nereumatias.com\/wp-content\/uploads\/2022\/12\/philluminate.jpg\",\"width\":600,\"height\":800},{\"@type\":\"BreadcrumbList\",\"@id\":\"https:\/\/nereumatias.com\/producto\/philuminate\/#breadcrumb\",\"itemListElement\":[{\"@type\":\"ListItem\",\"position\":1,\"name\":\"Home\",\"item\":\"https:\/\/nereumatias.com\/\"},{\"@type\":\"ListItem\",\"position\":2,\"name\":\"Tienda\",\"item\":\"https:\/\/nereumatias.com\/tienda-online\/\"},{\"@type\":\"ListItem\",\"position\":3,\"name\":\"PhiLuminate\"}]},{\"@type\":\"WebSite\",\"@id\":\"https:\/\/nereumatias.com\/#website\",\"url\":\"https:\/\/nereumatias.com\/\",\"name\":\"Formaciones PhiAcademy - Phiseller Espa\u00f1a\",\"description\":\"PhiAcademy\",\"publisher\":{\"@id\":\"https:\/\/nereumatias.com\/#organization\"},\"potentialAction\":[{\"@type\":\"SearchAction\",\"target\":{\"@type\":\"EntryPoint\",\"urlTemplate\":\"https:\/\/nereumatias.com\/?s={search_term_string}\"},\"query-input\":{\"@type\":\"PropertyValueSpecification\",\"valueRequired\":true,\"valueName\":\"search_term_string\"}}],\"inLanguage\":\"en-GB\"},{\"@type\":\"Organization\",\"@id\":\"https:\/\/nereumatias.com\/#organization\",\"name\":\"Formaciones PhiAcademy - Phiseller Espa\u00f1a\",\"url\":\"https:\/\/nereumatias.com\/\",\"logo\":{\"@type\":\"ImageObject\",\"inLanguage\":\"en-GB\",\"@id\":\"https:\/\/nereumatias.com\/#\/schema\/logo\/image\/\",\"url\":\"https:\/\/nereumatias.com\/wp-content\/uploads\/2022\/09\/logo-phiseller-negro-150.png\",\"contentUrl\":\"https:\/\/nereumatias.com\/wp-content\/uploads\/2022\/09\/logo-phiseller-negro-150.png\",\"width\":375,\"height\":150,\"caption\":\"Formaciones PhiAcademy - Phiseller Espa\u00f1a\"},\"image\":{\"@id\":\"https:\/\/nereumatias.com\/#\/schema\/logo\/image\/\"},\"sameAs\":[\"https:\/\/www.facebook.com\/nereumatias\"]}]}<\/script>\n<!-- \/ Yoast SEO plugin. -->","yoast_head_json":{"title":"PhiLuminate - Formaciones PhiAcademy - Phiseller Espa\u00f1a","robots":{"index":"index","follow":"follow","max-snippet":"max-snippet:-1","max-image-preview":"max-image-preview:large","max-video-preview":"max-video-preview:-1"},"canonical":"https:\/\/nereumatias.com\/en\/product\/philuminate\/","og_locale":"en_GB","og_type":"article","og_title":"PhiLuminate - Formaciones PhiAcademy - Phiseller Espa\u00f1a","og_description":"Anillo de luz LED de alta calidad con 36 cuentas LED: este anillo de luz est\u00e1 hecho de pl\u00e1stico de alta calidad, duradero y a prueba de golpes. 36 perlas LED destacadas, proporcionan iluminaci\u00f3n complementaria o lateral para fotograf\u00eda creativa y videograf\u00eda. Luz de anillo regulable con tres configuraciones de luz: hay tres configuraciones de luz, baja, media y alta, esta luz selfie es perfecta para usar, especialmente con el bot\u00f3n de encendido y apagado f\u00e1cil para ajustar el brillo, la luz cambiar\u00e1 significativamente en cada configuraci\u00f3n. Hace que las im\u00e1genes sean mucho m\u00e1s n\u00edtidas y detalladas.  Una luz de anillo de clip, f\u00e1cil de cooperar: esta luz de anillo de clip funciona con 2 pilas AAA (que no est\u00e1n incluidas). Simplemente coloque este anillo Piluminate en su dispositivo, admita el disparo de la c\u00e1mara frontal y posterior, alcanzando un efecto de luz natural. Publique im\u00e1genes o videos de alta calidad a trav\u00e9s de las redes sociales, como Facebook, Instagram, Snapchat, Pinterest, etc. Tambi\u00e9n puede ser una linterna en un lugar oscuro o de noche. Ligero y mini c\u00edrculo con paquete de regalo: es tan liviano y lo suficientemente peque\u00f1o como para llevarlo a donde quiera que vaya, se puede llevar f\u00e1cilmente en el bolsillo o en el bolso y disparar donde quiera.  Luz de flash de anillo universal: compatible con la mayor\u00eda de los tel\u00e9fonos inteligentes \/ tabletas: iPhone 6s \/ 6s Plus \/ 6\/6 Plus \/ 5s \/ 5c \/ 5 \/ 4s \/ 4, Samsung Galaxy Series como Galaxy S6, S6 Edge Plus, Note 5, tel\u00e9fonos LG , Moto, Blackberry, HTC, Sony y iPad, incluso MacBooks. Nota: es posible que no se enganche en un tel\u00e9fono con una de esas enormes fundas otterbox.","og_url":"https:\/\/nereumatias.com\/en\/product\/philuminate\/","og_site_name":"Formaciones PhiAcademy - Phiseller Espa\u00f1a","article_publisher":"https:\/\/www.facebook.com\/nereumatias","article_modified_time":"2023-04-19T12:50:31+00:00","og_image":[{"width":600,"height":800,"url":"https:\/\/nereumatias.com\/wp-content\/uploads\/2022\/12\/philluminate.jpg","type":"image\/jpeg"}],"twitter_card":"summary_large_image","schema":{"@context":"https:\/\/schema.org","@graph":[{"@type":"WebPage","@id":"https:\/\/nereumatias.com\/producto\/philuminate\/","url":"https:\/\/nereumatias.com\/producto\/philuminate\/","name":"PhiLuminate - Formaciones PhiAcademy - Phiseller Espa\u00f1a","isPartOf":{"@id":"https:\/\/nereumatias.com\/#website"},"primaryImageOfPage":{"@id":"https:\/\/nereumatias.com\/producto\/philuminate\/#primaryimage"},"image":{"@id":"https:\/\/nereumatias.com\/producto\/philuminate\/#primaryimage"},"thumbnailUrl":"https:\/\/nereumatias.com\/wp-content\/uploads\/2022\/12\/philluminate.jpg","datePublished":"2021-07-08T03:40:39+00:00","dateModified":"2023-04-19T12:50:31+00:00","breadcrumb":{"@id":"https:\/\/nereumatias.com\/producto\/philuminate\/#breadcrumb"},"inLanguage":"en-GB","potentialAction":[{"@type":"ReadAction","target":["https:\/\/nereumatias.com\/producto\/philuminate\/"]}]},{"@type":"ImageObject","inLanguage":"en-GB","@id":"https:\/\/nereumatias.com\/producto\/philuminate\/#primaryimage","url":"https:\/\/nereumatias.com\/wp-content\/uploads\/2022\/12\/philluminate.jpg","contentUrl":"https:\/\/nereumatias.com\/wp-content\/uploads\/2022\/12\/philluminate.jpg","width":600,"height":800},{"@type":"BreadcrumbList","@id":"https:\/\/nereumatias.com\/producto\/philuminate\/#breadcrumb","itemListElement":[{"@type":"ListItem","position":1,"name":"Home","item":"https:\/\/nereumatias.com\/"},{"@type":"ListItem","position":2,"name":"Tienda","item":"https:\/\/nereumatias.com\/tienda-online\/"},{"@type":"ListItem","position":3,"name":"PhiLuminate"}]},{"@type":"WebSite","@id":"https:\/\/nereumatias.com\/#website","url":"https:\/\/nereumatias.com\/","name":"Formaciones PhiAcademy - Phiseller Espa\u00f1a","description":"PhiAcademy","publisher":{"@id":"https:\/\/nereumatias.com\/#organization"},"potentialAction":[{"@type":"SearchAction","target":{"@type":"EntryPoint","urlTemplate":"https:\/\/nereumatias.com\/?s={search_term_string}"},"query-input":{"@type":"PropertyValueSpecification","valueRequired":true,"valueName":"search_term_string"}}],"inLanguage":"en-GB"},{"@type":"Organization","@id":"https:\/\/nereumatias.com\/#organization","name":"Formaciones PhiAcademy - Phiseller Espa\u00f1a","url":"https:\/\/nereumatias.com\/","logo":{"@type":"ImageObject","inLanguage":"en-GB","@id":"https:\/\/nereumatias.com\/#\/schema\/logo\/image\/","url":"https:\/\/nereumatias.com\/wp-content\/uploads\/2022\/09\/logo-phiseller-negro-150.png","contentUrl":"https:\/\/nereumatias.com\/wp-content\/uploads\/2022\/09\/logo-phiseller-negro-150.png","width":375,"height":150,"caption":"Formaciones PhiAcademy - Phiseller Espa\u00f1a"},"image":{"@id":"https:\/\/nereumatias.com\/#\/schema\/logo\/image\/"},"sameAs":["https:\/\/www.facebook.com\/nereumatias"]}]}},"_links":{"self":[{"href":"https:\/\/nereumatias.com\/en\/wp-json\/wp\/v2\/product\/41718","targetHints":{"allow":["GET"]}}],"collection":[{"href":"https:\/\/nereumatias.com\/en\/wp-json\/wp\/v2\/product"}],"about":[{"href":"https:\/\/nereumatias.com\/en\/wp-json\/wp\/v2\/types\/product"}],"replies":[{"embeddable":true,"href":"https:\/\/nereumatias.com\/en\/wp-json\/wp\/v2\/comments?post=41718"}],"version-history":[{"count":1,"href":"https:\/\/nereumatias.com\/en\/wp-json\/wp\/v2\/product\/41718\/revisions"}],"predecessor-version":[{"id":41719,"href":"https:\/\/nereumatias.com\/en\/wp-json\/wp\/v2\/product\/41718\/revisions\/41719"}],"wp:featuredmedia":[{"embeddable":true,"href":"https:\/\/nereumatias.com\/en\/wp-json\/wp\/v2\/media\/43384"}],"wp:attachment":[{"href":"https:\/\/nereumatias.com\/en\/wp-json\/wp\/v2\/media?parent=41718"}],"wp:term":[{"taxonomy":"product_brand","embeddable":true,"href":"https:\/\/nereumatias.com\/en\/wp-json\/wp\/v2\/product_brand?post=41718"},{"taxonomy":"product_cat","embeddable":true,"href":"https:\/\/nereumatias.com\/en\/wp-json\/wp\/v2\/product_cat?post=41718"},{"taxonomy":"product_tag","embeddable":true,"href":"https:\/\/nereumatias.com\/en\/wp-json\/wp\/v2\/product_tag?post=41718"}],"curies":[{"name":"wp","href":"https:\/\/api.w.org\/{rel}","templated":true}]}}