{"id":41670,"date":"2021-07-08T05:40:26","date_gmt":"2021-07-08T03:40:26","guid":{"rendered":"https:\/\/nereumatias.phiseller.com\/?post_type=product&#038;p=41670"},"modified":"2025-07-10T16:19:57","modified_gmt":"2025-07-10T14:19:57","slug":"phi-foam-150ml","status":"publish","type":"product","link":"https:\/\/nereumatias.com\/en\/product\/phi-foam-150ml\/","title":{"rendered":"Phi Foam 150ml"},"content":{"rendered":"<p>PhiFoam is a universal skin cleanser that can be used before and after treatments such as: permanent make-up, microblading, tattooing, micro-needling, eyelash lifts, eyelash extensions and other cosmetic treatments that require the skin to be oil-free and clean.<\/p>\n<p>The formulation has been specially designed to easily remove skin colour after treatment, such as microblading, PMU and tattoos. Non-aggressive ingredients of organic origin were used to create the foam.<\/p>\n<p>Citrus-derived secondary metabolites including flavonoids, alkaloids, limonoids, coumarins, carotenoids, phenolic acids and essential oils that are of vital importance to human health due to their active properties. Citrus fruits are good sources of nutrition with an ample amount of vitamin C that exhibits abundant bioactivities including antioxidant, anti-inflammatory, anti-cancer, anti-microbial and anti-allergic activities.<\/p>\n<p>Bisabolol is a colourless oily liquid that is the main component of chamomile essential oil. It has been used for hundreds of years in cosmetics due to its perceived skin healing properties. Bisabolol is known to have anti-irritant, anti-inflammatory and antimicrobial properties.<\/p>\n<p>Pinus Pinaster bark extract (PBE) has a long history of ethnomedicinal use. As a mixture of a wide variety of substances, PBEs are reported to exhibit a wide range of biological activities, including antioxidant, anti-inflammatory, antitumour, antiviral, etc.<\/p>\n<p>Allantoin has an antioxidant, moisturising and soothing effect on the skin. It is suitable for the treatment of very sensitive and irritated skin.<\/p>\n<p><strong>HOW TO USE<\/strong><\/p>\n<p>After pigmentation, apply PhiFoam to the treated skin and then gently remove the foam and colour using Phi Wipes without stretching the skin.<\/p>\n<p><strong>INGREDIENTS<\/strong><\/p>\n<p>Active ingredients: CITRUS NOBILIS FRUIT, BISABOLOL, PINASTER PINUS BARK EXTRACT<\/p>\n<p>Other ingredients: water, sodium lauroylglutamate, babassu oil glycereth-8 esters, SODIUM COCOABUTTERAMPHOACETATE, diglycerin, menthyl PCA, MEA lactamide, menthane carboxamide ethylpyridine, coco glucoside, glyceryl oleate, lactic acid, myristyl lactate, phenoxyethanol, ETHYL linoleate, potassium SORBATE, SODIUM BENZOATE, ETHYLHEXYLGLYCERIN.<\/p>","protected":false},"excerpt":{"rendered":"<p>PhiFoam is a universal skin cleanser that can be used before and after treatments such as: permanent make-up, microblading, tattooing, micro-needling, eyelash lifts, eyelash extensions and other cosmetic treatments that require the skin to be oil-free and clean.<\/p>\n<p>The formulation has been specially designed to easily remove skin colour after treatment, such as microblading, PMU and tattoos. Non-aggressive ingredients of organic origin were used to create the foam.<\/p>\n<p>Citrus-derived secondary metabolites including flavonoids, alkaloids, limonoids, coumarins, carotenoids, phenolic acids and essential oils that are of vital importance to human health due to their active properties. Citrus fruits are good sources of nutrition with an ample amount of vitamin C that exhibits abundant bioactivities including antioxidant, anti-inflammatory, anti-cancer, anti-microbial and anti-allergic activities.<\/p>\n<p>Bisabolol is a colourless oily liquid that is the main component of chamomile essential oil. It has been used for hundreds of years in cosmetics due to its perceived skin healing properties. Bisabolol is known to have anti-irritant, anti-inflammatory and antimicrobial properties.<\/p>\n<p>Pinus Pinaster bark extract (PBE) has a long history of ethnomedicinal use. As a mixture of a wide variety of substances, PBEs are reported to exhibit a wide range of biological activities, including antioxidant, anti-inflammatory, antitumour, antiviral, etc.<\/p>\n<p>Allantoin has an antioxidant, moisturising and soothing effect on the skin. It is suitable for the treatment of very sensitive and irritated skin.<\/p>\n<p><strong>HOW TO USE<\/strong><\/p>\n<p>After pigmentation, apply PhiFoam to the treated skin and then gently remove the foam and colour using Phi Wipes without stretching the skin.<\/p>\n<p><strong>INGREDIENTS<\/strong><\/p>\n<p>Active ingredients: CITRUS NOBILIS FRUIT, BISABOLOL, PINASTER PINUS BARK EXTRACT<\/p>\n<p>Other ingredients: water, sodium lauroylglutamate, babassu oil glycereth-8 esters, SODIUM COCOABUTTERAMPHOACETATE, diglycerin, menthyl PCA, MEA lactamide, menthane carboxamide ethylpyridine, coco glucoside, glyceryl oleate, lactic acid, myristyl lactate, phenoxyethanol, ETHYL linoleate, potassium SORBATE, SODIUM BENZOATE, ETHYLHEXYLGLYCERIN.<\/p>","protected":false},"featured_media":46921,"comment_status":"open","ping_status":"closed","template":"","meta":{"_acf_changed":false,"_joinchat":[]},"product_brand":[],"product_cat":[71,73,74,75,47,72,48,76,65],"product_tag":[],"class_list":{"0":"post-41670","1":"product","2":"type-product","3":"status-publish","4":"has-post-thumbnail","6":"product_cat-during-after-treatment","7":"product_cat-during-after-treatment-phicontour","8":"product_cat-during-after-treatment-philings","9":"product_cat-during-after-treatment-phiremoval","10":"product_cat-phibrows","11":"product_cat-phicontour","12":"product_cat-philings","13":"product_cat-phinoderm","14":"product_cat-phiremoval","16":"first","17":"instock","18":"taxable","19":"shipping-taxable","20":"purchasable","21":"product-type-simple"},"supplier_id":null,"supplier_sku":"","barcode":null,"atum_controlled":true,"out_stock_date":null,"out_stock_threshold":null,"inheritable":false,"inbound_stock":null,"stock_on_hold":1,"sold_today":0,"sales_last_days":0,"reserved_stock":null,"customer_returns":null,"warehouse_damage":null,"lost_in_post":null,"other_logs":null,"out_stock_days":0,"lost_sales":0,"has_location":false,"update_date":"2026-05-10T12:46:18","atum_locations":[],"atum_stock_status":"instock","restock_status":false,"low_stock_amount":0,"sales_update_date":"2026-05-10T12:46:18","calc_backorders":null,"acf":[],"yoast_head":"<!-- This site is optimized with the Yoast SEO plugin v24.8 - https:\/\/yoast.com\/wordpress\/plugins\/seo\/ -->\n<title>Phi Foam 150ml - Formaciones PhiAcademy - Phiseller Espa\u00f1a<\/title>\n<meta name=\"robots\" content=\"index, follow, max-snippet:-1, max-image-preview:large, max-video-preview:-1\" \/>\n<link rel=\"canonical\" href=\"https:\/\/nereumatias.com\/en\/product\/phi-foam-150ml\/\" \/>\n<meta property=\"og:locale\" content=\"en_GB\" \/>\n<meta property=\"og:type\" content=\"article\" \/>\n<meta property=\"og:title\" content=\"Phi Foam 150ml - Formaciones PhiAcademy - Phiseller Espa\u00f1a\" \/>\n<meta property=\"og:description\" content=\"PhiFoam es un limpiador universal de la piel que se puede usar antes y despu\u00e9s de tratamientos como: maquillaje permanente, microblading, tatuaje, microagujas, estiramiento de pesta\u00f1as, extensi\u00f3n de pesta\u00f1as y otros tratamientos cosm\u00e9ticos que requieren que la piel est\u00e9 libre de grasa y limpia.  La formulaci\u00f3n ha sido especialmente dise\u00f1ada para eliminar f\u00e1cilmente el color de la piel despu\u00e9s del tratamiento, como por ejemplo: microblading, PMU y tatuajes. Se usaron ingredientes no agresivos de origen org\u00e1nico para crear la espuma.  Metabolitos secundarios derivados de c\u00edtricos, incluidos flavonoides, alcaloides, limonoides, cumarinas, carotenoides, \u00e1cidos fen\u00f3licos y aceites esenciales que son de vital importancia para la salud humana debido a sus propiedades activas. Las frutas c\u00edtricas son buenas fuentes de nutrici\u00f3n con una amplia cantidad de vitamina C que exhibe abundantes bioactividades que incluyen actividades antioxidantes, antiinflamatorias, anticancer\u00edgenas, antimicrobianas y antial\u00e9rgicas.  Bisabolol es un l\u00edquido aceitoso incoloro que es el componente principal del aceite esencial de manzanilla. Se ha utilizado durante cientos de a\u00f1os en cosm\u00e9ticos debido a sus propiedades curativas de la piel percibidas. Se sabe que el bisabolol tiene propiedades antiirritantes, antiinflamatorias y antimicrobianas.  El extracto de corteza de Pinus Pinaster (PBE) tiene una larga historia de uso etnomedicial. Como una mezcla de una gran variedad de sustancias, se informa que los PBEs exhiben una amplia gama de actividades biol\u00f3gicas, que incluyen antioxidantes, antiinflamatorios, antitumorales, antivirales, etc.  La alanto\u00edna tiene un efecto antioxidante, hidratante y calmante sobre la piel. Es adecuado para el tratamiento de pieles muy sensibles e irritadas.  C\u00d3MO UTILIZAR  Despu\u00e9s de la pigmentaci\u00f3n, aplique PhiFoam sobre la piel tratada y luego elimine suavemente la espuma y el color usando Phi Wipes sin estirar la piel.  INGREDIENTES  Ingredientes activos: FRUTA DE NOBILIS C\u00cdTRICO, BISABOLOL, EXTRACTO DE CORTEZA PINASTER PINUS  Otros ingredientes: agua, Lauroilglutamato s\u00f3dico, aceite de babas\u00fa glicereth-8 \u00e9steres, SODIO COCOABUTTERAMPHOACETATE, diglicerina, mentilo PCA, MEA lactamida, mentano carboxamida etilpiridina, gluc\u00f3sido de coco, oleato de glicerilo, \u00e1cido l\u00e1cticas, miristil lactato, fenoxietanol, ETIL linoleato, potasio SORBATO, BENZOATO DE SODIO, ETILHEXILGLICERINA.\" \/>\n<meta property=\"og:url\" content=\"https:\/\/nereumatias.com\/en\/product\/phi-foam-150ml\/\" \/>\n<meta property=\"og:site_name\" content=\"Formaciones PhiAcademy - Phiseller Espa\u00f1a\" \/>\n<meta property=\"article:publisher\" content=\"https:\/\/www.facebook.com\/nereumatias\" \/>\n<meta property=\"article:modified_time\" content=\"2025-07-10T14:19:57+00:00\" \/>\n<meta property=\"og:image\" content=\"https:\/\/nereumatias.com\/wp-content\/uploads\/2021\/07\/ecc6c49ddf1332308e12d9493b1936ec_1200x9999-1.jpg\" \/>\n\t<meta property=\"og:image:width\" content=\"1200\" \/>\n\t<meta property=\"og:image:height\" content=\"1200\" \/>\n\t<meta property=\"og:image:type\" content=\"image\/jpeg\" \/>\n<meta name=\"twitter:card\" content=\"summary_large_image\" \/>\n<script type=\"application\/ld+json\" class=\"yoast-schema-graph\">{\"@context\":\"https:\/\/schema.org\",\"@graph\":[{\"@type\":\"WebPage\",\"@id\":\"https:\/\/nereumatias.com\/producto\/phi-foam-150ml\/\",\"url\":\"https:\/\/nereumatias.com\/producto\/phi-foam-150ml\/\",\"name\":\"Phi Foam 150ml - Formaciones PhiAcademy - Phiseller Espa\u00f1a\",\"isPartOf\":{\"@id\":\"https:\/\/nereumatias.com\/#website\"},\"primaryImageOfPage\":{\"@id\":\"https:\/\/nereumatias.com\/producto\/phi-foam-150ml\/#primaryimage\"},\"image\":{\"@id\":\"https:\/\/nereumatias.com\/producto\/phi-foam-150ml\/#primaryimage\"},\"thumbnailUrl\":\"https:\/\/nereumatias.com\/wp-content\/uploads\/2021\/07\/ecc6c49ddf1332308e12d9493b1936ec_1200x9999-1.jpg\",\"datePublished\":\"2021-07-08T03:40:26+00:00\",\"dateModified\":\"2025-07-10T14:19:57+00:00\",\"breadcrumb\":{\"@id\":\"https:\/\/nereumatias.com\/producto\/phi-foam-150ml\/#breadcrumb\"},\"inLanguage\":\"en-GB\",\"potentialAction\":[{\"@type\":\"ReadAction\",\"target\":[\"https:\/\/nereumatias.com\/producto\/phi-foam-150ml\/\"]}]},{\"@type\":\"ImageObject\",\"inLanguage\":\"en-GB\",\"@id\":\"https:\/\/nereumatias.com\/producto\/phi-foam-150ml\/#primaryimage\",\"url\":\"https:\/\/nereumatias.com\/wp-content\/uploads\/2021\/07\/ecc6c49ddf1332308e12d9493b1936ec_1200x9999-1.jpg\",\"contentUrl\":\"https:\/\/nereumatias.com\/wp-content\/uploads\/2021\/07\/ecc6c49ddf1332308e12d9493b1936ec_1200x9999-1.jpg\",\"width\":1200,\"height\":1200},{\"@type\":\"BreadcrumbList\",\"@id\":\"https:\/\/nereumatias.com\/producto\/phi-foam-150ml\/#breadcrumb\",\"itemListElement\":[{\"@type\":\"ListItem\",\"position\":1,\"name\":\"Home\",\"item\":\"https:\/\/nereumatias.com\/\"},{\"@type\":\"ListItem\",\"position\":2,\"name\":\"Tienda\",\"item\":\"https:\/\/nereumatias.com\/tienda-online\/\"},{\"@type\":\"ListItem\",\"position\":3,\"name\":\"Phi Foam 150ml\"}]},{\"@type\":\"WebSite\",\"@id\":\"https:\/\/nereumatias.com\/#website\",\"url\":\"https:\/\/nereumatias.com\/\",\"name\":\"Formaciones PhiAcademy - Phiseller Espa\u00f1a\",\"description\":\"PhiAcademy\",\"publisher\":{\"@id\":\"https:\/\/nereumatias.com\/#organization\"},\"potentialAction\":[{\"@type\":\"SearchAction\",\"target\":{\"@type\":\"EntryPoint\",\"urlTemplate\":\"https:\/\/nereumatias.com\/?s={search_term_string}\"},\"query-input\":{\"@type\":\"PropertyValueSpecification\",\"valueRequired\":true,\"valueName\":\"search_term_string\"}}],\"inLanguage\":\"en-GB\"},{\"@type\":\"Organization\",\"@id\":\"https:\/\/nereumatias.com\/#organization\",\"name\":\"Formaciones PhiAcademy - Phiseller Espa\u00f1a\",\"url\":\"https:\/\/nereumatias.com\/\",\"logo\":{\"@type\":\"ImageObject\",\"inLanguage\":\"en-GB\",\"@id\":\"https:\/\/nereumatias.com\/#\/schema\/logo\/image\/\",\"url\":\"https:\/\/nereumatias.com\/wp-content\/uploads\/2022\/09\/logo-phiseller-negro-150.png\",\"contentUrl\":\"https:\/\/nereumatias.com\/wp-content\/uploads\/2022\/09\/logo-phiseller-negro-150.png\",\"width\":375,\"height\":150,\"caption\":\"Formaciones PhiAcademy - Phiseller Espa\u00f1a\"},\"image\":{\"@id\":\"https:\/\/nereumatias.com\/#\/schema\/logo\/image\/\"},\"sameAs\":[\"https:\/\/www.facebook.com\/nereumatias\"]}]}<\/script>\n<!-- \/ Yoast SEO plugin. -->","yoast_head_json":{"title":"Phi Foam 150ml - Formaciones PhiAcademy - Phiseller Espa\u00f1a","robots":{"index":"index","follow":"follow","max-snippet":"max-snippet:-1","max-image-preview":"max-image-preview:large","max-video-preview":"max-video-preview:-1"},"canonical":"https:\/\/nereumatias.com\/en\/product\/phi-foam-150ml\/","og_locale":"en_GB","og_type":"article","og_title":"Phi Foam 150ml - Formaciones PhiAcademy - Phiseller Espa\u00f1a","og_description":"PhiFoam es un limpiador universal de la piel que se puede usar antes y despu\u00e9s de tratamientos como: maquillaje permanente, microblading, tatuaje, microagujas, estiramiento de pesta\u00f1as, extensi\u00f3n de pesta\u00f1as y otros tratamientos cosm\u00e9ticos que requieren que la piel est\u00e9 libre de grasa y limpia.  La formulaci\u00f3n ha sido especialmente dise\u00f1ada para eliminar f\u00e1cilmente el color de la piel despu\u00e9s del tratamiento, como por ejemplo: microblading, PMU y tatuajes. Se usaron ingredientes no agresivos de origen org\u00e1nico para crear la espuma.  Metabolitos secundarios derivados de c\u00edtricos, incluidos flavonoides, alcaloides, limonoides, cumarinas, carotenoides, \u00e1cidos fen\u00f3licos y aceites esenciales que son de vital importancia para la salud humana debido a sus propiedades activas. Las frutas c\u00edtricas son buenas fuentes de nutrici\u00f3n con una amplia cantidad de vitamina C que exhibe abundantes bioactividades que incluyen actividades antioxidantes, antiinflamatorias, anticancer\u00edgenas, antimicrobianas y antial\u00e9rgicas.  Bisabolol es un l\u00edquido aceitoso incoloro que es el componente principal del aceite esencial de manzanilla. Se ha utilizado durante cientos de a\u00f1os en cosm\u00e9ticos debido a sus propiedades curativas de la piel percibidas. Se sabe que el bisabolol tiene propiedades antiirritantes, antiinflamatorias y antimicrobianas.  El extracto de corteza de Pinus Pinaster (PBE) tiene una larga historia de uso etnomedicial. Como una mezcla de una gran variedad de sustancias, se informa que los PBEs exhiben una amplia gama de actividades biol\u00f3gicas, que incluyen antioxidantes, antiinflamatorios, antitumorales, antivirales, etc.  La alanto\u00edna tiene un efecto antioxidante, hidratante y calmante sobre la piel. Es adecuado para el tratamiento de pieles muy sensibles e irritadas.  C\u00d3MO UTILIZAR  Despu\u00e9s de la pigmentaci\u00f3n, aplique PhiFoam sobre la piel tratada y luego elimine suavemente la espuma y el color usando Phi Wipes sin estirar la piel.  INGREDIENTES  Ingredientes activos: FRUTA DE NOBILIS C\u00cdTRICO, BISABOLOL, EXTRACTO DE CORTEZA PINASTER PINUS  Otros ingredientes: agua, Lauroilglutamato s\u00f3dico, aceite de babas\u00fa glicereth-8 \u00e9steres, SODIO COCOABUTTERAMPHOACETATE, diglicerina, mentilo PCA, MEA lactamida, mentano carboxamida etilpiridina, gluc\u00f3sido de coco, oleato de glicerilo, \u00e1cido l\u00e1cticas, miristil lactato, fenoxietanol, ETIL linoleato, potasio SORBATO, BENZOATO DE SODIO, ETILHEXILGLICERINA.","og_url":"https:\/\/nereumatias.com\/en\/product\/phi-foam-150ml\/","og_site_name":"Formaciones PhiAcademy - Phiseller Espa\u00f1a","article_publisher":"https:\/\/www.facebook.com\/nereumatias","article_modified_time":"2025-07-10T14:19:57+00:00","og_image":[{"width":1200,"height":1200,"url":"https:\/\/nereumatias.com\/wp-content\/uploads\/2021\/07\/ecc6c49ddf1332308e12d9493b1936ec_1200x9999-1.jpg","type":"image\/jpeg"}],"twitter_card":"summary_large_image","schema":{"@context":"https:\/\/schema.org","@graph":[{"@type":"WebPage","@id":"https:\/\/nereumatias.com\/producto\/phi-foam-150ml\/","url":"https:\/\/nereumatias.com\/producto\/phi-foam-150ml\/","name":"Phi Foam 150ml - Formaciones PhiAcademy - Phiseller Espa\u00f1a","isPartOf":{"@id":"https:\/\/nereumatias.com\/#website"},"primaryImageOfPage":{"@id":"https:\/\/nereumatias.com\/producto\/phi-foam-150ml\/#primaryimage"},"image":{"@id":"https:\/\/nereumatias.com\/producto\/phi-foam-150ml\/#primaryimage"},"thumbnailUrl":"https:\/\/nereumatias.com\/wp-content\/uploads\/2021\/07\/ecc6c49ddf1332308e12d9493b1936ec_1200x9999-1.jpg","datePublished":"2021-07-08T03:40:26+00:00","dateModified":"2025-07-10T14:19:57+00:00","breadcrumb":{"@id":"https:\/\/nereumatias.com\/producto\/phi-foam-150ml\/#breadcrumb"},"inLanguage":"en-GB","potentialAction":[{"@type":"ReadAction","target":["https:\/\/nereumatias.com\/producto\/phi-foam-150ml\/"]}]},{"@type":"ImageObject","inLanguage":"en-GB","@id":"https:\/\/nereumatias.com\/producto\/phi-foam-150ml\/#primaryimage","url":"https:\/\/nereumatias.com\/wp-content\/uploads\/2021\/07\/ecc6c49ddf1332308e12d9493b1936ec_1200x9999-1.jpg","contentUrl":"https:\/\/nereumatias.com\/wp-content\/uploads\/2021\/07\/ecc6c49ddf1332308e12d9493b1936ec_1200x9999-1.jpg","width":1200,"height":1200},{"@type":"BreadcrumbList","@id":"https:\/\/nereumatias.com\/producto\/phi-foam-150ml\/#breadcrumb","itemListElement":[{"@type":"ListItem","position":1,"name":"Home","item":"https:\/\/nereumatias.com\/"},{"@type":"ListItem","position":2,"name":"Tienda","item":"https:\/\/nereumatias.com\/tienda-online\/"},{"@type":"ListItem","position":3,"name":"Phi Foam 150ml"}]},{"@type":"WebSite","@id":"https:\/\/nereumatias.com\/#website","url":"https:\/\/nereumatias.com\/","name":"Formaciones PhiAcademy - Phiseller Espa\u00f1a","description":"PhiAcademy","publisher":{"@id":"https:\/\/nereumatias.com\/#organization"},"potentialAction":[{"@type":"SearchAction","target":{"@type":"EntryPoint","urlTemplate":"https:\/\/nereumatias.com\/?s={search_term_string}"},"query-input":{"@type":"PropertyValueSpecification","valueRequired":true,"valueName":"search_term_string"}}],"inLanguage":"en-GB"},{"@type":"Organization","@id":"https:\/\/nereumatias.com\/#organization","name":"Formaciones PhiAcademy - Phiseller Espa\u00f1a","url":"https:\/\/nereumatias.com\/","logo":{"@type":"ImageObject","inLanguage":"en-GB","@id":"https:\/\/nereumatias.com\/#\/schema\/logo\/image\/","url":"https:\/\/nereumatias.com\/wp-content\/uploads\/2022\/09\/logo-phiseller-negro-150.png","contentUrl":"https:\/\/nereumatias.com\/wp-content\/uploads\/2022\/09\/logo-phiseller-negro-150.png","width":375,"height":150,"caption":"Formaciones PhiAcademy - Phiseller Espa\u00f1a"},"image":{"@id":"https:\/\/nereumatias.com\/#\/schema\/logo\/image\/"},"sameAs":["https:\/\/www.facebook.com\/nereumatias"]}]}},"_links":{"self":[{"href":"https:\/\/nereumatias.com\/en\/wp-json\/wp\/v2\/product\/41670","targetHints":{"allow":["GET"]}}],"collection":[{"href":"https:\/\/nereumatias.com\/en\/wp-json\/wp\/v2\/product"}],"about":[{"href":"https:\/\/nereumatias.com\/en\/wp-json\/wp\/v2\/types\/product"}],"replies":[{"embeddable":true,"href":"https:\/\/nereumatias.com\/en\/wp-json\/wp\/v2\/comments?post=41670"}],"version-history":[{"count":1,"href":"https:\/\/nereumatias.com\/en\/wp-json\/wp\/v2\/product\/41670\/revisions"}],"predecessor-version":[{"id":41671,"href":"https:\/\/nereumatias.com\/en\/wp-json\/wp\/v2\/product\/41670\/revisions\/41671"}],"wp:featuredmedia":[{"embeddable":true,"href":"https:\/\/nereumatias.com\/en\/wp-json\/wp\/v2\/media\/46921"}],"wp:attachment":[{"href":"https:\/\/nereumatias.com\/en\/wp-json\/wp\/v2\/media?parent=41670"}],"wp:term":[{"taxonomy":"product_brand","embeddable":true,"href":"https:\/\/nereumatias.com\/en\/wp-json\/wp\/v2\/product_brand?post=41670"},{"taxonomy":"product_cat","embeddable":true,"href":"https:\/\/nereumatias.com\/en\/wp-json\/wp\/v2\/product_cat?post=41670"},{"taxonomy":"product_tag","embeddable":true,"href":"https:\/\/nereumatias.com\/en\/wp-json\/wp\/v2\/product_tag?post=41670"}],"curies":[{"name":"wp","href":"https:\/\/api.w.org\/{rel}","templated":true}]}}