{"id":41610,"date":"2021-07-08T05:40:15","date_gmt":"2021-07-08T03:40:15","guid":{"rendered":"https:\/\/nereumatias.phiseller.com\/?post_type=product&#038;p=41610"},"modified":"2026-03-24T17:07:19","modified_gmt":"2026-03-24T16:07:19","slug":"nano-24u-blades-50pcs","status":"publish","type":"product","link":"https:\/\/nereumatias.com\/en\/product\/nano-24u-blades-50pcs\/","title":{"rendered":"PhiBrows Grand Master Blade U24 Nano (50pcs)"},"content":{"rendered":"<p>For experienced artists only.<\/p>\n<p>The new GRAND MASTER blade consists of 24 pins. Each pin is 0.15 mm thick. The even spacing between each pin provides superior penetration. The nano blade leaves the finest strokes you have ever seen by exerting minimal pressure on the skin when working. This blade is made of firm 304 stainless steel and is the first microblading blade to be polished by laser technology.<\/p>\n<p>** The Grand Master blade is only available to certified PhiBrows artists. We do not recommend using it for latex exercise.<\/p>","protected":false},"excerpt":{"rendered":"<p>For experienced artists only.<\/p>\n<p>The new GRAND MASTER blade consists of 24 pins. Each pin is 0.15 mm thick. The even spacing between each pin provides superior penetration. The nano blade leaves the finest strokes you have ever seen by exerting minimal pressure on the skin when working. This blade is made of firm 304 stainless steel and is the first microblading blade to be polished by laser technology.<\/p>\n<p>** The Grand Master blade is only available to certified PhiBrows artists. We do not recommend using it for latex exercise.<\/p>","protected":false},"featured_media":46915,"comment_status":"open","ping_status":"closed","template":"","meta":{"_acf_changed":false,"_joinchat":[]},"product_brand":[],"product_cat":[62,47],"product_tag":[],"class_list":{"0":"post-41610","1":"product","2":"type-product","3":"status-publish","4":"has-post-thumbnail","6":"product_cat-blades","7":"product_cat-phibrows","9":"first","10":"instock","11":"taxable","12":"shipping-taxable","13":"purchasable","14":"product-type-simple"},"supplier_id":null,"supplier_sku":"","barcode":null,"atum_controlled":true,"out_stock_date":null,"out_stock_threshold":null,"inheritable":false,"inbound_stock":null,"stock_on_hold":0,"sold_today":0,"sales_last_days":0,"reserved_stock":null,"customer_returns":null,"warehouse_damage":null,"lost_in_post":null,"other_logs":null,"out_stock_days":0,"lost_sales":0,"has_location":false,"update_date":"2026-04-19T10:16:25","atum_locations":[],"atum_stock_status":"instock","restock_status":false,"low_stock_amount":0,"sales_update_date":"2026-04-19T10:16:24","calc_backorders":0,"acf":[],"yoast_head":"<!-- This site is optimized with the Yoast SEO plugin v24.8 - https:\/\/yoast.com\/wordpress\/plugins\/seo\/ -->\n<title>PhiBrows Grand Master Blade U24 Nano (50pcs) - Formaciones PhiAcademy - Phiseller Espa\u00f1a<\/title>\n<meta name=\"robots\" content=\"index, follow, max-snippet:-1, max-image-preview:large, max-video-preview:-1\" \/>\n<link rel=\"canonical\" href=\"https:\/\/nereumatias.com\/en\/product\/nano-24u-blades-50pcs\/\" \/>\n<meta property=\"og:locale\" content=\"en_GB\" \/>\n<meta property=\"og:type\" content=\"article\" \/>\n<meta property=\"og:title\" content=\"PhiBrows Grand Master Blade U24 Nano (50pcs) - Formaciones PhiAcademy - Phiseller Espa\u00f1a\" \/>\n<meta property=\"og:description\" content=\"Solo para artistas experimentados.  La nueva cuchilla GRAND MASTER est\u00e1 compuesta por 24 pines. Cada uno de ellos tiene un grosor de 0,15 mm. El espaciado uniforme entre cada pin proporciona una penetraci\u00f3n superior. La cuchilla nano deja los trazos m\u00e1s finos que jam\u00e1s haya visto al ejercer una presi\u00f3n m\u00ednima sobre la piel cuando trabaja. Esta cuchilla est\u00e1 hecha de acero inoxidable 304 firme y es la primera cuchilla de microblading pulida por tecnolog\u00eda l\u00e1ser.  ** La cuchilla Grand Master solo est\u00e1 disponible para artistas certificados de PhiBrows. No recomendamos usarlo para el ejercicio de l\u00e1tex.\" \/>\n<meta property=\"og:url\" content=\"https:\/\/nereumatias.com\/en\/product\/nano-24u-blades-50pcs\/\" \/>\n<meta property=\"og:site_name\" content=\"Formaciones PhiAcademy - Phiseller Espa\u00f1a\" \/>\n<meta property=\"article:publisher\" content=\"https:\/\/www.facebook.com\/nereumatias\" \/>\n<meta property=\"article:modified_time\" content=\"2026-03-24T16:07:19+00:00\" \/>\n<meta property=\"og:image\" content=\"https:\/\/nereumatias.com\/wp-content\/uploads\/2021\/07\/576a8628da3c3983bdc693b5c5d3989d_1200x9999.jpg\" \/>\n\t<meta property=\"og:image:width\" content=\"1200\" \/>\n\t<meta property=\"og:image:height\" content=\"1200\" \/>\n\t<meta property=\"og:image:type\" content=\"image\/jpeg\" \/>\n<meta name=\"twitter:card\" content=\"summary_large_image\" \/>\n<script type=\"application\/ld+json\" class=\"yoast-schema-graph\">{\"@context\":\"https:\/\/schema.org\",\"@graph\":[{\"@type\":\"WebPage\",\"@id\":\"https:\/\/nereumatias.com\/producto\/nano-24u-blades-50pcs\/\",\"url\":\"https:\/\/nereumatias.com\/producto\/nano-24u-blades-50pcs\/\",\"name\":\"PhiBrows Grand Master Blade U24 Nano (50pcs) - Formaciones PhiAcademy - Phiseller Espa\u00f1a\",\"isPartOf\":{\"@id\":\"https:\/\/nereumatias.com\/#website\"},\"primaryImageOfPage\":{\"@id\":\"https:\/\/nereumatias.com\/producto\/nano-24u-blades-50pcs\/#primaryimage\"},\"image\":{\"@id\":\"https:\/\/nereumatias.com\/producto\/nano-24u-blades-50pcs\/#primaryimage\"},\"thumbnailUrl\":\"https:\/\/nereumatias.com\/wp-content\/uploads\/2021\/07\/576a8628da3c3983bdc693b5c5d3989d_1200x9999.jpg\",\"datePublished\":\"2021-07-08T03:40:15+00:00\",\"dateModified\":\"2026-03-24T16:07:19+00:00\",\"breadcrumb\":{\"@id\":\"https:\/\/nereumatias.com\/producto\/nano-24u-blades-50pcs\/#breadcrumb\"},\"inLanguage\":\"en-GB\",\"potentialAction\":[{\"@type\":\"ReadAction\",\"target\":[\"https:\/\/nereumatias.com\/producto\/nano-24u-blades-50pcs\/\"]}]},{\"@type\":\"ImageObject\",\"inLanguage\":\"en-GB\",\"@id\":\"https:\/\/nereumatias.com\/producto\/nano-24u-blades-50pcs\/#primaryimage\",\"url\":\"https:\/\/nereumatias.com\/wp-content\/uploads\/2021\/07\/576a8628da3c3983bdc693b5c5d3989d_1200x9999.jpg\",\"contentUrl\":\"https:\/\/nereumatias.com\/wp-content\/uploads\/2021\/07\/576a8628da3c3983bdc693b5c5d3989d_1200x9999.jpg\",\"width\":1200,\"height\":1200},{\"@type\":\"BreadcrumbList\",\"@id\":\"https:\/\/nereumatias.com\/producto\/nano-24u-blades-50pcs\/#breadcrumb\",\"itemListElement\":[{\"@type\":\"ListItem\",\"position\":1,\"name\":\"Home\",\"item\":\"https:\/\/nereumatias.com\/\"},{\"@type\":\"ListItem\",\"position\":2,\"name\":\"Tienda\",\"item\":\"https:\/\/nereumatias.com\/tienda-online\/\"},{\"@type\":\"ListItem\",\"position\":3,\"name\":\"PhiBrows Grand Master Blade U24 Nano (50pcs)\"}]},{\"@type\":\"WebSite\",\"@id\":\"https:\/\/nereumatias.com\/#website\",\"url\":\"https:\/\/nereumatias.com\/\",\"name\":\"Formaciones PhiAcademy - Phiseller Espa\u00f1a\",\"description\":\"PhiAcademy\",\"publisher\":{\"@id\":\"https:\/\/nereumatias.com\/#organization\"},\"potentialAction\":[{\"@type\":\"SearchAction\",\"target\":{\"@type\":\"EntryPoint\",\"urlTemplate\":\"https:\/\/nereumatias.com\/?s={search_term_string}\"},\"query-input\":{\"@type\":\"PropertyValueSpecification\",\"valueRequired\":true,\"valueName\":\"search_term_string\"}}],\"inLanguage\":\"en-GB\"},{\"@type\":\"Organization\",\"@id\":\"https:\/\/nereumatias.com\/#organization\",\"name\":\"Formaciones PhiAcademy - Phiseller Espa\u00f1a\",\"url\":\"https:\/\/nereumatias.com\/\",\"logo\":{\"@type\":\"ImageObject\",\"inLanguage\":\"en-GB\",\"@id\":\"https:\/\/nereumatias.com\/#\/schema\/logo\/image\/\",\"url\":\"https:\/\/nereumatias.com\/wp-content\/uploads\/2022\/09\/logo-phiseller-negro-150.png\",\"contentUrl\":\"https:\/\/nereumatias.com\/wp-content\/uploads\/2022\/09\/logo-phiseller-negro-150.png\",\"width\":375,\"height\":150,\"caption\":\"Formaciones PhiAcademy - Phiseller Espa\u00f1a\"},\"image\":{\"@id\":\"https:\/\/nereumatias.com\/#\/schema\/logo\/image\/\"},\"sameAs\":[\"https:\/\/www.facebook.com\/nereumatias\"]}]}<\/script>\n<!-- \/ Yoast SEO plugin. -->","yoast_head_json":{"title":"PhiBrows Grand Master Blade U24 Nano (50pcs) - Formaciones PhiAcademy - Phiseller Espa\u00f1a","robots":{"index":"index","follow":"follow","max-snippet":"max-snippet:-1","max-image-preview":"max-image-preview:large","max-video-preview":"max-video-preview:-1"},"canonical":"https:\/\/nereumatias.com\/en\/product\/nano-24u-blades-50pcs\/","og_locale":"en_GB","og_type":"article","og_title":"PhiBrows Grand Master Blade U24 Nano (50pcs) - Formaciones PhiAcademy - Phiseller Espa\u00f1a","og_description":"Solo para artistas experimentados.  La nueva cuchilla GRAND MASTER est\u00e1 compuesta por 24 pines. Cada uno de ellos tiene un grosor de 0,15 mm. El espaciado uniforme entre cada pin proporciona una penetraci\u00f3n superior. La cuchilla nano deja los trazos m\u00e1s finos que jam\u00e1s haya visto al ejercer una presi\u00f3n m\u00ednima sobre la piel cuando trabaja. Esta cuchilla est\u00e1 hecha de acero inoxidable 304 firme y es la primera cuchilla de microblading pulida por tecnolog\u00eda l\u00e1ser.  ** La cuchilla Grand Master solo est\u00e1 disponible para artistas certificados de PhiBrows. No recomendamos usarlo para el ejercicio de l\u00e1tex.","og_url":"https:\/\/nereumatias.com\/en\/product\/nano-24u-blades-50pcs\/","og_site_name":"Formaciones PhiAcademy - Phiseller Espa\u00f1a","article_publisher":"https:\/\/www.facebook.com\/nereumatias","article_modified_time":"2026-03-24T16:07:19+00:00","og_image":[{"width":1200,"height":1200,"url":"https:\/\/nereumatias.com\/wp-content\/uploads\/2021\/07\/576a8628da3c3983bdc693b5c5d3989d_1200x9999.jpg","type":"image\/jpeg"}],"twitter_card":"summary_large_image","schema":{"@context":"https:\/\/schema.org","@graph":[{"@type":"WebPage","@id":"https:\/\/nereumatias.com\/producto\/nano-24u-blades-50pcs\/","url":"https:\/\/nereumatias.com\/producto\/nano-24u-blades-50pcs\/","name":"PhiBrows Grand Master Blade U24 Nano (50pcs) - Formaciones PhiAcademy - Phiseller Espa\u00f1a","isPartOf":{"@id":"https:\/\/nereumatias.com\/#website"},"primaryImageOfPage":{"@id":"https:\/\/nereumatias.com\/producto\/nano-24u-blades-50pcs\/#primaryimage"},"image":{"@id":"https:\/\/nereumatias.com\/producto\/nano-24u-blades-50pcs\/#primaryimage"},"thumbnailUrl":"https:\/\/nereumatias.com\/wp-content\/uploads\/2021\/07\/576a8628da3c3983bdc693b5c5d3989d_1200x9999.jpg","datePublished":"2021-07-08T03:40:15+00:00","dateModified":"2026-03-24T16:07:19+00:00","breadcrumb":{"@id":"https:\/\/nereumatias.com\/producto\/nano-24u-blades-50pcs\/#breadcrumb"},"inLanguage":"en-GB","potentialAction":[{"@type":"ReadAction","target":["https:\/\/nereumatias.com\/producto\/nano-24u-blades-50pcs\/"]}]},{"@type":"ImageObject","inLanguage":"en-GB","@id":"https:\/\/nereumatias.com\/producto\/nano-24u-blades-50pcs\/#primaryimage","url":"https:\/\/nereumatias.com\/wp-content\/uploads\/2021\/07\/576a8628da3c3983bdc693b5c5d3989d_1200x9999.jpg","contentUrl":"https:\/\/nereumatias.com\/wp-content\/uploads\/2021\/07\/576a8628da3c3983bdc693b5c5d3989d_1200x9999.jpg","width":1200,"height":1200},{"@type":"BreadcrumbList","@id":"https:\/\/nereumatias.com\/producto\/nano-24u-blades-50pcs\/#breadcrumb","itemListElement":[{"@type":"ListItem","position":1,"name":"Home","item":"https:\/\/nereumatias.com\/"},{"@type":"ListItem","position":2,"name":"Tienda","item":"https:\/\/nereumatias.com\/tienda-online\/"},{"@type":"ListItem","position":3,"name":"PhiBrows Grand Master Blade U24 Nano (50pcs)"}]},{"@type":"WebSite","@id":"https:\/\/nereumatias.com\/#website","url":"https:\/\/nereumatias.com\/","name":"Formaciones PhiAcademy - Phiseller Espa\u00f1a","description":"PhiAcademy","publisher":{"@id":"https:\/\/nereumatias.com\/#organization"},"potentialAction":[{"@type":"SearchAction","target":{"@type":"EntryPoint","urlTemplate":"https:\/\/nereumatias.com\/?s={search_term_string}"},"query-input":{"@type":"PropertyValueSpecification","valueRequired":true,"valueName":"search_term_string"}}],"inLanguage":"en-GB"},{"@type":"Organization","@id":"https:\/\/nereumatias.com\/#organization","name":"Formaciones PhiAcademy - Phiseller Espa\u00f1a","url":"https:\/\/nereumatias.com\/","logo":{"@type":"ImageObject","inLanguage":"en-GB","@id":"https:\/\/nereumatias.com\/#\/schema\/logo\/image\/","url":"https:\/\/nereumatias.com\/wp-content\/uploads\/2022\/09\/logo-phiseller-negro-150.png","contentUrl":"https:\/\/nereumatias.com\/wp-content\/uploads\/2022\/09\/logo-phiseller-negro-150.png","width":375,"height":150,"caption":"Formaciones PhiAcademy - Phiseller Espa\u00f1a"},"image":{"@id":"https:\/\/nereumatias.com\/#\/schema\/logo\/image\/"},"sameAs":["https:\/\/www.facebook.com\/nereumatias"]}]}},"_links":{"self":[{"href":"https:\/\/nereumatias.com\/en\/wp-json\/wp\/v2\/product\/41610","targetHints":{"allow":["GET"]}}],"collection":[{"href":"https:\/\/nereumatias.com\/en\/wp-json\/wp\/v2\/product"}],"about":[{"href":"https:\/\/nereumatias.com\/en\/wp-json\/wp\/v2\/types\/product"}],"replies":[{"embeddable":true,"href":"https:\/\/nereumatias.com\/en\/wp-json\/wp\/v2\/comments?post=41610"}],"version-history":[{"count":2,"href":"https:\/\/nereumatias.com\/en\/wp-json\/wp\/v2\/product\/41610\/revisions"}],"predecessor-version":[{"id":46916,"href":"https:\/\/nereumatias.com\/en\/wp-json\/wp\/v2\/product\/41610\/revisions\/46916"}],"wp:featuredmedia":[{"embeddable":true,"href":"https:\/\/nereumatias.com\/en\/wp-json\/wp\/v2\/media\/46915"}],"wp:attachment":[{"href":"https:\/\/nereumatias.com\/en\/wp-json\/wp\/v2\/media?parent=41610"}],"wp:term":[{"taxonomy":"product_brand","embeddable":true,"href":"https:\/\/nereumatias.com\/en\/wp-json\/wp\/v2\/product_brand?post=41610"},{"taxonomy":"product_cat","embeddable":true,"href":"https:\/\/nereumatias.com\/en\/wp-json\/wp\/v2\/product_cat?post=41610"},{"taxonomy":"product_tag","embeddable":true,"href":"https:\/\/nereumatias.com\/en\/wp-json\/wp\/v2\/product_tag?post=41610"}],"curies":[{"name":"wp","href":"https:\/\/api.w.org\/{rel}","templated":true}]}}