{"id":41608,"date":"2021-07-08T05:40:15","date_gmt":"2021-07-08T03:40:15","guid":{"rendered":"https:\/\/nereumatias.phiseller.com\/?post_type=product&#038;p=41608"},"modified":"2026-04-06T16:03:08","modified_gmt":"2026-04-06T14:03:08","slug":"phiblade-u-304-stainless-steel-0-18-50pcs","status":"publish","type":"product","link":"https:\/\/nereumatias.com\/en\/product\/phiblade-u-304-stainless-steel-0-18-50pcs\/","title":{"rendered":"PhiBlade U 304 Stainless Steel 0.18 50pcs"},"content":{"rendered":"<p>A new blade, produced by PhiAcademy, comes packaged in 5 convenient protection packs, each containing 10 blades. The new blades are sharper and more precise, making it easier to draw a sharp and accurate line.<\/p>","protected":false},"excerpt":{"rendered":"<p>A new blade, produced by PhiAcademy, comes packaged in 5 convenient protection packs, each containing 10 blades. The new blades are sharper and more precise, making it easier to draw a sharp and accurate line.<\/p>","protected":false},"featured_media":46914,"comment_status":"open","ping_status":"closed","template":"","meta":{"_acf_changed":false,"_joinchat":[]},"product_brand":[],"product_cat":[62,161,47],"product_tag":[],"class_list":{"0":"post-41608","1":"product","2":"type-product","3":"status-publish","4":"has-post-thumbnail","6":"product_cat-blades","7":"product_cat-nuevos","8":"product_cat-phibrows","10":"first","11":"instock","12":"taxable","13":"shipping-taxable","14":"purchasable","15":"product-type-simple"},"supplier_id":null,"supplier_sku":"","barcode":null,"atum_controlled":true,"out_stock_date":null,"out_stock_threshold":null,"inheritable":false,"inbound_stock":null,"stock_on_hold":5,"sold_today":0,"sales_last_days":1,"reserved_stock":null,"customer_returns":null,"warehouse_damage":null,"lost_in_post":null,"other_logs":null,"out_stock_days":0,"lost_sales":0,"has_location":false,"update_date":"2026-04-19T10:16:27","atum_locations":[],"atum_stock_status":"instock","restock_status":false,"low_stock_amount":0,"sales_update_date":"2026-04-19T10:16:27","calc_backorders":0,"acf":[],"yoast_head":"<!-- This site is optimized with the Yoast SEO plugin v24.8 - https:\/\/yoast.com\/wordpress\/plugins\/seo\/ -->\n<title>PhiBlade U 304 Stainless Steel 0.18 50pcs - Formaciones PhiAcademy - Phiseller Espa\u00f1a<\/title>\n<meta name=\"robots\" content=\"index, follow, max-snippet:-1, max-image-preview:large, max-video-preview:-1\" \/>\n<link rel=\"canonical\" href=\"https:\/\/nereumatias.com\/en\/product\/phiblade-u-304-stainless-steel-0-18-50pcs\/\" \/>\n<meta property=\"og:locale\" content=\"en_GB\" \/>\n<meta property=\"og:type\" content=\"article\" \/>\n<meta property=\"og:title\" content=\"PhiBlade U 304 Stainless Steel 0.18 50pcs - Formaciones PhiAcademy - Phiseller Espa\u00f1a\" \/>\n<meta property=\"og:description\" content=\"Una nueva cuchilla, producida por PhiAcademy, viene empaquetada en 5 convenientes paquetes de protecci\u00f3n, cada uno con 10 cuchillas. Las cuchillas nuevas son m\u00e1s afiladas y precisas, lo que facilita dibujar un trazo n\u00edtido y preciso.\" \/>\n<meta property=\"og:url\" content=\"https:\/\/nereumatias.com\/en\/product\/phiblade-u-304-stainless-steel-0-18-50pcs\/\" \/>\n<meta property=\"og:site_name\" content=\"Formaciones PhiAcademy - Phiseller Espa\u00f1a\" \/>\n<meta property=\"article:publisher\" content=\"https:\/\/www.facebook.com\/nereumatias\" \/>\n<meta property=\"article:modified_time\" content=\"2026-04-06T14:03:08+00:00\" \/>\n<meta property=\"og:image\" content=\"https:\/\/nereumatias.com\/wp-content\/uploads\/2021\/07\/b8fb1f4a8fec3163915a9851134eca25_1200x9999.jpg\" \/>\n\t<meta property=\"og:image:width\" content=\"1200\" \/>\n\t<meta property=\"og:image:height\" content=\"1200\" \/>\n\t<meta property=\"og:image:type\" content=\"image\/jpeg\" \/>\n<meta name=\"twitter:card\" content=\"summary_large_image\" \/>\n<script type=\"application\/ld+json\" class=\"yoast-schema-graph\">{\"@context\":\"https:\/\/schema.org\",\"@graph\":[{\"@type\":\"WebPage\",\"@id\":\"https:\/\/nereumatias.com\/producto\/phiblade-u-304-stainless-steel-0-18-50pcs\/\",\"url\":\"https:\/\/nereumatias.com\/producto\/phiblade-u-304-stainless-steel-0-18-50pcs\/\",\"name\":\"PhiBlade U 304 Stainless Steel 0.18 50pcs - Formaciones PhiAcademy - Phiseller Espa\u00f1a\",\"isPartOf\":{\"@id\":\"https:\/\/nereumatias.com\/#website\"},\"primaryImageOfPage\":{\"@id\":\"https:\/\/nereumatias.com\/producto\/phiblade-u-304-stainless-steel-0-18-50pcs\/#primaryimage\"},\"image\":{\"@id\":\"https:\/\/nereumatias.com\/producto\/phiblade-u-304-stainless-steel-0-18-50pcs\/#primaryimage\"},\"thumbnailUrl\":\"https:\/\/nereumatias.com\/wp-content\/uploads\/2021\/07\/b8fb1f4a8fec3163915a9851134eca25_1200x9999.jpg\",\"datePublished\":\"2021-07-08T03:40:15+00:00\",\"dateModified\":\"2026-04-06T14:03:08+00:00\",\"breadcrumb\":{\"@id\":\"https:\/\/nereumatias.com\/producto\/phiblade-u-304-stainless-steel-0-18-50pcs\/#breadcrumb\"},\"inLanguage\":\"en-GB\",\"potentialAction\":[{\"@type\":\"ReadAction\",\"target\":[\"https:\/\/nereumatias.com\/producto\/phiblade-u-304-stainless-steel-0-18-50pcs\/\"]}]},{\"@type\":\"ImageObject\",\"inLanguage\":\"en-GB\",\"@id\":\"https:\/\/nereumatias.com\/producto\/phiblade-u-304-stainless-steel-0-18-50pcs\/#primaryimage\",\"url\":\"https:\/\/nereumatias.com\/wp-content\/uploads\/2021\/07\/b8fb1f4a8fec3163915a9851134eca25_1200x9999.jpg\",\"contentUrl\":\"https:\/\/nereumatias.com\/wp-content\/uploads\/2021\/07\/b8fb1f4a8fec3163915a9851134eca25_1200x9999.jpg\",\"width\":1200,\"height\":1200},{\"@type\":\"BreadcrumbList\",\"@id\":\"https:\/\/nereumatias.com\/producto\/phiblade-u-304-stainless-steel-0-18-50pcs\/#breadcrumb\",\"itemListElement\":[{\"@type\":\"ListItem\",\"position\":1,\"name\":\"Home\",\"item\":\"https:\/\/nereumatias.com\/\"},{\"@type\":\"ListItem\",\"position\":2,\"name\":\"Tienda\",\"item\":\"https:\/\/nereumatias.com\/tienda-online\/\"},{\"@type\":\"ListItem\",\"position\":3,\"name\":\"PhiBlade U 304 Stainless Steel 0.18 50pcs\"}]},{\"@type\":\"WebSite\",\"@id\":\"https:\/\/nereumatias.com\/#website\",\"url\":\"https:\/\/nereumatias.com\/\",\"name\":\"Formaciones PhiAcademy - Phiseller Espa\u00f1a\",\"description\":\"PhiAcademy\",\"publisher\":{\"@id\":\"https:\/\/nereumatias.com\/#organization\"},\"potentialAction\":[{\"@type\":\"SearchAction\",\"target\":{\"@type\":\"EntryPoint\",\"urlTemplate\":\"https:\/\/nereumatias.com\/?s={search_term_string}\"},\"query-input\":{\"@type\":\"PropertyValueSpecification\",\"valueRequired\":true,\"valueName\":\"search_term_string\"}}],\"inLanguage\":\"en-GB\"},{\"@type\":\"Organization\",\"@id\":\"https:\/\/nereumatias.com\/#organization\",\"name\":\"Formaciones PhiAcademy - Phiseller Espa\u00f1a\",\"url\":\"https:\/\/nereumatias.com\/\",\"logo\":{\"@type\":\"ImageObject\",\"inLanguage\":\"en-GB\",\"@id\":\"https:\/\/nereumatias.com\/#\/schema\/logo\/image\/\",\"url\":\"https:\/\/nereumatias.com\/wp-content\/uploads\/2022\/09\/logo-phiseller-negro-150.png\",\"contentUrl\":\"https:\/\/nereumatias.com\/wp-content\/uploads\/2022\/09\/logo-phiseller-negro-150.png\",\"width\":375,\"height\":150,\"caption\":\"Formaciones PhiAcademy - Phiseller Espa\u00f1a\"},\"image\":{\"@id\":\"https:\/\/nereumatias.com\/#\/schema\/logo\/image\/\"},\"sameAs\":[\"https:\/\/www.facebook.com\/nereumatias\"]}]}<\/script>\n<!-- \/ Yoast SEO plugin. -->","yoast_head_json":{"title":"PhiBlade U 304 Stainless Steel 0.18 50pcs - Formaciones PhiAcademy - Phiseller Espa\u00f1a","robots":{"index":"index","follow":"follow","max-snippet":"max-snippet:-1","max-image-preview":"max-image-preview:large","max-video-preview":"max-video-preview:-1"},"canonical":"https:\/\/nereumatias.com\/en\/product\/phiblade-u-304-stainless-steel-0-18-50pcs\/","og_locale":"en_GB","og_type":"article","og_title":"PhiBlade U 304 Stainless Steel 0.18 50pcs - Formaciones PhiAcademy - Phiseller Espa\u00f1a","og_description":"Una nueva cuchilla, producida por PhiAcademy, viene empaquetada en 5 convenientes paquetes de protecci\u00f3n, cada uno con 10 cuchillas. Las cuchillas nuevas son m\u00e1s afiladas y precisas, lo que facilita dibujar un trazo n\u00edtido y preciso.","og_url":"https:\/\/nereumatias.com\/en\/product\/phiblade-u-304-stainless-steel-0-18-50pcs\/","og_site_name":"Formaciones PhiAcademy - Phiseller Espa\u00f1a","article_publisher":"https:\/\/www.facebook.com\/nereumatias","article_modified_time":"2026-04-06T14:03:08+00:00","og_image":[{"width":1200,"height":1200,"url":"https:\/\/nereumatias.com\/wp-content\/uploads\/2021\/07\/b8fb1f4a8fec3163915a9851134eca25_1200x9999.jpg","type":"image\/jpeg"}],"twitter_card":"summary_large_image","schema":{"@context":"https:\/\/schema.org","@graph":[{"@type":"WebPage","@id":"https:\/\/nereumatias.com\/producto\/phiblade-u-304-stainless-steel-0-18-50pcs\/","url":"https:\/\/nereumatias.com\/producto\/phiblade-u-304-stainless-steel-0-18-50pcs\/","name":"PhiBlade U 304 Stainless Steel 0.18 50pcs - Formaciones PhiAcademy - Phiseller Espa\u00f1a","isPartOf":{"@id":"https:\/\/nereumatias.com\/#website"},"primaryImageOfPage":{"@id":"https:\/\/nereumatias.com\/producto\/phiblade-u-304-stainless-steel-0-18-50pcs\/#primaryimage"},"image":{"@id":"https:\/\/nereumatias.com\/producto\/phiblade-u-304-stainless-steel-0-18-50pcs\/#primaryimage"},"thumbnailUrl":"https:\/\/nereumatias.com\/wp-content\/uploads\/2021\/07\/b8fb1f4a8fec3163915a9851134eca25_1200x9999.jpg","datePublished":"2021-07-08T03:40:15+00:00","dateModified":"2026-04-06T14:03:08+00:00","breadcrumb":{"@id":"https:\/\/nereumatias.com\/producto\/phiblade-u-304-stainless-steel-0-18-50pcs\/#breadcrumb"},"inLanguage":"en-GB","potentialAction":[{"@type":"ReadAction","target":["https:\/\/nereumatias.com\/producto\/phiblade-u-304-stainless-steel-0-18-50pcs\/"]}]},{"@type":"ImageObject","inLanguage":"en-GB","@id":"https:\/\/nereumatias.com\/producto\/phiblade-u-304-stainless-steel-0-18-50pcs\/#primaryimage","url":"https:\/\/nereumatias.com\/wp-content\/uploads\/2021\/07\/b8fb1f4a8fec3163915a9851134eca25_1200x9999.jpg","contentUrl":"https:\/\/nereumatias.com\/wp-content\/uploads\/2021\/07\/b8fb1f4a8fec3163915a9851134eca25_1200x9999.jpg","width":1200,"height":1200},{"@type":"BreadcrumbList","@id":"https:\/\/nereumatias.com\/producto\/phiblade-u-304-stainless-steel-0-18-50pcs\/#breadcrumb","itemListElement":[{"@type":"ListItem","position":1,"name":"Home","item":"https:\/\/nereumatias.com\/"},{"@type":"ListItem","position":2,"name":"Tienda","item":"https:\/\/nereumatias.com\/tienda-online\/"},{"@type":"ListItem","position":3,"name":"PhiBlade U 304 Stainless Steel 0.18 50pcs"}]},{"@type":"WebSite","@id":"https:\/\/nereumatias.com\/#website","url":"https:\/\/nereumatias.com\/","name":"Formaciones PhiAcademy - Phiseller Espa\u00f1a","description":"PhiAcademy","publisher":{"@id":"https:\/\/nereumatias.com\/#organization"},"potentialAction":[{"@type":"SearchAction","target":{"@type":"EntryPoint","urlTemplate":"https:\/\/nereumatias.com\/?s={search_term_string}"},"query-input":{"@type":"PropertyValueSpecification","valueRequired":true,"valueName":"search_term_string"}}],"inLanguage":"en-GB"},{"@type":"Organization","@id":"https:\/\/nereumatias.com\/#organization","name":"Formaciones PhiAcademy - Phiseller Espa\u00f1a","url":"https:\/\/nereumatias.com\/","logo":{"@type":"ImageObject","inLanguage":"en-GB","@id":"https:\/\/nereumatias.com\/#\/schema\/logo\/image\/","url":"https:\/\/nereumatias.com\/wp-content\/uploads\/2022\/09\/logo-phiseller-negro-150.png","contentUrl":"https:\/\/nereumatias.com\/wp-content\/uploads\/2022\/09\/logo-phiseller-negro-150.png","width":375,"height":150,"caption":"Formaciones PhiAcademy - Phiseller Espa\u00f1a"},"image":{"@id":"https:\/\/nereumatias.com\/#\/schema\/logo\/image\/"},"sameAs":["https:\/\/www.facebook.com\/nereumatias"]}]}},"_links":{"self":[{"href":"https:\/\/nereumatias.com\/en\/wp-json\/wp\/v2\/product\/41608","targetHints":{"allow":["GET"]}}],"collection":[{"href":"https:\/\/nereumatias.com\/en\/wp-json\/wp\/v2\/product"}],"about":[{"href":"https:\/\/nereumatias.com\/en\/wp-json\/wp\/v2\/types\/product"}],"replies":[{"embeddable":true,"href":"https:\/\/nereumatias.com\/en\/wp-json\/wp\/v2\/comments?post=41608"}],"version-history":[{"count":1,"href":"https:\/\/nereumatias.com\/en\/wp-json\/wp\/v2\/product\/41608\/revisions"}],"predecessor-version":[{"id":41609,"href":"https:\/\/nereumatias.com\/en\/wp-json\/wp\/v2\/product\/41608\/revisions\/41609"}],"wp:featuredmedia":[{"embeddable":true,"href":"https:\/\/nereumatias.com\/en\/wp-json\/wp\/v2\/media\/46914"}],"wp:attachment":[{"href":"https:\/\/nereumatias.com\/en\/wp-json\/wp\/v2\/media?parent=41608"}],"wp:term":[{"taxonomy":"product_brand","embeddable":true,"href":"https:\/\/nereumatias.com\/en\/wp-json\/wp\/v2\/product_brand?post=41608"},{"taxonomy":"product_cat","embeddable":true,"href":"https:\/\/nereumatias.com\/en\/wp-json\/wp\/v2\/product_cat?post=41608"},{"taxonomy":"product_tag","embeddable":true,"href":"https:\/\/nereumatias.com\/en\/wp-json\/wp\/v2\/product_tag?post=41608"}],"curies":[{"name":"wp","href":"https:\/\/api.w.org\/{rel}","templated":true}]}}