{"id":41582,"date":"2021-07-08T05:40:14","date_gmt":"2021-07-08T03:40:14","guid":{"rendered":"https:\/\/nereumatias.phiseller.com\/?post_type=product&#038;p=41582"},"modified":"2026-03-24T17:04:47","modified_gmt":"2026-03-24T16:04:47","slug":"lapiz-red-supe-pigment-5ml-2pcs","status":"publish","type":"product","link":"https:\/\/nereumatias.com\/en\/product\/lapiz-red-supe-pigment-5ml-2pcs\/","title":{"rendered":"PhiBrows RED SUPE Pigment 5ml &#8211; 2pcs"},"content":{"rendered":"<p><strong>Aviso para artistas de PMU ubicados en Espa\u00f1a: debido a las regulaciones, solo debe usarse para practicar en l\u00e1tex.<\/strong><\/p>\n<p>Los pigmentos SUPE se basan en la f\u00f3rmula de pigmentos PhiBrows de cuarta generaci\u00f3n, con la intenci\u00f3n de crear tonos de pigmentos para microblading que no cambien en la piel con el paso del tiempo. Los colores pigmentados SUPE de PhiShop son seguros y lo suficientemente estables como para no desvanecerse en tonos grises, por lo que no necesitan mezclarse adicionalmente con colores base.<\/p>\n<p>Los pigmentos SUPE garantizan:<\/p>\n<p>Sin reacciones magn\u00e9ticas<\/p>\n<p>No requieren agitaci\u00f3n antes de su uso<\/p>\n<p>Con un almacenamiento adecuado, no hay separaci\u00f3n de aceites<\/p>\n<p>Para m\u00e1s informaci\u00f3n, consulta la Pigment Guide de PhiShop.<\/p>\n<p>El color del pigmento debe elegirse en funci\u00f3n del color natural del cabello del cliente.<\/p>\n<p>Brown 1: Cabello naturalmente rubio o casta\u00f1o claro<br \/>\nBrown 2: Cabello naturalmente moreno<br \/>\nBrown 3: Color de pelo natural casta\u00f1o oscuro, casi negro<br \/>\nGolden Brown: Cabello natural extremadamente claro<br \/>\nFox: Color de pelo naturalmente pigmentado de rojo<\/p>\n<p>Los pigmentos Black, Red y Yellow se pueden mezclar para crear todos los tonos mencionados anteriormente. Para ello, es importante tener en cuenta la teor\u00eda del color del microblading.<\/p>\n<p>Nos aseguramos de que nuestros pigmentos cumplan todos los requisitos de ingredientes especificados en el nuevo Reglamento de la UE sobre pigmentos y tintas para tatuajes de 2022.<\/p>\n<p>*Tenga en cuenta que el color mostrado puede no coincidir exactamente con el pigmento en la vida real, debido a las variaciones de gradaci\u00f3n del color que aparecen en las pantallas.<\/p>\n<p>&nbsp;<\/p>\n<p>**PIGMENT NOT APPROVED IN SPAIN, USE ONLY FOR LATEX PRACTICE**.<\/p>\n<p>&nbsp;<\/p>","protected":false},"excerpt":{"rendered":"<p><span style=\"color: #ffffff;\">Red pigment is used to obtain lighter shades if we treat clients who have naturally copper or red hair.<\/span><\/p>\n<p><span style=\"color: #ffffff;\">- When mixed with Sunset (2 Yellow: 1 Red), we obtain orange pigment which can be added to the desired pigment if we are working on old grey microblading.<\/span><\/p>\n<p><span style=\"color: #ffffff;\">If we want the grey colour to be warmer, a month after curing we can go over the strokes with a shade of orange.<\/span><\/p>\n<p><span style=\"color: #ffffff;\">- The red pigment can be used as a rub-on mask with PhiBrush when we want to avoid the grey effect in the following cases:<\/span><\/p>\n<p><span style=\"color: #ffffff;\">- very thick and oily skin<\/span><\/p>\n<p><span style=\"color: #ffffff;\">- customers with a lot of fat<\/span><\/p>\n<p><span style=\"color: #ffffff;\">- We are not entirely sure that our work is not too deep.<\/span><\/p>\n<p><span style=\"color: #ffffff;\">contains 2 pieces of pigment 5 ml<\/span><\/p>\n<p>&nbsp;<\/p>\n<p><span style=\"color: #ffffff;\">**PIGMENT NOT APPROVED IN SPAIN, USE ONLY FOR LATEX PRACTICE**.<\/span><\/p>\n<p>&nbsp;<\/p>","protected":false},"featured_media":47076,"comment_status":"open","ping_status":"closed","template":"","meta":{"_acf_changed":false,"_joinchat":[]},"product_brand":[],"product_cat":[47,61],"product_tag":[],"class_list":{"0":"post-41582","1":"product","2":"type-product","3":"status-publish","4":"has-post-thumbnail","6":"product_cat-phibrows","7":"product_cat-pigments","9":"first","10":"instock","11":"taxable","12":"shipping-taxable","13":"purchasable","14":"product-type-simple"},"supplier_id":null,"supplier_sku":"","barcode":null,"atum_controlled":true,"out_stock_date":null,"out_stock_threshold":null,"inheritable":false,"inbound_stock":null,"stock_on_hold":0,"sold_today":0,"sales_last_days":0,"reserved_stock":null,"customer_returns":null,"warehouse_damage":null,"lost_in_post":null,"other_logs":null,"out_stock_days":0,"lost_sales":0,"has_location":false,"update_date":"2026-05-10T12:46:23","atum_locations":[],"atum_stock_status":"instock","restock_status":false,"low_stock_amount":0,"sales_update_date":"2026-05-10T12:46:23","calc_backorders":0,"acf":[],"yoast_head":"<!-- This site is optimized with the Yoast SEO plugin v24.8 - https:\/\/yoast.com\/wordpress\/plugins\/seo\/ -->\n<title>PhiBrows RED SUPE Pigment 5ml - 2pcs - Formaciones PhiAcademy - Phiseller Espa\u00f1a<\/title>\n<meta name=\"robots\" content=\"index, follow, max-snippet:-1, max-image-preview:large, max-video-preview:-1\" \/>\n<link rel=\"canonical\" href=\"https:\/\/nereumatias.com\/en\/product\/lapiz-red-supe-pigment-5ml-2pcs\/\" \/>\n<meta property=\"og:locale\" content=\"en_GB\" \/>\n<meta property=\"og:type\" content=\"article\" \/>\n<meta property=\"og:title\" content=\"PhiBrows RED SUPE Pigment 5ml - 2pcs - Formaciones PhiAcademy - Phiseller Espa\u00f1a\" \/>\n<meta property=\"og:description\" content=\"&#039;- El pigmento rojo se usa para obtener tonos m\u00e1s claros si tratamos a clientes que tienen cabello naturalmente cobrizo o rojo.  - Cuando se mezcla con Sunset (2 Amarillo: 1 Rojo), obtenemos pigmento naranja que se puede agregar al pigmento deseado si estamos trabajando sobre microblading gris viejo.  Si queremos que el color gris sea m\u00e1s c\u00e1lido, un mes despu\u00e9s de la curaci\u00f3n podemos repasar los trazos con un tono naranja.  - El pigmento rojo se puede usar como una m\u00e1scara frotada con PhiBrush cuando queremos evitar el efecto gris en los siguientes casos:  - piel muy gruesa y grasa  - clientes con mucho sebo  - No estamos completamente seguros de que nuestro trabajo no sea demasiado profundo.  contiene 2 piezas de pigmento de 5 ml  &nbsp;  **PIGMENTO NO HOMOLOGADO EN ESPA\u00d1A, USAR S\u00d3LO PARA PR\u00c1CTICAS EN L\u00c1TEX**  &nbsp;\" \/>\n<meta property=\"og:url\" content=\"https:\/\/nereumatias.com\/en\/product\/lapiz-red-supe-pigment-5ml-2pcs\/\" \/>\n<meta property=\"og:site_name\" content=\"Formaciones PhiAcademy - Phiseller Espa\u00f1a\" \/>\n<meta property=\"article:publisher\" content=\"https:\/\/www.facebook.com\/nereumatias\" \/>\n<meta property=\"article:modified_time\" content=\"2026-03-24T16:04:47+00:00\" \/>\n<meta property=\"og:image\" content=\"https:\/\/nereumatias.com\/wp-content\/uploads\/2021\/07\/Red-supe.webp\" \/>\n\t<meta property=\"og:image:width\" content=\"300\" \/>\n\t<meta property=\"og:image:height\" content=\"300\" \/>\n\t<meta property=\"og:image:type\" content=\"image\/webp\" \/>\n<meta name=\"twitter:card\" content=\"summary_large_image\" \/>\n<script type=\"application\/ld+json\" class=\"yoast-schema-graph\">{\"@context\":\"https:\/\/schema.org\",\"@graph\":[{\"@type\":\"WebPage\",\"@id\":\"https:\/\/nereumatias.com\/producto\/lapiz-red-supe-pigment-5ml-2pcs\/\",\"url\":\"https:\/\/nereumatias.com\/producto\/lapiz-red-supe-pigment-5ml-2pcs\/\",\"name\":\"PhiBrows RED SUPE Pigment 5ml - 2pcs - Formaciones PhiAcademy - Phiseller Espa\u00f1a\",\"isPartOf\":{\"@id\":\"https:\/\/nereumatias.com\/#website\"},\"primaryImageOfPage\":{\"@id\":\"https:\/\/nereumatias.com\/producto\/lapiz-red-supe-pigment-5ml-2pcs\/#primaryimage\"},\"image\":{\"@id\":\"https:\/\/nereumatias.com\/producto\/lapiz-red-supe-pigment-5ml-2pcs\/#primaryimage\"},\"thumbnailUrl\":\"https:\/\/nereumatias.com\/wp-content\/uploads\/2021\/07\/Red-supe.webp\",\"datePublished\":\"2021-07-08T03:40:14+00:00\",\"dateModified\":\"2026-03-24T16:04:47+00:00\",\"breadcrumb\":{\"@id\":\"https:\/\/nereumatias.com\/producto\/lapiz-red-supe-pigment-5ml-2pcs\/#breadcrumb\"},\"inLanguage\":\"en-GB\",\"potentialAction\":[{\"@type\":\"ReadAction\",\"target\":[\"https:\/\/nereumatias.com\/producto\/lapiz-red-supe-pigment-5ml-2pcs\/\"]}]},{\"@type\":\"ImageObject\",\"inLanguage\":\"en-GB\",\"@id\":\"https:\/\/nereumatias.com\/producto\/lapiz-red-supe-pigment-5ml-2pcs\/#primaryimage\",\"url\":\"https:\/\/nereumatias.com\/wp-content\/uploads\/2021\/07\/Red-supe.webp\",\"contentUrl\":\"https:\/\/nereumatias.com\/wp-content\/uploads\/2021\/07\/Red-supe.webp\",\"width\":300,\"height\":300},{\"@type\":\"BreadcrumbList\",\"@id\":\"https:\/\/nereumatias.com\/producto\/lapiz-red-supe-pigment-5ml-2pcs\/#breadcrumb\",\"itemListElement\":[{\"@type\":\"ListItem\",\"position\":1,\"name\":\"Home\",\"item\":\"https:\/\/nereumatias.com\/\"},{\"@type\":\"ListItem\",\"position\":2,\"name\":\"Tienda\",\"item\":\"https:\/\/nereumatias.com\/tienda-online\/\"},{\"@type\":\"ListItem\",\"position\":3,\"name\":\"PhiBrows RED SUPE Pigment 5ml &#8211; 2pcs\"}]},{\"@type\":\"WebSite\",\"@id\":\"https:\/\/nereumatias.com\/#website\",\"url\":\"https:\/\/nereumatias.com\/\",\"name\":\"Formaciones PhiAcademy - Phiseller Espa\u00f1a\",\"description\":\"PhiAcademy\",\"publisher\":{\"@id\":\"https:\/\/nereumatias.com\/#organization\"},\"potentialAction\":[{\"@type\":\"SearchAction\",\"target\":{\"@type\":\"EntryPoint\",\"urlTemplate\":\"https:\/\/nereumatias.com\/?s={search_term_string}\"},\"query-input\":{\"@type\":\"PropertyValueSpecification\",\"valueRequired\":true,\"valueName\":\"search_term_string\"}}],\"inLanguage\":\"en-GB\"},{\"@type\":\"Organization\",\"@id\":\"https:\/\/nereumatias.com\/#organization\",\"name\":\"Formaciones PhiAcademy - Phiseller Espa\u00f1a\",\"url\":\"https:\/\/nereumatias.com\/\",\"logo\":{\"@type\":\"ImageObject\",\"inLanguage\":\"en-GB\",\"@id\":\"https:\/\/nereumatias.com\/#\/schema\/logo\/image\/\",\"url\":\"https:\/\/nereumatias.com\/wp-content\/uploads\/2022\/09\/logo-phiseller-negro-150.png\",\"contentUrl\":\"https:\/\/nereumatias.com\/wp-content\/uploads\/2022\/09\/logo-phiseller-negro-150.png\",\"width\":375,\"height\":150,\"caption\":\"Formaciones PhiAcademy - Phiseller Espa\u00f1a\"},\"image\":{\"@id\":\"https:\/\/nereumatias.com\/#\/schema\/logo\/image\/\"},\"sameAs\":[\"https:\/\/www.facebook.com\/nereumatias\"]}]}<\/script>\n<!-- \/ Yoast SEO plugin. -->","yoast_head_json":{"title":"PhiBrows RED SUPE Pigment 5ml - 2pcs - Formaciones PhiAcademy - Phiseller Espa\u00f1a","robots":{"index":"index","follow":"follow","max-snippet":"max-snippet:-1","max-image-preview":"max-image-preview:large","max-video-preview":"max-video-preview:-1"},"canonical":"https:\/\/nereumatias.com\/en\/product\/lapiz-red-supe-pigment-5ml-2pcs\/","og_locale":"en_GB","og_type":"article","og_title":"PhiBrows RED SUPE Pigment 5ml - 2pcs - Formaciones PhiAcademy - Phiseller Espa\u00f1a","og_description":"'- El pigmento rojo se usa para obtener tonos m\u00e1s claros si tratamos a clientes que tienen cabello naturalmente cobrizo o rojo.  - Cuando se mezcla con Sunset (2 Amarillo: 1 Rojo), obtenemos pigmento naranja que se puede agregar al pigmento deseado si estamos trabajando sobre microblading gris viejo.  Si queremos que el color gris sea m\u00e1s c\u00e1lido, un mes despu\u00e9s de la curaci\u00f3n podemos repasar los trazos con un tono naranja.  - El pigmento rojo se puede usar como una m\u00e1scara frotada con PhiBrush cuando queremos evitar el efecto gris en los siguientes casos:  - piel muy gruesa y grasa  - clientes con mucho sebo  - No estamos completamente seguros de que nuestro trabajo no sea demasiado profundo.  contiene 2 piezas de pigmento de 5 ml  &nbsp;  **PIGMENTO NO HOMOLOGADO EN ESPA\u00d1A, USAR S\u00d3LO PARA PR\u00c1CTICAS EN L\u00c1TEX**  &nbsp;","og_url":"https:\/\/nereumatias.com\/en\/product\/lapiz-red-supe-pigment-5ml-2pcs\/","og_site_name":"Formaciones PhiAcademy - Phiseller Espa\u00f1a","article_publisher":"https:\/\/www.facebook.com\/nereumatias","article_modified_time":"2026-03-24T16:04:47+00:00","og_image":[{"width":300,"height":300,"url":"https:\/\/nereumatias.com\/wp-content\/uploads\/2021\/07\/Red-supe.webp","type":"image\/webp"}],"twitter_card":"summary_large_image","schema":{"@context":"https:\/\/schema.org","@graph":[{"@type":"WebPage","@id":"https:\/\/nereumatias.com\/producto\/lapiz-red-supe-pigment-5ml-2pcs\/","url":"https:\/\/nereumatias.com\/producto\/lapiz-red-supe-pigment-5ml-2pcs\/","name":"PhiBrows RED SUPE Pigment 5ml - 2pcs - Formaciones PhiAcademy - Phiseller Espa\u00f1a","isPartOf":{"@id":"https:\/\/nereumatias.com\/#website"},"primaryImageOfPage":{"@id":"https:\/\/nereumatias.com\/producto\/lapiz-red-supe-pigment-5ml-2pcs\/#primaryimage"},"image":{"@id":"https:\/\/nereumatias.com\/producto\/lapiz-red-supe-pigment-5ml-2pcs\/#primaryimage"},"thumbnailUrl":"https:\/\/nereumatias.com\/wp-content\/uploads\/2021\/07\/Red-supe.webp","datePublished":"2021-07-08T03:40:14+00:00","dateModified":"2026-03-24T16:04:47+00:00","breadcrumb":{"@id":"https:\/\/nereumatias.com\/producto\/lapiz-red-supe-pigment-5ml-2pcs\/#breadcrumb"},"inLanguage":"en-GB","potentialAction":[{"@type":"ReadAction","target":["https:\/\/nereumatias.com\/producto\/lapiz-red-supe-pigment-5ml-2pcs\/"]}]},{"@type":"ImageObject","inLanguage":"en-GB","@id":"https:\/\/nereumatias.com\/producto\/lapiz-red-supe-pigment-5ml-2pcs\/#primaryimage","url":"https:\/\/nereumatias.com\/wp-content\/uploads\/2021\/07\/Red-supe.webp","contentUrl":"https:\/\/nereumatias.com\/wp-content\/uploads\/2021\/07\/Red-supe.webp","width":300,"height":300},{"@type":"BreadcrumbList","@id":"https:\/\/nereumatias.com\/producto\/lapiz-red-supe-pigment-5ml-2pcs\/#breadcrumb","itemListElement":[{"@type":"ListItem","position":1,"name":"Home","item":"https:\/\/nereumatias.com\/"},{"@type":"ListItem","position":2,"name":"Tienda","item":"https:\/\/nereumatias.com\/tienda-online\/"},{"@type":"ListItem","position":3,"name":"PhiBrows RED SUPE Pigment 5ml &#8211; 2pcs"}]},{"@type":"WebSite","@id":"https:\/\/nereumatias.com\/#website","url":"https:\/\/nereumatias.com\/","name":"Formaciones PhiAcademy - Phiseller Espa\u00f1a","description":"PhiAcademy","publisher":{"@id":"https:\/\/nereumatias.com\/#organization"},"potentialAction":[{"@type":"SearchAction","target":{"@type":"EntryPoint","urlTemplate":"https:\/\/nereumatias.com\/?s={search_term_string}"},"query-input":{"@type":"PropertyValueSpecification","valueRequired":true,"valueName":"search_term_string"}}],"inLanguage":"en-GB"},{"@type":"Organization","@id":"https:\/\/nereumatias.com\/#organization","name":"Formaciones PhiAcademy - Phiseller Espa\u00f1a","url":"https:\/\/nereumatias.com\/","logo":{"@type":"ImageObject","inLanguage":"en-GB","@id":"https:\/\/nereumatias.com\/#\/schema\/logo\/image\/","url":"https:\/\/nereumatias.com\/wp-content\/uploads\/2022\/09\/logo-phiseller-negro-150.png","contentUrl":"https:\/\/nereumatias.com\/wp-content\/uploads\/2022\/09\/logo-phiseller-negro-150.png","width":375,"height":150,"caption":"Formaciones PhiAcademy - Phiseller Espa\u00f1a"},"image":{"@id":"https:\/\/nereumatias.com\/#\/schema\/logo\/image\/"},"sameAs":["https:\/\/www.facebook.com\/nereumatias"]}]}},"_links":{"self":[{"href":"https:\/\/nereumatias.com\/en\/wp-json\/wp\/v2\/product\/41582","targetHints":{"allow":["GET"]}}],"collection":[{"href":"https:\/\/nereumatias.com\/en\/wp-json\/wp\/v2\/product"}],"about":[{"href":"https:\/\/nereumatias.com\/en\/wp-json\/wp\/v2\/types\/product"}],"replies":[{"embeddable":true,"href":"https:\/\/nereumatias.com\/en\/wp-json\/wp\/v2\/comments?post=41582"}],"version-history":[{"count":4,"href":"https:\/\/nereumatias.com\/en\/wp-json\/wp\/v2\/product\/41582\/revisions"}],"predecessor-version":[{"id":47090,"href":"https:\/\/nereumatias.com\/en\/wp-json\/wp\/v2\/product\/41582\/revisions\/47090"}],"wp:featuredmedia":[{"embeddable":true,"href":"https:\/\/nereumatias.com\/en\/wp-json\/wp\/v2\/media\/47076"}],"wp:attachment":[{"href":"https:\/\/nereumatias.com\/en\/wp-json\/wp\/v2\/media?parent=41582"}],"wp:term":[{"taxonomy":"product_brand","embeddable":true,"href":"https:\/\/nereumatias.com\/en\/wp-json\/wp\/v2\/product_brand?post=41582"},{"taxonomy":"product_cat","embeddable":true,"href":"https:\/\/nereumatias.com\/en\/wp-json\/wp\/v2\/product_cat?post=41582"},{"taxonomy":"product_tag","embeddable":true,"href":"https:\/\/nereumatias.com\/en\/wp-json\/wp\/v2\/product_tag?post=41582"}],"curies":[{"name":"wp","href":"https:\/\/api.w.org\/{rel}","templated":true}]}}