{"id":41578,"date":"2021-07-08T05:40:12","date_gmt":"2021-07-08T03:40:12","guid":{"rendered":"https:\/\/nereumatias.phiseller.com\/?post_type=product&#038;p=41578"},"modified":"2026-03-24T16:20:13","modified_gmt":"2026-03-24T15:20:13","slug":"lapiz-practice-ink-10-ml","status":"publish","type":"product","link":"https:\/\/nereumatias.com\/en\/product\/lapiz-practice-ink-10-ml\/","title":{"rendered":"Practice Ink Pen 10 ml"},"content":{"rendered":"<p>Phi Practice Ink is a special practice pigment formula with the same recognisable Phi quality and consistency. It gives you the highest level of quality practice time, with the same creamy touch of our award-winning PhiBrows Pigment quality.<\/p>\n<p>It adheres to the sheet with ease and precision and creates crisp, fine lines without blurring. Ideal for taking your technique to a whole new level without limiting your practice time or pigment resources.<\/p>\n<p>Ideal for beginners and professionals who want to perfect their technique on a daily basis.<\/p>\n<p>* A universal colour<\/p>\n<p>** WARNING: Do not use on skin!<\/p>","protected":false},"excerpt":{"rendered":"<p>Phi Practice Ink is a special practice pigment formula with the same recognisable Phi quality and consistency. It gives you the highest level of quality practice time, with the same creamy touch of our award-winning PhiBrows Pigment quality.<\/p>\n<p>It adheres to the sheet with ease and precision and creates crisp, fine lines without blurring. Ideal for taking your technique to a whole new level without limiting your practice time or pigment resources.<\/p>\n<p>Ideal for beginners and professionals who want to perfect their technique on a daily basis.<\/p>\n<p>* A universal colour<\/p>\n<p>** WARNING: Do not use on skin!<\/p>","protected":false},"featured_media":43263,"comment_status":"open","ping_status":"closed","template":"","meta":{"_acf_changed":false,"_joinchat":[]},"product_brand":[],"product_cat":[47,61],"product_tag":[],"class_list":{"0":"post-41578","1":"product","2":"type-product","3":"status-publish","4":"has-post-thumbnail","6":"product_cat-phibrows","7":"product_cat-pigments","9":"first","10":"instock","11":"taxable","12":"shipping-taxable","13":"purchasable","14":"product-type-simple"},"supplier_id":null,"supplier_sku":"","barcode":null,"atum_controlled":true,"out_stock_date":null,"out_stock_threshold":null,"inheritable":false,"inbound_stock":null,"stock_on_hold":0,"sold_today":0,"sales_last_days":0,"reserved_stock":null,"customer_returns":null,"warehouse_damage":null,"lost_in_post":null,"other_logs":null,"out_stock_days":0,"lost_sales":0,"has_location":null,"update_date":"2026-04-17T10:16:25","atum_locations":[],"atum_stock_status":"instock","restock_status":false,"low_stock_amount":0,"sales_update_date":"2026-04-17T10:16:25","calc_backorders":0,"acf":[],"yoast_head":"<!-- This site is optimized with the Yoast SEO plugin v24.8 - https:\/\/yoast.com\/wordpress\/plugins\/seo\/ -->\n<title>Lapiz Practice Ink 10 ml - Formaciones PhiAcademy - Phiseller Espa\u00f1a<\/title>\n<meta name=\"robots\" content=\"index, follow, max-snippet:-1, max-image-preview:large, max-video-preview:-1\" \/>\n<link rel=\"canonical\" href=\"https:\/\/nereumatias.com\/en\/product\/lapiz-practice-ink-10-ml\/\" \/>\n<meta property=\"og:locale\" content=\"en_GB\" \/>\n<meta property=\"og:type\" content=\"article\" \/>\n<meta property=\"og:title\" content=\"Lapiz Practice Ink 10 ml - Formaciones PhiAcademy - Phiseller Espa\u00f1a\" \/>\n<meta property=\"og:description\" content=\"Phi Practice Ink es una f\u00f3rmula especial de pigmento de pr\u00e1ctica con la misma calidad y consistencia reconocible de Phi. Le brinda el m\u00e1s alto nivel de tiempo de pr\u00e1ctica de calidad, con el mismo toque cremoso de nuestra galardonada calidad de Pigmentos PhiBrows.  Se adhiere a la hoja con facilidad y precisi\u00f3n y crea l\u00edneas n\u00edtidas y finas sin efecto borroso. Ideal para llevar su t\u00e9cnica a un nivel completamente nuevo sin limitar su tiempo de pr\u00e1ctica o recursos de pigmento.  Ideal para principiantes y profesionales que desean perfeccionar su t\u00e9cnica a diario.  * Un color universal  ** ADVERTENCIA: \u00a1No usar en la piel!\" \/>\n<meta property=\"og:url\" content=\"https:\/\/nereumatias.com\/en\/product\/lapiz-practice-ink-10-ml\/\" \/>\n<meta property=\"og:site_name\" content=\"Formaciones PhiAcademy - Phiseller Espa\u00f1a\" \/>\n<meta property=\"article:publisher\" content=\"https:\/\/www.facebook.com\/nereumatias\" \/>\n<meta property=\"article:modified_time\" content=\"2026-03-24T15:20:13+00:00\" \/>\n<meta property=\"og:image\" content=\"https:\/\/nereumatias.com\/wp-content\/uploads\/2022\/12\/phibrows-practice-ink-10ml.jpg\" \/>\n\t<meta property=\"og:image:width\" content=\"600\" \/>\n\t<meta property=\"og:image:height\" content=\"800\" \/>\n\t<meta property=\"og:image:type\" content=\"image\/jpeg\" \/>\n<meta name=\"twitter:card\" content=\"summary_large_image\" \/>\n<script type=\"application\/ld+json\" class=\"yoast-schema-graph\">{\"@context\":\"https:\/\/schema.org\",\"@graph\":[{\"@type\":\"WebPage\",\"@id\":\"https:\/\/nereumatias.com\/producto\/lapiz-practice-ink-10-ml\/\",\"url\":\"https:\/\/nereumatias.com\/producto\/lapiz-practice-ink-10-ml\/\",\"name\":\"Lapiz Practice Ink 10 ml - Formaciones PhiAcademy - Phiseller Espa\u00f1a\",\"isPartOf\":{\"@id\":\"https:\/\/nereumatias.com\/#website\"},\"primaryImageOfPage\":{\"@id\":\"https:\/\/nereumatias.com\/producto\/lapiz-practice-ink-10-ml\/#primaryimage\"},\"image\":{\"@id\":\"https:\/\/nereumatias.com\/producto\/lapiz-practice-ink-10-ml\/#primaryimage\"},\"thumbnailUrl\":\"https:\/\/nereumatias.com\/wp-content\/uploads\/2022\/12\/phibrows-practice-ink-10ml.jpg\",\"datePublished\":\"2021-07-08T03:40:12+00:00\",\"dateModified\":\"2026-03-24T15:20:13+00:00\",\"breadcrumb\":{\"@id\":\"https:\/\/nereumatias.com\/producto\/lapiz-practice-ink-10-ml\/#breadcrumb\"},\"inLanguage\":\"en-GB\",\"potentialAction\":[{\"@type\":\"ReadAction\",\"target\":[\"https:\/\/nereumatias.com\/producto\/lapiz-practice-ink-10-ml\/\"]}]},{\"@type\":\"ImageObject\",\"inLanguage\":\"en-GB\",\"@id\":\"https:\/\/nereumatias.com\/producto\/lapiz-practice-ink-10-ml\/#primaryimage\",\"url\":\"https:\/\/nereumatias.com\/wp-content\/uploads\/2022\/12\/phibrows-practice-ink-10ml.jpg\",\"contentUrl\":\"https:\/\/nereumatias.com\/wp-content\/uploads\/2022\/12\/phibrows-practice-ink-10ml.jpg\",\"width\":600,\"height\":800},{\"@type\":\"BreadcrumbList\",\"@id\":\"https:\/\/nereumatias.com\/producto\/lapiz-practice-ink-10-ml\/#breadcrumb\",\"itemListElement\":[{\"@type\":\"ListItem\",\"position\":1,\"name\":\"Home\",\"item\":\"https:\/\/nereumatias.com\/\"},{\"@type\":\"ListItem\",\"position\":2,\"name\":\"Tienda\",\"item\":\"https:\/\/nereumatias.com\/tienda-online\/\"},{\"@type\":\"ListItem\",\"position\":3,\"name\":\"Lapiz Practice Ink 10 ml\"}]},{\"@type\":\"WebSite\",\"@id\":\"https:\/\/nereumatias.com\/#website\",\"url\":\"https:\/\/nereumatias.com\/\",\"name\":\"Formaciones PhiAcademy - Phiseller Espa\u00f1a\",\"description\":\"PhiAcademy\",\"publisher\":{\"@id\":\"https:\/\/nereumatias.com\/#organization\"},\"potentialAction\":[{\"@type\":\"SearchAction\",\"target\":{\"@type\":\"EntryPoint\",\"urlTemplate\":\"https:\/\/nereumatias.com\/?s={search_term_string}\"},\"query-input\":{\"@type\":\"PropertyValueSpecification\",\"valueRequired\":true,\"valueName\":\"search_term_string\"}}],\"inLanguage\":\"en-GB\"},{\"@type\":\"Organization\",\"@id\":\"https:\/\/nereumatias.com\/#organization\",\"name\":\"Formaciones PhiAcademy - Phiseller Espa\u00f1a\",\"url\":\"https:\/\/nereumatias.com\/\",\"logo\":{\"@type\":\"ImageObject\",\"inLanguage\":\"en-GB\",\"@id\":\"https:\/\/nereumatias.com\/#\/schema\/logo\/image\/\",\"url\":\"https:\/\/nereumatias.com\/wp-content\/uploads\/2022\/09\/logo-phiseller-negro-150.png\",\"contentUrl\":\"https:\/\/nereumatias.com\/wp-content\/uploads\/2022\/09\/logo-phiseller-negro-150.png\",\"width\":375,\"height\":150,\"caption\":\"Formaciones PhiAcademy - Phiseller Espa\u00f1a\"},\"image\":{\"@id\":\"https:\/\/nereumatias.com\/#\/schema\/logo\/image\/\"},\"sameAs\":[\"https:\/\/www.facebook.com\/nereumatias\"]}]}<\/script>\n<!-- \/ Yoast SEO plugin. -->","yoast_head_json":{"title":"Lapiz Practice Ink 10 ml - Formaciones PhiAcademy - Phiseller Espa\u00f1a","robots":{"index":"index","follow":"follow","max-snippet":"max-snippet:-1","max-image-preview":"max-image-preview:large","max-video-preview":"max-video-preview:-1"},"canonical":"https:\/\/nereumatias.com\/en\/product\/lapiz-practice-ink-10-ml\/","og_locale":"en_GB","og_type":"article","og_title":"Lapiz Practice Ink 10 ml - Formaciones PhiAcademy - Phiseller Espa\u00f1a","og_description":"Phi Practice Ink es una f\u00f3rmula especial de pigmento de pr\u00e1ctica con la misma calidad y consistencia reconocible de Phi. Le brinda el m\u00e1s alto nivel de tiempo de pr\u00e1ctica de calidad, con el mismo toque cremoso de nuestra galardonada calidad de Pigmentos PhiBrows.  Se adhiere a la hoja con facilidad y precisi\u00f3n y crea l\u00edneas n\u00edtidas y finas sin efecto borroso. Ideal para llevar su t\u00e9cnica a un nivel completamente nuevo sin limitar su tiempo de pr\u00e1ctica o recursos de pigmento.  Ideal para principiantes y profesionales que desean perfeccionar su t\u00e9cnica a diario.  * Un color universal  ** ADVERTENCIA: \u00a1No usar en la piel!","og_url":"https:\/\/nereumatias.com\/en\/product\/lapiz-practice-ink-10-ml\/","og_site_name":"Formaciones PhiAcademy - Phiseller Espa\u00f1a","article_publisher":"https:\/\/www.facebook.com\/nereumatias","article_modified_time":"2026-03-24T15:20:13+00:00","og_image":[{"width":600,"height":800,"url":"https:\/\/nereumatias.com\/wp-content\/uploads\/2022\/12\/phibrows-practice-ink-10ml.jpg","type":"image\/jpeg"}],"twitter_card":"summary_large_image","schema":{"@context":"https:\/\/schema.org","@graph":[{"@type":"WebPage","@id":"https:\/\/nereumatias.com\/producto\/lapiz-practice-ink-10-ml\/","url":"https:\/\/nereumatias.com\/producto\/lapiz-practice-ink-10-ml\/","name":"Lapiz Practice Ink 10 ml - Formaciones PhiAcademy - Phiseller Espa\u00f1a","isPartOf":{"@id":"https:\/\/nereumatias.com\/#website"},"primaryImageOfPage":{"@id":"https:\/\/nereumatias.com\/producto\/lapiz-practice-ink-10-ml\/#primaryimage"},"image":{"@id":"https:\/\/nereumatias.com\/producto\/lapiz-practice-ink-10-ml\/#primaryimage"},"thumbnailUrl":"https:\/\/nereumatias.com\/wp-content\/uploads\/2022\/12\/phibrows-practice-ink-10ml.jpg","datePublished":"2021-07-08T03:40:12+00:00","dateModified":"2026-03-24T15:20:13+00:00","breadcrumb":{"@id":"https:\/\/nereumatias.com\/producto\/lapiz-practice-ink-10-ml\/#breadcrumb"},"inLanguage":"en-GB","potentialAction":[{"@type":"ReadAction","target":["https:\/\/nereumatias.com\/producto\/lapiz-practice-ink-10-ml\/"]}]},{"@type":"ImageObject","inLanguage":"en-GB","@id":"https:\/\/nereumatias.com\/producto\/lapiz-practice-ink-10-ml\/#primaryimage","url":"https:\/\/nereumatias.com\/wp-content\/uploads\/2022\/12\/phibrows-practice-ink-10ml.jpg","contentUrl":"https:\/\/nereumatias.com\/wp-content\/uploads\/2022\/12\/phibrows-practice-ink-10ml.jpg","width":600,"height":800},{"@type":"BreadcrumbList","@id":"https:\/\/nereumatias.com\/producto\/lapiz-practice-ink-10-ml\/#breadcrumb","itemListElement":[{"@type":"ListItem","position":1,"name":"Home","item":"https:\/\/nereumatias.com\/"},{"@type":"ListItem","position":2,"name":"Tienda","item":"https:\/\/nereumatias.com\/tienda-online\/"},{"@type":"ListItem","position":3,"name":"Lapiz Practice Ink 10 ml"}]},{"@type":"WebSite","@id":"https:\/\/nereumatias.com\/#website","url":"https:\/\/nereumatias.com\/","name":"Formaciones PhiAcademy - Phiseller Espa\u00f1a","description":"PhiAcademy","publisher":{"@id":"https:\/\/nereumatias.com\/#organization"},"potentialAction":[{"@type":"SearchAction","target":{"@type":"EntryPoint","urlTemplate":"https:\/\/nereumatias.com\/?s={search_term_string}"},"query-input":{"@type":"PropertyValueSpecification","valueRequired":true,"valueName":"search_term_string"}}],"inLanguage":"en-GB"},{"@type":"Organization","@id":"https:\/\/nereumatias.com\/#organization","name":"Formaciones PhiAcademy - Phiseller Espa\u00f1a","url":"https:\/\/nereumatias.com\/","logo":{"@type":"ImageObject","inLanguage":"en-GB","@id":"https:\/\/nereumatias.com\/#\/schema\/logo\/image\/","url":"https:\/\/nereumatias.com\/wp-content\/uploads\/2022\/09\/logo-phiseller-negro-150.png","contentUrl":"https:\/\/nereumatias.com\/wp-content\/uploads\/2022\/09\/logo-phiseller-negro-150.png","width":375,"height":150,"caption":"Formaciones PhiAcademy - Phiseller Espa\u00f1a"},"image":{"@id":"https:\/\/nereumatias.com\/#\/schema\/logo\/image\/"},"sameAs":["https:\/\/www.facebook.com\/nereumatias"]}]}},"_links":{"self":[{"href":"https:\/\/nereumatias.com\/en\/wp-json\/wp\/v2\/product\/41578","targetHints":{"allow":["GET"]}}],"collection":[{"href":"https:\/\/nereumatias.com\/en\/wp-json\/wp\/v2\/product"}],"about":[{"href":"https:\/\/nereumatias.com\/en\/wp-json\/wp\/v2\/types\/product"}],"replies":[{"embeddable":true,"href":"https:\/\/nereumatias.com\/en\/wp-json\/wp\/v2\/comments?post=41578"}],"version-history":[{"count":1,"href":"https:\/\/nereumatias.com\/en\/wp-json\/wp\/v2\/product\/41578\/revisions"}],"predecessor-version":[{"id":41579,"href":"https:\/\/nereumatias.com\/en\/wp-json\/wp\/v2\/product\/41578\/revisions\/41579"}],"wp:featuredmedia":[{"embeddable":true,"href":"https:\/\/nereumatias.com\/en\/wp-json\/wp\/v2\/media\/43263"}],"wp:attachment":[{"href":"https:\/\/nereumatias.com\/en\/wp-json\/wp\/v2\/media?parent=41578"}],"wp:term":[{"taxonomy":"product_brand","embeddable":true,"href":"https:\/\/nereumatias.com\/en\/wp-json\/wp\/v2\/product_brand?post=41578"},{"taxonomy":"product_cat","embeddable":true,"href":"https:\/\/nereumatias.com\/en\/wp-json\/wp\/v2\/product_cat?post=41578"},{"taxonomy":"product_tag","embeddable":true,"href":"https:\/\/nereumatias.com\/en\/wp-json\/wp\/v2\/product_tag?post=41578"}],"curies":[{"name":"wp","href":"https:\/\/api.w.org\/{rel}","templated":true}]}}