{"id":42157,"date":"2022-10-25T17:46:04","date_gmt":"2022-10-25T15:46:04","guid":{"rendered":"https:\/\/nereumatias.phiseller.com\/?page_id=42157"},"modified":"2024-08-16T21:31:01","modified_gmt":"2024-08-16T19:31:01","slug":"quienes-somos","status":"publish","type":"page","link":"https:\/\/nereumatias.com\/en\/quienes-somos\/","title":{"rendered":"Who we are"},"content":{"rendered":"<div data-elementor-type=\"wp-page\" data-elementor-id=\"42157\" class=\"elementor elementor-42157\" data-elementor-post-type=\"page\">\n\t\t\t\t\t\t<section class=\"elementor-section elementor-top-section elementor-element elementor-element-90e493b elementor-section-boxed elementor-section-height-default elementor-section-height-default wpr-particle-no wpr-jarallax-no wpr-parallax-no\" data-id=\"90e493b\" data-element_type=\"section\" data-settings=\"{&quot;_ob_glider_is_slider&quot;:&quot;no&quot;}\">\n\t\t\t\t\t\t<div class=\"elementor-container elementor-column-gap-default\">\n\t\t\t\t\t<div class=\"elementor-column elementor-col-50 elementor-top-column elementor-element elementor-element-cd8caa1\" data-id=\"cd8caa1\" data-element_type=\"column\" data-settings=\"{&quot;_ob_column_hoveranimator&quot;:&quot;no&quot;,&quot;_ob_column_has_pseudo&quot;:&quot;no&quot;}\">\n\t\t\t<div class=\"elementor-widget-wrap elementor-element-populated\">\n\t\t\t\t\t\t<div class=\"elementor-element elementor-element-565d4d9 ob-harakiri-inherit ob-has-background-overlay elementor-widget elementor-widget-heading\" data-id=\"565d4d9\" data-element_type=\"widget\" data-settings=\"{&quot;_ob_use_harakiri&quot;:&quot;yes&quot;,&quot;_ob_harakiri_writing_mode&quot;:&quot;inherit&quot;,&quot;_ob_harakiri_text_clip&quot;:&quot;none&quot;,&quot;_ob_widget_stalker_use&quot;:&quot;no&quot;,&quot;_ob_poopart_use&quot;:&quot;yes&quot;,&quot;_ob_shadough_use&quot;:&quot;no&quot;,&quot;_ob_allow_hoveranimator&quot;:&quot;no&quot;}\" data-widget_type=\"heading.default\">\n\t\t\t\t<div class=\"elementor-widget-container\">\n\t\t\t\t\t<h2 class=\"elementor-heading-title elementor-size-default\">Nereu Matias - Grand Master<\/h2>\t\t\t\t<\/div>\n\t\t\t\t<\/div>\n\t\t\t\t<div class=\"elementor-element elementor-element-82103ee ob-harakiri-inherit ob-has-background-overlay elementor-widget elementor-widget-text-editor\" data-id=\"82103ee\" data-element_type=\"widget\" data-settings=\"{&quot;_ob_use_harakiri&quot;:&quot;yes&quot;,&quot;_ob_harakiri_writing_mode&quot;:&quot;inherit&quot;,&quot;_ob_postman_use&quot;:&quot;no&quot;,&quot;_ob_widget_stalker_use&quot;:&quot;no&quot;,&quot;_ob_poopart_use&quot;:&quot;yes&quot;,&quot;_ob_shadough_use&quot;:&quot;no&quot;,&quot;_ob_allow_hoveranimator&quot;:&quot;no&quot;}\" data-widget_type=\"text-editor.default\">\n\t\t\t\t<div class=\"elementor-widget-container\">\n\t\t\t\t\t\t\t\t\t<p>Nereu Mat\u00edas is a specialist in Microblading and is a Grand Master in one of the most prestigious beauty academies in the world PhiAcademy.<\/p><p>For the past two years, it has been ranked number one worldwide in the academy's ranking of the best master's degrees.<\/p><p>He is responsible for placing the best artists in the world of microblading on the job market.<\/p><p>His revolutionary technique leads his students to work with the highest quality standards, making the most realistic, natural eyebrows and the most hyper-realistic hairs on the market.<\/p><p>He holds a master's degree in technology:<\/p><ul><li>BoldBrows<\/li><li>Phibright<\/li><li>LatinBrows (refinement)<\/li><li>PowderBrows<\/li><li>NanoRemoval<\/li><\/ul>\t\t\t\t\t\t\t\t<\/div>\n\t\t\t\t<\/div>\n\t\t\t\t\t<\/div>\n\t\t<\/div>\n\t\t\t\t<div class=\"elementor-column elementor-col-50 elementor-top-column elementor-element elementor-element-0888320\" data-id=\"0888320\" data-element_type=\"column\" data-settings=\"{&quot;_ob_column_hoveranimator&quot;:&quot;no&quot;,&quot;_ob_column_has_pseudo&quot;:&quot;no&quot;}\">\n\t\t\t<div class=\"elementor-widget-wrap elementor-element-populated\">\n\t\t\t\t\t\t<div class=\"elementor-element elementor-element-b6ee5d7 ob-has-background-overlay elementor-widget elementor-widget-image\" data-id=\"b6ee5d7\" data-element_type=\"widget\" data-settings=\"{&quot;_ob_photomorph_use&quot;:&quot;no&quot;,&quot;_ob_widget_stalker_use&quot;:&quot;no&quot;,&quot;_ob_poopart_use&quot;:&quot;yes&quot;,&quot;_ob_shadough_use&quot;:&quot;no&quot;,&quot;_ob_allow_hoveranimator&quot;:&quot;no&quot;}\" data-widget_type=\"image.default\">\n\t\t\t\t<div class=\"elementor-widget-container\">\n\t\t\t\t\t\t\t\t\t\t\t\t\t\t\t<img fetchpriority=\"high\" decoding=\"async\" width=\"666\" height=\"700\" src=\"https:\/\/nereumatias.com\/wp-content\/uploads\/2022\/10\/nereu-blanco-600x700-min.png\" class=\"attachment-large size-large wp-image-42168\" alt=\"\" srcset=\"https:\/\/nereumatias.com\/wp-content\/uploads\/2022\/10\/nereu-blanco-600x700-min.png 666w, https:\/\/nereumatias.com\/wp-content\/uploads\/2022\/10\/nereu-blanco-600x700-min-285x300.png 285w, https:\/\/nereumatias.com\/wp-content\/uploads\/2022\/10\/nereu-blanco-600x700-min-600x631.png 600w\" sizes=\"(max-width: 666px) 100vw, 666px\" \/>\t\t\t\t\t\t\t\t\t\t\t\t\t\t\t<\/div>\n\t\t\t\t<\/div>\n\t\t\t\t\t<\/div>\n\t\t<\/div>\n\t\t\t\t\t<\/div>\n\t\t<\/section>\n\t\t\t\t<\/div>","protected":false},"excerpt":{"rendered":"<p>Nereu Matias - Grand Master Nereu Matias is a specialist in Microblading and is a Grand Master at one of the most prestigious beauty academies in the world PhiAcademy. For the last 2 years he has been number 1 worldwide in the ranking of the best masters of this academy. He is responsible for placing the best microblading artists in the world on the job market. His revolutionary technique leads his students to work with the highest quality standards, making the most realistic, natural eyebrows and the most hyper-realistic hairs on the market. He is a master in the following techniques: BoldBrows Phibright LatinBrows (perfectioning) PowderBrows NanoRemoval<\/p>","protected":false},"author":1,"featured_media":0,"parent":0,"menu_order":0,"comment_status":"closed","ping_status":"closed","template":"","meta":{"_acf_changed":false,"_joinchat":[],"footnotes":""},"class_list":["post-42157","page","type-page","status-publish","hentry"],"acf":[],"yoast_head":"<!-- This site is optimized with the Yoast SEO plugin v24.8 - https:\/\/yoast.com\/wordpress\/plugins\/seo\/ -->\n<title>Qui\u00e9nes somos - Formaciones PhiAcademy - Phiseller Espa\u00f1a<\/title>\n<meta name=\"robots\" content=\"index, follow, max-snippet:-1, max-image-preview:large, max-video-preview:-1\" \/>\n<link rel=\"canonical\" href=\"https:\/\/nereumatias.com\/en\/quienes-somos\/\" \/>\n<meta property=\"og:locale\" content=\"en_GB\" \/>\n<meta property=\"og:type\" content=\"article\" \/>\n<meta property=\"og:title\" content=\"Qui\u00e9nes somos - Formaciones PhiAcademy - Phiseller Espa\u00f1a\" \/>\n<meta property=\"og:description\" content=\"Nereu Matias &#8211; Grand Master Nereu Mat\u00edas es especialista en Microblading y es Gran M\u00e1ster en una de las m\u00e1s prestigiosas academias de belleza del mundo PhiAcademy. Es desde hace 2 a\u00f1os el n\u00famero 1 a nivel mundial en el ranking de mejores m\u00e1steres de esta academia. Es el responsable por poner en el mercado de trabajo a los mejores artistas del mundo del microblading. Su t\u00e9cnica revolucionaria lleva a sus alumnos a trabajar con los m\u00e1s altos est\u00e1ndares de calidad, haciendo las cejas m\u00e1s realistas, naturales y los pelos m\u00e1s hiperrealistas del mercado. Es m\u00e1ster en la t\u00e9cnicas: BoldBrows Phibright LatinBrows (perfecionamiento) PowderBrows NanoRemoval\" \/>\n<meta property=\"og:url\" content=\"https:\/\/nereumatias.com\/en\/quienes-somos\/\" \/>\n<meta property=\"og:site_name\" content=\"Formaciones PhiAcademy - Phiseller Espa\u00f1a\" \/>\n<meta property=\"article:publisher\" content=\"https:\/\/www.facebook.com\/nereumatias\" \/>\n<meta property=\"article:modified_time\" content=\"2024-08-16T19:31:01+00:00\" \/>\n<meta property=\"og:image\" content=\"https:\/\/nereumatias.com\/wp-content\/uploads\/2022\/10\/nereu-blanco-600x700-min.png\" \/>\n<meta name=\"twitter:card\" content=\"summary_large_image\" \/>\n<script type=\"application\/ld+json\" class=\"yoast-schema-graph\">{\"@context\":\"https:\/\/schema.org\",\"@graph\":[{\"@type\":\"WebPage\",\"@id\":\"https:\/\/nereumatias.com\/quienes-somos\/\",\"url\":\"https:\/\/nereumatias.com\/quienes-somos\/\",\"name\":\"Qui\u00e9nes somos - Formaciones PhiAcademy - Phiseller Espa\u00f1a\",\"isPartOf\":{\"@id\":\"https:\/\/nereumatias.com\/#website\"},\"primaryImageOfPage\":{\"@id\":\"https:\/\/nereumatias.com\/quienes-somos\/#primaryimage\"},\"image\":{\"@id\":\"https:\/\/nereumatias.com\/quienes-somos\/#primaryimage\"},\"thumbnailUrl\":\"https:\/\/nereumatias.com\/wp-content\/uploads\/2022\/10\/nereu-blanco-600x700-min.png\",\"datePublished\":\"2022-10-25T15:46:04+00:00\",\"dateModified\":\"2024-08-16T19:31:01+00:00\",\"breadcrumb\":{\"@id\":\"https:\/\/nereumatias.com\/quienes-somos\/#breadcrumb\"},\"inLanguage\":\"en-GB\",\"potentialAction\":[{\"@type\":\"ReadAction\",\"target\":[\"https:\/\/nereumatias.com\/quienes-somos\/\"]}]},{\"@type\":\"ImageObject\",\"inLanguage\":\"en-GB\",\"@id\":\"https:\/\/nereumatias.com\/quienes-somos\/#primaryimage\",\"url\":\"https:\/\/nereumatias.com\/wp-content\/uploads\/2022\/10\/nereu-blanco-600x700-min.png\",\"contentUrl\":\"https:\/\/nereumatias.com\/wp-content\/uploads\/2022\/10\/nereu-blanco-600x700-min.png\"},{\"@type\":\"BreadcrumbList\",\"@id\":\"https:\/\/nereumatias.com\/quienes-somos\/#breadcrumb\",\"itemListElement\":[{\"@type\":\"ListItem\",\"position\":1,\"name\":\"Home\",\"item\":\"https:\/\/nereumatias.com\/\"},{\"@type\":\"ListItem\",\"position\":2,\"name\":\"Qui\u00e9nes somos\"}]},{\"@type\":\"WebSite\",\"@id\":\"https:\/\/nereumatias.com\/#website\",\"url\":\"https:\/\/nereumatias.com\/\",\"name\":\"Formaciones PhiAcademy - Phiseller Espa\u00f1a\",\"description\":\"PhiAcademy\",\"publisher\":{\"@id\":\"https:\/\/nereumatias.com\/#organization\"},\"potentialAction\":[{\"@type\":\"SearchAction\",\"target\":{\"@type\":\"EntryPoint\",\"urlTemplate\":\"https:\/\/nereumatias.com\/?s={search_term_string}\"},\"query-input\":{\"@type\":\"PropertyValueSpecification\",\"valueRequired\":true,\"valueName\":\"search_term_string\"}}],\"inLanguage\":\"en-GB\"},{\"@type\":\"Organization\",\"@id\":\"https:\/\/nereumatias.com\/#organization\",\"name\":\"Formaciones PhiAcademy - Phiseller Espa\u00f1a\",\"url\":\"https:\/\/nereumatias.com\/\",\"logo\":{\"@type\":\"ImageObject\",\"inLanguage\":\"en-GB\",\"@id\":\"https:\/\/nereumatias.com\/#\/schema\/logo\/image\/\",\"url\":\"https:\/\/nereumatias.com\/wp-content\/uploads\/2022\/09\/logo-phiseller-negro-150.png\",\"contentUrl\":\"https:\/\/nereumatias.com\/wp-content\/uploads\/2022\/09\/logo-phiseller-negro-150.png\",\"width\":375,\"height\":150,\"caption\":\"Formaciones PhiAcademy - Phiseller Espa\u00f1a\"},\"image\":{\"@id\":\"https:\/\/nereumatias.com\/#\/schema\/logo\/image\/\"},\"sameAs\":[\"https:\/\/www.facebook.com\/nereumatias\"]}]}<\/script>\n<!-- \/ Yoast SEO plugin. -->","yoast_head_json":{"title":"Qui\u00e9nes somos - Formaciones PhiAcademy - Phiseller Espa\u00f1a","robots":{"index":"index","follow":"follow","max-snippet":"max-snippet:-1","max-image-preview":"max-image-preview:large","max-video-preview":"max-video-preview:-1"},"canonical":"https:\/\/nereumatias.com\/en\/quienes-somos\/","og_locale":"en_GB","og_type":"article","og_title":"Qui\u00e9nes somos - Formaciones PhiAcademy - Phiseller Espa\u00f1a","og_description":"Nereu Matias &#8211; Grand Master Nereu Mat\u00edas es especialista en Microblading y es Gran M\u00e1ster en una de las m\u00e1s prestigiosas academias de belleza del mundo PhiAcademy. Es desde hace 2 a\u00f1os el n\u00famero 1 a nivel mundial en el ranking de mejores m\u00e1steres de esta academia. Es el responsable por poner en el mercado de trabajo a los mejores artistas del mundo del microblading. Su t\u00e9cnica revolucionaria lleva a sus alumnos a trabajar con los m\u00e1s altos est\u00e1ndares de calidad, haciendo las cejas m\u00e1s realistas, naturales y los pelos m\u00e1s hiperrealistas del mercado. Es m\u00e1ster en la t\u00e9cnicas: BoldBrows Phibright LatinBrows (perfecionamiento) PowderBrows NanoRemoval","og_url":"https:\/\/nereumatias.com\/en\/quienes-somos\/","og_site_name":"Formaciones PhiAcademy - Phiseller Espa\u00f1a","article_publisher":"https:\/\/www.facebook.com\/nereumatias","article_modified_time":"2024-08-16T19:31:01+00:00","og_image":[{"url":"https:\/\/nereumatias.com\/wp-content\/uploads\/2022\/10\/nereu-blanco-600x700-min.png","type":"","width":"","height":""}],"twitter_card":"summary_large_image","schema":{"@context":"https:\/\/schema.org","@graph":[{"@type":"WebPage","@id":"https:\/\/nereumatias.com\/quienes-somos\/","url":"https:\/\/nereumatias.com\/quienes-somos\/","name":"Qui\u00e9nes somos - Formaciones PhiAcademy - Phiseller Espa\u00f1a","isPartOf":{"@id":"https:\/\/nereumatias.com\/#website"},"primaryImageOfPage":{"@id":"https:\/\/nereumatias.com\/quienes-somos\/#primaryimage"},"image":{"@id":"https:\/\/nereumatias.com\/quienes-somos\/#primaryimage"},"thumbnailUrl":"https:\/\/nereumatias.com\/wp-content\/uploads\/2022\/10\/nereu-blanco-600x700-min.png","datePublished":"2022-10-25T15:46:04+00:00","dateModified":"2024-08-16T19:31:01+00:00","breadcrumb":{"@id":"https:\/\/nereumatias.com\/quienes-somos\/#breadcrumb"},"inLanguage":"en-GB","potentialAction":[{"@type":"ReadAction","target":["https:\/\/nereumatias.com\/quienes-somos\/"]}]},{"@type":"ImageObject","inLanguage":"en-GB","@id":"https:\/\/nereumatias.com\/quienes-somos\/#primaryimage","url":"https:\/\/nereumatias.com\/wp-content\/uploads\/2022\/10\/nereu-blanco-600x700-min.png","contentUrl":"https:\/\/nereumatias.com\/wp-content\/uploads\/2022\/10\/nereu-blanco-600x700-min.png"},{"@type":"BreadcrumbList","@id":"https:\/\/nereumatias.com\/quienes-somos\/#breadcrumb","itemListElement":[{"@type":"ListItem","position":1,"name":"Home","item":"https:\/\/nereumatias.com\/"},{"@type":"ListItem","position":2,"name":"Qui\u00e9nes somos"}]},{"@type":"WebSite","@id":"https:\/\/nereumatias.com\/#website","url":"https:\/\/nereumatias.com\/","name":"Formaciones PhiAcademy - Phiseller Espa\u00f1a","description":"PhiAcademy","publisher":{"@id":"https:\/\/nereumatias.com\/#organization"},"potentialAction":[{"@type":"SearchAction","target":{"@type":"EntryPoint","urlTemplate":"https:\/\/nereumatias.com\/?s={search_term_string}"},"query-input":{"@type":"PropertyValueSpecification","valueRequired":true,"valueName":"search_term_string"}}],"inLanguage":"en-GB"},{"@type":"Organization","@id":"https:\/\/nereumatias.com\/#organization","name":"Formaciones PhiAcademy - Phiseller Espa\u00f1a","url":"https:\/\/nereumatias.com\/","logo":{"@type":"ImageObject","inLanguage":"en-GB","@id":"https:\/\/nereumatias.com\/#\/schema\/logo\/image\/","url":"https:\/\/nereumatias.com\/wp-content\/uploads\/2022\/09\/logo-phiseller-negro-150.png","contentUrl":"https:\/\/nereumatias.com\/wp-content\/uploads\/2022\/09\/logo-phiseller-negro-150.png","width":375,"height":150,"caption":"Formaciones PhiAcademy - Phiseller Espa\u00f1a"},"image":{"@id":"https:\/\/nereumatias.com\/#\/schema\/logo\/image\/"},"sameAs":["https:\/\/www.facebook.com\/nereumatias"]}]}},"_links":{"self":[{"href":"https:\/\/nereumatias.com\/en\/wp-json\/wp\/v2\/pages\/42157","targetHints":{"allow":["GET"]}}],"collection":[{"href":"https:\/\/nereumatias.com\/en\/wp-json\/wp\/v2\/pages"}],"about":[{"href":"https:\/\/nereumatias.com\/en\/wp-json\/wp\/v2\/types\/page"}],"author":[{"embeddable":true,"href":"https:\/\/nereumatias.com\/en\/wp-json\/wp\/v2\/users\/1"}],"replies":[{"embeddable":true,"href":"https:\/\/nereumatias.com\/en\/wp-json\/wp\/v2\/comments?post=42157"}],"version-history":[{"count":8,"href":"https:\/\/nereumatias.com\/en\/wp-json\/wp\/v2\/pages\/42157\/revisions"}],"predecessor-version":[{"id":42198,"href":"https:\/\/nereumatias.com\/en\/wp-json\/wp\/v2\/pages\/42157\/revisions\/42198"}],"wp:attachment":[{"href":"https:\/\/nereumatias.com\/en\/wp-json\/wp\/v2\/media?parent=42157"}],"curies":[{"name":"wp","href":"https:\/\/api.w.org\/{rel}","templated":true}]}}